{"id":8448,"date":"2024-06-24T05:31:01","date_gmt":"2024-06-24T03:31:01","guid":{"rendered":"https:\/\/8thsociodramaconference.com\/?post_type=product&#038;p=8448"},"modified":"2024-06-24T05:32:11","modified_gmt":"2024-06-24T03:32:11","slug":"kiegeszito-jegy","status":"publish","type":"product","link":"https:\/\/8thsociodramaconference.com\/hu\/items\/kiegeszito-jegy\/","title":{"rendered":"Kieg\u00e9sz\u00edt\u0151 jegy"},"content":{"rendered":"<p style=\"text-align: left;\">\n<div class=\"flex-1 overflow-hidden\">\n<div class=\"react-scroll-to-bottom--css-yooqz-79elbk h-full dark:bg-gray-800\">\n<div class=\"react-scroll-to-bottom--css-yooqz-1n7m0yu\">\n<div class=\"flex flex-col text-sm dark:bg-gray-800\">\n<div class=\"h-32 md:h-48 flex-shrink-0\" style=\"text-align: left;\"><\/div>\n<\/div>\n<\/div>\n<\/div>\n<\/div>\n","protected":false},"excerpt":{"rendered":"","protected":false},"featured_media":0,"comment_status":"closed","ping_status":"closed","template":"","meta":[],"product_cat":[28],"product_tag":[],"class_list":{"0":"post-8448","1":"product","2":"type-product","3":"status-publish","5":"product_cat-uncategorized-hu","7":"first","8":"instock","9":"taxable","10":"shipping-taxable","11":"purchasable","12":"product-type-simple"},"_links":{"self":[{"href":"https:\/\/8thsociodramaconference.com\/hu\/wp-json\/wp\/v2\/product\/8448","targetHints":{"allow":["GET"]}}],"collection":[{"href":"https:\/\/8thsociodramaconference.com\/hu\/wp-json\/wp\/v2\/product"}],"about":[{"href":"https:\/\/8thsociodramaconference.com\/hu\/wp-json\/wp\/v2\/types\/product"}],"replies":[{"embeddable":true,"href":"https:\/\/8thsociodramaconference.com\/hu\/wp-json\/wp\/v2\/comments?post=8448"}],"wp:attachment":[{"href":"https:\/\/8thsociodramaconference.com\/hu\/wp-json\/wp\/v2\/media?parent=8448"}],"wp:term":[{"taxonomy":"product_cat","embeddable":true,"href":"https:\/\/8thsociodramaconference.com\/hu\/wp-json\/wp\/v2\/product_cat?post=8448"},{"taxonomy":"product_tag","embeddable":true,"href":"https:\/\/8thsociodramaconference.com\/hu\/wp-json\/wp\/v2\/product_tag?post=8448"}],"curies":[{"name":"wp","href":"https:\/\/api.w.org\/{rel}","templated":true}]}}