{"id":8375,"date":"2024-06-19T15:23:42","date_gmt":"2024-06-19T13:23:42","guid":{"rendered":"https:\/\/8thsociodramaconference.com\/?post_type=product&#038;p=8375"},"modified":"2024-06-19T15:33:01","modified_gmt":"2024-06-19T13:33:01","slug":"napijegy-junius-extra","status":"publish","type":"product","link":"https:\/\/8thsociodramaconference.com\/hu\/items\/napijegy-junius-extra\/","title":{"rendered":"Napijegy EXTRA"},"content":{"rendered":"<p>Napijegy extra kedvezm\u00e9nnyel<\/p>\n<p style=\"text-align: left;\"><b>SZ\u00c1LL\u00c1S<\/b><br \/>\nHa szeretne sz\u00e1ll\u00e1st foglalni, k\u00e9rj\u00fck kattintson az al\u00e1bbi k\u00e9pre<\/p>\n<p style=\"text-align: left;\"><a href=\"https:\/\/8thsociodramaconference.com\/hu\/productcategory\/szallas\/\"><img loading=\"lazy\" decoding=\"async\" class=\"alignnone wp-image-2136 size-thumbnail\" src=\"https:\/\/8thsociodramaconference.com\/wp-content\/uploads\/webshop_ikon_magyar\/17-150x150.png\" alt=\"\" width=\"150\" height=\"150\" srcset=\"https:\/\/8thsociodramaconference.com\/wp-content\/uploads\/webshop_ikon_magyar\/17-150x150.png 150w, https:\/\/8thsociodramaconference.com\/wp-content\/uploads\/webshop_ikon_magyar\/17-300x300.png 300w, https:\/\/8thsociodramaconference.com\/wp-content\/uploads\/webshop_ikon_magyar\/17-768x768.png 768w, https:\/\/8thsociodramaconference.com\/wp-content\/uploads\/webshop_ikon_magyar\/17-100x100.png 100w, https:\/\/8thsociodramaconference.com\/wp-content\/uploads\/webshop_ikon_magyar\/17.png 800w\" sizes=\"auto, (max-width: 150px) 100vw, 150px\" \/><\/a><\/p>\n<p style=\"text-align: left;\"><strong>\u00c9TKEZ\u00c9S<\/strong><strong><br \/>\n<\/strong>Ha szeretne reggeli, eb\u00e9det, vagy vacsor\u00e1t rendelni, k\u00e9rj\u00fck kattintson az al\u00e1bbi k\u00e9pre<\/p>\n<p style=\"text-align: left;\"><a href=\"https:\/\/8thsociodramaconference.com\/hu\/productcategory\/etelrendeles\/\"><img loading=\"lazy\" decoding=\"async\" class=\"alignnone wp-image-2138 size-thumbnail\" src=\"https:\/\/8thsociodramaconference.com\/wp-content\/uploads\/webshop_ikon_magyar\/18-150x150.png\" alt=\"\" width=\"150\" height=\"150\" srcset=\"https:\/\/8thsociodramaconference.com\/wp-content\/uploads\/webshop_ikon_magyar\/18-150x150.png 150w, https:\/\/8thsociodramaconference.com\/wp-content\/uploads\/webshop_ikon_magyar\/18-300x300.png 300w, https:\/\/8thsociodramaconference.com\/wp-content\/uploads\/webshop_ikon_magyar\/18-768x768.png 768w, https:\/\/8thsociodramaconference.com\/wp-content\/uploads\/webshop_ikon_magyar\/18-100x100.png 100w, https:\/\/8thsociodramaconference.com\/wp-content\/uploads\/webshop_ikon_magyar\/18.png 800w\" sizes=\"auto, (max-width: 150px) 100vw, 150px\" \/><\/a><\/p>\n<div class=\"flex-1 overflow-hidden\">\n<div class=\"react-scroll-to-bottom--css-yooqz-79elbk h-full dark:bg-gray-800\">\n<div class=\"react-scroll-to-bottom--css-yooqz-1n7m0yu\">\n<div class=\"flex flex-col text-sm dark:bg-gray-800\">\n<div class=\"h-32 md:h-48 flex-shrink-0\" style=\"text-align: left;\"><\/div>\n<\/div>\n<\/div>\n<\/div>\n<\/div>\n","protected":false},"excerpt":{"rendered":"<p>Napijegy extra kedvezm\u00e9nnyel SZ\u00c1LL\u00c1S Ha szeretne sz\u00e1ll\u00e1st foglalni, k\u00e9rj\u00fck kattintson az al\u00e1bbi k\u00e9pre \u00c9TKEZ\u00c9S Ha szeretne reggeli, eb\u00e9det, vagy vacsor\u00e1t rendelni, k\u00e9rj\u00fck kattintson az al\u00e1bbi k\u00e9pre<\/p>\n","protected":false},"featured_media":8381,"comment_status":"closed","ping_status":"closed","template":"","meta":[],"product_cat":[28],"product_tag":[],"class_list":{"0":"post-8375","1":"product","2":"type-product","3":"status-publish","4":"has-post-thumbnail","6":"product_cat-uncategorized-hu","8":"first","9":"instock","10":"taxable","11":"shipping-taxable","12":"purchasable","13":"product-type-simple"},"_links":{"self":[{"href":"https:\/\/8thsociodramaconference.com\/hu\/wp-json\/wp\/v2\/product\/8375","targetHints":{"allow":["GET"]}}],"collection":[{"href":"https:\/\/8thsociodramaconference.com\/hu\/wp-json\/wp\/v2\/product"}],"about":[{"href":"https:\/\/8thsociodramaconference.com\/hu\/wp-json\/wp\/v2\/types\/product"}],"replies":[{"embeddable":true,"href":"https:\/\/8thsociodramaconference.com\/hu\/wp-json\/wp\/v2\/comments?post=8375"}],"wp:featuredmedia":[{"embeddable":true,"href":"https:\/\/8thsociodramaconference.com\/hu\/wp-json\/wp\/v2\/media\/8381"}],"wp:attachment":[{"href":"https:\/\/8thsociodramaconference.com\/hu\/wp-json\/wp\/v2\/media?parent=8375"}],"wp:term":[{"taxonomy":"product_cat","embeddable":true,"href":"https:\/\/8thsociodramaconference.com\/hu\/wp-json\/wp\/v2\/product_cat?post=8375"},{"taxonomy":"product_tag","embeddable":true,"href":"https:\/\/8thsociodramaconference.com\/hu\/wp-json\/wp\/v2\/product_tag?post=8375"}],"curies":[{"name":"wp","href":"https:\/\/api.w.org\/{rel}","templated":true}]}}