{"id":6651,"date":"2024-03-28T20:01:41","date_gmt":"2024-03-28T19:01:41","guid":{"rendered":"https:\/\/8thsociodramaconference.com\/?post_type=product&#038;p=6651"},"modified":"2024-06-23T15:25:09","modified_gmt":"2024-06-23T13:25:09","slug":"5-napos-berlet","status":"publish","type":"product","link":"https:\/\/8thsociodramaconference.com\/hu\/items\/5-napos-berlet\/","title":{"rendered":"5 napos b\u00e9rlet"},"content":{"rendered":"<p>5 napos b\u00e9rlet <strong>(2024. J\u00fanius 26-30.)<\/strong>.<\/p>\n<p style=\"text-align: left;\"><b>SZ\u00c1LL\u00c1S<\/b><br \/>\nSz\u00e1ll\u00e1sfoglal\u00e1shoz k\u00e9rj\u00fck kattintson az al\u00e1bbi k\u00e9pre<\/p>\n<p style=\"text-align: left;\"><a href=\"https:\/\/8thsociodramaconference.com\/hu\/productcategory\/szallas\/\"><img loading=\"lazy\" decoding=\"async\" class=\"alignnone wp-image-2136 size-thumbnail\" src=\"https:\/\/8thsociodramaconference.com\/wp-content\/uploads\/webshop_ikon_magyar\/17-150x150.png\" alt=\"\" width=\"150\" height=\"150\" srcset=\"https:\/\/8thsociodramaconference.com\/wp-content\/uploads\/webshop_ikon_magyar\/17-150x150.png 150w, https:\/\/8thsociodramaconference.com\/wp-content\/uploads\/webshop_ikon_magyar\/17-300x300.png 300w, https:\/\/8thsociodramaconference.com\/wp-content\/uploads\/webshop_ikon_magyar\/17-768x768.png 768w, https:\/\/8thsociodramaconference.com\/wp-content\/uploads\/webshop_ikon_magyar\/17-100x100.png 100w, https:\/\/8thsociodramaconference.com\/wp-content\/uploads\/webshop_ikon_magyar\/17.png 800w\" sizes=\"auto, (max-width: 150px) 100vw, 150px\" \/><\/a><\/p>\n<p style=\"text-align: left;\">\n<div class=\"flex-1 overflow-hidden\">\n<div class=\"react-scroll-to-bottom--css-yooqz-79elbk h-full dark:bg-gray-800\">\n<div class=\"react-scroll-to-bottom--css-yooqz-1n7m0yu\">\n<div class=\"flex flex-col text-sm dark:bg-gray-800\">\n<div class=\"h-32 md:h-48 flex-shrink-0\" style=\"text-align: left;\"><\/div>\n<\/div>\n<\/div>\n<\/div>\n<\/div>\n","protected":false},"excerpt":{"rendered":"<p>5 napos b\u00e9rlet (2024. J\u00fanius 26-30.). SZ\u00c1LL\u00c1S Sz\u00e1ll\u00e1sfoglal\u00e1shoz k\u00e9rj\u00fck kattintson az al\u00e1bbi k\u00e9pre<\/p>\n","protected":false},"featured_media":2104,"comment_status":"closed","ping_status":"closed","template":"","meta":[],"product_cat":[45],"product_tag":[],"class_list":{"0":"post-6651","1":"product","2":"type-product","3":"status-publish","4":"has-post-thumbnail","6":"product_cat-offline-jegy","8":"first","9":"instock","10":"taxable","11":"shipping-taxable","12":"purchasable","13":"product-type-variable"},"_links":{"self":[{"href":"https:\/\/8thsociodramaconference.com\/hu\/wp-json\/wp\/v2\/product\/6651","targetHints":{"allow":["GET"]}}],"collection":[{"href":"https:\/\/8thsociodramaconference.com\/hu\/wp-json\/wp\/v2\/product"}],"about":[{"href":"https:\/\/8thsociodramaconference.com\/hu\/wp-json\/wp\/v2\/types\/product"}],"replies":[{"embeddable":true,"href":"https:\/\/8thsociodramaconference.com\/hu\/wp-json\/wp\/v2\/comments?post=6651"}],"wp:featuredmedia":[{"embeddable":true,"href":"https:\/\/8thsociodramaconference.com\/hu\/wp-json\/wp\/v2\/media\/2104"}],"wp:attachment":[{"href":"https:\/\/8thsociodramaconference.com\/hu\/wp-json\/wp\/v2\/media?parent=6651"}],"wp:term":[{"taxonomy":"product_cat","embeddable":true,"href":"https:\/\/8thsociodramaconference.com\/hu\/wp-json\/wp\/v2\/product_cat?post=6651"},{"taxonomy":"product_tag","embeddable":true,"href":"https:\/\/8thsociodramaconference.com\/hu\/wp-json\/wp\/v2\/product_tag?post=6651"}],"curies":[{"name":"wp","href":"https:\/\/api.w.org\/{rel}","templated":true}]}}