{"id":5605,"date":"2024-03-05T17:57:19","date_gmt":"2024-03-05T16:57:19","guid":{"rendered":"https:\/\/8thsociodramaconference.com\/?post_type=product&#038;p=5605"},"modified":"2024-03-05T18:04:21","modified_gmt":"2024-03-05T17:04:21","slug":"elokonferencia-workshop-pszichodrama-szociatria-jun7-8","status":"publish","type":"product","link":"https:\/\/8thsociodramaconference.com\/hu\/items\/elokonferencia-workshop-pszichodrama-szociatria-jun7-8\/","title":{"rendered":"El\u0151konferencia workshop &#8211; Pszichodr\u00e1ma \u00e9s Szoci\u00e1tria &#8211; J\u00fanius 7-8"},"content":{"rendered":"<p><strong>Pre-Konferencia workshop &#8211; 2024. J\u00fanius 7-8.<br \/>\n<\/strong><\/p>\n<h4><strong>Pszichodr\u00e1ma \u00e9s Szoci\u00e1tria \u2013 A t\u00e1rsadalmi traum\u00e1k intrapszich\u00e9s, interperszon\u00e1lis \u00e9s struktur\u00e1lis hat\u00e1sainak vizsg\u00e1lata a pszicho-szociodr\u00e1ma m\u00f3dszer\u00e9vel<\/strong><\/h4>\n<p>K\u00e9tnapos workshop Budapesten\u00a0<strong>Tesz\u00e1ry Judith\u00a0<\/strong>\u00e9s<strong>\u00a0L\u0151rincz \u00c9va\u00a0<\/strong>vezet\u00e9s\u00e9vel<\/p>\n<p><b>D\u00c1TUM : <\/b>J\u00fanius 7-8.<b><br \/>\n<\/b><b>HELYSZ\u00cdN:<\/b>\u00a0Budapest (pontos helysz\u00edn egyeztet\u00e9s alatt)<\/p>\n","protected":false},"excerpt":{"rendered":"<p>Pre-Konferencia workshop &#8211; 2024. J\u00fanius 7-8. Pszichodr\u00e1ma \u00e9s Szoci\u00e1tria \u2013 A t\u00e1rsadalmi traum\u00e1k intrapszich\u00e9s, interperszon\u00e1lis \u00e9s struktur\u00e1lis hat\u00e1sainak vizsg\u00e1lata a pszicho-szociodr\u00e1ma m\u00f3dszer\u00e9vel K\u00e9tnapos workshop Budapesten\u00a0Tesz\u00e1ry Judith\u00a0\u00e9s\u00a0L\u0151rincz \u00c9va\u00a0vezet\u00e9s\u00e9vel D\u00c1TUM : J\u00fanius 7-8. HELYSZ\u00cdN:\u00a0Budapest (pontos helysz\u00edn egyeztet\u00e9s alatt)<\/p>\n","protected":false},"featured_media":5606,"comment_status":"closed","ping_status":"closed","template":"","meta":[],"product_cat":[57],"product_tag":[],"class_list":{"0":"post-5605","1":"product","2":"type-product","3":"status-publish","4":"has-post-thumbnail","6":"product_cat-prekonferencia","8":"first","9":"instock","10":"taxable","11":"shipping-taxable","12":"purchasable","13":"product-type-simple"},"_links":{"self":[{"href":"https:\/\/8thsociodramaconference.com\/hu\/wp-json\/wp\/v2\/product\/5605","targetHints":{"allow":["GET"]}}],"collection":[{"href":"https:\/\/8thsociodramaconference.com\/hu\/wp-json\/wp\/v2\/product"}],"about":[{"href":"https:\/\/8thsociodramaconference.com\/hu\/wp-json\/wp\/v2\/types\/product"}],"replies":[{"embeddable":true,"href":"https:\/\/8thsociodramaconference.com\/hu\/wp-json\/wp\/v2\/comments?post=5605"}],"wp:featuredmedia":[{"embeddable":true,"href":"https:\/\/8thsociodramaconference.com\/hu\/wp-json\/wp\/v2\/media\/5606"}],"wp:attachment":[{"href":"https:\/\/8thsociodramaconference.com\/hu\/wp-json\/wp\/v2\/media?parent=5605"}],"wp:term":[{"taxonomy":"product_cat","embeddable":true,"href":"https:\/\/8thsociodramaconference.com\/hu\/wp-json\/wp\/v2\/product_cat?post=5605"},{"taxonomy":"product_tag","embeddable":true,"href":"https:\/\/8thsociodramaconference.com\/hu\/wp-json\/wp\/v2\/product_tag?post=5605"}],"curies":[{"name":"wp","href":"https:\/\/api.w.org\/{rel}","templated":true}]}}