{"id":3310,"date":"2024-01-23T06:15:03","date_gmt":"2024-01-23T05:15:03","guid":{"rendered":"https:\/\/8thsociodramaconference.com\/?post_type=product&#038;p=3310"},"modified":"2024-04-23T10:08:01","modified_gmt":"2024-04-23T08:08:01","slug":"elokonferencia-workshop-fold-biztonsagos-hasznalata-apr27-28","status":"publish","type":"product","link":"https:\/\/8thsociodramaconference.com\/hu\/items\/elokonferencia-workshop-fold-biztonsagos-hasznalata-apr27-28\/","title":{"rendered":"El\u0151konferencia workshop &#8211; A F\u00f6ld biztons\u00e1gos \u00e9s igazs\u00e1gos haszn\u00e1lata &#8211; \u00c1prilis 27"},"content":{"rendered":"<p><strong>Pre-Konferencia workshop &#8211; 2024. \u00c1prilis 27.<br \/>\n<\/strong><\/p>\n<h5><b>A F\u00f6ld biztons\u00e1gos \u00e9s igazs\u00e1gos haszn\u00e1lata az \u201eember alkotta k\u00f6rnyezet\u201d kor\u00e1ban<br \/>\n\u2013 mi a dolgunk, mi a feladatunk ma?<\/b><\/h5>\n<h5>Eg\u00e9sznapos workshop <b>Marjut Partanen-Hertell \u00e9s Reijo Kauppila vezet\u00e9s\u00e9vel<\/b><\/h5>\n<p><b>D\u00c1TUM:\u00a0<\/b>2024. \u00e1prilis 27.<br \/>\n<strong>ID\u0150PONT:<\/strong>\u00a0 9:30-18:00<br \/>\n<b>HELYSZ\u00cdN:<\/b>\u00a0Valyo B\u00e1zis, 1114 Budapest, Kosztol\u00e1nyi Dezs\u0151 t\u00e9r 7.<br \/>\n<b>R\u00c9SZV\u00c9TELI D\u00cdJ: 2<\/b>0.000 Ft<br \/>\n<strong>TOLM\u00c1CSOL\u00c1S:<\/strong> A workshop nyelve angol,\u00a0 tolm\u00e1csol\u00e1st biztos\u00edtunk<\/p>\n","protected":false},"excerpt":{"rendered":"<p>Pre-Konferencia workshop &#8211; 2024. \u00c1prilis 27. A F\u00f6ld biztons\u00e1gos \u00e9s igazs\u00e1gos haszn\u00e1lata az \u201eember alkotta k\u00f6rnyezet\u201d kor\u00e1ban \u2013 mi a dolgunk, mi a feladatunk ma? Eg\u00e9sznapos workshop Marjut Partanen-Hertell \u00e9s Reijo Kauppila vezet\u00e9s\u00e9vel D\u00c1TUM:\u00a02024. \u00e1prilis 27. ID\u0150PONT:\u00a0 9:30-18:00 HELYSZ\u00cdN:\u00a0Valyo B\u00e1zis, 1114 Budapest, Kosztol\u00e1nyi Dezs\u0151 t\u00e9r 7. R\u00c9SZV\u00c9TELI D\u00cdJ: 20.000 Ft TOLM\u00c1CSOL\u00c1S: A workshop nyelve angol,\u00a0 [&hellip;]<\/p>\n","protected":false},"featured_media":6755,"comment_status":"closed","ping_status":"closed","template":"","meta":[],"product_cat":[57],"product_tag":[],"class_list":{"0":"post-3310","1":"product","2":"type-product","3":"status-publish","4":"has-post-thumbnail","6":"product_cat-prekonferencia","8":"first","9":"instock","10":"taxable","11":"shipping-taxable","12":"purchasable","13":"product-type-simple"},"_links":{"self":[{"href":"https:\/\/8thsociodramaconference.com\/hu\/wp-json\/wp\/v2\/product\/3310","targetHints":{"allow":["GET"]}}],"collection":[{"href":"https:\/\/8thsociodramaconference.com\/hu\/wp-json\/wp\/v2\/product"}],"about":[{"href":"https:\/\/8thsociodramaconference.com\/hu\/wp-json\/wp\/v2\/types\/product"}],"replies":[{"embeddable":true,"href":"https:\/\/8thsociodramaconference.com\/hu\/wp-json\/wp\/v2\/comments?post=3310"}],"wp:featuredmedia":[{"embeddable":true,"href":"https:\/\/8thsociodramaconference.com\/hu\/wp-json\/wp\/v2\/media\/6755"}],"wp:attachment":[{"href":"https:\/\/8thsociodramaconference.com\/hu\/wp-json\/wp\/v2\/media?parent=3310"}],"wp:term":[{"taxonomy":"product_cat","embeddable":true,"href":"https:\/\/8thsociodramaconference.com\/hu\/wp-json\/wp\/v2\/product_cat?post=3310"},{"taxonomy":"product_tag","embeddable":true,"href":"https:\/\/8thsociodramaconference.com\/hu\/wp-json\/wp\/v2\/product_tag?post=3310"}],"curies":[{"name":"wp","href":"https:\/\/api.w.org\/{rel}","templated":true}]}}