{"id":3178,"date":"2024-01-04T11:38:53","date_gmt":"2024-01-04T10:38:53","guid":{"rendered":"https:\/\/8thsociodramaconference.com\/?post_type=product&#038;p=3178"},"modified":"2024-01-04T11:47:13","modified_gmt":"2024-01-04T10:47:13","slug":"transzgeneracios-szociodrama-marc16","status":"publish","type":"product","link":"https:\/\/8thsociodramaconference.com\/hu\/items\/transzgeneracios-szociodrama-marc16\/","title":{"rendered":"El\u0151konferencia workshop &#8211; Transzgener\u00e1ci\u00f3s szociodr\u00e1ma &#8211; M\u00e1rcius 16."},"content":{"rendered":"<p style=\"text-align: left;\"><strong>Pre-Konferencia workshop &#8211; 2024. M\u00e1rcius 16.<br \/>\n<\/strong><strong>Kollekt\u00edv mint\u00e1zatok a magyar t\u00e1rsadalomban<br \/>\n<\/strong><strong>Transzgener\u00e1ci\u00f3s szociodr\u00e1ma workshop Budapesten<\/strong><\/p>\n<h4>Egynapos workshop Budapesten\u00a0Manuela Maciel\u00a0\u00e9s\u00a0Galg\u00f3czi Krisztina vezet\u00e9s\u00e9vel<\/h4>\n<p><b>D\u00c1TUM : <\/b>M\u00e1rcius 16.. Szombat, 9:00-18:00 (m\u00e1sf\u00e9l\u00f3ra eb\u00e9dsz\u00fcnettel)<\/p>\n","protected":false},"excerpt":{"rendered":"<p>Pre-Konferencia workshop &#8211; 2024. M\u00e1rcius 16. Kollekt\u00edv mint\u00e1zatok a magyar t\u00e1rsadalomban Transzgener\u00e1ci\u00f3s szociodr\u00e1ma workshop Budapesten Egynapos workshop Budapesten\u00a0Manuela Maciel\u00a0\u00e9s\u00a0Galg\u00f3czi Krisztina vezet\u00e9s\u00e9vel D\u00c1TUM : M\u00e1rcius 16.. Szombat, 9:00-18:00 (m\u00e1sf\u00e9l\u00f3ra eb\u00e9dsz\u00fcnettel)<\/p>\n","protected":false},"featured_media":3121,"comment_status":"closed","ping_status":"closed","template":"","meta":[],"product_cat":[57,59],"product_tag":[],"class_list":{"0":"post-3178","1":"product","2":"type-product","3":"status-publish","4":"has-post-thumbnail","6":"product_cat-prekonferencia","7":"product_cat-prekonferencia_marc15vagy16","9":"first","10":"instock","11":"taxable","12":"shipping-taxable","13":"purchasable","14":"product-type-simple"},"_links":{"self":[{"href":"https:\/\/8thsociodramaconference.com\/hu\/wp-json\/wp\/v2\/product\/3178","targetHints":{"allow":["GET"]}}],"collection":[{"href":"https:\/\/8thsociodramaconference.com\/hu\/wp-json\/wp\/v2\/product"}],"about":[{"href":"https:\/\/8thsociodramaconference.com\/hu\/wp-json\/wp\/v2\/types\/product"}],"replies":[{"embeddable":true,"href":"https:\/\/8thsociodramaconference.com\/hu\/wp-json\/wp\/v2\/comments?post=3178"}],"wp:featuredmedia":[{"embeddable":true,"href":"https:\/\/8thsociodramaconference.com\/hu\/wp-json\/wp\/v2\/media\/3121"}],"wp:attachment":[{"href":"https:\/\/8thsociodramaconference.com\/hu\/wp-json\/wp\/v2\/media?parent=3178"}],"wp:term":[{"taxonomy":"product_cat","embeddable":true,"href":"https:\/\/8thsociodramaconference.com\/hu\/wp-json\/wp\/v2\/product_cat?post=3178"},{"taxonomy":"product_tag","embeddable":true,"href":"https:\/\/8thsociodramaconference.com\/hu\/wp-json\/wp\/v2\/product_tag?post=3178"}],"curies":[{"name":"wp","href":"https:\/\/api.w.org\/{rel}","templated":true}]}}