{"id":3173,"date":"2024-01-04T10:20:10","date_gmt":"2024-01-04T09:20:10","guid":{"rendered":"https:\/\/8thsociodramaconference.com\/?post_type=product&#038;p=3173"},"modified":"2024-01-04T10:32:25","modified_gmt":"2024-01-04T09:32:25","slug":"kreativ-akciomodszerek-febr9","status":"publish","type":"product","link":"https:\/\/8thsociodramaconference.com\/hu\/items\/kreativ-akciomodszerek-febr9\/","title":{"rendered":"El\u0151konferencia workshop &#8211; Kreat\u00edv akci\u00f3m\u00f3dszerek a szervezetekben &#8211; Febru\u00e1r 9."},"content":{"rendered":"<p><strong>PRE-CONFERENCE &#8211; Organisations Meet Creative Action Methods<br \/>\n<\/strong>1-day \u00a0workshop by <strong>Valerie Monti Holland<\/strong> and <strong>Irina Stefanescu<\/strong><\/p>\n<p><b>DATE: <\/b>February 9.<br \/>\n<b>TIME:\u00a0<\/b>10:00 AM \u2013 06:00 PM Central European Time<br \/>\n<b>LOCATION:<\/b> Budapest<\/p>\n","protected":false},"excerpt":{"rendered":"<p>PRE-CONFERENCE &#8211; Organisations Meet Creative Action Methods 1-day \u00a0workshop by Valerie Monti Holland and Irina Stefanescu DATE: February 9. TIME:\u00a010:00 AM \u2013 06:00 PM Central European Time LOCATION: Budapest<\/p>\n","protected":false},"featured_media":2910,"comment_status":"closed","ping_status":"closed","template":"","meta":[],"product_cat":[57,58],"product_tag":[],"class_list":{"0":"post-3173","1":"product","2":"type-product","3":"status-publish","4":"has-post-thumbnail","6":"product_cat-prekonferencia","7":"product_cat-prekonferencia_febr9vagy10","9":"first","10":"instock","11":"taxable","12":"shipping-taxable","13":"purchasable","14":"product-type-simple"},"_links":{"self":[{"href":"https:\/\/8thsociodramaconference.com\/hu\/wp-json\/wp\/v2\/product\/3173","targetHints":{"allow":["GET"]}}],"collection":[{"href":"https:\/\/8thsociodramaconference.com\/hu\/wp-json\/wp\/v2\/product"}],"about":[{"href":"https:\/\/8thsociodramaconference.com\/hu\/wp-json\/wp\/v2\/types\/product"}],"replies":[{"embeddable":true,"href":"https:\/\/8thsociodramaconference.com\/hu\/wp-json\/wp\/v2\/comments?post=3173"}],"wp:featuredmedia":[{"embeddable":true,"href":"https:\/\/8thsociodramaconference.com\/hu\/wp-json\/wp\/v2\/media\/2910"}],"wp:attachment":[{"href":"https:\/\/8thsociodramaconference.com\/hu\/wp-json\/wp\/v2\/media?parent=3173"}],"wp:term":[{"taxonomy":"product_cat","embeddable":true,"href":"https:\/\/8thsociodramaconference.com\/hu\/wp-json\/wp\/v2\/product_cat?post=3173"},{"taxonomy":"product_tag","embeddable":true,"href":"https:\/\/8thsociodramaconference.com\/hu\/wp-json\/wp\/v2\/product_tag?post=3173"}],"curies":[{"name":"wp","href":"https:\/\/api.w.org\/{rel}","templated":true}]}}