{"id":2569,"date":"2023-10-26T20:14:07","date_gmt":"2023-10-26T18:14:07","guid":{"rendered":"https:\/\/8thsociodramaconference.com\/?post_type=product&#038;p=2569"},"modified":"2024-06-25T20:04:16","modified_gmt":"2024-06-25T18:04:16","slug":"etkezes-junius-30","status":"publish","type":"product","link":"https:\/\/8thsociodramaconference.com\/hu\/items\/etkezes-junius-30\/","title":{"rendered":"\u00c9tkez\u00e9s J\u00fanius 30."},"content":{"rendered":"<p><strong>\u00c9tkez\u00e9s<\/strong> &#8211; <strong>2024. J\u00fanius 30.<\/strong><\/p>\n<p>Amennyiben a konferencia egy\u00e9b napjaira is szeretne \u00e9telt rendelni, k\u00e9rj\u00fck kattintson a megfelel\u0151 k\u00e9pre.<\/p>\n<p><a href=\"https:\/\/8thsociodramaconference.com\/hu\/items\/etkezes-junius-26\/\"><img loading=\"lazy\" decoding=\"async\" class=\"alignnone wp-image-2116 size-thumbnail\" src=\"https:\/\/8thsociodramaconference.com\/wp-content\/uploads\/webshop_ikon_magyar\/7-150x150.png\" alt=\"\" width=\"150\" height=\"150\" srcset=\"https:\/\/8thsociodramaconference.com\/wp-content\/uploads\/webshop_ikon_magyar\/7-150x150.png 150w, https:\/\/8thsociodramaconference.com\/wp-content\/uploads\/webshop_ikon_magyar\/7-300x300.png 300w, https:\/\/8thsociodramaconference.com\/wp-content\/uploads\/webshop_ikon_magyar\/7-768x768.png 768w, https:\/\/8thsociodramaconference.com\/wp-content\/uploads\/webshop_ikon_magyar\/7-100x100.png 100w, https:\/\/8thsociodramaconference.com\/wp-content\/uploads\/webshop_ikon_magyar\/7.png 800w\" sizes=\"auto, (max-width: 150px) 100vw, 150px\" \/><\/a> \u00a0<a href=\"https:\/\/8thsociodramaconference.com\/hu\/items\/etkezes-junius-27\/\"><img loading=\"lazy\" decoding=\"async\" class=\"alignnone wp-image-2118 size-thumbnail\" src=\"https:\/\/8thsociodramaconference.com\/wp-content\/uploads\/webshop_ikon_magyar\/8-150x150.png\" alt=\"\" width=\"150\" height=\"150\" srcset=\"https:\/\/8thsociodramaconference.com\/wp-content\/uploads\/webshop_ikon_magyar\/8-150x150.png 150w, https:\/\/8thsociodramaconference.com\/wp-content\/uploads\/webshop_ikon_magyar\/8-300x300.png 300w, https:\/\/8thsociodramaconference.com\/wp-content\/uploads\/webshop_ikon_magyar\/8-768x768.png 768w, https:\/\/8thsociodramaconference.com\/wp-content\/uploads\/webshop_ikon_magyar\/8-100x100.png 100w, https:\/\/8thsociodramaconference.com\/wp-content\/uploads\/webshop_ikon_magyar\/8.png 800w\" sizes=\"auto, (max-width: 150px) 100vw, 150px\" \/><\/a> \u00a0<a href=\"https:\/\/8thsociodramaconference.com\/hu\/items\/etkezes-junius-28\/\"><img loading=\"lazy\" decoding=\"async\" class=\"alignnone wp-image-2120 size-thumbnail\" src=\"https:\/\/8thsociodramaconference.com\/wp-content\/uploads\/webshop_ikon_magyar\/9-150x150.png\" alt=\"\" width=\"150\" height=\"150\" srcset=\"https:\/\/8thsociodramaconference.com\/wp-content\/uploads\/webshop_ikon_magyar\/9-150x150.png 150w, https:\/\/8thsociodramaconference.com\/wp-content\/uploads\/webshop_ikon_magyar\/9-300x300.png 300w, https:\/\/8thsociodramaconference.com\/wp-content\/uploads\/webshop_ikon_magyar\/9-768x768.png 768w, https:\/\/8thsociodramaconference.com\/wp-content\/uploads\/webshop_ikon_magyar\/9-100x100.png 100w, https:\/\/8thsociodramaconference.com\/wp-content\/uploads\/webshop_ikon_magyar\/9.png 800w\" sizes=\"auto, (max-width: 150px) 100vw, 150px\" \/><\/a> \u00a0<a href=\"https:\/\/8thsociodramaconference.com\/hu\/items\/etkezes-junius-29\/\"><img loading=\"lazy\" decoding=\"async\" class=\"alignnone wp-image-2122 size-thumbnail\" src=\"https:\/\/8thsociodramaconference.com\/wp-content\/uploads\/webshop_ikon_magyar\/10-150x150.png\" alt=\"\" width=\"150\" height=\"150\" srcset=\"https:\/\/8thsociodramaconference.com\/wp-content\/uploads\/webshop_ikon_magyar\/10-150x150.png 150w, https:\/\/8thsociodramaconference.com\/wp-content\/uploads\/webshop_ikon_magyar\/10-300x300.png 300w, https:\/\/8thsociodramaconference.com\/wp-content\/uploads\/webshop_ikon_magyar\/10-768x768.png 768w, https:\/\/8thsociodramaconference.com\/wp-content\/uploads\/webshop_ikon_magyar\/10-100x100.png 100w, https:\/\/8thsociodramaconference.com\/wp-content\/uploads\/webshop_ikon_magyar\/10.png 800w\" sizes=\"auto, (max-width: 150px) 100vw, 150px\" \/><\/a>.<\/p>\n<div class=\"flex-1 overflow-hidden\">\n<div class=\"react-scroll-to-bottom--css-yooqz-79elbk h-full dark:bg-gray-800\">\n<div class=\"react-scroll-to-bottom--css-yooqz-1n7m0yu\">\n<div class=\"flex flex-col text-sm dark:bg-gray-800\">\n<div class=\"h-32 md:h-48 flex-shrink-0\" style=\"text-align: left;\">\n<p style=\"text-align: left;\"><b>A konferenciahelysz\u00edn \u00e9tterm\u00e9r\u0151l:<\/b><\/p>\n<p>Reggeli: Sv\u00e9dasztalos reggeli<br \/>\nEb\u00e9d: Sv\u00e9dasztalos hideg eb\u00e9d sal\u00e1t\u00e1kkal, kenc\u00e9kkel<br \/>\nVacsora: El\u0151\u00e9tel, F\u0151\u00e9tel, sal\u00e1tab\u00e1r, friss gy\u00fcm\u00f6lcs, \u00fcd\u00edt\u0151 \/ poh\u00e1r bor<\/p>\n<p style=\"text-align: left;\">A konferencia helysz\u00edn\u00e9n tal\u00e1lhat\u00f3 \u00e9tteremben \u00e9tkez\u00e9s csak el\u0151zetes rendel\u00e9s alapj\u00e1n lehets\u00e9ges.<\/p>\n<p>\u00c1rfigyelmeztet\u00e9s: K\u00e9rj\u00fck, vegye figyelembe, hogy a vend\u00e9gl\u00e1t\u00f3hely \u00e1rai gazdas\u00e1gi t\u00e9nyez\u0151k hat\u00e1s\u00e1ra v\u00e1ltozhatnak. Amennyiben a konferencia el\u0151tt az \u00e9tterem \u00fagy d\u00f6nt, hogy emeli az \u00e1rakat, err\u0151l \u00e9rtes\u00edt\u00e9st k\u00fcld\u00fcnk e-mailen.<\/p>\n<p>Allerg\u00e9nek: B\u00e1r az \u00e9tterem igyekszik megold\u00e1st tal\u00e1lni az egyedi k\u00e9r\u00e9sekre, t\u00e1j\u00e9koztatjuk, hogy a konyh\u00e1ban haszn\u00e1lt \u00f6sszetev\u0151k allerg\u00e9neket tartalmazhatnak. S\u00falyos \u00e9telallergia eset\u00e9n a vend\u00e9gek csak a saj\u00e1t felel\u0151ss\u00e9g\u00fckre haszn\u00e1lhatj\u00e1k a vend\u00e9gl\u00e1t\u00e1si szolg\u00e1ltat\u00e1sokat.<\/p>\n<p style=\"text-align: left;\">\n<\/div>\n<\/div>\n<\/div>\n<\/div>\n<\/div>\n","protected":false},"excerpt":{"rendered":"<p>\u00c9tkez\u00e9s &#8211; 2024. J\u00fanius 30. Amennyiben a konferencia egy\u00e9b napjaira is szeretne \u00e9telt rendelni, k\u00e9rj\u00fck kattintson a megfelel\u0151 k\u00e9pre. \u00a0 \u00a0 \u00a0. A konferenciahelysz\u00edn \u00e9tterm\u00e9r\u0151l: Reggeli: Sv\u00e9dasztalos reggeli Eb\u00e9d: Sv\u00e9dasztalos hideg eb\u00e9d sal\u00e1t\u00e1kkal, kenc\u00e9kkel Vacsora: El\u0151\u00e9tel, F\u0151\u00e9tel, sal\u00e1tab\u00e1r, friss gy\u00fcm\u00f6lcs, \u00fcd\u00edt\u0151 \/ poh\u00e1r bor A konferencia helysz\u00edn\u00e9n tal\u00e1lhat\u00f3 \u00e9tteremben \u00e9tkez\u00e9s csak el\u0151zetes rendel\u00e9s alapj\u00e1n lehets\u00e9ges. [&hellip;]<\/p>\n","protected":false},"featured_media":2124,"comment_status":"closed","ping_status":"closed","template":"","meta":[],"product_cat":[28],"product_tag":[],"class_list":{"0":"post-2569","1":"product","2":"type-product","3":"status-publish","4":"has-post-thumbnail","6":"product_cat-uncategorized-hu","8":"first","9":"instock","10":"taxable","11":"shipping-taxable","12":"purchasable","13":"product-type-variable"},"_links":{"self":[{"href":"https:\/\/8thsociodramaconference.com\/hu\/wp-json\/wp\/v2\/product\/2569","targetHints":{"allow":["GET"]}}],"collection":[{"href":"https:\/\/8thsociodramaconference.com\/hu\/wp-json\/wp\/v2\/product"}],"about":[{"href":"https:\/\/8thsociodramaconference.com\/hu\/wp-json\/wp\/v2\/types\/product"}],"replies":[{"embeddable":true,"href":"https:\/\/8thsociodramaconference.com\/hu\/wp-json\/wp\/v2\/comments?post=2569"}],"wp:featuredmedia":[{"embeddable":true,"href":"https:\/\/8thsociodramaconference.com\/hu\/wp-json\/wp\/v2\/media\/2124"}],"wp:attachment":[{"href":"https:\/\/8thsociodramaconference.com\/hu\/wp-json\/wp\/v2\/media?parent=2569"}],"wp:term":[{"taxonomy":"product_cat","embeddable":true,"href":"https:\/\/8thsociodramaconference.com\/hu\/wp-json\/wp\/v2\/product_cat?post=2569"},{"taxonomy":"product_tag","embeddable":true,"href":"https:\/\/8thsociodramaconference.com\/hu\/wp-json\/wp\/v2\/product_tag?post=2569"}],"curies":[{"name":"wp","href":"https:\/\/api.w.org\/{rel}","templated":true}]}}