{"id":2541,"date":"2023-10-26T18:43:58","date_gmt":"2023-10-26T16:43:58","guid":{"rendered":"https:\/\/8thsociodramaconference.com\/?post_type=product&#038;p=2541"},"modified":"2023-10-27T09:06:05","modified_gmt":"2023-10-27T07:06:05","slug":"szallas-junius-26","status":"publish","type":"product","link":"https:\/\/8thsociodramaconference.com\/hu\/items\/szallas-junius-26\/","title":{"rendered":"Sz\u00e1ll\u00e1s J\u00fanius 26."},"content":{"rendered":"<p><strong>Sz\u00e1ll\u00e1s<\/strong> &#8211; <strong>2024. J\u00fanius 26.<\/strong><\/p>\n<p>Amennyiben a konferencia egy\u00e9b napjaira is szeretne sz\u00e1ll\u00e1st foglalni, k\u00e9rj\u00fck kattintson a megfelel\u0151 k\u00e9pre.<\/p>\n<p><a href=\"https:\/\/8thsociodramaconference.com\/hu\/items\/early-bird-napijegy-junius-27\/\">\u00a0<\/a><a href=\"https:\/\/8thsociodramaconference.com\/hu\/items\/szallas-junius-27\/\"><img loading=\"lazy\" decoding=\"async\" class=\"alignnone wp-image-2128 size-thumbnail\" src=\"https:\/\/8thsociodramaconference.com\/wp-content\/uploads\/webshop_ikon_magyar\/13-150x150.png\" alt=\"\" width=\"150\" height=\"150\" srcset=\"https:\/\/8thsociodramaconference.com\/wp-content\/uploads\/webshop_ikon_magyar\/13-150x150.png 150w, https:\/\/8thsociodramaconference.com\/wp-content\/uploads\/webshop_ikon_magyar\/13-300x300.png 300w, https:\/\/8thsociodramaconference.com\/wp-content\/uploads\/webshop_ikon_magyar\/13-768x768.png 768w, https:\/\/8thsociodramaconference.com\/wp-content\/uploads\/webshop_ikon_magyar\/13-100x100.png 100w, https:\/\/8thsociodramaconference.com\/wp-content\/uploads\/webshop_ikon_magyar\/13.png 800w\" sizes=\"auto, (max-width: 150px) 100vw, 150px\" \/><\/a> \u00a0<a href=\"https:\/\/8thsociodramaconference.com\/hu\/items\/szallas-junius-28\/\"><img loading=\"lazy\" decoding=\"async\" class=\"alignnone wp-image-2130 size-thumbnail\" src=\"https:\/\/8thsociodramaconference.com\/wp-content\/uploads\/webshop_ikon_magyar\/14-150x150.png\" alt=\"\" width=\"150\" height=\"150\" srcset=\"https:\/\/8thsociodramaconference.com\/wp-content\/uploads\/webshop_ikon_magyar\/14-150x150.png 150w, https:\/\/8thsociodramaconference.com\/wp-content\/uploads\/webshop_ikon_magyar\/14-300x300.png 300w, https:\/\/8thsociodramaconference.com\/wp-content\/uploads\/webshop_ikon_magyar\/14-768x768.png 768w, https:\/\/8thsociodramaconference.com\/wp-content\/uploads\/webshop_ikon_magyar\/14-100x100.png 100w, https:\/\/8thsociodramaconference.com\/wp-content\/uploads\/webshop_ikon_magyar\/14.png 800w\" sizes=\"auto, (max-width: 150px) 100vw, 150px\" \/><\/a>. <a href=\"https:\/\/8thsociodramaconference.com\/hu\/items\/szallas-junius-29\/\"><img loading=\"lazy\" decoding=\"async\" class=\"alignnone wp-image-2132 size-thumbnail\" src=\"https:\/\/8thsociodramaconference.com\/wp-content\/uploads\/webshop_ikon_magyar\/15-150x150.png\" alt=\"\" width=\"150\" height=\"150\" srcset=\"https:\/\/8thsociodramaconference.com\/wp-content\/uploads\/webshop_ikon_magyar\/15-150x150.png 150w, https:\/\/8thsociodramaconference.com\/wp-content\/uploads\/webshop_ikon_magyar\/15-300x300.png 300w, https:\/\/8thsociodramaconference.com\/wp-content\/uploads\/webshop_ikon_magyar\/15-768x768.png 768w, https:\/\/8thsociodramaconference.com\/wp-content\/uploads\/webshop_ikon_magyar\/15-100x100.png 100w, https:\/\/8thsociodramaconference.com\/wp-content\/uploads\/webshop_ikon_magyar\/15.png 800w\" sizes=\"auto, (max-width: 150px) 100vw, 150px\" \/><\/a>. <a href=\"https:\/\/8thsociodramaconference.com\/hu\/items\/szallas-junius-30\/\"><img loading=\"lazy\" decoding=\"async\" class=\"alignnone wp-image-2134 size-thumbnail\" src=\"https:\/\/8thsociodramaconference.com\/wp-content\/uploads\/webshop_ikon_magyar\/16-150x150.png\" alt=\"\" width=\"150\" height=\"150\" srcset=\"https:\/\/8thsociodramaconference.com\/wp-content\/uploads\/webshop_ikon_magyar\/16-150x150.png 150w, https:\/\/8thsociodramaconference.com\/wp-content\/uploads\/webshop_ikon_magyar\/16-300x300.png 300w, https:\/\/8thsociodramaconference.com\/wp-content\/uploads\/webshop_ikon_magyar\/16-768x768.png 768w, https:\/\/8thsociodramaconference.com\/wp-content\/uploads\/webshop_ikon_magyar\/16-100x100.png 100w, https:\/\/8thsociodramaconference.com\/wp-content\/uploads\/webshop_ikon_magyar\/16.png 800w\" sizes=\"auto, (max-width: 150px) 100vw, 150px\" \/><\/a><\/p>\n<div class=\"flex-1 overflow-hidden\">\n<div class=\"react-scroll-to-bottom--css-yooqz-79elbk h-full dark:bg-gray-800\">\n<div class=\"react-scroll-to-bottom--css-yooqz-1n7m0yu\">\n<div class=\"flex flex-col text-sm dark:bg-gray-800\">\n<div class=\"h-32 md:h-48 flex-shrink-0\" style=\"text-align: left;\">\n<p style=\"text-align: left;\"><strong>\u00c9TELRENDEL\u00c9S<br \/>\n<\/strong>Amennyiben szeretne a konferencia helysz\u00edn\u00e9n \u00e9tkezni, k\u00e9rj\u00fck kattintson a lenti k\u00e9pre<\/p>\n<p style=\"text-align: left;\"><a href=\"https:\/\/8thsociodramaconference.com\/hu\/productcategory\/etelrendeles\/\"><img loading=\"lazy\" decoding=\"async\" class=\"alignnone wp-image-2138 size-thumbnail\" src=\"https:\/\/8thsociodramaconference.com\/wp-content\/uploads\/webshop_ikon_magyar\/18-150x150.png\" alt=\"\" width=\"150\" height=\"150\" srcset=\"https:\/\/8thsociodramaconference.com\/wp-content\/uploads\/webshop_ikon_magyar\/18-150x150.png 150w, https:\/\/8thsociodramaconference.com\/wp-content\/uploads\/webshop_ikon_magyar\/18-300x300.png 300w, https:\/\/8thsociodramaconference.com\/wp-content\/uploads\/webshop_ikon_magyar\/18-768x768.png 768w, https:\/\/8thsociodramaconference.com\/wp-content\/uploads\/webshop_ikon_magyar\/18-100x100.png 100w, https:\/\/8thsociodramaconference.com\/wp-content\/uploads\/webshop_ikon_magyar\/18.png 800w\" sizes=\"auto, (max-width: 150px) 100vw, 150px\" \/><\/a><\/p>\n<\/div>\n<\/div>\n<\/div>\n<\/div>\n<\/div>\n","protected":false},"excerpt":{"rendered":"<p>Sz\u00e1ll\u00e1s &#8211; 2024. J\u00fanius 26. Amennyiben a konferencia egy\u00e9b napjaira is szeretne sz\u00e1ll\u00e1st foglalni, k\u00e9rj\u00fck kattintson a megfelel\u0151 k\u00e9pre. \u00a0 \u00a0. . \u00c9TELRENDEL\u00c9S Amennyiben szeretne a konferencia helysz\u00edn\u00e9n \u00e9tkezni, k\u00e9rj\u00fck kattintson a lenti k\u00e9pre<\/p>\n","protected":false},"featured_media":2126,"comment_status":"closed","ping_status":"closed","template":"","meta":[],"product_cat":[48],"product_tag":[],"class_list":{"0":"post-2541","1":"product","2":"type-product","3":"status-publish","4":"has-post-thumbnail","6":"product_cat-szallas","8":"first","9":"instock","10":"taxable","11":"shipping-taxable","12":"purchasable","13":"product-type-variable"},"_links":{"self":[{"href":"https:\/\/8thsociodramaconference.com\/hu\/wp-json\/wp\/v2\/product\/2541","targetHints":{"allow":["GET"]}}],"collection":[{"href":"https:\/\/8thsociodramaconference.com\/hu\/wp-json\/wp\/v2\/product"}],"about":[{"href":"https:\/\/8thsociodramaconference.com\/hu\/wp-json\/wp\/v2\/types\/product"}],"replies":[{"embeddable":true,"href":"https:\/\/8thsociodramaconference.com\/hu\/wp-json\/wp\/v2\/comments?post=2541"}],"wp:featuredmedia":[{"embeddable":true,"href":"https:\/\/8thsociodramaconference.com\/hu\/wp-json\/wp\/v2\/media\/2126"}],"wp:attachment":[{"href":"https:\/\/8thsociodramaconference.com\/hu\/wp-json\/wp\/v2\/media?parent=2541"}],"wp:term":[{"taxonomy":"product_cat","embeddable":true,"href":"https:\/\/8thsociodramaconference.com\/hu\/wp-json\/wp\/v2\/product_cat?post=2541"},{"taxonomy":"product_tag","embeddable":true,"href":"https:\/\/8thsociodramaconference.com\/hu\/wp-json\/wp\/v2\/product_tag?post=2541"}],"curies":[{"name":"wp","href":"https:\/\/api.w.org\/{rel}","templated":true}]}}