{"id":2538,"date":"2023-10-26T18:24:21","date_gmt":"2023-10-26T16:24:21","guid":{"rendered":"https:\/\/8thsociodramaconference.com\/?post_type=product&#038;p=2538"},"modified":"2023-10-27T10:29:04","modified_gmt":"2023-10-27T08:29:04","slug":"online-5napos-berlet","status":"publish","type":"product","link":"https:\/\/8thsociodramaconference.com\/hu\/items\/online-5napos-berlet\/","title":{"rendered":"Online 5 napos b\u00e9rlet"},"content":{"rendered":"<p><strong>Online Szekci\u00f3 5 napos b\u00e9rlet<\/strong> &#8211; <strong>2024. J\u00fanius 26-30.<\/strong><\/p>\n<div class=\"flex-1 overflow-hidden\">\n<div class=\"react-scroll-to-bottom--css-yooqz-79elbk h-full dark:bg-gray-800\">\n<div class=\"react-scroll-to-bottom--css-yooqz-1n7m0yu\">\n<div class=\"flex flex-col text-sm dark:bg-gray-800\">\n<div class=\"h-32 md:h-48 flex-shrink-0\" style=\"text-align: left;\"><\/div>\n<\/div>\n<\/div>\n<\/div>\n<\/div>\n","protected":false},"excerpt":{"rendered":"<p>Online Szekci\u00f3 5 napos b\u00e9rlet &#8211; 2024. J\u00fanius 26-30.<\/p>\n","protected":false},"featured_media":2140,"comment_status":"closed","ping_status":"closed","template":"","meta":[],"product_cat":[46],"product_tag":[],"class_list":{"0":"post-2538","1":"product","2":"type-product","3":"status-publish","4":"has-post-thumbnail","6":"product_cat-online-jegy","8":"first","9":"instock","10":"taxable","11":"shipping-taxable","12":"purchasable","13":"product-type-simple"},"_links":{"self":[{"href":"https:\/\/8thsociodramaconference.com\/hu\/wp-json\/wp\/v2\/product\/2538","targetHints":{"allow":["GET"]}}],"collection":[{"href":"https:\/\/8thsociodramaconference.com\/hu\/wp-json\/wp\/v2\/product"}],"about":[{"href":"https:\/\/8thsociodramaconference.com\/hu\/wp-json\/wp\/v2\/types\/product"}],"replies":[{"embeddable":true,"href":"https:\/\/8thsociodramaconference.com\/hu\/wp-json\/wp\/v2\/comments?post=2538"}],"wp:featuredmedia":[{"embeddable":true,"href":"https:\/\/8thsociodramaconference.com\/hu\/wp-json\/wp\/v2\/media\/2140"}],"wp:attachment":[{"href":"https:\/\/8thsociodramaconference.com\/hu\/wp-json\/wp\/v2\/media?parent=2538"}],"wp:term":[{"taxonomy":"product_cat","embeddable":true,"href":"https:\/\/8thsociodramaconference.com\/hu\/wp-json\/wp\/v2\/product_cat?post=2538"},{"taxonomy":"product_tag","embeddable":true,"href":"https:\/\/8thsociodramaconference.com\/hu\/wp-json\/wp\/v2\/product_tag?post=2538"}],"curies":[{"name":"wp","href":"https:\/\/api.w.org\/{rel}","templated":true}]}}