{"id":2532,"date":"2023-10-26T17:55:34","date_gmt":"2023-10-26T15:55:34","guid":{"rendered":"https:\/\/8thsociodramaconference.com\/?post_type=product&#038;p=2532"},"modified":"2023-11-05T20:01:31","modified_gmt":"2023-11-05T19:01:31","slug":"online-napijegy-junius-26","status":"publish","type":"product","link":"https:\/\/8thsociodramaconference.com\/hu\/items\/online-napijegy-junius-26\/","title":{"rendered":"Online Napijegy J\u00fanius 26."},"content":{"rendered":"<p><strong>Online Szekci\u00f3 Napijegy<\/strong> &#8211; <strong>2024. J\u00fanius 26.<\/strong><\/p>\n<p>Amennyiben a konferencia egy\u00e9b napjainak online programj\u00e1ra is szeretne napijegyet venni, k\u00e9rj\u00fck kattintson a megfelel\u0151 k\u00e9pre.<\/p>\n<p><a href=\"https:\/\/8thsociodramaconference.com\/hu\/items\/early-bird-napijegy-junius-27\/\">\u00a0<\/a><a href=\"https:\/\/8thsociodramaconference.com\/hu\/items\/online-napijegy-junius-27\/\"><img loading=\"lazy\" decoding=\"async\" class=\"alignnone wp-image-2144 size-thumbnail\" src=\"https:\/\/8thsociodramaconference.com\/wp-content\/uploads\/webshop_ikon_magyar\/21-150x150.png\" alt=\"\" width=\"150\" height=\"150\" srcset=\"https:\/\/8thsociodramaconference.com\/wp-content\/uploads\/webshop_ikon_magyar\/21-150x150.png 150w, https:\/\/8thsociodramaconference.com\/wp-content\/uploads\/webshop_ikon_magyar\/21-300x300.png 300w, https:\/\/8thsociodramaconference.com\/wp-content\/uploads\/webshop_ikon_magyar\/21-768x768.png 768w, https:\/\/8thsociodramaconference.com\/wp-content\/uploads\/webshop_ikon_magyar\/21-100x100.png 100w, https:\/\/8thsociodramaconference.com\/wp-content\/uploads\/webshop_ikon_magyar\/21.png 800w\" sizes=\"auto, (max-width: 150px) 100vw, 150px\" \/>\u00a0<\/a> <a href=\"https:\/\/8thsociodramaconference.com\/hu\/items\/online-napijegy-junius-28\/\"><img loading=\"lazy\" decoding=\"async\" class=\"alignnone wp-image-2146 size-thumbnail\" src=\"https:\/\/8thsociodramaconference.com\/wp-content\/uploads\/webshop_ikon_magyar\/22-150x150.png\" alt=\"\" width=\"150\" height=\"150\" srcset=\"https:\/\/8thsociodramaconference.com\/wp-content\/uploads\/webshop_ikon_magyar\/22-150x150.png 150w, https:\/\/8thsociodramaconference.com\/wp-content\/uploads\/webshop_ikon_magyar\/22-300x300.png 300w, https:\/\/8thsociodramaconference.com\/wp-content\/uploads\/webshop_ikon_magyar\/22-768x768.png 768w, https:\/\/8thsociodramaconference.com\/wp-content\/uploads\/webshop_ikon_magyar\/22-100x100.png 100w, https:\/\/8thsociodramaconference.com\/wp-content\/uploads\/webshop_ikon_magyar\/22.png 800w\" sizes=\"auto, (max-width: 150px) 100vw, 150px\" \/><\/a>. <a href=\"https:\/\/8thsociodramaconference.com\/hu\/items\/online-napijegy-junius-29\/\"><img loading=\"lazy\" decoding=\"async\" class=\"alignnone wp-image-2148 size-thumbnail\" src=\"https:\/\/8thsociodramaconference.com\/wp-content\/uploads\/webshop_ikon_magyar\/23-150x150.png\" alt=\"\" width=\"150\" height=\"150\" srcset=\"https:\/\/8thsociodramaconference.com\/wp-content\/uploads\/webshop_ikon_magyar\/23-150x150.png 150w, https:\/\/8thsociodramaconference.com\/wp-content\/uploads\/webshop_ikon_magyar\/23-300x300.png 300w, https:\/\/8thsociodramaconference.com\/wp-content\/uploads\/webshop_ikon_magyar\/23-768x768.png 768w, https:\/\/8thsociodramaconference.com\/wp-content\/uploads\/webshop_ikon_magyar\/23-100x100.png 100w, https:\/\/8thsociodramaconference.com\/wp-content\/uploads\/webshop_ikon_magyar\/23.png 800w\" sizes=\"auto, (max-width: 150px) 100vw, 150px\" \/><\/a>. <a href=\"https:\/\/8thsociodramaconference.com\/hu\/items\/online-napijegy-junius-30\/\"><img loading=\"lazy\" decoding=\"async\" class=\"alignnone wp-image-2152 size-thumbnail\" src=\"https:\/\/8thsociodramaconference.com\/wp-content\/uploads\/webshop_ikon_magyar\/24-150x150.png\" alt=\"\" width=\"150\" height=\"150\" srcset=\"https:\/\/8thsociodramaconference.com\/wp-content\/uploads\/webshop_ikon_magyar\/24-150x150.png 150w, https:\/\/8thsociodramaconference.com\/wp-content\/uploads\/webshop_ikon_magyar\/24-300x300.png 300w, https:\/\/8thsociodramaconference.com\/wp-content\/uploads\/webshop_ikon_magyar\/24-768x768.png 768w, https:\/\/8thsociodramaconference.com\/wp-content\/uploads\/webshop_ikon_magyar\/24-100x100.png 100w, https:\/\/8thsociodramaconference.com\/wp-content\/uploads\/webshop_ikon_magyar\/24.png 800w\" sizes=\"auto, (max-width: 150px) 100vw, 150px\" \/><\/a><\/p>\n<div class=\"flex-1 overflow-hidden\">\n<div class=\"react-scroll-to-bottom--css-yooqz-79elbk h-full dark:bg-gray-800\">\n<div class=\"react-scroll-to-bottom--css-yooqz-1n7m0yu\">\n<div class=\"flex flex-col text-sm dark:bg-gray-800\">\n<div class=\"h-32 md:h-48 flex-shrink-0\" style=\"text-align: left;\"><\/div>\n<\/div>\n<\/div>\n<\/div>\n<\/div>\n","protected":false},"excerpt":{"rendered":"<p>Online Szekci\u00f3 Napijegy &#8211; 2024. J\u00fanius 26. Amennyiben a konferencia egy\u00e9b napjainak online programj\u00e1ra is szeretne napijegyet venni, k\u00e9rj\u00fck kattintson a megfelel\u0151 k\u00e9pre. \u00a0\u00a0 . .<\/p>\n","protected":false},"featured_media":2142,"comment_status":"closed","ping_status":"closed","template":"","meta":[],"product_cat":[46],"product_tag":[],"class_list":{"0":"post-2532","1":"product","2":"type-product","3":"status-publish","4":"has-post-thumbnail","6":"product_cat-online-jegy","8":"first","9":"instock","10":"taxable","11":"shipping-taxable","12":"purchasable","13":"product-type-simple"},"_links":{"self":[{"href":"https:\/\/8thsociodramaconference.com\/hu\/wp-json\/wp\/v2\/product\/2532","targetHints":{"allow":["GET"]}}],"collection":[{"href":"https:\/\/8thsociodramaconference.com\/hu\/wp-json\/wp\/v2\/product"}],"about":[{"href":"https:\/\/8thsociodramaconference.com\/hu\/wp-json\/wp\/v2\/types\/product"}],"replies":[{"embeddable":true,"href":"https:\/\/8thsociodramaconference.com\/hu\/wp-json\/wp\/v2\/comments?post=2532"}],"wp:featuredmedia":[{"embeddable":true,"href":"https:\/\/8thsociodramaconference.com\/hu\/wp-json\/wp\/v2\/media\/2142"}],"wp:attachment":[{"href":"https:\/\/8thsociodramaconference.com\/hu\/wp-json\/wp\/v2\/media?parent=2532"}],"wp:term":[{"taxonomy":"product_cat","embeddable":true,"href":"https:\/\/8thsociodramaconference.com\/hu\/wp-json\/wp\/v2\/product_cat?post=2532"},{"taxonomy":"product_tag","embeddable":true,"href":"https:\/\/8thsociodramaconference.com\/hu\/wp-json\/wp\/v2\/product_tag?post=2532"}],"curies":[{"name":"wp","href":"https:\/\/api.w.org\/{rel}","templated":true}]}}