{"id":2261,"date":"2023-10-17T17:53:05","date_gmt":"2023-10-17T15:53:05","guid":{"rendered":"https:\/\/8thsociodramaconference.com\/?post_type=product&#038;p=2261"},"modified":"2024-06-23T15:24:25","modified_gmt":"2024-06-23T13:24:25","slug":"napijegy-junius-30","status":"publish","type":"product","link":"https:\/\/8thsociodramaconference.com\/hu\/items\/napijegy-junius-30\/","title":{"rendered":"Napijegy J\u00fanius 30."},"content":{"rendered":"<p>Napijegy <strong>(2024. J\u00fanius 30.)<\/strong>. Ez a jegy 1 napos bel\u00e9p\u00e9sre jogos\u00edt.<\/p>\n<p>Amennyiben a konferencia egy\u00e9b napjaira is szeretne jegyet venni, k\u00e9rj\u00fck kattintson a megfelel\u0151 k\u00e9pre.<\/p>\n<p><a href=\"https:\/\/8thsociodramaconference.com\/hu\/items\/early-bird-napijegy-junius-26\/\"><img loading=\"lazy\" decoding=\"async\" class=\"alignnone wp-image-2106 size-thumbnail\" src=\"https:\/\/8thsociodramaconference.com\/wp-content\/uploads\/webshop_ikon_magyar\/2-150x150.png\" alt=\"\" width=\"150\" height=\"150\" srcset=\"https:\/\/8thsociodramaconference.com\/wp-content\/uploads\/webshop_ikon_magyar\/2-150x150.png 150w, https:\/\/8thsociodramaconference.com\/wp-content\/uploads\/webshop_ikon_magyar\/2-300x300.png 300w, https:\/\/8thsociodramaconference.com\/wp-content\/uploads\/webshop_ikon_magyar\/2-768x768.png 768w, https:\/\/8thsociodramaconference.com\/wp-content\/uploads\/webshop_ikon_magyar\/2-100x100.png 100w, https:\/\/8thsociodramaconference.com\/wp-content\/uploads\/webshop_ikon_magyar\/2.png 800w\" sizes=\"auto, (max-width: 150px) 100vw, 150px\" \/><\/a>. <a href=\"https:\/\/8thsociodramaconference.com\/hu\/items\/early-bird-napijegy-junius-27\/\"><img loading=\"lazy\" decoding=\"async\" class=\"alignnone wp-image-2108 size-thumbnail\" src=\"https:\/\/8thsociodramaconference.com\/wp-content\/uploads\/webshop_ikon_magyar\/3-150x150.png\" alt=\"\" width=\"150\" height=\"150\" srcset=\"https:\/\/8thsociodramaconference.com\/wp-content\/uploads\/webshop_ikon_magyar\/3-150x150.png 150w, https:\/\/8thsociodramaconference.com\/wp-content\/uploads\/webshop_ikon_magyar\/3-300x300.png 300w, https:\/\/8thsociodramaconference.com\/wp-content\/uploads\/webshop_ikon_magyar\/3-768x768.png 768w, https:\/\/8thsociodramaconference.com\/wp-content\/uploads\/webshop_ikon_magyar\/3-100x100.png 100w, https:\/\/8thsociodramaconference.com\/wp-content\/uploads\/webshop_ikon_magyar\/3.png 800w\" sizes=\"auto, (max-width: 150px) 100vw, 150px\" \/>\u00a0<\/a> <a href=\"https:\/\/8thsociodramaconference.com\/hu\/items\/early-bird-napijegy-junius-28\/\"><img loading=\"lazy\" decoding=\"async\" class=\"alignnone wp-image-2110 size-thumbnail\" src=\"https:\/\/8thsociodramaconference.com\/wp-content\/uploads\/webshop_ikon_magyar\/4-150x150.png\" alt=\"\" width=\"150\" height=\"150\" srcset=\"https:\/\/8thsociodramaconference.com\/wp-content\/uploads\/webshop_ikon_magyar\/4-150x150.png 150w, https:\/\/8thsociodramaconference.com\/wp-content\/uploads\/webshop_ikon_magyar\/4-300x300.png 300w, https:\/\/8thsociodramaconference.com\/wp-content\/uploads\/webshop_ikon_magyar\/4-768x768.png 768w, https:\/\/8thsociodramaconference.com\/wp-content\/uploads\/webshop_ikon_magyar\/4-100x100.png 100w, https:\/\/8thsociodramaconference.com\/wp-content\/uploads\/webshop_ikon_magyar\/4.png 800w\" sizes=\"auto, (max-width: 150px) 100vw, 150px\" \/><\/a>. <a href=\"https:\/\/8thsociodramaconference.com\/hu\/items\/early-bird-napijegy-junius-29\/\"><img loading=\"lazy\" decoding=\"async\" class=\"alignnone wp-image-2112 size-thumbnail\" src=\"https:\/\/8thsociodramaconference.com\/wp-content\/uploads\/webshop_ikon_magyar\/5-150x150.png\" alt=\"\" width=\"150\" height=\"150\" srcset=\"https:\/\/8thsociodramaconference.com\/wp-content\/uploads\/webshop_ikon_magyar\/5-150x150.png 150w, https:\/\/8thsociodramaconference.com\/wp-content\/uploads\/webshop_ikon_magyar\/5-300x300.png 300w, https:\/\/8thsociodramaconference.com\/wp-content\/uploads\/webshop_ikon_magyar\/5-768x768.png 768w, https:\/\/8thsociodramaconference.com\/wp-content\/uploads\/webshop_ikon_magyar\/5-100x100.png 100w, https:\/\/8thsociodramaconference.com\/wp-content\/uploads\/webshop_ikon_magyar\/5.png 800w\" sizes=\"auto, (max-width: 150px) 100vw, 150px\" \/><\/a><\/p>\n<p style=\"text-align: left;\"><b>SZ\u00c1LL\u00c1S<\/b><br \/>\nHa szeretne sz\u00e1ll\u00e1st foglalni, k\u00e9rj\u00fck kattintson az al\u00e1bbi k\u00e9pre<\/p>\n<p style=\"text-align: left;\"><a href=\"https:\/\/8thsociodramaconference.com\/hu\/productcategory\/szallas\/\"><img loading=\"lazy\" decoding=\"async\" class=\"alignnone wp-image-2136 size-thumbnail\" src=\"https:\/\/8thsociodramaconference.com\/wp-content\/uploads\/webshop_ikon_magyar\/17-150x150.png\" alt=\"\" width=\"150\" height=\"150\" srcset=\"https:\/\/8thsociodramaconference.com\/wp-content\/uploads\/webshop_ikon_magyar\/17-150x150.png 150w, https:\/\/8thsociodramaconference.com\/wp-content\/uploads\/webshop_ikon_magyar\/17-300x300.png 300w, https:\/\/8thsociodramaconference.com\/wp-content\/uploads\/webshop_ikon_magyar\/17-768x768.png 768w, https:\/\/8thsociodramaconference.com\/wp-content\/uploads\/webshop_ikon_magyar\/17-100x100.png 100w, https:\/\/8thsociodramaconference.com\/wp-content\/uploads\/webshop_ikon_magyar\/17.png 800w\" sizes=\"auto, (max-width: 150px) 100vw, 150px\" \/><\/a><\/p>\n<p style=\"text-align: left;\">\n<div class=\"flex-1 overflow-hidden\">\n<div class=\"react-scroll-to-bottom--css-yooqz-79elbk h-full dark:bg-gray-800\">\n<div class=\"react-scroll-to-bottom--css-yooqz-1n7m0yu\">\n<div class=\"flex flex-col text-sm dark:bg-gray-800\">\n<div class=\"h-32 md:h-48 flex-shrink-0\" style=\"text-align: left;\"><\/div>\n<\/div>\n<\/div>\n<\/div>\n<\/div>\n","protected":false},"excerpt":{"rendered":"<p>Napijegy (2024. J\u00fanius 30.). Ez a jegy 1 napos bel\u00e9p\u00e9sre jogos\u00edt. Amennyiben a konferencia egy\u00e9b napjaira is szeretne jegyet venni, k\u00e9rj\u00fck kattintson a megfelel\u0151 k\u00e9pre. . \u00a0 . SZ\u00c1LL\u00c1S Ha szeretne sz\u00e1ll\u00e1st foglalni, k\u00e9rj\u00fck kattintson az al\u00e1bbi k\u00e9pre<\/p>\n","protected":false},"featured_media":2114,"comment_status":"closed","ping_status":"closed","template":"","meta":[],"product_cat":[45],"product_tag":[],"class_list":{"0":"post-2261","1":"product","2":"type-product","3":"status-publish","4":"has-post-thumbnail","6":"product_cat-offline-jegy","8":"first","9":"instock","10":"taxable","11":"shipping-taxable","12":"purchasable","13":"product-type-variable"},"_links":{"self":[{"href":"https:\/\/8thsociodramaconference.com\/hu\/wp-json\/wp\/v2\/product\/2261","targetHints":{"allow":["GET"]}}],"collection":[{"href":"https:\/\/8thsociodramaconference.com\/hu\/wp-json\/wp\/v2\/product"}],"about":[{"href":"https:\/\/8thsociodramaconference.com\/hu\/wp-json\/wp\/v2\/types\/product"}],"replies":[{"embeddable":true,"href":"https:\/\/8thsociodramaconference.com\/hu\/wp-json\/wp\/v2\/comments?post=2261"}],"wp:featuredmedia":[{"embeddable":true,"href":"https:\/\/8thsociodramaconference.com\/hu\/wp-json\/wp\/v2\/media\/2114"}],"wp:attachment":[{"href":"https:\/\/8thsociodramaconference.com\/hu\/wp-json\/wp\/v2\/media?parent=2261"}],"wp:term":[{"taxonomy":"product_cat","embeddable":true,"href":"https:\/\/8thsociodramaconference.com\/hu\/wp-json\/wp\/v2\/product_cat?post=2261"},{"taxonomy":"product_tag","embeddable":true,"href":"https:\/\/8thsociodramaconference.com\/hu\/wp-json\/wp\/v2\/product_tag?post=2261"}],"curies":[{"name":"wp","href":"https:\/\/api.w.org\/{rel}","templated":true}]}}