{"id":7953,"date":"2024-05-25T19:47:09","date_gmt":"2024-05-25T17:47:09","guid":{"rendered":"https:\/\/8thsociodramaconference.com\/programs-playback-theatres\/"},"modified":"2024-06-12T22:09:54","modified_gmt":"2024-06-12T20:09:54","slug":"programs-playback-theatres","status":"publish","type":"page","link":"https:\/\/8thsociodramaconference.com\/hu\/programs-playback-theatres\/","title":{"rendered":"Programs Playback Theatres"},"content":{"rendered":"<section class=\"wpb-content-wrapper\">[mk_page_section][vc_column][mk_fancy_title font_family=&#8221;none&#8221;]\n<h2 style=\"text-align: center;\"><strong><span style=\"color: #800000;\">Playback\u00a0 Sz\u00ednh\u00e1zak<\/span><\/strong><\/h2>\n<hr \/>\n[\/mk_fancy_title][\/vc_column][\/mk_page_section]\n<p>&nbsp;<\/p>\n[mk_page_section][vc_column][mk_fancy_title tag_name=&#8221;h2&#8243; size=&#8221;40&#8243; line_height=&#8221;50&#8243; font_family=&#8221;Oswald&#8221; font_type=&#8221;google&#8221; margin_bottom=&#8221;0&#8243;]\n<h3 style=\"text-align: center;\"><b>SZOCIO-PLAYBACK:<br \/>\n<\/b><b>K\u00d6Z\u00d6S EML\u00c9KEINK, T\u00d6RT\u00c9NETEINK FELID\u00c9Z\u00c9SE \u00c9S MEGJELEN\u00cdT\u00c9SE A SZOCIO-PLAYBACK SZ\u00cdNPAD\u00c1N<\/b><\/h3>\n<h5 style=\"text-align: center;\"><em>(A program nyelve angol, ig\u00e9ny eset\u00e9n magyar tolm\u00e1csol\u00e1st biztos\u00edtunk)<\/em><\/h5>\n<h5 style=\"text-align: center;\"><span style=\"color: #800000;\"><strong>EL\u0150AD\u00d3K:<\/strong><b> B\u00d3ZS\u00d3 P\u00c9TER &#8211; MENYH\u00c1RT <\/b><\/span><span style=\"color: #800000;\"><b>FEL\u00cdCIA <\/b><\/span><span style=\"color: #800000;\"><b>&#8211; <\/b><\/span><span style=\"color: #800000;\"><b>RUZSA <\/b><\/span><span style=\"color: #800000;\"><b>G\u00c1BOR &#8211; STR\u00c1ZSAI JULIANNA &#8211; <\/b><\/span><span style=\"color: #800000;\"><b>SZEKERES J\u00daLIA &#8211; T\u00d3TH-D\u00c9NES JUDIT &#8211; VAJDICS ANIK\u00d3<\/b><\/span><\/h5>\n[\/mk_fancy_title][vc_row_inner][vc_column_inner width=&#8221;1\/6&#8243;][mk_image_box title=&#8221;Sociodrama and power&#8221; src=&#8221;https:\/\/8thsociodramaconference.com\/wp-content\/uploads\/2024\/02\/Different-Social-Groups-\u2013-the-Strengths-of-Communities-2.png&#8221; media_width=&#8221;421&#8243; media_height=&#8221;294&#8243; crop=&#8221;false&#8221; image_link=&#8221;url&#8221; url=&#8221;https:\/\/8thsociodramaconference.com\/topic-different-social-groups\/&#8221; target=&#8221;_blank&#8221; align=&#8221;center&#8221; rounded_corner=&#8221;true&#8221;][\/mk_image_box][\/vc_column_inner][vc_column_inner width=&#8221;2\/3&#8243;][vc_column_text responsive_align=&#8221;left&#8221;]\n<h5 style=\"text-align: left;\"><b>ID\u0150PONT<\/b><strong>: <\/strong>j\u00fanius 28. p\u00e9ntek, 21:00-22:30<br \/>\n<strong>T\u00c9MA: <\/strong>Alkot\u00f3 szociodr\u00e1ma k\u00f6z\u00f6ss\u00e9gek megteremt\u00e9se \u2013 helyi \u00e9s nemzetk\u00f6zi csoportok \u00e9s h\u00e1l\u00f3zatok<br \/>\n<strong>PROGRAM T\u00cdPUSA: <\/strong>Playback sz\u00ednh\u00e1zi workshop<br \/>\n<strong>TEREM:<\/strong><br \/>\n<strong>R\u00c9SZTVEV\u0150K SZ\u00c1MA: <\/strong>30<br \/>\n<strong>NYELV:<\/strong> A program nyelve angol, ig\u00e9ny eset\u00e9n magyar tolm\u00e1csol\u00e1st biztos\u00edtunk<br \/>\n<strong>C\u00cdMKE: <\/strong><a href=\"https:\/\/8thsociodramaconference.com\/hu\/topic-sociodrama-creative-collectives\/\" target=\"_blank\" rel=\"noopener\">Kreat\u00edv k\u00f6z\u00f6ss\u00e9gek<\/a>, <a href=\"https:\/\/8thsociodramaconference.com\/hu\/programs-playback-theatres\/\" target=\"_blank\" rel=\"noopener\">Programok j\u00fanius 28-\u00e1n este<\/a><\/h5>\n[\/vc_column_text][\/vc_column_inner][vc_column_inner width=&#8221;1\/6&#8243;][\/vc_column_inner][\/vc_row_inner][\/vc_column][\/mk_page_section][mk_page_section padding=&#8221;0&#8243;][vc_column][vc_column_text responsive_align=&#8221;left&#8221;]\n<h5 style=\"text-align: center;\"><b>ABSZTRAKT:<\/b><\/h5>\n[\/vc_column_text][vc_column_text responsive_align=&#8221;left&#8221;]\n<p align=\"left\">Az els\u0151 k\u00e9pz\u0151d\u00f6ttek k\u00f6z\u00f6tt vagyunk, akik Magyarorsz\u00e1gon a &#8222;Szociodr\u00e1ma csoportvezet\u0151 asszisztens&#8221; c\u00edmet elnyert\u00e9k.<br \/>\nEgyik \u00fatt\u00f6r\u0151 projekt\u00fcnk egy olyan k\u00eds\u00e9rlet volt, amely a szociodr\u00e1ma \u00e9s a playback sz\u00ednh\u00e1z m\u00f3dszereit \u00f6tv\u00f6zte &#8211; mindkett\u0151 Jacob Levy Moreno nev\u00e9hez k\u00f6t\u0151dik.<\/p>\n<p align=\"left\">A playback sz\u00ednh\u00e1z gy\u00f6kerei az 1921-1923 k\u00f6z\u00f6tt B\u00e9csben m\u0171k\u00f6d\u0151 Stegreiftheater-ig ny\u00falnak vissza. Ebben az innovat\u00edv sz\u00ednh\u00e1zban szem\u00e9lyes t\u00f6rt\u00e9neteket eleven\u00edtettek meg r\u00f6gt\u00f6n\u00f6zve a sz\u00ednpadon.<\/p>\n<p align=\"left\">A szociodr\u00e1ma \u00e9s a playback sz\u00ednh\u00e1z f\u00fazi\u00f3ja k\u00fcl\u00f6n\u00f6sen \u00e9rdekes lehet, ha a t\u00f6rt\u00e9neteknek az emberi l\u00e9tben bet\u00f6lt\u00f6tt m\u00e9ly szerep\u00e9re gondolunk. A t\u00f6rt\u00e9netek figyelemre m\u00e9lt\u00f3 m\u00f3don k\u00e9pesek egyes\u00edteni \u00e9s \u00f6sszek\u00f6tni benn\u00fcnket, lebontani az egy\u00e9nek \u00e9s egy\u00e9ni \u00e9lettapasztalataink k\u00f6z\u00f6tti korl\u00e1tokat, el\u0151seg\u00edteni az egy\u00e9ni, csal\u00e1di, transzgener\u00e1ci\u00f3s, ak\u00e1r \u00f6sszt\u00e1rsadalmi bel\u00e1t\u00e1st, gy\u00f3gyul\u00e1st.<\/p>\n<p align=\"left\">A t\u00f6rt\u00e9netek az egyetemes kult\u00fara \u0151si \u00e9s szerves r\u00e9sz\u00e9t k\u00e9pezik. Tov\u00e1bbad\u00e1sukkal hagyom\u00e1nyokat \u00e9s szok\u00e1sokat alak\u00edtunk ki, \u00e9rt\u00e9keket k\u00f6zvet\u00edt\u00fcnk, a j\u00f6v\u0151 nemzed\u00e9keit nevelj\u00fck, \u00e9s m\u00e9lyebb meg\u00e9rt\u00e9st nyer\u00fcnk mind \u00f6nmagunkr\u00f3l, mind a k\u00f6r\u00fcl\u00f6tt\u00fcnk l\u00e9v\u0151 vil\u00e1gr\u00f3l. A t\u00f6rt\u00e9netek t\u00fck\u00f6rk\u00e9nt szolg\u00e1lnak a kollekt\u00edv tudattalanhoz is, pszich\u00e9nknek azon r\u00e9sz\u00e9hez, amely az eg\u00e9sz emberis\u00e9g sz\u00e1m\u00e1ra k\u00f6z\u00f6s, \u00e9s amely eredend\u0151en bel\u00e9nk iv\u00f3dott.<\/p>\n<p align=\"left\">A program c\u00e9lja, hogy a szociodr\u00e1ma konferencia k\u00f6z\u00f6ss\u00e9g\u00e9nek \u00e9lm\u00e9nyeit, t\u00f6rt\u00e9neteit \u00e9s azok dinamik\u00e1j\u00e1t a szocio-playback m\u00f3dszertan szemsz\u00f6g\u00e9b\u0151l vizsg\u00e1ljuk meg. C\u00e9lunk, hogy felfedezz\u00fck k\u00f6z\u00f6s narrat\u00edv\u00e1inkat, integr\u00e1ljuk a szociodr\u00e1ma-konferenci\u00e1n szerzett k\u00f6z\u00f6s tapasztalatainkat.<\/p>\n<p align=\"left\">A program sor\u00e1n a r\u00e9sztvev\u0151k egy playback el\u0151ad\u00e1sban vesznek r\u00e9szt, ahol a hangs\u00faly egy-egy csoporton, egy kollekt\u00edv \u00e9lm\u00e9nyen, egy k\u00f6z\u00f6s t\u00f6rt\u00e9neten lesz. K\u00eds\u00e9rletet tesz\u00fcnk arra, hogy a szociodr\u00e1ma szeml\u00e9let\u00e9ben a playback sz\u00ednh\u00e1z \u00e9s a szociodr\u00e1ma fuzion\u00e1lt eszk\u00f6zeivel t\u00f6rt\u00e9neteinket k\u00f6z\u00f6sen \u00fajraj\u00e1tsszuk. B\u00edzunk benne, hogy t\u00f6bbletet adhat a r\u00e9sztvev\u0151knek az is, ha \u00e1t\u00e9lt \u00e9lm\u00e9nyeik \u00fajabb aspektusait a t\u00f6rt\u00e9net r\u00e9sztvev\u0151ivel egy\u00fctt a sz\u00ednpadon t\u00e1rjuk fel, m\u00e9ly\u00edtj\u00fck, vagy \u00e9pp befogadhat\u00f3v\u00e1 tessz\u00fck, er\u0151s\u00edtve ezzel a szocio-playback megk\u00f6zel\u00edt\u00e9s meg\u00e9rt\u00e9s\u00e9t.<\/p>\n[\/vc_column_text][mk_padding_divider size=&#8221;30&#8243;][vc_column_text responsive_align=&#8221;left&#8221;]\n<h5 style=\"text-align: center;\"><b>AZ EL\u0150AD\u00d3KR\u00d3L:<\/b><\/h5>\n[\/vc_column_text][vc_row_inner][vc_column_inner width=&#8221;1\/4&#8243;][mk_image src=&#8221;https:\/\/8thsociodramaconference.com\/wp-content\/uploads\/2024\/05\/presenters-pic-2.png&#8221; image_width=&#8221;402&#8243; image_height=&#8221;275&#8243; crop=&#8221;false&#8221; hover=&#8221;false&#8221;][\/vc_column_inner][vc_column_inner width=&#8221;3\/4&#8243;][vc_column_text responsive_align=&#8221;left&#8221;]A Hull\u00e1mhossz Playback Sz\u00ednh\u00e1zi Csoport egy dinamikus akci\u00f3csoport. 2023 tavasza \u00f3ta projektalapon m\u0171k\u00f6d\u00fcnk egy\u00fctt, \u00e9s az\u00f3ta sz\u00e1mos workshopot \u00e9s k\u00f6z\u00f6ss\u00e9gi sz\u00ednh\u00e1zi el\u0151ad\u00e1st tartottunk.<br \/>\nEgy \u00faj m\u0171fajjal k\u00eds\u00e9rletez\u00fcnk, amely a t\u00f6rt\u00e9netvisszaj\u00e1tsz\u00f3 playback sz\u00ednh\u00e1z egyik v\u00e1ltozata: a szocio-playback. Ez a m\u0171faj annyiban k\u00fcl\u00f6nb\u00f6zik a hagyom\u00e1nyos playback sz\u00ednh\u00e1zt\u00f3l, hogy k\u00f6z\u00f6ss\u00e9gfejleszt\u0151 c\u00e9lokat is szolg\u00e1l, a t\u00e1rsadalmi jelens\u00e9geket vizsg\u00e1lja, \u00e9s a t\u00e1rsadalom dinamiz\u00e1l\u00e1s\u00e1t is el\u0151t\u00e9rbe helyezi, mik\u00f6zben megtartja a playback sz\u00ednh\u00e1z gy\u00f6kereit.<\/p>\n<p>A csapat tagjai:<\/p>\n<p>B\u00f3zs\u00f3 P\u00e9ter: sz\u00edn\u00e9sz, zen\u00e9sz<br \/>\nMenyh\u00e1rt Fel\u00edcia:\u00a0szociodramatista, zen\u00e9sz<br \/>\nRuzsa G\u00e1bor: j\u00e1t\u00e9kmester<br \/>\nStr\u00e1zsai Julianna: sz\u00edn\u00e9sz, zen\u00e9sz<br \/>\nSzekeres Julia: sz\u00edn\u00e9sz<br \/>\nT\u00f3th-D\u00e9nes Judit<br \/>\nVajdics Anik\u00f3: sz\u00edn\u00e9sz[\/vc_column_text][\/vc_column_inner][\/vc_row_inner][\/vc_column][\/mk_page_section]\n<hr \/>\n<p>&nbsp;<\/p>\n[mk_page_section][vc_column][mk_fancy_title tag_name=&#8221;h2&#8243; size=&#8221;40&#8243; line_height=&#8221;50&#8243; font_family=&#8221;Oswald&#8221; font_type=&#8221;google&#8221; margin_bottom=&#8221;0&#8243;]\n<h3 style=\"text-align: center;\"><b>PLAYBACK SZ\u00cdNH\u00c1Z &#8211; K\u00c9PZ\u0150M\u0170V\u00c9SZET &#8211; \u00d6KOPSZICHOL\u00d3GIA<\/b><\/h3>\n<h5 style=\"text-align: center;\"><em>(A program nyelve angol, ig\u00e9ny eset\u00e9n magyar tolm\u00e1csol\u00e1st biztos\u00edtunk)<\/em><\/h5>\n<h5 style=\"text-align: center;\"><b><\/b><span style=\"color: #800000;\"><strong>EL\u0150AD\u00d3K\/FELL\u00c9P\u0150K: \u00d6KOPSZICHOL\u00d3GIAI PLAYBACK T\u00c1RSULAT (MO) &amp; SEPSI PLAYBACK SZ\u00cdNH\u00c1Z T\u00c1RSULAT (RO) &amp; BAR\u00c1TAIK<br \/>\n<\/strong><\/span><\/h5>\n<h3 style=\"text-align: center;\"><b>\u00a0<\/b><\/h3>\n<h5 style=\"text-align: center;\"><\/h5>\n[\/mk_fancy_title][vc_row_inner][vc_column_inner width=&#8221;1\/6&#8243;][mk_image_box title=&#8221;Sociodrama and power&#8221; src=&#8221;https:\/\/8thsociodramaconference.com\/wp-content\/uploads\/2024\/02\/Ecology-2.png&#8221; media_width=&#8221;421&#8243; media_height=&#8221;294&#8243; crop=&#8221;false&#8221; image_link=&#8221;url&#8221; url=&#8221;https:\/\/8thsociodramaconference.com\/topic-sociodrama-ecology\/&#8221; target=&#8221;_blank&#8221; align=&#8221;center&#8221; rounded_corner=&#8221;true&#8221;][\/mk_image_box][\/vc_column_inner][vc_column_inner width=&#8221;2\/3&#8243;][vc_column_text responsive_align=&#8221;left&#8221;]\n<h5 style=\"text-align: left;\"><b>ID\u0150PONT<\/b><strong>: <\/strong>j\u00fanius 28. p\u00e9ntek, 21:00-22:30<br \/>\n<strong>T\u00c9MA: <\/strong>Szociodr\u00e1ma \u00e9s \u00f6kol\u00f3gia \u2013 k\u00f6rnyezeti k\u00e9rd\u00e9sek, kapcsol\u00f3d\u00e1sok az \u00e9l\u0151vil\u00e1gban, az ember \u00e9s a term\u00e9szeti k\u00f6rnyezet viszonya<br \/>\n<strong>PROGRAM T\u00cdPUSA: <\/strong>Playback sz\u00ednh\u00e1zi el\u0151ad\u00e1s<br \/>\n<strong>TEREM:<\/strong><br \/>\n<strong>R\u00c9SZTVEV\u0150K SZ\u00c1MA: <\/strong>100<br \/>\n<strong>NYELV:<\/strong> A program nyelve angol, ig\u00e9ny eset\u00e9n magyar tolm\u00e1csol\u00e1st biztos\u00edtunk<br \/>\n<strong>C\u00cdMKE: <\/strong><a href=\"https:\/\/8thsociodramaconference.com\/hu\/topic-sociodrama-ecology\/\" target=\"_blank\" rel=\"noopener\">Szociodr\u00e1ma \u00e9s \u00f6kol\u00f3gia,<\/a> <a href=\"https:\/\/8thsociodramaconference.com\/hu\/programs-playback-theatres\/\" target=\"_blank\" rel=\"noopener\">Programok j\u00fanius 28-\u00e1n este<\/a><\/h5>\n[\/vc_column_text][\/vc_column_inner][vc_column_inner width=&#8221;1\/6&#8243;][\/vc_column_inner][\/vc_row_inner][\/vc_column][\/mk_page_section][mk_page_section padding=&#8221;0&#8243;][vc_column][vc_column_text responsive_align=&#8221;left&#8221;]\n<h5 style=\"text-align: center;\"><b>ABSZTRAKT:<\/b><\/h5>\n[\/vc_column_text][vc_column_text responsive_align=&#8221;left&#8221;]A playback sz\u00ednh\u00e1z a vil\u00e1g egyik legfontosabb k\u00f6z\u00f6ss\u00e9gi kort\u00e1rs sz\u00ednh\u00e1za. Interakci\u00f3ra \u00e9s improviz\u00e1ci\u00f3ra \u00e9p\u00fcl\u0151 t\u00f6rt\u00e9netmes\u00e9l\u0151 sz\u00ednh\u00e1zi m\u0171faj, mely a k\u00f6z\u00f6ss\u00e9g b\u00f6lcsess\u00e9g\u00e9t, erej\u00e9t, a sz\u00ednh\u00e1z m\u0171v\u00e9szet\u00e9t \u00e9s a pszichodr\u00e1ma alapgondolat\u00e1t egyar\u00e1nt m\u0171k\u00f6dteti. 1975-ben, New York \u00e1llamban sz\u00fcletett meg az els\u0151 t\u00e1rsulat Jonathan Fox, Jo Salas, Judy Swallow \u00e9s sokan m\u00e1sok k\u00f6zrem\u0171k\u00f6d\u00e9s\u00e9ben. T\u00f6bb mint 45 \u00e9ve \u00e9s 75 orsz\u00e1gban m\u0171k\u00f6dnek playback-sz\u00ednh\u00e1zi t\u00e1rsulatok ma m\u00e1r szerte a vil\u00e1gon. A <a href=\"https:\/\/playbackcentre.org\/\" target=\"_blank\" rel=\"noopener\"><span style=\"color: #1155cc;\"><u>Centre for Playback Theatre<\/u><\/span><\/a>-rel 11 playback sz\u00ednh\u00e1zi iskola alkot nemzetk\u00f6zi iskola h\u00e1l\u00f3zatot, melynek tagja a <a href=\"https:\/\/www.facebook.com\/playbackszinhaziiskola\" target=\"_blank\" rel=\"noopener\"><span style=\"color: #1155cc;\"><u>Magyar Playback Sz\u00ednh\u00e1zi Iskola<\/u><\/span><\/a> is.<\/p>\n<p>A playback sz\u00ednh\u00e1zban a k\u00f6z\u00f6ns\u00e9g tagjai szem\u00e9lyes \u00e9lm\u00e9nyeiket mes\u00e9lik el, s a t\u00e1rsulat tagjai azokat ott helyben visszaj\u00e1tsz\u00e1k. Ez szem\u00e9lyes \u00e9s egyben k\u00f6z\u00f6ss\u00e9gi, t\u00e1rsadalmi v\u00e1ltoz\u00e1st, transzform\u00e1ci\u00f3t is seg\u00edt. Minden t\u00f6rt\u00e9netnek helye van, mindennapi pillanatoknak \u00e9s \u00e9let\u00fcnk fordul\u00f3pontjainak, el-nem-mondott \u00e9s meg-nem-hallgatott t\u00f6rt\u00e9neteknek is. Minden egyes t\u00f6rt\u00e9net egyedi \u00e9s mindegyikben benne van a k\u00f6z\u00f6s emberi. K\u00f6zelebb hoz egym\u00e1shoz minket, ahogy megl\u00e1tjuk \u00e9s meg\u00e9lj\u00fck a m\u00e1sik \u00e9lm\u00e9ny\u00e9ben a saj\u00e1tunkat is.<\/p>\n<p>Ez az improviz\u00e1ci\u00f3s sz\u00ednh\u00e1zi m\u0171faj egyben egy hat\u00e1sos kommunik\u00e1ci\u00f3s m\u00f3dszer is szinte b\u00e1rmely emberi k\u00f6z\u00f6ss\u00e9get tekintve. Nem csak sz\u00ednh\u00e1zk\u00e9nt gyakoroljuk, hanem alkalmazott m\u00f3dszerk\u00e9nt is haszn\u00e1ljuk sz\u00e1mos kontextusban: oktat\u00e1s, eg\u00e9szs\u00e9g\u00fcgy, szoci\u00e1lis int\u00e9zm\u00e9nyek, civil szervezetek, egyh\u00e1zi szervezetek, c\u00e9gek, mag\u00e1n \u00e9s k\u00f6zszf\u00e9ra..stb.<\/p>\n<p>Egy szem\u00e9lyes t\u00f6rt\u00e9net, melyet el\u0151tt\u00fcnk mes\u00e9lnek el \u00e9s ott azonnal visszaj\u00e1tsz\u00e1k tisztelve a mes\u00e9l\u0151t, az \u0151 meg\u00e9l\u00e9s\u00e9t \u00e9s \u00f6sszehangol\u00f3dva az adott k\u00f6z\u00f6ss\u00e9ggel, intim \u00e9s m\u00e9ly m\u00f3don val\u00f3 kapcsol\u00f3d\u00e1st tesz lehet\u0151v\u00e9, megteremtve az ehhez sz\u00fcks\u00e9ges l\u00e9gk\u00f6rt is.<\/p>\n<p>A playback sz\u00ednh\u00e1z tulajdonk\u00e9ppen az or\u00e1lis hagyom\u00e1ny \u00fcnnepeinek modern \u00fajj\u00e1sz\u00fclet\u00e9se. Ehhez hasonl\u00f3 esem\u00e9nyek sz\u00f3rakoztatt\u00e1k egy falu vagy egy t\u00f6rzs k\u00f6z\u00f6ss\u00e9g\u00e9t, de a c\u00e9l mindig valami t\u00f6bb volt &#8211; p\u00e9ld\u00e1ul, hogy betegs\u00e9gb\u0151l meggy\u00f3gy\u00edtsanak, t\u00e1rsas, k\u00f6z\u00f6ss\u00e9gi probl\u00e9m\u00e1t oldjanak meg, vagy hogy eml\u00e9keztesse az alkot\u00f3kat valamif\u00e9le \u0151si b\u00f6lcsess\u00e9gre.<\/p>\n<p>Az \u00f6kopszichol\u00f3giai szeml\u00e9lettel m\u0171k\u00f6d\u0151 playback sz\u00ednh\u00e1zzal c\u00e9lunk, hogy a playback sz\u00ednh\u00e1z eszk\u00f6zeivel reag\u00e1ljunk az \u00f6kol\u00f3giai kih\u00edv\u00e1sokra, a term\u00e9szet pusztul\u00e1s\u00e1ra, valamint az ember \u00e9s term\u00e9szet k\u00f6z\u00f6tti elidegened\u00e9sre. Az interakt\u00edv el\u0151ad\u00e1s sor\u00e1n a r\u00e9sztvev\u0151k saj\u00e1t \u00e9rz\u00e9seiket, hangulataikat, t\u00f6rt\u00e9neteiket, oszthatj\u00e1k meg, amelyeket ott helyben dolgozunk fel \u00e9s jelen\u00edt\u00fcnk meg, valamint az azokra reag\u00e1l\u00f3 k\u00e9pz\u0151m\u0171v\u00e9szet alkot\u00e1sok is ki\u00e1ll\u00edt\u00e1sra ker\u00fclnek. Ez\u00e1ltal el\u0151seg\u00edtj\u00fck a k\u00f6z\u00f6ss\u00e9gi p\u00e1rbesz\u00e9det, a kapcsol\u00f3d\u00e1st \u00e9s \u00fajrakapcsol\u00f3d\u00e1st magunkhoz, egym\u00e1shoz \u00e9s a term\u00e9szethez. \u00cdgy gy\u00f3gy\u00edtva az elidegened\u00e9s okozta v\u00e1ls\u00e1got, mint az <a href=\"https:\/\/www.facebook.com\/okopszichologia.hu\" target=\"_blank\" rel=\"noopener\"><span style=\"color: #1155cc;\"><u>\u00d6kopszichol\u00f3giai Egyes\u00fclet<\/u><\/span><\/a> valamennyi szakmai programja.<\/p>\n<p>A konferenci\u00e1n a k\u00e9t t\u00e1rsulat \u00e9s nemzetk\u00f6zi playback sz\u00ednh\u00e1zi koll\u00e9g\u00e1ik el\u0151ad\u00e1sa lehet\u0151s\u00e9get biztos\u00edt a r\u00e9sztvev\u0151knek, hogy k\u00f6zvetlen\u00fcl tapasztalj\u00e1k meg a playback sz\u00ednh\u00e1z, \u00e9s az ahhoz t\u00e1rs\u00edtott, k\u00e9pz\u0151m\u0171v\u00e9szeti form\u00e1k erej\u00e9t a t\u00e1rsadalmi \u00e9s \u00f6kol\u00f3giai t\u00e9m\u00e1k feldolgoz\u00e1s\u00e1ban, k\u00fcl\u00f6n\u00f6sen a konferenci\u00e1n frissen szerzett \u00e9lm\u00e9nyeik t\u00fckr\u00e9ben.[\/vc_column_text][mk_padding_divider size=&#8221;30&#8243;][vc_column_text responsive_align=&#8221;left&#8221;]\n<h5 style=\"text-align: center;\"><b>AZ EL\u0150AD\u00d3KR\u00d3L:<\/b><\/h5>\n[\/vc_column_text][vc_row_inner][vc_column_inner width=&#8221;1\/4&#8243;][mk_image src=&#8221;https:\/\/8thsociodramaconference.com\/wp-content\/uploads\/2024\/05\/Panta-Rhei.png&#8221; image_width=&#8221;402&#8243; image_height=&#8221;275&#8243; crop=&#8221;false&#8221; hover=&#8221;false&#8221;][\/vc_column_inner][vc_column_inner width=&#8221;3\/4&#8243;][vc_column_text responsive_align=&#8221;left&#8221;]<span style=\"font-weight: 400;\">Sepsi Playback Sz\u00ednh\u00e1z T\u00e1rsulat<br \/>\n<\/span><span style=\"font-weight: 400;\">A Sepsi Playback Sz\u00ednh\u00e1z T\u00e1rsulat, amely 2017-ben alakult Rom\u00e1ni\u00e1ban. 2o22 &#8211; 2o24 id\u0151szakban akt\u00edvan r\u00e9szt vett az &#8216;Interj\u00fa a F\u00f6lddel&#8217; c\u00edm\u0171 Erasmus+ projektben, amelynek keret\u00e9ben a t\u00e1rsulat tagjai k\u00fcl\u00f6nleges k\u00e9pz\u00e9st kaptak a jelenlegi \u00f6kol\u00f3giai kih\u00edv\u00e1sokkal kapcsolatos \u00e9rz\u00e9sek, \u00e9lm\u00e9nyek, hangulatok \u00e9s t\u00f6rt\u00e9netek sz\u00ednpadi megjelen\u00edt\u00e9s\u00e9re, a playback sz\u00ednh\u00e1z technik\u00e1it alkalmazva.<\/span>[\/vc_column_text][\/vc_column_inner][\/vc_row_inner][vc_row_inner][vc_column_inner width=&#8221;1\/4&#8243;][mk_image src=&#8221;https:\/\/8thsociodramaconference.com\/wp-content\/uploads\/2024\/05\/Okopszi.png&#8221; image_width=&#8221;402&#8243; image_height=&#8221;275&#8243; crop=&#8221;false&#8221; hover=&#8221;false&#8221;][\/vc_column_inner][vc_column_inner width=&#8221;3\/4&#8243;][vc_column_text responsive_align=&#8221;left&#8221;]<span style=\"font-weight: 400;\">\u00d6kopszi Playback T\u00e1rsulat<\/span><span style=\"font-weight: 400;\"><br \/>\n<\/span><span style=\"font-weight: 400;\">Az \u00d6kopszi Playback T\u00e1rsulat 2014-t\u0151l az \u00d6kopszichol\u00f3giai Int\u00e9zet kezdem\u00e9nyez\u00e9s\u00e9re j\u00f6tt l\u00e9tre k\u00fcl\u00f6nb\u00f6z\u0151 projektek alkalm\u00e1val mint t\u00e1rsulatk\u00f6zi t\u00e1rsulat. Majd 2020-t\u00f3l mint k\u00fcl\u00f6n\u00e1ll\u00f3 t\u00e1rsulat kezdett el rendszeresen pr\u00f3b\u00e1lni \u00e9s fell\u00e9pni az \u00d6kopszihol\u00f3giai Egyes\u00fclet keretei k\u00f6z\u00f6tt. Szint\u00e9n r\u00e9szt vett az &#8216;Interj\u00fa a F\u00f6lddel&#8217; c\u00edm\u0171 Erasmus+ projektben. A t\u00e1rsulat \u00f6kopszichol\u00f3giai \u00e9s \u00f6sszm\u0171v\u00e9szeti megk\u00f6zel\u00edt\u00e9ssel alkalmazza a playback sz\u00ednh\u00e1z m\u0171faj\u00e1t. Azt keress\u00fck, hogy a megosztott \u00e9rz\u00e9sek, \u00e9lm\u00e9nyek, t\u00f6rt\u00e9netek az emberen k\u00edv\u00fcli vil\u00e1ggal kapcsolatos meg\u00e9l\u00e9seink hogyan kapcsol\u00f3dnak \u00f6ssze. Olyan \u00e9lm\u00e9nyek \u00e9s t\u00f6rt\u00e9netek feldolgoz\u00e1s\u00e1s\u00e1val foglalkozunk, amelyek a k\u00fcls\u0151-bels\u0151 term\u00e9szettel kapcsolatban meg\u00e9lt f\u00e1jdalomr\u00f3l, gy\u00e1szr\u00f3l, f\u00e9lelemr\u0151l \u2013 vagy \u00e9ppen \u00f6r\u00f6mr\u0151l, egys\u00e9g-\u00e9lm\u00e9nyr\u0151l sz\u00f3lnak. Az \u00e9rz\u00e9sek palett\u00e1ja term\u00e9szetesen v\u00e9gtelen\u2026<\/span>[\/vc_column_text][\/vc_column_inner][\/vc_row_inner][\/vc_column][\/mk_page_section]\n<p>&nbsp;<\/p>\n<p>&nbsp;<\/p>\n<\/section>","protected":false},"excerpt":{"rendered":"<p>[mk_page_section][vc_column][mk_fancy_title font_family=&#8221;none&#8221;] Playback\u00a0 Sz\u00ednh\u00e1zak [\/mk_fancy_title][\/vc_column][\/mk_page_section] &nbsp; [mk_page_section][vc_column][mk_fancy_title tag_name=&#8221;h2&#8243; size=&#8221;40&#8243; line_height=&#8221;50&#8243; font_family=&#8221;Oswald&#8221; font_type=&#8221;google&#8221; margin_bottom=&#8221;0&#8243;] SZOCIO-PLAYBACK: K\u00d6Z\u00d6S EML\u00c9KEINK, T\u00d6RT\u00c9NETEINK FELID\u00c9Z\u00c9SE \u00c9S MEGJELEN\u00cdT\u00c9SE A SZOCIO-PLAYBACK SZ\u00cdNPAD\u00c1N (A program nyelve angol, ig\u00e9ny eset\u00e9n magyar tolm\u00e1csol\u00e1st biztos\u00edtunk) EL\u0150AD\u00d3K: B\u00d3ZS\u00d3 P\u00c9TER &#8211; MENYH\u00c1RT FEL\u00cdCIA &#8211; RUZSA G\u00c1BOR &#8211; STR\u00c1ZSAI JULIANNA &#8211; SZEKERES J\u00daLIA &#8211; T\u00d3TH-D\u00c9NES JUDIT &#8211; VAJDICS ANIK\u00d3 [\/mk_fancy_title][vc_row_inner][vc_column_inner width=&#8221;1\/6&#8243;][mk_image_box [&hellip;]<\/p>\n","protected":false},"author":1,"featured_media":0,"parent":0,"menu_order":0,"comment_status":"closed","ping_status":"closed","template":"","meta":{"footnotes":""},"class_list":["post-7953","page","type-page","status-publish","hentry"],"_links":{"self":[{"href":"https:\/\/8thsociodramaconference.com\/hu\/wp-json\/wp\/v2\/pages\/7953","targetHints":{"allow":["GET"]}}],"collection":[{"href":"https:\/\/8thsociodramaconference.com\/hu\/wp-json\/wp\/v2\/pages"}],"about":[{"href":"https:\/\/8thsociodramaconference.com\/hu\/wp-json\/wp\/v2\/types\/page"}],"author":[{"embeddable":true,"href":"https:\/\/8thsociodramaconference.com\/hu\/wp-json\/wp\/v2\/users\/1"}],"replies":[{"embeddable":true,"href":"https:\/\/8thsociodramaconference.com\/hu\/wp-json\/wp\/v2\/comments?post=7953"}],"version-history":[{"count":4,"href":"https:\/\/8thsociodramaconference.com\/hu\/wp-json\/wp\/v2\/pages\/7953\/revisions"}],"predecessor-version":[{"id":8306,"href":"https:\/\/8thsociodramaconference.com\/hu\/wp-json\/wp\/v2\/pages\/7953\/revisions\/8306"}],"wp:attachment":[{"href":"https:\/\/8thsociodramaconference.com\/hu\/wp-json\/wp\/v2\/media?parent=7953"}],"curies":[{"name":"wp","href":"https:\/\/api.w.org\/{rel}","templated":true}]}}