{"id":7332,"date":"2024-03-05T05:56:02","date_gmt":"2024-03-05T04:56:02","guid":{"rendered":"https:\/\/8thsociodramaconference.com\/presenters\/"},"modified":"2024-05-29T21:33:09","modified_gmt":"2024-05-29T19:33:09","slug":"presenters","status":"publish","type":"page","link":"https:\/\/8thsociodramaconference.com\/hu\/presenters\/","title":{"rendered":"Presenters"},"content":{"rendered":"<section class=\"wpb-content-wrapper\">[mk_page_section][vc_column][mk_fancy_title tag_name=&#8221;h2&#8243; size=&#8221;40&#8243; line_height=&#8221;50&#8243; font_family=&#8221;Oswald&#8221; font_type=&#8221;google&#8221; margin_bottom=&#8221;0&#8243;]\n<h3 style=\"text-align: center;\"><strong style=\"font-size: 18.72px;\">PRESENTERS OF THE<br \/>\n8TH INTERNATIONAL SOCIODRAMA CONFERENCE<\/strong><\/h3>\n[\/mk_fancy_title][\/vc_column][\/mk_page_section][vc_row][vc_column width=&#8221;1\/6&#8243;][mk_custom_box][\/mk_custom_box][\/vc_column][vc_column width=&#8221;2\/3&#8243;][vc_column_text]\n<p style=\"text-align: center;\"><a href=\"https:\/\/8thsociodramaconference.com\/hu\/program-deniz-altinay\/\" target=\"_blank\" rel=\"noopener\">Altinay, Deniz<\/a> (Turkey)<br \/>\n<a href=\"https:\/\/8thsociodramaconference.com\/hu\/program-pablo-alvarez-valcarce-peter-klausz\/\" target=\"_blank\" rel=\"noopener\">Alvarez Valcarce, Pablo<\/a> (Spain)<br \/>\nBalla Edit (Hungary)<br \/>\nBaratka, Colleen (USA)<br \/>\n<a href=\"https:\/\/8thsociodramaconference.com\/hu\/program-sheila-dallas-katzman-whitney-bell\/\" target=\"_blank\" rel=\"noopener\">Bell, Whitney<\/a> (USA)<br \/>\n<a href=\"https:\/\/8thsociodramaconference.com\/margarida-belchior\/\" target=\"_blank\" rel=\"noopener\">Belchior, Margarida<\/a> (Portugal)<br \/>\n<a href=\"https:\/\/8thsociodramaconference.com\/hu\/program-dayse-bispo-silva\/\" target=\"_blank\" rel=\"noopener\">Bispo Silva, Dayse<\/a> (Brasil)<br \/>\nBlask\u00f3 \u00c1gnes (Hungary)<br \/>\n<a href=\"https:\/\/8thsociodramaconference.com\/hu\/program-flavia-bocchino-mariolina-werner-guarino\/\" target=\"_blank\" rel=\"noopener\">Bocchino, Flavia<\/a> (Italy)<br \/>\n<a href=\"https:\/\/8thsociodramaconference.com\/hu\/program-scope-members-2\/\" target=\"_blank\" rel=\"noopener\">Bogsch\u00fctz Zolt\u00e1n<\/a> (Hungary)<br \/>\n<a href=\"https:\/\/8thsociodramaconference.com\/program-hullamhossz-playback\/\" target=\"_blank\" rel=\"noopener\">B\u00f3zs\u00f3 P\u00e9ter<\/a> (Hungary)<br \/>\n<a href=\"https:\/\/8thsociodramaconference.com\/hu\/program-inna-braneva\/\" target=\"_blank\" rel=\"noopener\">Braneva, Inna<\/a> (Bulgaria)<br \/>\n<a href=\"https:\/\/8thsociodramaconference.com\/hu\/program-m-turabi-yerli-reyhan-cakmak-ozlem-karabulut\/\" target=\"_blank\" rel=\"noopener\">\u00c7akmak, Reyhan<\/a> (Turkey)<br \/>\n<a href=\"https:\/\/8thsociodramaconference.com\/hu\/program-davide-favero-stefano-candellieri\/\" target=\"_blank\" rel=\"noopener\">Candellier, Stefano<\/a> (Italy)<br \/>\n<a href=\"https:\/\/8thsociodramaconference.com\/hu\/program-philia-issari-georgios-chaniotis-katerina-lioliou\/\" target=\"_blank\" rel=\"noopener\">Chaniotis, Georgios<\/a> (Greece)<br \/>\n<a href=\"https:\/\/8thsociodramaconference.com\/hu\/program-chantal-neve-hanquet-agathe-crespel\/\" target=\"_blank\" rel=\"noopener\">Crespel, Agathe<\/a> (Belgium)<br \/>\nCsuvik G\u00e1bor (Hungary)<br \/>\n<a href=\"https:\/\/8thsociodramaconference.com\/hu\/program-sheila-dallas-katzman-whitney-bell\/\" target=\"_blank\" rel=\"noopener\">Dallas-Katzman, Sheila<\/a> (USA)<br \/>\nDamjanov, Jana (Serbia)<br \/>\nDatt, Rashmi (India)<br \/>\n<a href=\"https:\/\/8thsociodramaconference.com\/hu\/program-agnes-blasko-jana-damjanov-lucy-davies-zsofia-kollanyi-orsolya-lelkes-sarah-jane-lennie-eszter-neumann-leyla-safta-zecheria\/\" target=\"_blank\" rel=\"noopener\">Davies, Lucy<\/a> (UK)<br \/>\nDon\u00e1th Attila (Hungary)<br \/>\n<a href=\"https:\/\/8thsociodramaconference.com\/hu\/program-critical-psychodrama-methodology-group\/\" target=\"_blank\" rel=\"noopener\">Dr. Borsfay Krisztina<\/a> (Hungary)<br \/>\n<a href=\"https:\/\/8thsociodramaconference.com\/hu\/program-dr-smaroula-pandelis\/\" target=\"_blank\" rel=\"noopener\">Dr. Pandelis, Smaroula<\/a> (Greece)<br \/>\nDr. Raimundo, Carlos A. (Australia)<br \/>\n<a href=\"https:\/\/8thsociodramaconference.com\/program-monica-zuretti-debora-moghilevsky-depenna-fernan-rodriguez-cetran\/\" target=\"_blank\" rel=\"noopener\">Cetr\u00e1n, Fern\u00e1n Rodr\u00edguez<\/a> (Argentina)<br \/>\nDr. Wiener, Ron (UK)<br \/>\n<a href=\"https:\/\/8thsociodramaconference.com\/hu\/program-mirjana-stankovic-bojana-glusac-draslar-daniela-simmons\/\" target=\"_blank\" rel=\"noopener\">Draslar, Bojana Glusac<\/a> (Serbia)<br \/>\nDurst M\u00f3ni (Hungary)<br \/>\n<a href=\"https:\/\/8thsociodramaconference.com\/hu\/program-davide-favero-stefano-candellieri\/\" target=\"_blank\" rel=\"noopener\">Favero, Davide<\/a> (Italy)<br \/>\nFazekas Enik\u0151 (Hungary)<br \/>\n<a href=\"https:\/\/8thsociodramaconference.com\/hu\/program-pen-fitzgerald\/\" target=\"_blank\" rel=\"noopener\">Fitzgerald, Pen<\/a> (Ireland)<br \/>\nGalg\u00f3czi Krisztina (Hungary)<br \/>\nGarrison, Betty (USA)<br \/>\n<a href=\"https:\/\/8thsociodramaconference.com\/hu\/program-peter-girgas-andrea-kocsi\/\" target=\"_blank\" rel=\"noopener\">Girg\u00e1s P\u00e9ter<\/a> (Hungary)<br \/>\nGoda Gyula (Hungary)<br \/>\n<a href=\"https:\/\/8thsociodramaconference.com\/hu\/program-marco-greco\/\" target=\"_blank\" rel=\"noopener\">Greco, Marco<\/a> (Italy)<br \/>\n<a href=\"https:\/\/8thsociodramaconference.com\/hu\/program-sergio-guimaraes\/\" target=\"_blank\" rel=\"noopener\">Guimar\u00e3es, S\u00e9rgio<\/a> (Brasil)<br \/>\n<a href=\"https:\/\/8thsociodramaconference.com\/hu\/program-chantal-neve-hanquet-agathe-crespel\/\" target=\"_blank\" rel=\"noopener\">Hanquet, Chantal N\u00e8ve<\/a> (Belgium)<br \/>\nHarty\u00e1ndi M\u00e1ty\u00e1s (Hungary)<br \/>\nHegyes Katalin (Hungary)<br \/>\n<a href=\"https:\/\/8thsociodramaconference.com\/hu\/program-per-henriksson\/\" target=\"_blank\" rel=\"noopener\">Henriksson, Per<\/a> (Sweden)<br \/>\n<a href=\"https:\/\/8thsociodramaconference.com\/hu\/program-jacomien-ilbrink-valerie-monti-holland\/\" target=\"_blank\" rel=\"noopener\">Ilbrink, Jacomien<\/a> (Netherlands)<br \/>\n\u0130lter, Pembeg\u00fcl (Turkey)<br \/>\n<a href=\"https:\/\/8thsociodramaconference.com\/hu\/program-philia-issari-georgios-chaniotis-katerina-lioliou\/\" target=\"_blank\" rel=\"noopener\">Issari, Philia<\/a> (Greece)<br \/>\nJelden, Joerg (Germany)<br \/>\nJurdell, Kerstin (Sweden)<br \/>\nKajt\u00e1r G\u00e1bor (Hungary)<br \/>\n<a href=\"https:\/\/8thsociodramaconference.com\/hu\/program-attila-donath-andrea-kaloczkai\/\" target=\"_blank\" rel=\"noopener\">Kal\u00f3czkai Andrea<\/a> (Hungary)<br \/>\n<a href=\"https:\/\/8thsociodramaconference.com\/hu\/program-m-turabi-yerli-reyhan-cakmak-ozlem-karabulut\/\" target=\"_blank\" rel=\"noopener\">Karabulut, Ozlem<\/a> (Turkey)<br \/>\n<a href=\"https:\/\/8thsociodramaconference.com\/hu\/program-olena-kuchynska-angelina-karimova\/\" target=\"_blank\" rel=\"noopener\">Karimova, Angelina<\/a> (Ukraine)<br \/>\nKellermann Pereira, L\u00e9a (Portugal\/Brasil)<br \/>\n<a href=\"https:\/\/8thsociodramaconference.com\/hu\/program-pablo-alvarez-valcarce-peter-klausz\/\" target=\"_blank\" rel=\"noopener\">Klausz P\u00e9ter<\/a> (Hungary)<br \/>\nKocsi Andrea (Hungary)<br \/>\n<a href=\"https:\/\/8thsociodramaconference.com\/hu\/program-agnes-blasko-jana-damjanov-lucy-davies-zsofia-kollanyi-orsolya-lelkes-sarah-jane-lennie-eszter-neumann-leyla-safta-zecheria\/\" target=\"_blank\" rel=\"noopener\">Koll\u00e1nyi Zs\u00f3fia<\/a> (Hungary)<br \/>\n<a href=\"https:\/\/8thsociodramaconference.com\/hu\/program-dorchess-de-koning\/\" target=\"_blank\" rel=\"noopener\">Koning, Dorchess de<\/a> (Netherlands)<br \/>\n<a href=\"https:\/\/8thsociodramaconference.com\/hu\/program-mali-raz-ayala-krizel\/\" target=\"_blank\" rel=\"noopener\">Krizel, Ayala<\/a> (Israel)<br \/>\nKuchynska, Olena (Ukraine)<br \/>\n<a href=\"https:\/\/8thsociodramaconference.com\/hu\/program-luigi-lafasciano\/\" target=\"_blank\" rel=\"noopener\">Lafasciano, Luigi<\/a> (Italy)<br \/>\n<a href=\"https:\/\/8thsociodramaconference.com\/hu\/program-stylianos-lagarakis\/\" target=\"_blank\" rel=\"noopener\">Lagarakis, Stylianos N.<\/a> (Greece)<br \/>\n<a href=\"https:\/\/8thsociodramaconference.com\/hu\/program-scope-members-2\/\" target=\"_blank\" rel=\"noopener\">Lakatos Zsuzsanna<\/a> (Hungary)<br \/>\n<a href=\"https:\/\/8thsociodramaconference.com\/hu\/program-gordana-maric-lalovic\/\" target=\"_blank\" rel=\"noopener\">Lalovi\u0107, Gordana Mari\u0107<\/a> (Serbia)<br \/>\nLara Cardoso Jr., Aroldo de (Brasil)<br \/>\n<a href=\"https:\/\/8thsociodramaconference.com\/hu\/program-agnes-blasko-jana-damjanov-lucy-davies-zsofia-kollanyi-orsolya-lelkes-sarah-jane-lennie-eszter-neumann-leyla-safta-zecheria\/\" target=\"_blank\" rel=\"noopener\">Lelkes Orsolya<\/a> (Austria)<br \/>\n<a href=\"https:\/\/8thsociodramaconference.com\/program-agnes-blasko-jana-damjanov-zsofia-kollanyi-orsolya-lelkes-sarah-jane-lennie-gyorgy-meszaros-vedrana-mirkovic-eszter-neumann-leyla-safta-zecheria-szabolcs-szamado\/\" target=\"_blank\" rel=\"noopener\">Lennie, Sarah Jane<\/a> (UK)<br \/>\nLima da Silva, Gislaine (Brasil)<br \/>\n<a href=\"https:\/\/8thsociodramaconference.com\/hu\/program-margarida-belchior-luzia-lima-rodrigues\/\" target=\"_blank\" rel=\"noopener\">Lima-Rodrigues, Luzia<\/a> (Portugal)<br \/>\n<a href=\"https:\/\/8thsociodramaconference.com\/hu\/program-philia-issari-georgios-chaniotis-katerina-lioliou\/\" target=\"_blank\" rel=\"noopener\">Lioliou, Katerina<\/a> (Greece)<br \/>\n<a href=\"https:\/\/8thsociodramaconference.com\/hu\/program-eva-lorincz-judith-teszary\/\" target=\"_blank\" rel=\"noopener\">L\u0151rincz \u00c9va<\/a> (Hungary)<br \/>\n<a href=\"https:\/\/8thsociodramaconference.com\/hu\/program-manuela-maciel\/\" target=\"_blank\" rel=\"noopener\">Maciel, Manuela<\/a> (Portugal)<br \/>\n<a href=\"https:\/\/8thsociodramaconference.com\/hu\/program-tunde-majsai-hideg-katalin-hegyes\/\" target=\"_blank\" rel=\"noopener\">Majsai-Hideg T\u00fcnde<\/a> (Hungary)<br \/>\n<a href=\"https:\/\/8thsociodramaconference.com\/hu\/program-attila-donath-eniko-fazakasdenes-maroti-beata-somogyi-attila-turba-andrea-szendrei\/\" target=\"_blank\" rel=\"noopener\">Mar\u00f3ti D\u00e9nes<\/a> (Hungary)<br \/>\n<a href=\"https:\/\/8thsociodramaconference.com\/program-sheila-dallas-katzman-whitney-bell-uneeda-brewer\/\" target=\"_blank\" rel=\"noopener\">Martinez-DiCarlo, Daisy<\/a> (USA)<br \/>\n<a href=\"https:\/\/8thsociodramaconference.com\/hu\/program-courtney-meadows-regina-sewell\/\" target=\"_blank\" rel=\"noopener\">Meadows, Courtney<\/a> (USA)<br \/>\n<a href=\"https:\/\/8thsociodramaconference.com\/hu\/program-scope-members-2\/\" target=\"_blank\" rel=\"noopener\">Menyh\u00e1rt Fel\u00edcia<\/a> (Hungary)<br \/>\n<a href=\"https:\/\/8thsociodramaconference.com\/program-monica-zuretti-debora-moghilevsky-depenna-fernan-rodriguez-cetran\/\" target=\"_blank\" rel=\"noopener\">Moghilevsky de Penna, Debora (Argentina)<\/a><br \/>\nMontalvo, H\u00e9ctor Alejandro (Mexico)<br \/>\nMonti Holland, Valerie (UK\/USA)<br \/>\n<a href=\"https:\/\/8thsociodramaconference.com\/hu\/program-oded-nave\/\" target=\"_blank\" rel=\"noopener\">Nav\u00e9, Oded<\/a> (Israel)<br \/>\n<a href=\"https:\/\/8thsociodramaconference.com\/hu\/program-agnes-blasko-jana-damjanov-lucy-davies-zsofia-kollanyi-orsolya-lelkes-sarah-jane-lennie-eszter-neumann-leyla-safta-zecheria\/\" target=\"_blank\" rel=\"noopener\">Neumann Eszter<\/a> (Hungary)<br \/>\nNicotra, Maria Gabriella (Italy)<br \/>\nNieto, Leticia (USA)<br \/>\nOborny Be\u00e1ta (Hungary)<br \/>\n<a href=\"https:\/\/8thsociodramaconference.com\/hu\/program-hossein-oroumiehchiha\/\" target=\"_blank\" rel=\"noopener\">Oroumiehchiha, Hossein<\/a> (Cezch Republic)<br \/>\n<a href=\"https:\/\/8thsociodramaconference.com\/hu\/program-marjut-partanen-hertell\/\" target=\"_blank\" rel=\"noopener\">Partanen-Hertell, Marjut<\/a> (Finland)<br \/>\n<a href=\"https:\/\/8thsociodramaconference.com\/hu\/program-tamar-pelleg\/\" target=\"_blank\" rel=\"noopener\">Pelleg, Tamar<\/a> (Israel)<br \/>\nRaimundo, Melanie (Australia)<br \/>\n<a href=\"https:\/\/8thsociodramaconference.com\/hu\/program-mali-raz-ayala-krizel\/\" target=\"_blank\" rel=\"noopener\">Raz, Mali<\/a> (Israel)<br \/>\n<a href=\"https:\/\/8thsociodramaconference.com\/hu\/program-cissy-rock\/\" target=\"_blank\" rel=\"noopener\">Rock, Cissy<\/a> (New Zealand)<br \/>\n<a href=\"https:\/\/8thsociodramaconference.com\/hu\/program-maksim-romenskyi\/\" target=\"_blank\" rel=\"noopener\">Romenskyi, Maksim<\/a> (Portugal)<br \/>\nRosca, Cristina Delia (Romania)<br \/>\nRuzsa G\u00e1bor (Hungary)<br \/>\n<a href=\"https:\/\/8thsociodramaconference.com\/hu\/program-agnes-blasko-jana-damjanov-lucy-davies-zsofia-kollanyi-orsolya-lelkes-sarah-jane-lennie-eszter-neumann-leyla-safta-zecheria\/\" target=\"_blank\" rel=\"noopener\">Safta-Zecheria, Leyla<\/a> (Romania)<br \/>\n<a href=\"https:\/\/8thsociodramaconference.com\/hu\/program-regina-sewell-jennifer-salimbene\/\" target=\"_blank\" rel=\"noopener\">Salimbene, Jennifer<\/a> (USA)<br \/>\nSewell, Regina (USA)<br \/>\n<a href=\"https:\/\/8thsociodramaconference.com\/hu\/program-deborah-s-shaddy\/\" target=\"_blank\" rel=\"noopener\">Shaddy, Deborah S.<\/a> (USA)<br \/>\n<a href=\"https:\/\/8thsociodramaconference.com\/hu\/program-yafi-shpirer\/\" target=\"_blank\" rel=\"noopener\">Shpirer, Yafi<\/a> (Israel)<br \/>\nSimmons, Daniela (USA\/Bulgaria)<br \/>\n<a href=\"https:\/\/8thsociodramaconference.com\/hu\/program-attila-donath-eniko-fazakasdenes-maroti-beata-somogyi-attila-turba-andrea-szendrei\/\" target=\"_blank\" rel=\"noopener\">Somogyi Be\u00e1ta<\/a> (Hungary)<br \/>\n<a href=\"https:\/\/8thsociodramaconference.com\/program-edward-schreiber\/\" target=\"_blank\" rel=\"noopener\">Schreiber, Edward<\/a> (USA)<br \/>\n<a href=\"https:\/\/8thsociodramaconference.com\/hu\/program-mirjana-stankovic-bojana-glusac-draslar-daniela-simmons\/\" target=\"_blank\" rel=\"noopener\">Stankovi\u0107, Mirjana<\/a> (Serbia)<br \/>\nStanojevi\u0107, Tina (Serbia)<br \/>\n<a href=\"https:\/\/8thsociodramaconference.com\/hu\/program-irina-stefanescu\/\" target=\"_blank\" rel=\"noopener\">Stefanescu, Irina<\/a> (Romania)<br \/>\n<a href=\"https:\/\/8thsociodramaconference.com\/hu\/program-olena-stupak-olena-kuchynska\/\" target=\"_blank\" rel=\"noopener\">Stupak, Olena<\/a> (Ukraine)<br \/>\nSzathm\u00e1ri Edith (Hungary)<br \/>\nSzekeres J\u00falia (Hungary)<br \/>\n<a href=\"https:\/\/8thsociodramaconference.com\/hu\/program-attila-donath-eniko-fazakasdenes-maroti-beata-somogyi-attila-turba-andrea-szendrei\/\" target=\"_blank\" rel=\"noopener\">Szendrei Andrea<\/a> (Hungary)<br \/>\n<a href=\"https:\/\/8thsociodramaconference.com\/hu\/program-daniela-tahirova\/\" target=\"_blank\" rel=\"noopener\">Tahirova, Daniela<\/a> (Bulgaria)<br \/>\n<a href=\"https:\/\/8thsociodramaconference.com\/hu\/program-scope-members-2\/\" target=\"_blank\" rel=\"noopener\">Tak\u00e1cs Em\u0151ke\u00a0<\/a> (Hungary)<br \/>\nTak\u00e1cs M\u00e1riusz (Hungary)<br \/>\nTardos Zs\u00f3fia (Hungary)<br \/>\nTesz\u00e1ry Judith (Sweden\/Hungary)<br \/>\n<a href=\"https:\/\/8thsociodramaconference.com\/hu\/program-attila-donath-eniko-fazakasdenes-maroti-beata-somogyi-attila-turba-andrea-szendrei\/\" target=\"_blank\" rel=\"noopener\">Turba Attila<\/a> (Hungary)<br \/>\nVajdics Anik\u00f3 (Hungary)<br \/>\nVarga Anna (Hungary)<br \/>\n<a href=\"https:\/\/8thsociodramaconference.com\/hu\/program-robert-zammit-lara-vincent\/\" target=\"_blank\" rel=\"noopener\">Vincent, Lara<\/a> (Germany)<br \/>\n<a href=\"https:\/\/8thsociodramaconference.com\/hu\/program-rebecca-walters\/\" target=\"_blank\" rel=\"noopener\">Walters, Rebecca<\/a> (USA)<br \/>\n<a href=\"https:\/\/8thsociodramaconference.com\/hu\/program-julie-wells\/\" target=\"_blank\" rel=\"noopener\">Wells, Julie<\/a> (USA)<br \/>\n<a href=\"https:\/\/8thsociodramaconference.com\/hu\/program-flavia-bocchino-mariolina-werner-guarino\/\" target=\"_blank\" rel=\"noopener\">Werner-Guarino, Mariolina<\/a> (Sweden\/Italy)<br \/>\n<a href=\"https:\/\/8thsociodramaconference.com\/hu\/program-jana-damjanov-monica-westberg-mariolina-werner-margarida-belchior\/\" target=\"_blank\" rel=\"noopener\">Westberg, Monica<\/a> (Sweden)<br \/>\n<a href=\"https:\/\/8thsociodramaconference.com\/hu\/program-m-turabi-yerli-reyhan-cakmak-ozlem-karabulut\/\" target=\"_blank\" rel=\"noopener\">Yerli, M. Turabi<\/a> (Turkey)<br \/>\nYie, Samuel (South-Korea)<br \/>\n<a href=\"https:\/\/8thsociodramaconference.com\/hu\/program-lydia-yordanova\/\" target=\"_blank\" rel=\"noopener\">Yordanova, Lydia<\/a> (Bulgaria)<br \/>\nZachariah, Miriam (Canada)<br \/>\n<a href=\"https:\/\/8thsociodramaconference.com\/hu\/program-robert-zammit-lara-vincent\/\" target=\"_blank\" rel=\"noopener\">Zammit, Robert<\/a> (Germany)<br \/>\n<a href=\"https:\/\/8thsociodramaconference.com\/hu\/program-antonio-zanardo\/\" target=\"_blank\" rel=\"noopener\">Zanardo, Antonio<\/a> (Italy)<br \/>\n<a href=\"https:\/\/8thsociodramaconference.com\/program-monica-zuretti-debora-moghilevsky-depenna-fernan-rodriguez-cetran\/\" target=\"_blank\" rel=\"noopener\">Zuretti, Monica<\/a> (Argentina)<\/p>\n[\/vc_column_text][\/vc_column][vc_column width=&#8221;1\/6&#8243;][\/vc_column][\/vc_row]\n<\/section>","protected":false},"excerpt":{"rendered":"<p>[mk_page_section][vc_column][mk_fancy_title tag_name=&#8221;h2&#8243; size=&#8221;40&#8243; line_height=&#8221;50&#8243; font_family=&#8221;Oswald&#8221; font_type=&#8221;google&#8221; margin_bottom=&#8221;0&#8243;] PRESENTERS OF THE 8TH INTERNATIONAL SOCIODRAMA CONFERENCE [\/mk_fancy_title][\/vc_column][\/mk_page_section][vc_row][vc_column width=&#8221;1\/6&#8243;][mk_custom_box][\/mk_custom_box][\/vc_column][vc_column width=&#8221;2\/3&#8243;][vc_column_text] Altinay, Deniz (Turkey) Alvarez Valcarce, Pablo (Spain) Balla Edit (Hungary) Baratka, Colleen (USA) Bell, Whitney (USA) Belchior, Margarida (Portugal) Bispo Silva, Dayse (Brasil) Blask\u00f3 \u00c1gnes (Hungary) Bocchino, Flavia (Italy) Bogsch\u00fctz Zolt\u00e1n (Hungary) B\u00f3zs\u00f3 P\u00e9ter (Hungary) Braneva, Inna (Bulgaria) [&hellip;]<\/p>\n","protected":false},"author":1,"featured_media":0,"parent":0,"menu_order":0,"comment_status":"closed","ping_status":"closed","template":"","meta":{"footnotes":""},"class_list":["post-7332","page","type-page","status-publish","hentry"],"_links":{"self":[{"href":"https:\/\/8thsociodramaconference.com\/hu\/wp-json\/wp\/v2\/pages\/7332","targetHints":{"allow":["GET"]}}],"collection":[{"href":"https:\/\/8thsociodramaconference.com\/hu\/wp-json\/wp\/v2\/pages"}],"about":[{"href":"https:\/\/8thsociodramaconference.com\/hu\/wp-json\/wp\/v2\/types\/page"}],"author":[{"embeddable":true,"href":"https:\/\/8thsociodramaconference.com\/hu\/wp-json\/wp\/v2\/users\/1"}],"replies":[{"embeddable":true,"href":"https:\/\/8thsociodramaconference.com\/hu\/wp-json\/wp\/v2\/comments?post=7332"}],"version-history":[{"count":3,"href":"https:\/\/8thsociodramaconference.com\/hu\/wp-json\/wp\/v2\/pages\/7332\/revisions"}],"predecessor-version":[{"id":8059,"href":"https:\/\/8thsociodramaconference.com\/hu\/wp-json\/wp\/v2\/pages\/7332\/revisions\/8059"}],"wp:attachment":[{"href":"https:\/\/8thsociodramaconference.com\/hu\/wp-json\/wp\/v2\/media?parent=7332"}],"curies":[{"name":"wp","href":"https:\/\/api.w.org\/{rel}","templated":true}]}}