{"id":7310,"date":"2024-05-21T09:49:47","date_gmt":"2024-05-21T07:49:47","guid":{"rendered":"https:\/\/8thsociodramaconference.com\/program-filmscreening-szivhang\/"},"modified":"2024-05-21T11:12:52","modified_gmt":"2024-05-21T09:12:52","slug":"program-filmscreening-szivhang","status":"publish","type":"page","link":"https:\/\/8thsociodramaconference.com\/hu\/program-filmscreening-szivhang\/","title":{"rendered":"Program Filmvet\u00edt\u00e9s Sz\u00edvhang"},"content":{"rendered":"<section class=\"wpb-content-wrapper\">[mk_page_section][vc_column][mk_fancy_title tag_name=&#8221;h2&#8243; size=&#8221;40&#8243; line_height=&#8221;50&#8243; font_family=&#8221;Oswald&#8221; font_type=&#8221;google&#8221; margin_bottom=&#8221;0&#8243;]\n<h3 style=\"text-align: center;\"><strong>MEGESHETNE M\u00c1SK\u00c9PP!\u00a0<\/strong><\/h3>\n<h4 style=\"text-align: center;\"><em><strong><b>A Sz\u00edvhangok t\u00e1rsulat sz\u00ednh\u00e1zi el\u0151ad\u00e1s\u00e1b\u00f3l k\u00e9sz\u00fclt film vet\u00edt\u00e9se<\/b><\/strong><\/em><\/h4>\n[\/mk_fancy_title][vc_row_inner][vc_column_inner width=&#8221;1\/6&#8243;][mk_image_box title=&#8221;Sociodrama and power&#8221; src=&#8221;https:\/\/8thsociodramaconference.com\/wp-content\/uploads\/2024\/05\/local-communities.png&#8221; media_width=&#8221;421&#8243; media_height=&#8221;294&#8243; crop=&#8221;false&#8221; image_link=&#8221;url&#8221; target=&#8221;_blank&#8221; align=&#8221;center&#8221; rounded_corner=&#8221;true&#8221;][\/mk_image_box][\/vc_column_inner][vc_column_inner width=&#8221;2\/3&#8243;][vc_column_text responsive_align=&#8221;left&#8221;]\n<h5 style=\"text-align: left;\"><strong>ID\u0150PONT: <\/strong>J\u00fanius 27. cs\u00fct\u00f6rt\u00f6k, 21:00-22:30<br \/>\n<strong>T\u00c9MA: <\/strong>Programok a helyi k\u00f6z\u00f6ss\u00e9gekben<strong><br \/>\n<\/strong><strong>PROGRAM T\u00cdPUSA: <\/strong>Filmvet\u00edt\u00e9s<br \/>\n<strong>TEREM:\u00a0<\/strong><br \/>\n<strong>NYELV: <\/strong>Magyarul angol felirattal<br \/>\n<strong>C\u00cdMKE: <\/strong><\/h5>\n[\/vc_column_text][\/vc_column_inner][\/vc_row_inner][\/vc_column][vc_column border_color=&#8221;#6d2319&#8243;][vc_gallery interval=&#8221;3&#8243; images=&#8221;7293,7295,7297,7299,7301,7303&#8243; img_size=&#8221;full&#8221; css=&#8221;.vc_custom_1716277575151{background-color: #632716 !important;}&#8221;][vc_message message_box_color=&#8221;grey&#8221;]Fot\u00f3: Csosz\u00f3 Gabriella[\/vc_message][\/vc_column][\/mk_page_section][mk_page_section padding=&#8221;0&#8243;][vc_column][vc_column_text responsive_align=&#8221;left&#8221;]\n<h5 style=\"text-align: center;\"><b>LE\u00cdR\u00c1S:<\/b><\/h5>\n[\/vc_column_text][vc_column_text responsive_align=&#8221;left&#8221;]<span style=\"font-weight: 400;\">A sz\u00ednh\u00e1zi el\u0151ad\u00e1s k\u00f6z\u00e9ppontj\u00e1ban egy fiatal n\u0151, Ram\u00f3na t\u00f6rt\u00e9nete \u00e1ll, akinek \u00e9ppen els\u0151 kisl\u00e1nya sz\u00fcletik meg. Az el\u0151ad\u00e1s eg\u00e9szs\u00e9g\u00fcgyi dolgoz\u00f3k, sz\u00fcl\u00e9szeti aktivist\u00e1k, roma \u00e9s nem roma n\u0151k szem\u00e9lyes t\u00f6rt\u00e9neteire \u00e9p\u00fcl. A darabban a t\u00f6rt\u00e9netek elbesz\u00e9l\u0151i maguk j\u00e1tszanak.<\/span><\/p>\n<p><span style=\"font-weight: 400;\">Ram\u00f3na t\u00f6rt\u00e9nete arr\u00f3l sz\u00f3l\u2026<\/span><\/p>\n<p><span style=\"font-weight: 400;\">\u2026 hogy hova j\u00f3 sz\u00fcletni, hol van j\u00f3 helye egy kisbab\u00e1nak<\/span><span style=\"font-weight: 400;\">\u2026 hogy egy gyerek sz\u00fclet\u00e9se k\u00f6r\u00fcl milyen sok emberi kapcsolat alakul<\/span><\/p>\n<p><span style=\"font-weight: 400;\">\u2026 hogy mennyire egyed\u00fcl lehet maradni ak\u00e1r sok ember k\u00f6z\u00f6tt is<\/span><\/p>\n<p><span style=\"font-weight: 400;\">\u2026 hogy n\u0151k mennyire tudj\u00e1k t\u00e1mogatni, m\u00e1skor pedig akad\u00e1lyozni egym\u00e1st<\/span><\/p>\n<p><span style=\"font-weight: 400;\">\u2026 hogy az int\u00e9zm\u00e9nyek sokszor tov\u00e1bb nehez\u00edtik a neh\u00e9z helyzetben l\u00e9v\u0151k sors\u00e1t<\/span><\/p>\n<p><span style=\"font-weight: 400;\">\u2026 hogy n\u00e9ha egy al\u00e1\u00edr\u00e1son m\u00falik az eg\u00e9sz<\/span><\/p>\n<p><span style=\"font-weight: 400;\">\u2026 hogy milyen k\u00f6nnyen elvesz\u00edthetj\u00fck a kontrollt saj\u00e1t \u00e9let\u00fcnk f\u00f6l\u00f6tt<\/span><\/p>\n<p><span style=\"font-weight: 400;\">Ram\u00f3na t\u00f6rt\u00e9nete arr\u00f3l sz\u00f3l, hogy mit jelent any\u00e1v\u00e1 v\u00e1lni ma Magyarorsz\u00e1gon!<\/span><\/p>\n[\/vc_column_text][mk_padding_divider][\/vc_column][\/mk_page_section][vc_row][vc_column][vc_column_text]\n<h5 style=\"text-align: center;\"><strong>ALKOT\u00d3K<\/strong><\/h5>\n[\/vc_column_text][vc_column_text]<span style=\"font-weight: 400;\">Rendez\u0151: Romankovics Edit<br \/>\n<\/span><span style=\"font-weight: 400;\">Rendez\u0151 asszisztens: Proics Lilla<br \/>\n<\/span><span style=\"font-weight: 400;\">Szociodr\u00e1ma vezet\u0151k: Pados Eszter \u00e9s Horv\u00e1th Kata<\/span><\/p>\n<p><span style=\"font-weight: 400;\">Szerepl\u0151k: B\u00e1der Ren\u00e1ta, Cs\u00f6rg\u0151n\u00e9 Polg\u00e1r Andrea, Horv\u00e1th Barbara, Horv\u00e1th Rita, Horv\u00e1th R\u00f3bert, Horv\u00e1th Zsanett, Juhacsek Ildik\u00f3, K\u00e1d\u00e1r Szonja, K\u00e1rp\u00e1ti Liza, Lakatos Anett, Lakatos Marianna, Lakatos Rudolf, Szab\u00f3 R\u00f3za, Szitai Nat\u00e1lia<\/span><\/p>\n<p><span style=\"font-weight: 400;\">D\u00edszlet: Kiss Gabriella<br \/>\n<\/span><span style=\"font-weight: 400;\">Fot\u00f3: Csosz\u00f3 Gabriella<br \/>\n<\/span><span style=\"font-weight: 400;\">Asszisztens: Kapala Maja, K\u00e1rp\u00e1ti Liza<\/span><\/p>\n<p><span style=\"font-weight: 400;\">Partnerek: Szomolyai Roma-Magyar Egyes\u00fclet, Traf\u00f3<br \/>\n<\/span><span style=\"font-weight: 400;\">Parforum \u2013 Saj\u00e1tsz\u00ednh\u00e1z produkci\u00f3<\/span>[\/vc_column_text][\/vc_column][\/vc_row]\n<\/section>","protected":false},"excerpt":{"rendered":"<p>[mk_page_section][vc_column][mk_fancy_title tag_name=&#8221;h2&#8243; size=&#8221;40&#8243; line_height=&#8221;50&#8243; font_family=&#8221;Oswald&#8221; font_type=&#8221;google&#8221; margin_bottom=&#8221;0&#8243;] MEGESHETNE M\u00c1SK\u00c9PP!\u00a0 A Sz\u00edvhangok t\u00e1rsulat sz\u00ednh\u00e1zi el\u0151ad\u00e1s\u00e1b\u00f3l k\u00e9sz\u00fclt film vet\u00edt\u00e9se [\/mk_fancy_title][vc_row_inner][vc_column_inner width=&#8221;1\/6&#8243;][mk_image_box title=&#8221;Sociodrama and power&#8221; src=&#8221;https:\/\/8thsociodramaconference.com\/wp-content\/uploads\/2024\/05\/local-communities.png&#8221; media_width=&#8221;421&#8243; media_height=&#8221;294&#8243; crop=&#8221;false&#8221; image_link=&#8221;url&#8221; target=&#8221;_blank&#8221; align=&#8221;center&#8221; rounded_corner=&#8221;true&#8221;][\/mk_image_box][\/vc_column_inner][vc_column_inner width=&#8221;2\/3&#8243;][vc_column_text responsive_align=&#8221;left&#8221;] ID\u0150PONT: J\u00fanius 27. cs\u00fct\u00f6rt\u00f6k, 21:00-22:30 T\u00c9MA: Programok a helyi k\u00f6z\u00f6ss\u00e9gekben PROGRAM T\u00cdPUSA: Filmvet\u00edt\u00e9s TEREM:\u00a0 NYELV: Magyarul angol felirattal C\u00cdMKE: [\/vc_column_text][\/vc_column_inner][\/vc_row_inner][\/vc_column][vc_column border_color=&#8221;#6d2319&#8243;][vc_gallery interval=&#8221;3&#8243; images=&#8221;7293,7295,7297,7299,7301,7303&#8243; [&hellip;]<\/p>\n","protected":false},"author":1,"featured_media":0,"parent":0,"menu_order":0,"comment_status":"closed","ping_status":"closed","template":"","meta":{"footnotes":""},"class_list":["post-7310","page","type-page","status-publish","hentry"],"_links":{"self":[{"href":"https:\/\/8thsociodramaconference.com\/hu\/wp-json\/wp\/v2\/pages\/7310","targetHints":{"allow":["GET"]}}],"collection":[{"href":"https:\/\/8thsociodramaconference.com\/hu\/wp-json\/wp\/v2\/pages"}],"about":[{"href":"https:\/\/8thsociodramaconference.com\/hu\/wp-json\/wp\/v2\/types\/page"}],"author":[{"embeddable":true,"href":"https:\/\/8thsociodramaconference.com\/hu\/wp-json\/wp\/v2\/users\/1"}],"replies":[{"embeddable":true,"href":"https:\/\/8thsociodramaconference.com\/hu\/wp-json\/wp\/v2\/comments?post=7310"}],"version-history":[{"count":4,"href":"https:\/\/8thsociodramaconference.com\/hu\/wp-json\/wp\/v2\/pages\/7310\/revisions"}],"predecessor-version":[{"id":7314,"href":"https:\/\/8thsociodramaconference.com\/hu\/wp-json\/wp\/v2\/pages\/7310\/revisions\/7314"}],"wp:attachment":[{"href":"https:\/\/8thsociodramaconference.com\/hu\/wp-json\/wp\/v2\/media?parent=7310"}],"curies":[{"name":"wp","href":"https:\/\/api.w.org\/{rel}","templated":true}]}}