{"id":7275,"date":"2024-05-19T20:27:43","date_gmt":"2024-05-19T18:27:43","guid":{"rendered":"https:\/\/8thsociodramaconference.com\/program-okopszichologiai-intezet\/"},"modified":"2024-06-04T11:17:58","modified_gmt":"2024-06-04T09:17:58","slug":"program-okopszichologiai-intezet","status":"publish","type":"page","link":"https:\/\/8thsociodramaconference.com\/hu\/program-okopszichologiai-intezet\/","title":{"rendered":"Program \u00d6kopszichol\u00f3giai Int\u00e9zet"},"content":{"rendered":"<section class=\"wpb-content-wrapper\">[mk_page_section][vc_column][mk_fancy_title tag_name=&#8221;h2&#8243; size=&#8221;40&#8243; line_height=&#8221;50&#8243; font_family=&#8221;Oswald&#8221; font_type=&#8221;google&#8221; margin_bottom=&#8221;0&#8243;]\n<h3 style=\"text-align: center;\"><strong>\u00a0R\u00c9SZV\u00c9TELI S\u00c9T\u00c1K \u2013 \u00daJ PERSPEKT\u00cdV\u00c1K A V\u00c1ROSI T\u00c9RBEN\u00a0\u00a0<\/strong><\/h3>\n<h4 style=\"text-align: center;\"><em><strong>Az \u00d6kopszichol\u00f3giai Int\u00e9zet programja<\/strong><\/em><\/h4>\n<h5 style=\"text-align: center;\"><em>(A program nyelve angol \u00e9s magyar)<\/em><\/h5>\n<h5 style=\"text-align: center;\"><span style=\"color: #800000;\"><strong>EL\u0150AD\u00d3K:<\/strong><b> BABATI ANNA &#8211; BUJDOS \u00c1GNES &#8211; CSU\u0308LLO\u0308G KRISZTINA &#8211; FARA\u0301DY-COLE ANNA &#8211; KOVA\u0301CS RE\u0301KA &#8211; WIERZICZKY ANETT<\/b><\/span><\/h5>\n[\/mk_fancy_title][vc_row_inner][vc_column_inner width=&#8221;1\/6&#8243;][mk_image_box title=&#8221;Sociodrama and power&#8221; src=&#8221;https:\/\/8thsociodramaconference.com\/wp-content\/uploads\/2024\/05\/local-communities.png&#8221; media_width=&#8221;421&#8243; media_height=&#8221;294&#8243; crop=&#8221;false&#8221; image_link=&#8221;url&#8221; target=&#8221;_blank&#8221; align=&#8221;center&#8221; rounded_corner=&#8221;true&#8221;][\/mk_image_box][\/vc_column_inner][vc_column_inner width=&#8221;2\/3&#8243;][vc_column_text responsive_align=&#8221;left&#8221;]\n<h5 style=\"text-align: left;\"><strong>ID\u0150PONT: <\/strong>J\u00fanius 28. p\u00e9ntek, 10:00-11:30<br \/>\n<strong>T\u00c9MA: <\/strong>Programok a helyi k\u00f6z\u00f6ss\u00e9gekben<strong><br \/>\n<\/strong><strong>PROGRAM T\u00cdPUSA: <\/strong>R\u00e9szv\u00e9teli s\u00e9ta<br \/>\n<strong>HELYSZ\u00cdN: <\/strong>A s\u00e9t\u00e1k k\u00fcl\u00f6nb\u00f6z\u0151 helysz\u00ednekr\u0151l indulnak (r\u00e9szletek lent)<br \/>\n<strong>R\u00c9SZTVEV\u0150K SZ\u00c1MA: <\/strong>36, hat k\u00fcl\u00f6n csoportban<strong><br \/>\nNYELV: <\/strong>Angol \u00e9s magyar<br \/>\n<strong>C\u00cdMKE: <\/strong>\u00a0<a href=\"https:\/\/8thsociodramaconference.com\/hu\/programs-in-local-communities\/\" target=\"_blank\" rel=\"noopener\">Helyi k\u00f6z\u00f6ss\u00e9gek,<\/a> <a href=\"https:\/\/8thsociodramaconference.com\/hu\/workshops-jun28-morning\/\" target=\"_blank\" rel=\"noopener\">Programok j\u00fanius 28-\u00e1n d\u00e9lel\u0151tt<\/a><\/h5>\n<h5 style=\"text-align: left;\"><\/h5>\n[\/vc_column_text][\/vc_column_inner][\/vc_row_inner][\/vc_column][\/mk_page_section][mk_page_section padding=&#8221;0&#8243;][vc_column][vc_column_text responsive_align=&#8221;left&#8221;]\n<h5 style=\"text-align: center;\"><b>ABSTRACT:<\/b><\/h5>\n[\/vc_column_text][vc_column_text responsive_align=&#8221;left&#8221;]<span style=\"font-weight: 400;\">Mindennapjainkat \u00e9p\u00edtett k\u00f6rnyezetben \u00e9lj\u00fck, \u00e9s a konferencia programj\u00e1nak nagy r\u00e9sze is belt\u00e9rben zajlik. Ahhoz azonban, hogy m\u00e9lyebben meg\u00e9rts\u00fck az \u00f6kol\u00f3giai szeml\u00e9letet, t\u00f6bb kiscsoportban indulunk el p\u00e9ntek reggel, k\u00fcl\u00f6nb\u00f6z\u0151 ir\u00e1nyokb\u00f3l a konferencia helysz\u00edne fel\u00e9. Az <\/span><a href=\"https:\/\/ecopsychology.hu\/reszveteli-setak\/\"><span style=\"font-weight: 400;\">\u00d6kopszichol\u00f3giai Int\u00e9zet<\/span><\/a><span style=\"font-weight: 400;\"> \u00e1ltal kidolgozott <\/span><a href=\"https:\/\/ecopsychology.hu\/reszveteli-setak\/\"><span style=\"font-weight: 400;\">r\u00e9szv\u00e9teli s\u00e9t\u00e1<\/span><\/a><span style=\"font-weight: 400;\">k sor\u00e1n egyszerre f\u00f3kusz\u00e1lunk a r\u00e9szletekre \u00e9s t\u00e1g\u00edtjuk ki l\u00e1t\u00f3ter\u00fcnket, hogy \u00faj perspekt\u00edv\u00e1kb\u00f3l tekinthess\u00fcnk k\u00f6rnyezet\u00fcnkre.<\/span><span style=\"font-weight: 400;\"><br \/>\n<\/span><span style=\"font-weight: 400;\">Ezek az interakt\u00edv s\u00e9t\u00e1k lehet\u0151s\u00e9get ny\u00fajtanak arra, hogy tudatosabban \u00e9rz\u00e9kelj\u00fck a minket k\u00f6r\u00fclvev\u0151 vil\u00e1got, \u00e9s felfedezz\u00fck, hogyan helyezked\u00fcnk el benne t\u00e9rben \u00e9s id\u0151ben. Megtanulunk \u00faj szemmel n\u00e9zni a j\u00f3l ismert tereinkre, amelyek a s\u00e9ta v\u00e9g\u00e9re m\u00e1r nemcsak a mi\u00e9nkk\u00e9, hanem egy k\u00f6z\u00f6ss\u00e9gi t\u00e9rr\u00e9 v\u00e1lnak, amelyen a term\u00e9szet sz\u00e1mtalan szerepl\u0151j\u00e9vel osztozunk.<\/span>[\/vc_column_text][mk_padding_divider size=&#8221;30&#8243;][vc_column_text responsive_align=&#8221;left&#8221;]\n<h5 style=\"text-align: center;\"><b>EL\u0150AD\u00d3K \u00c9S A S\u00c9T\u00c1K R\u00c9SZLETEI:<\/b><\/h5>\n[\/vc_column_text][mk_padding_divider][\/vc_column][\/mk_page_section][vc_row][vc_column width=&#8221;1\/4&#8243;][mk_image src=&#8221;https:\/\/8thsociodramaconference.com\/wp-content\/uploads\/2024\/05\/Babati-Anna.png&#8221; crop=&#8221;false&#8221; hover=&#8221;false&#8221;][\/vc_column][vc_column width=&#8221;3\/4&#8243;][vc_column_text]\n<p style=\"text-align: left;\"><strong>S\u00c9TAVEZET\u0150: <\/strong>Babati Anna<br \/>\n<strong>INDUL\u00c1SI PONT: <\/strong>Budapesti Eur\u00f3pai Ifj\u00fas\u00e1gi K\u00f6zpont, 1024 Zivatar utca 1-3<br \/>\n<strong>T\u00c9RK\u00c9P:<\/strong> <a href=\"https:\/\/goo.gl\/maps\/DQk4NXe46PYcNHDe7\" target=\"_blank\" rel=\"noopener\">https:\/\/goo.gl\/maps\/DQk4NXe46PYcNHDe7<\/a><\/p>\n[\/vc_column_text][\/vc_column][\/vc_row][vc_row][vc_column][vc_column_text]Magass\u00e1gok \u00e9s m\u00e9lys\u00e9gek felfedez\u00e9se v\u00e1rosi k\u00f6rnyezetben<\/p>\n<p>Term\u00e9szetkapcsolat facilit\u00e1tork\u00e9nt, az \u00e9n k\u00fcldet\u00e9sem az, hogy seg\u00edtsek embereknek m\u00e9lyebb kapcsolatot kialak\u00edtani a term\u00e9szettel \u00e9s egym\u00e1ssal. A term\u00e9szetben j\u00e1rva \u00e9s tapasztalatokat megosztva seg\u00edtek embereknek \u00faj perspekt\u00edv\u00e1kat felfedezni \u00e9s megl\u00e1tni a kapcsolati h\u00e1l\u00f3zatokat, amelyek \u00f6sszek\u00f6tnek minket egym\u00e1ssal \u00e9s a k\u00f6r\u00fcl\u00f6tt\u00fcnk l\u00e9v\u0151 term\u00e9szettel. Hiszek abban, hogy a term\u00e9szet nemcsak egy hely, ahol j\u00e1runk, hanem egy \u00e9lettani rendszer, amelyben r\u00e9szt vesz\u00fcnk, \u00e9s amelyben val\u00f3di kapcsolatokat \u00e9p\u00edthet\u00fcnk. Szeretn\u00e9m megmutatni, hogy a term\u00e9szet nem csup\u00e1n egy d\u00edszlet lesz a mindennapokban, hanem egy akt\u00edv partner, aki seg\u00edt minket abban, hogy teljesebben \u00e9s harmonikusabban \u00e9lj\u00fcnk, kapcsol\u00f3djunk egym\u00e1shoz.<br \/>\nEbben a term\u00e9szetkapcsolati programban rendhagy\u00f3 m\u00f3don v\u00e1rosi k\u00f6rnyezetben szeretn\u00e9m megmutatni, hogy a magass\u00e1gok \u00e9s a m\u00e9lys\u00e9gek, hogyan seg\u00edtenek a megszokott n\u00e9z\u0151pontunkb\u00f3l kimozdulni (\u00e1tvitt \u00e9rtelemben \u00e9s sz\u00f3 szerint is \u263a) a v\u00e1rosban is. Megmutatom, hogy a ny\u00fczsg\u0151 v\u00e1rosban is, a legv\u00e1ratlanabb helyeken bukkan fel a term\u00e9szet. A s\u00e9ta v\u00e9g\u00e9re rem\u00e9lem siker\u00fcl m\u00e1s szem\u00fcvegen kereszt\u00fcl szeml\u00e9lned a k\u00f6r\u00fcl\u00f6tt\u00fcnk l\u00e9v\u0151 \u00e9p\u00edtett k\u00f6rnyezetet.[\/vc_column_text][\/vc_column][\/vc_row][vc_row][vc_column][mk_divider style=&#8221;dashed&#8221; divider_color=&#8221;#7f3a1d&#8221;][\/vc_column][\/vc_row][vc_row][vc_column width=&#8221;1\/4&#8243;][mk_image src=&#8221;https:\/\/8thsociodramaconference.com\/wp-content\/uploads\/2024\/05\/Bujdos-Agnes.png&#8221; crop=&#8221;false&#8221; hover=&#8221;false&#8221;][\/vc_column][vc_column width=&#8221;3\/4&#8243;][vc_column_text]<strong>S\u00c9TAVEZET\u0150: <\/strong>Bujdos \u00c1gnes<br \/>\n<strong>INDUL\u00c1SI PONT: <\/strong>Sz\u00e9llpaku park, 56-os eml\u00e9km\u0171, L\u00f6v\u0151h\u00e1z utca sarka<br \/>\n<strong>T\u00c9RK\u00c9P: <\/strong><a href=\"https:\/\/maps.app.goo.gl\/Tto4aAtUamhijpbz6\" target=\"_blank\" rel=\"noopener\">https:\/\/maps.app.goo.gl\/Tto4aAtUamhijpbz6<\/a>[\/vc_column_text][\/vc_column][\/vc_row][vc_row][vc_column][vc_column_text]<span style=\"font-weight: 400;\">Hell\u00f3, Bujdos \u00c1gnes vagyok. Szakm\u00e1mat tekintve t\u00e1j\u00e9p\u00edt\u00e9sz. Mindennapjaim sor\u00e1n a v\u00e1rosi k\u00f6rnyezet, azon bel\u00fcl Budapest z\u00f6ldfel\u00fcleteinek\u00a0tervez\u00e9s\u00e9n, azok dekorat\u00edv megjelen\u00e9s\u00e9n munk\u00e1lkodom. Sz\u00e1momra azonban mit sem \u00e9r, am\u00edg puszt\u00e1n dekor\u00e1ci\u00f3k\u00e9nt tekint\u00fcnk r\u00e1. Szeretn\u00e9m, ha m\u00e9lyebben belen\u00e9zn\u00e9nk\u00a0a n\u00f6v\u00e9nyek seg\u00edts\u00e9g\u00e9vel. Tarts velem a konferencia el\u0151tt egy r\u00f6vid r\u00e1hangol\u00f3d\u00e1ssal, a k\u00f6rny\u00e9k kacskaring\u00f3s utc\u00e1in, egy kicsit m\u00e1s szemmel.<br \/>\n<\/span><span style=\"font-weight: 400;\">Tal\u00e1lkozzunk a Sz\u00e9llkapu park sark\u00e1n, az 56-os eml\u00e9km\u0171 szobr\u00e1n\u00e1l, a Sz\u00e9na t\u00e9rrel\u00a0szemben.<\/span>[\/vc_column_text][\/vc_column][\/vc_row][vc_row][vc_column][mk_divider style=&#8221;dashed&#8221; divider_color=&#8221;#7f3a1d&#8221;][\/vc_column][\/vc_row][vc_row][vc_column width=&#8221;1\/4&#8243;][mk_image src=&#8221;https:\/\/8thsociodramaconference.com\/wp-content\/uploads\/2024\/05\/Csullog-Krisztina.png&#8221; crop=&#8221;false&#8221; hover=&#8221;false&#8221;][\/vc_column][vc_column width=&#8221;3\/4&#8243;][vc_column_text]<strong>S\u00c9TAVEZET\u0150: <\/strong>Cs\u00fcll\u00f6g Krisztina<br \/>\n<strong>INDUL\u00c1SI PONT: <\/strong>Margit h\u00edd budai h\u00eddf\u0151, Elvis Presley park, lovas szobor<br \/>\n<strong>T\u00c9RK\u00c9P:<\/strong> <a href=\"https:\/\/maps.app.goo.gl\/5BDLY1eeyfBuZ3j16\" target=\"_blank\" rel=\"noopener\">https:\/\/maps.app.goo.gl\/5BDLY1eeyfBuZ3j16<\/a>[\/vc_column_text][\/vc_column][\/vc_row][vc_row][vc_column][vc_column_text]<span style=\"font-weight: 400;\">Cs\u00fcll\u00f6g Krisztina, PhD szociol\u00f3gus, \u00f6kol\u00f3giai \u00e1gazat\u00fa biol\u00f3gus, r\u00e9szv\u00e9telis\u00e9ta vezet\u0151<br \/>\n<\/span><span style=\"font-weight: 400;\">Biol\u00f3gusk\u00e9nt a rovarokat tanulm\u00e1nyoztam, szociol\u00f3gusk\u00e9nt az emberi kapcsolath\u00e1l\u00f3kat, illetve az infokommunik\u00e1ci\u00f3s technol\u00f3gi\u00e1k haszn\u00e1lat\u00e1t \u00e9s hat\u00e1s\u00e1t a t\u00e1rsas viszonyokra. A piackutat\u00e1s ter\u00fclet\u00e9n elhelyezkedve f\u0151k\u00e9pp technol\u00f3giai t\u00e9m\u00e1kkal foglalkoztam. A term\u00e9szethez az ut\u00f3bbi \u00e9vekben kanyarodtam vissza: a f\u0151v\u00e1rosb\u00f3l a Pilisbe k\u00f6lt\u00f6ztem, ahol sok id\u0151t t\u00f6lt\u00f6k kert\u00e9szked\u00e9ssel \u00e9s t\u00far\u00e1z\u00e1ssal. 2023-ban v\u00e9geztem el az \u00d6kopszichol\u00f3giai Int\u00e9zet r\u00e9szv\u00e9telis\u00e9ta vezet\u0151 k\u00e9pz\u00e9s\u00e9t. S\u00e9t\u00e1imat t\u00f6bbnyire a Pilisben, erdei k\u00f6rnyezetben tartom, sokszor j\u00f3ga \u00e9s tai chi gyakorlatokkal sz\u00ednes\u00edtve, de v\u00e1rosi k\u00f6rnyezetben is szereztem m\u00e1r tapasztalatot.\u00a0<\/span><span style=\"font-weight: 400;\">A mostani r\u00e9szv\u00e9teli s\u00e9t\u00e1m sor\u00e1n egy k\u00fcl\u00f6nleges t\u00f6r\u00f6k vir\u00e1goskertet l\u00e1togatunk meg, ahol figyelm\u00fcnket legink\u00e1bb a k\u00fcl\u00f6nb\u00f6z\u0151 l\u00e9nyek k\u00f6zti kapcsol\u00f3d\u00e1sokra ir\u00e1ny\u00edtjuk (n\u00f6v\u00e9ny-rovar-ember).<\/span>[\/vc_column_text][\/vc_column][\/vc_row][vc_row][vc_column][mk_divider style=&#8221;dashed&#8221; divider_color=&#8221;#7f3a1d&#8221;][\/vc_column][\/vc_row][vc_row][vc_column width=&#8221;1\/4&#8243;][mk_image src=&#8221;https:\/\/8thsociodramaconference.com\/wp-content\/uploads\/2024\/05\/Farady-Cole-Anna.png&#8221; crop=&#8221;false&#8221; hover=&#8221;false&#8221;][\/vc_column][vc_column width=&#8221;3\/4&#8243;][vc_column_text]<strong>S\u00c9TAVEZET\u0150: <\/strong>Anna Far\u00e1dy-Cole<br \/>\n<strong>INDUL\u00c1SI PONT: <\/strong><span style=\"font-weight: 400;\">Margit utca \u00e9s Mecset utca sarka<br \/>\n<\/span><strong>T\u00c9RK\u00c9P: <\/strong><a href=\"https:\/\/maps.app.goo.gl\/gnd1Z19PvjVQ4Kfm8\" target=\"_blank\" rel=\"noopener\">https:\/\/maps.app.goo.gl\/gnd1Z19PvjVQ4Kfm8<\/a>[\/vc_column_text][\/vc_column][\/vc_row][vc_row][vc_column][vc_column_text]Gyermekkorom legszebb eml\u00e9kei k\u00f6z\u00e9 tartoznak, amikor szabadon barangoltunk a Duna \u00e1rter\u00e9n vagy az Alf\u00f6ld homokvid\u00e9kein. Az itt szerzett \u00e9lm\u00e9nyeim adt\u00e1k azt az er\u0151s alapot, melyhez \u00fajrakapcsol\u00f3dva, az er\u0151s\u00f6d\u0151 kl\u00edmaszorong\u00e1somnak k\u00f6sz\u00f6nhet\u0151en r\u00e1tal\u00e1ltam egy olyan \u00fatra, ahol biol\u00f3giai \u00e9s pszichol\u00f3giai h\u00e1tt\u00e9rrel, term\u00e9szetkapcsolat-facilit\u00e1tork\u00e9nt, az \u00f6kopszichol\u00f3gia eszk\u00f6zt\u00e1r\u00e1val \u00e9s szeml\u00e9let\u00e9vel akt\u00edvan tehetek egy harmonikusabb j\u00f6v\u0151k\u00e9p\u00e9\u00e9rt. Szakmai tud\u00e1somat nemr\u00e9g az ELTE Ember\u2013K\u00f6rnyezet Tranzakci\u00f3 Int\u00e9zet k\u00f6rnyezetv\u00e9delmi szakpszichol\u00f3gus k\u00e9pz\u00e9s\u00e9n b\u0151v\u00edtettem.<br \/>\nA r\u00e9szv\u00e9teli s\u00e9t\u00e1n kapcsol\u00f3dunk az illatokhoz \u00e9s Budapesthez, ismerkedve az emberen t\u00fali vil\u00e1g szemsz\u00f6g\u00e9vel.[\/vc_column_text][\/vc_column][\/vc_row][vc_row][vc_column][mk_divider style=&#8221;dashed&#8221; divider_color=&#8221;#7f3a1d&#8221;][\/vc_column][\/vc_row][vc_row][vc_column width=&#8221;1\/4&#8243;][mk_image src=&#8221;https:\/\/8thsociodramaconference.com\/wp-content\/uploads\/2024\/05\/Kovacs-Reka.png&#8221; crop=&#8221;false&#8221; hover=&#8221;false&#8221;][\/vc_column][vc_column width=&#8221;3\/4&#8243;][vc_column_text]\n<p style=\"text-align: left;\"><strong>S\u00c9TAVEZET\u0150: <\/strong>Kov\u00e1cs R\u00e9ka<strong><br \/>\nINDUL\u00c1SI PONT: <span style=\"font-weight: 400;\">a Margit utcai park sz\u00f6k\u0151k\u00fatj\u00e1n\u00e1l<\/span>, <\/strong>47\u00b030&#8217;52.8&#8243;N 19\u00b002&#8217;00.2&#8243;E<br \/>\n<strong>T\u00c9RK\u00c9P: <\/strong><a href=\"https:\/\/maps.app.goo.gl\/duukShHApLzyiDrZ8\" target=\"_blank\" rel=\"noopener\">https:\/\/maps.app.goo.gl\/duukShHApLzyiDrZ8<\/a><\/p>\n[\/vc_column_text][\/vc_column][\/vc_row][vc_row][vc_column][vc_column_text]<span style=\"font-weight: 400;\">Kov\u00e1cs R\u00e9ka vagyok, term\u00e9szetkapcsolat facilit\u00e1tor. Miut\u00e1n elv\u00e9geztem a Kassai \u00c1llatorvosi Egyetemen az ember \u00e9s \u00e1llat kapcsolata \u00e9s ennek felhaszn\u00e1l\u00e1sa a lovas- \u00e9s kuty\u00e1ster\u00e1pi\u00e1ban szakot r\u00e1j\u00f6ttem, hogy hab\u00e1r az emberr\u0151l \u00e9s az \u00e1llatokr\u00f3l tanultunk, de maga a kapcsolat kimaradt. Azt\u00e1n r\u00e1tal\u00e1ltam a term\u00e9szetkapcsolat facilit\u00e1tor k\u00e9pz\u00e9sre, amely megmutatta, hogyan seg\u00edthetek m\u00e1soknak a term\u00e9szethez val\u00f3 kapcsol\u00f3d\u00e1sban. Programjaimban a praktikus ismeretek mellett megjelenik az \u00e1llatokkal val\u00f3 kommunik\u00e1ci\u00f3 \u00e9s a j\u00e1t\u00e9koss\u00e1g is. A r\u00e9szv\u00e9teli s\u00e9t\u00e1mon t\u00f6bbek k\u00f6z\u00f6tt kipr\u00f3b\u00e1ljuk milyen \u201ckuty\u00e1ul \u00e9rezni\u201d magunkat \u00e9s belevetj\u00fck magunkat az inform\u00e1ci\u00f3\u00e1ramlatba.<\/span>[\/vc_column_text][\/vc_column][\/vc_row][vc_row][vc_column][mk_divider style=&#8221;dashed&#8221; divider_color=&#8221;#7f3a1d&#8221;][\/vc_column][\/vc_row][vc_row][vc_column width=&#8221;1\/4&#8243;][mk_image src=&#8221;https:\/\/8thsociodramaconference.com\/wp-content\/uploads\/2024\/05\/Wierziczky-Anett.png&#8221; crop=&#8221;false&#8221; hover=&#8221;false&#8221;][\/vc_column][vc_column width=&#8221;3\/4&#8243;][vc_column_text]<strong>S\u00c9TAVEZET\u0150: <\/strong>Wierziczky Anett<br \/>\n<strong>INDUL\u00c1SI PONT: <span style=\"font-weight: 400;\">GPS: 47.51167611209436, 19.039474385977552<\/span><br \/>\n<\/strong><strong>T\u00c9RK\u00c9P: <\/strong><a href=\"https:\/\/maps.app.goo.gl\/WJ3ePeDADSgwFWZo7\" target=\"_blank\" rel=\"noopener\">https:\/\/maps.app.goo.gl\/WJ3ePeDADSgwFWZo7<\/a><\/p>\n[\/vc_column_text][\/vc_column][\/vc_row][vc_row][vc_column][vc_column_text]<span style=\"font-weight: 400;\">V\u00e1rosi \u00e9letem, mindennapi tev\u00e9kenys\u00e9geim \u00e9s munk\u00e1im sor\u00e1n els\u0151sorban emberekkel \u00e9s otthonk\u00e9nt defini\u00e1lt \u00e9p\u00edtett k\u00f6rnyezettel foglalkozom, de a mindennapi tapasztalatok \u00e9s fogalmak az \u00f6kopszichol\u00f3gia m\u00f3dszertan\u00e1nak k\u00f6sz\u00f6nhet\u0151en ker\u00fcltek sz\u00e1momra sz\u00e9lesebb kontextusba. Term\u00e9szetkapcsolat-facilit\u00e1tork\u00e9nt abban t\u00e1mogatlak, hogy n\u00e9zz r\u00e1 m\u00e1shogyan a k\u00f6rnyezetedre, \u00e9s benne saj\u00e1t magadra.<\/span><\/p>\n<p><span style=\"font-weight: 400;\">A VIII. Nemzetk\u00f6zi Szociodr\u00e1ma Konferenci\u00e1n tartott programomon k\u00fcl\u00f6nb\u00f6z\u0151 szinteken kapcsol\u00f3dunk \u00f6nmagunkhoz, k\u00f6z\u00f6ss\u00e9geinkhez \u00e9s a t\u00e1gabb k\u00f6rnyezet\u00fcnkh\u00f6z. Megfigyelj\u00fck, hogy hogyan form\u00e1lj\u00e1k egym\u00e1st k\u00f6z\u00f6ss\u00e9geink \u00e9s t\u00e1gabb-sz\u0171kebb k\u00f6rnyezet\u00fcnk az egyes t\u00e9rhaszn\u00e1lati szok\u00e1saink ment\u00e9n, valamint azt, hogy ez mik\u00e9nt f\u00fcgg \u00f6ssze a(z \u00f6kol\u00f3giai) tudatoss\u00e1ggal.<\/span><\/p>\n<p><span style=\"font-weight: 400;\">Term\u00e9szetkapcsolatom\u00a0programomat\u00a0innen (GPS:\u00a047.51167611209436, 19.039474385977552) ind\u00edtom 10 \u00f3rakor, vezetett s\u00e9t\u00e1mmal\u00a0egy\u00fctt \u00e9rkez\u00fcnk meg a konferencia tov\u00e1bbi programjainak helyet biztos\u00edt\u00f3 Eur\u00f3pai Ifj\u00fas\u00e1gi K\u00f6zpontba.<\/span><span style=\"font-weight: 400;\">Pontosan kezd\u00fcnk, k\u00e9rlek id\u0151z\u00edtsd az \u00e9rkez\u00e9sed p\u00e1r perccel kor\u00e1bbra!<\/span>[\/vc_column_text][\/vc_column][\/vc_row]\n<\/section>","protected":false},"excerpt":{"rendered":"<p>[mk_page_section][vc_column][mk_fancy_title tag_name=&#8221;h2&#8243; size=&#8221;40&#8243; line_height=&#8221;50&#8243; font_family=&#8221;Oswald&#8221; font_type=&#8221;google&#8221; margin_bottom=&#8221;0&#8243;] \u00a0R\u00c9SZV\u00c9TELI S\u00c9T\u00c1K \u2013 \u00daJ PERSPEKT\u00cdV\u00c1K A V\u00c1ROSI T\u00c9RBEN\u00a0\u00a0 Az \u00d6kopszichol\u00f3giai Int\u00e9zet programja (A program nyelve angol \u00e9s magyar) EL\u0150AD\u00d3K: BABATI ANNA &#8211; BUJDOS \u00c1GNES &#8211; CSU\u0308LLO\u0308G KRISZTINA &#8211; FARA\u0301DY-COLE ANNA &#8211; KOVA\u0301CS RE\u0301KA &#8211; WIERZICZKY ANETT [\/mk_fancy_title][vc_row_inner][vc_column_inner width=&#8221;1\/6&#8243;][mk_image_box title=&#8221;Sociodrama and power&#8221; src=&#8221;https:\/\/8thsociodramaconference.com\/wp-content\/uploads\/2024\/05\/local-communities.png&#8221; media_width=&#8221;421&#8243; media_height=&#8221;294&#8243; crop=&#8221;false&#8221; image_link=&#8221;url&#8221; target=&#8221;_blank&#8221; align=&#8221;center&#8221; [&hellip;]<\/p>\n","protected":false},"author":1,"featured_media":0,"parent":0,"menu_order":0,"comment_status":"closed","ping_status":"closed","template":"","meta":{"footnotes":""},"class_list":["post-7275","page","type-page","status-publish","hentry"],"_links":{"self":[{"href":"https:\/\/8thsociodramaconference.com\/hu\/wp-json\/wp\/v2\/pages\/7275","targetHints":{"allow":["GET"]}}],"collection":[{"href":"https:\/\/8thsociodramaconference.com\/hu\/wp-json\/wp\/v2\/pages"}],"about":[{"href":"https:\/\/8thsociodramaconference.com\/hu\/wp-json\/wp\/v2\/types\/page"}],"author":[{"embeddable":true,"href":"https:\/\/8thsociodramaconference.com\/hu\/wp-json\/wp\/v2\/users\/1"}],"replies":[{"embeddable":true,"href":"https:\/\/8thsociodramaconference.com\/hu\/wp-json\/wp\/v2\/comments?post=7275"}],"version-history":[{"count":8,"href":"https:\/\/8thsociodramaconference.com\/hu\/wp-json\/wp\/v2\/pages\/7275\/revisions"}],"predecessor-version":[{"id":8169,"href":"https:\/\/8thsociodramaconference.com\/hu\/wp-json\/wp\/v2\/pages\/7275\/revisions\/8169"}],"wp:attachment":[{"href":"https:\/\/8thsociodramaconference.com\/hu\/wp-json\/wp\/v2\/media?parent=7275"}],"curies":[{"name":"wp","href":"https:\/\/api.w.org\/{rel}","templated":true}]}}