{"id":7235,"date":"2024-05-19T19:15:55","date_gmt":"2024-05-19T17:15:55","guid":{"rendered":"https:\/\/8thsociodramaconference.com\/program-szivhangok-tarsulat\/"},"modified":"2024-05-26T19:01:37","modified_gmt":"2024-05-26T17:01:37","slug":"program-szivhangok-tarsulat","status":"publish","type":"page","link":"https:\/\/8thsociodramaconference.com\/hu\/program-szivhangok-tarsulat\/","title":{"rendered":"Program Sz\u00edvhangok T\u00e1rsulat"},"content":{"rendered":"<section class=\"wpb-content-wrapper\">[mk_page_section][vc_column][mk_fancy_title tag_name=&#8221;h2&#8243; size=&#8221;40&#8243; line_height=&#8221;50&#8243; font_family=&#8221;Oswald&#8221; font_type=&#8221;google&#8221; margin_bottom=&#8221;0&#8243;]\n<h3 style=\"text-align: center;\"><strong>AZ ELNYOMOTTAK HANGJA AZ ELL\u00c1T\u00d3RENDSZERBEN\u00a0<\/strong><\/h3>\n<h4 style=\"text-align: center;\"><em><strong>A Sz\u00edvhangok csoport workshopja\u00a0<\/strong><\/em><\/h4>\n<h5 style=\"text-align: center;\"><em>(A workshop nyelve magyar \u00e9s angol)<\/em><\/h5>\n<h5 style=\"text-align: center;\"><span style=\"color: #800000;\"><strong>EL\u0150AD\u00d3K:<\/strong><b> CS\u00d6RG\u0150 ANDREA &#8211; HORV\u00c1TH ZSANETT<\/b><\/span><\/h5>\n[\/mk_fancy_title][vc_row_inner][vc_column_inner width=&#8221;1\/6&#8243;][mk_image_box title=&#8221;Sociodrama and power&#8221; src=&#8221;https:\/\/8thsociodramaconference.com\/wp-content\/uploads\/2024\/05\/local-communities.png&#8221; media_width=&#8221;421&#8243; media_height=&#8221;294&#8243; crop=&#8221;false&#8221; image_link=&#8221;url&#8221; target=&#8221;_blank&#8221; align=&#8221;center&#8221; rounded_corner=&#8221;true&#8221;][\/mk_image_box][\/vc_column_inner][vc_column_inner width=&#8221;2\/3&#8243;][vc_column_text responsive_align=&#8221;left&#8221;]\n<h5 style=\"text-align: left;\"><strong>ID\u0150PONT: <\/strong>J\u00fanius 28. p\u00e9ntek, 14:00-16:30<br \/>\n<strong>T\u00c9MA: <\/strong>Programok a helyi k\u00f6z\u00f6ss\u00e9gekben<strong><br \/>\n<\/strong><strong>PROGRAM T\u00cdPUSA: <\/strong>Workshop<br \/>\n<strong>HELYSZ\u00cdN: <\/strong>Konferencia helysz\u00edn, Terem:<br \/>\n<strong>R\u00c9SZTVEV\u0150K SZ\u00c1MA: <\/strong>15<br \/>\n<strong>R\u00c9SZV\u00c9TEL FELT\u00c9TELE: <\/strong>A <a href=\"https:\/\/8thsociodramaconference.com\/hu\/program-filmscreening-szivhang\/\" target=\"_blank\" rel=\"noopener\">j\u00fanius 27-ei filmvet\u00edt\u00e9sen<\/a> val\u00f3 r\u00e9szv\u00e9tel<strong><br \/>\nNYELV: <\/strong>Magyar \u00e9s angol<br \/>\n<strong>C\u00cdMKE: <\/strong>\u00a0<a href=\"https:\/\/8thsociodramaconference.com\/hu\/programs-in-local-communities\/\" target=\"_blank\" rel=\"noopener\">Helyi k\u00f6z\u00f6ss\u00e9gek<\/a>, <a href=\"https:\/\/8thsociodramaconference.com\/hu\/workshops-jun28-afternoon\/\" target=\"_blank\" rel=\"noopener\">Programok j\u00fanius 28-\u00e1n d\u00e9lut\u00e1n<\/a><\/h5>\n[\/vc_column_text][\/vc_column_inner][\/vc_row_inner][\/vc_column][vc_column border_color=&#8221;#6d2319&#8243;][vc_gallery interval=&#8221;3&#8243; images=&#8221;7228,7230,7232&#8243; img_size=&#8221;full&#8221; css=&#8221;.vc_custom_1716138494253{background-color: #632716 !important;}&#8221;][vc_message message_box_color=&#8221;grey&#8221;]Photo: Gabriella Csosz\u00f3[\/vc_message][\/vc_column][\/mk_page_section][mk_page_section padding=&#8221;0&#8243;][vc_column][vc_column_text responsive_align=&#8221;left&#8221;]\n<h5 style=\"text-align: center;\"><b>ABSZTRAKT:<\/b><\/h5>\n[\/vc_column_text][vc_column_text responsive_align=&#8221;left&#8221;]A Sz\u00edvhangok K\u00f6z\u00f6ss\u00e9ge roma n\u0151kb\u0151l \u00e9s f\u00e9rfiakb\u00f3l, eg\u00e9szs\u00e9g\u00fcgyi dolgoz\u00f3kb\u00f3l, n\u0151jogi \u00e9s sz\u00fclet\u00e9sjogi aktivist\u00e1kb\u00f3l, seg\u00edt\u0151 szakemberek csoportj\u00e1b\u00f3l \u00e1ll.<\/p>\n<p>2017 \u00f3ta workshopokon, sz\u00ednh\u00e1zi el\u0151ad\u00e1sokon kereszt\u00fcl foglalkoznak a t\u00e1rsadalmi megosztotts\u00e1g felsz\u00e1mol\u00e1s\u00e1val, az int\u00e9zm\u00e9nyes er\u0151szak \u00e9s strukt\u00fara \u00e1talak\u00edthat\u00f3s\u00e1g\u00e1val.<\/p>\n<p>A csoport kiemelt figyelmet ford\u00edt arra, hogy mik\u00e9pp van jelen a specifikusan a roma n\u0151ket \u00e9rint\u0151 elnyom\u00e1s \u00e9s er\u0151szak az eg\u00e9szs\u00e9g\u00fcgyi \u00e9s szoci\u00e1lis ell\u00e1t\u00f3rendszerben, \u00e9s hogy ez mik\u00e9pp befoly\u00e1solja any\u00e1k \u00e9s gyermekeik sors\u00e1t.<br \/>\nHogyan v\u00e1lnak egym\u00e1s ellens\u00e9geiv\u00e9 az ell\u00e1t\u00f3rendszer munkat\u00e1rsai \u00e9s kliensei?<br \/>\nHogyan lehetne a gyerekeket val\u00f3ban v\u00e9d\u0151 \u00e9s t\u00e1mogat\u00f3 sz\u00f6vets\u00e9geket, k\u00f6zegeket l\u00e9trehozni?<\/p>\n<p>A workshopon a r\u00e9sztvev\u0151k ezeket a k\u00e9rd\u00e9seket j\u00e1rj\u00e1k k\u00f6rbe szociodr\u00e1ma eszk\u00f6zeivel, kiemelve azok fontoss\u00e1g\u00e1t \u00e9s relevanci\u00e1j\u00e1t mind a csoport, mind a sz\u00e9lesebb k\u00f6z\u00f6ss\u00e9g sz\u00e1m\u00e1ra.<\/p>\n<p>A workshopot j\u00fanius 27-\u00e9n 21 \u00f3rakor egy <a href=\"https:\/\/8thsociodramaconference.com\/hu\/program-filmscreening-szivhang\/\" target=\"_blank\" rel=\"noopener\">filmvet\u00edt\u00e9s<\/a> k\u00e9sz\u00edti el\u0151. A workshopra a filmvet\u00edt\u00e9sre val\u00f3 regisztr\u00e1ci\u00f3 ut\u00e1n lehet jelentkezni. A k\u00e9t program egym\u00e1sra \u00e9p\u00fcl.<\/p>\n<p><a href=\"http:\/\/www.sajatszinhaz-szivhang.org\" target=\"_blank\" rel=\"noopener\">www.sajatszinhaz-szivhang.org<\/a><br \/>\n<a href=\"https:\/\/www.facebook.com\/szivhangtarsulat\" target=\"_blank\" rel=\"noopener\">https:\/\/www.facebook.com\/szivhangtarsulat<\/a>[\/vc_column_text][mk_padding_divider size=&#8221;30&#8243;][vc_column_text responsive_align=&#8221;left&#8221;]\n<h5 style=\"text-align: center;\"><b>AZ EL\u0150AD\u00d3KR\u00d3L:<\/b><\/h5>\n[\/vc_column_text][vc_row_inner][vc_column_inner width=&#8221;1\/4&#8243;][mk_image src=&#8221;https:\/\/8thsociodramaconference.com\/wp-content\/uploads\/2024\/02\/presenters-pic.png&#8221; image_width=&#8221;402&#8243; image_height=&#8221;275&#8243; crop=&#8221;false&#8221; hover=&#8221;false&#8221;][\/vc_column_inner][vc_column_inner width=&#8221;3\/4&#8243;][vc_column_text responsive_align=&#8221;left&#8221;]Andrea Cs\u00f6rg\u0151<br \/>\nZsanett Horv\u00e1th[\/vc_column_text][\/vc_column_inner][\/vc_row_inner][\/vc_column][\/mk_page_section]\n<\/section>","protected":false},"excerpt":{"rendered":"<p>[mk_page_section][vc_column][mk_fancy_title tag_name=&#8221;h2&#8243; size=&#8221;40&#8243; line_height=&#8221;50&#8243; font_family=&#8221;Oswald&#8221; font_type=&#8221;google&#8221; margin_bottom=&#8221;0&#8243;] AZ ELNYOMOTTAK HANGJA AZ ELL\u00c1T\u00d3RENDSZERBEN\u00a0 A Sz\u00edvhangok csoport workshopja\u00a0 (A workshop nyelve magyar \u00e9s angol) EL\u0150AD\u00d3K: CS\u00d6RG\u0150 ANDREA &#8211; HORV\u00c1TH ZSANETT [\/mk_fancy_title][vc_row_inner][vc_column_inner width=&#8221;1\/6&#8243;][mk_image_box title=&#8221;Sociodrama and power&#8221; src=&#8221;https:\/\/8thsociodramaconference.com\/wp-content\/uploads\/2024\/05\/local-communities.png&#8221; media_width=&#8221;421&#8243; media_height=&#8221;294&#8243; crop=&#8221;false&#8221; image_link=&#8221;url&#8221; target=&#8221;_blank&#8221; align=&#8221;center&#8221; rounded_corner=&#8221;true&#8221;][\/mk_image_box][\/vc_column_inner][vc_column_inner width=&#8221;2\/3&#8243;][vc_column_text responsive_align=&#8221;left&#8221;] ID\u0150PONT: J\u00fanius 28. p\u00e9ntek, 14:00-16:30 T\u00c9MA: Programok a helyi k\u00f6z\u00f6ss\u00e9gekben PROGRAM T\u00cdPUSA: [&hellip;]<\/p>\n","protected":false},"author":1,"featured_media":0,"parent":0,"menu_order":0,"comment_status":"closed","ping_status":"closed","template":"","meta":{"footnotes":""},"class_list":["post-7235","page","type-page","status-publish","hentry"],"_links":{"self":[{"href":"https:\/\/8thsociodramaconference.com\/hu\/wp-json\/wp\/v2\/pages\/7235","targetHints":{"allow":["GET"]}}],"collection":[{"href":"https:\/\/8thsociodramaconference.com\/hu\/wp-json\/wp\/v2\/pages"}],"about":[{"href":"https:\/\/8thsociodramaconference.com\/hu\/wp-json\/wp\/v2\/types\/page"}],"author":[{"embeddable":true,"href":"https:\/\/8thsociodramaconference.com\/hu\/wp-json\/wp\/v2\/users\/1"}],"replies":[{"embeddable":true,"href":"https:\/\/8thsociodramaconference.com\/hu\/wp-json\/wp\/v2\/comments?post=7235"}],"version-history":[{"count":9,"href":"https:\/\/8thsociodramaconference.com\/hu\/wp-json\/wp\/v2\/pages\/7235\/revisions"}],"predecessor-version":[{"id":7742,"href":"https:\/\/8thsociodramaconference.com\/hu\/wp-json\/wp\/v2\/pages\/7235\/revisions\/7742"}],"wp:attachment":[{"href":"https:\/\/8thsociodramaconference.com\/hu\/wp-json\/wp\/v2\/media?parent=7235"}],"curies":[{"name":"wp","href":"https:\/\/api.w.org\/{rel}","templated":true}]}}