{"id":7224,"date":"2024-05-19T17:56:21","date_gmt":"2024-05-19T15:56:21","guid":{"rendered":"https:\/\/8thsociodramaconference.com\/program-belvarosi-kozossegi-ter\/"},"modified":"2024-05-29T12:49:44","modified_gmt":"2024-05-29T10:49:44","slug":"program-belvarosi-kozossegi-ter","status":"publish","type":"page","link":"https:\/\/8thsociodramaconference.com\/hu\/program-belvarosi-kozossegi-ter\/","title":{"rendered":"Program Belv\u00e1rosi K\u00f6z\u00f6ss\u00e9gi t\u00e9r"},"content":{"rendered":"<section class=\"wpb-content-wrapper\">[mk_page_section][vc_column][mk_fancy_title tag_name=&#8221;h2&#8243; size=&#8221;40&#8243; line_height=&#8221;50&#8243; font_family=&#8221;Oswald&#8221; font_type=&#8221;google&#8221; margin_bottom=&#8221;0&#8243;]\n<h3 style=\"text-align: center;\"><strong>K\u00d6Z\u00d6SS\u00c9GI T\u00c9R VAGY PREVENCI\u00d3S K\u00d6ZPONT? &#8211; ETIKAI DILEMMAK \u00c9S FEJL\u0150D\u00c9SI LEHET\u0150S\u00c9GEK<br \/>\n<\/strong><\/h3>\n<h4 style=\"text-align: center;\"><em><strong>A Belv\u00e1rosi K\u00f6z\u00f6ss\u00e9gi T\u00e9r workshopja<\/strong><\/em><\/h4>\n<h5 style=\"text-align: center;\"><em>(A workshop nyelve magyar \u00e9s angol)<\/em><\/h5>\n<h5 style=\"text-align: center;\"><span style=\"color: #800000;\"><strong>EL\u0150AD\u00d3K: KUBOVICS-JUH\u00c1SZ CSILLA &#8211; IRINA STEFANESCU<\/strong><b><\/b><\/span><\/h5>\n<h5 style=\"text-align: center;\"><span style=\"color: #800000;\"><b>\u00a0<\/b><\/span><\/h5>\n[\/mk_fancy_title][vc_row_inner][vc_column_inner width=&#8221;1\/6&#8243;][mk_image_box title=&#8221;Sociodrama and power&#8221; src=&#8221;https:\/\/8thsociodramaconference.com\/wp-content\/uploads\/2024\/05\/local-communities.png&#8221; media_width=&#8221;421&#8243; media_height=&#8221;294&#8243; crop=&#8221;false&#8221; image_link=&#8221;url&#8221; target=&#8221;_blank&#8221; align=&#8221;center&#8221; rounded_corner=&#8221;true&#8221;][\/mk_image_box][\/vc_column_inner][vc_column_inner width=&#8221;2\/3&#8243;][vc_column_text responsive_align=&#8221;left&#8221;]\n<h5 style=\"text-align: left;\"><strong>ID\u0150PONT: <\/strong>J\u00fanius 28. p\u00e9ntek, 9:00-12:00<br \/>\n<strong>T\u00c9MA: <\/strong>Programok a helyi k\u00f6z\u00f6ss\u00e9gekben<strong><br \/>\n<\/strong><strong>PROGRAM T\u00cdPUSA: <\/strong>Workshop<br \/>\n<strong>HELYSZ\u00cdN: <\/strong>Belv\u00e1rosi K\u00f6z\u00f6ss\u00e9gi T\u00e9r, 1051 Budapest, M\u00e9rleg utca 9.<br \/>\n<strong>R\u00c9SZTVEV\u0150K SZ\u00c1MA: <\/strong>15<strong><br \/>\nNYELV: <\/strong>Magyar \u00e9s angol<br \/>\n<strong>C\u00cdMKE: <\/strong>\u00a0<a href=\"https:\/\/8thsociodramaconference.com\/hu\/programs-in-local-communities\/\" target=\"_blank\" rel=\"noopener\">Helyi k\u00f6z\u00f6ss\u00e9gek,<\/a> <a href=\"https:\/\/8thsociodramaconference.com\/hu\/workshops-jun28-morning\/\" target=\"_blank\" rel=\"noopener\">Programok j\u00fanius 28-\u00e1n d\u00e9lel\u0151tt<\/a><\/h5>\n<h5 style=\"text-align: left;\"><\/h5>\n[\/vc_column_text][\/vc_column_inner][\/vc_row_inner][\/vc_column][vc_column border_color=&#8221;#6d2319&#8243;][vc_gallery interval=&#8221;3&#8243; images=&#8221;7219,7215,7217&#8243; img_size=&#8221;full&#8221; css=&#8221;.vc_custom_1716132738036{background-color: #632716 !important;}&#8221;][\/vc_column][\/mk_page_section][mk_page_section padding=&#8221;0&#8243;][vc_column][vc_column_text responsive_align=&#8221;left&#8221;]\n<h5 style=\"text-align: center;\"><b>ABSZTRAKT:<\/b><\/h5>\n[\/vc_column_text][vc_column_text responsive_align=&#8221;left&#8221;]A Budapest V. ker\u00fcleti \u00d6nkorm\u00e1nyzat kiz\u00e1r\u00f3lagos tulajdon\u00e1ban \u00e1ll\u00f3 Seg\u00edt\u0151 Kezek az Akt\u00edv \u00c9vek\u00e9rt K\u00f6zhaszn\u00fa Nonprofit Kft. keret\u00e9ben m\u0171k\u00f6d\u0151 Belv\u00e1rosi K\u00f6z\u00f6ss\u00e9gi t\u00e9r prevenci\u00f3s szeml\u00e9letet k\u00e9pvisel. Komplex, egym\u00e1sra \u00e9p\u00fcl\u0151, ingyenes szolg\u00e1ltat\u00e1scsomagot aj\u00e1nlunk a ker\u00fcletben \u00e9l\u0151 csal\u00e1doknak a v\u00e1rand\u00f3ss\u00e1g kezdet\u00e9t\u0151l a kamaszkor v\u00e9g\u00e9ig. Szakmai programunk gerinc\u00e9t, m\u00f3dszertani alapj\u00e1t a Metamorphoses Meseter\u00e1pia \u00e9s a Kende Hanna f\u00e9le gyermekpszichodr\u00e1ma m\u00f3dszertana alkotja, kieg\u00e9sz\u00fclve a zeneter\u00e1pia, a mozg\u00e1s-\u00e9s t\u00e1ncter\u00e1pia, \u00e9s a dinamikus szenzoros mozg\u00e1sfejleszt\u00e9s eszk\u00f6zt\u00e1r\u00e1val. Szakembereinkre \u00e1ltal\u00e1nosan jellemz\u0151, hogy egyszerre t\u00f6bb ter\u00fcleten rendelkeznek gyakorlattal, alap (pl. pszichol\u00f3gia, gy\u00f3gypedag\u00f3gia) k\u00e9pzetts\u00e9g\u00fck\u00f6n fel\u00fcl szakk\u00e9pes\u00edt\u00e9sekkel, m\u00f3dszerspecifikus v\u00e9gzetts\u00e9gekkel (meseter\u00e1pia, gyermekpszichodr\u00e1ma, csal\u00e1dter\u00e1pia, szenzoros-integr\u00e1ci\u00f3s ter\u00e1pia stb.), \u00edgy olyan szakmai csapatmunka val\u00f3sul meg a k\u00f6zpontban \u00e9s a ker\u00fcleti gyermekv\u00e9delmi jelz\u0151rendszer tagjaival, amely biztos\u00edtja a holisztikus szeml\u00e9letet \u00e9s professzionalit\u00e1st.<\/p>\n<p>F\u0151bb szakmai tev\u00e9kenys\u00e9gek:<br \/>\n&#8211; nyitott \u00e9s z\u00e1rt csoportok sz\u00fcl\u0151knek \u00e9s gyermekeknek<br \/>\n&#8211; rendszerszeml\u00e9let\u0171, csal\u00e1df\u00f3kusz\u00fa t\u00e1mogat\u00f3-seg\u00edt\u0151 tev\u00e9kenys\u00e9g<br \/>\n&#8211; mozg\u00e1sfejleszt\u00e9s \u00e9s mozg\u00e1ster\u00e1pi\u00e1s szolg\u00e1ltat\u00e1s<br \/>\n&#8211; gyermek\u00e1gyas seg\u00edt\u00e9s, szoptat\u00e1si tan\u00e1csad\u00e1s, babahordoz\u00e1si tan\u00e1csad\u00e1s<br \/>\n&#8211; a csal\u00e1dot t\u00e1mogat\u00f3 intergener\u00e1ci\u00f3s programok<br \/>\n&#8211; id\u0151s\u00fcgyi programok<br \/>\n&#8211; ingyenes napk\u00f6zis t\u00e1borok<br \/>\n&#8211; id\u0151szakos gyermekfel\u00fcgyelet<br \/>\n&#8211; csal\u00e1dbar\u00e1t specialty k\u00e1v\u00e9z\u00f3<\/p>\n<p>A program c\u00e9lja bemutatni, hogyan tud kialakulni egy ilyen k\u00f6zpont, milyen szakmai k\u00e9rd\u00e9sek, kih\u00edv\u00e1sok jelennek meg \u00e9s hova tud fejl\u0151dni egy ilyen kezdem\u00e9nyez\u00e9s.<br \/>\nA k\u00f6zpont bemutat\u00e1s\u00e1t k\u00f6vet\u0151en, helyben a szociodr\u00e1ma m\u00f3dszer\u00e9vel n\u00e9zn\u00e9nk r\u00e1 arra a k\u00e9rd\u00e9sre, hogyan lehet egy ilyen prevenci\u00f3s k\u00f6zpontban hat\u00e1rokat tartani, szakmais\u00e1got k\u00e9pviselni, k\u00f6zben pedig motiv\u00e1lni az oda j\u00e1r\u00f3kat, hogy min\u00e9l t\u00f6bbet dolgozzanak magukkal, a gyerekeiekkel, csal\u00e1djukkal. Mindezen n\u00e9z\u0151pontot pedig kit\u00e1g\u00edtan\u00e1nk a vel\u00fcnk egy\u00fcttm\u0171k\u00f6d\u00e9sben l\u00e9v\u0151 egy\u00e9b int\u00e9zm\u00e9nyek kapcsol\u00f3d\u00e1saival is.[\/vc_column_text][mk_padding_divider size=&#8221;30&#8243;][vc_column_text responsive_align=&#8221;left&#8221;]\n<h5 style=\"text-align: center;\"><b>ABOUT THE PRESENTERS:<\/b><\/h5>\n[\/vc_column_text][vc_row_inner][vc_column_inner width=&#8221;1\/4&#8243;][mk_image src=&#8221;https:\/\/8thsociodramaconference.com\/wp-content\/uploads\/2024\/02\/Kubovics-Juhasz-Csilla.png&#8221; image_width=&#8221;402&#8243; image_height=&#8221;275&#8243; crop=&#8221;false&#8221; hover=&#8221;false&#8221;][\/vc_column_inner][vc_column_inner width=&#8221;3\/4&#8243;][vc_column_text responsive_align=&#8221;left&#8221;]Kubovics-Juh\u00e1sz Csilla pszichol\u00f3gus \u00e9s gyermekpszichodr\u00e1ma vezet\u0151. Tagja a Magyar Csal\u00e1d- \u00e9s P\u00e1rter\u00e1pi\u00e1s Egyes\u00fcletnek \u00e9s a Kende Hanna Gyermekpszichodr\u00e1ma Egyes\u00fcletnek. Csilla 2017-t\u0151l dolgozik a B\u00e1tor T\u00e1borban (Serious Fun Gyermekh\u00e1l\u00f3zat), ahol kr\u00f3nikus betegs\u00e9ggel \u00e9l\u0151 gyerekekkel foglalkoznak. B\u00e1r 2022-t\u0151l a Belv\u00e1rosi K\u00f6z\u00f6ss\u00e9gi H\u00e1z prevenci\u00f3s szakmai vezet\u0151je, tov\u00e1bbra is a B\u00e1tor T\u00e1borhoz k\u00f6t\u0151dik, mint gy\u00e1sztan\u00e1csad\u00f3 a gyermek\u00fcket elvesztett csal\u00e1dokkal, valamint gyermekpszichodr\u00e1ma csoportokkal is foglalkozik.[\/vc_column_text][\/vc_column_inner][\/vc_row_inner][vc_row_inner][vc_column_inner width=&#8221;1\/4&#8243;][mk_image src=&#8221;https:\/\/8thsociodramaconference.com\/wp-content\/uploads\/2024\/02\/irina-stefanescu.png&#8221; image_width=&#8221;402&#8243; image_height=&#8221;275&#8243; crop=&#8221;false&#8221; hover=&#8221;false&#8221;][\/vc_column_inner][vc_column_inner width=&#8221;3\/4&#8243;][vc_column_text responsive_align=&#8221;left&#8221;]Irina Stefanescu: 2009 \u00f3ta pszichodr\u00e1ma vezet\u0151 (ARPsiC), 2012 \u00f3ta szociodr\u00e1ma vezet\u0151 (BPA). Ezeket az akci\u00f3m\u00f3dszereket be\u00e9p\u00edtette szakmai gyakorlat\u00e1ba coaching \u00e9s szervezetfejleszt\u00e9si tan\u00e1csad\u00f3k\u00e9nt, hogy kreat\u00edv tanul\u00e1si lehet\u0151s\u00e9get biztos\u00edtson kliensei \u00e9s szervezeteik sz\u00e1m\u00e1ra. T\u00f6bb eur\u00f3pai orsz\u00e1g pszichodr\u00e1ma iskol\u00e1j\u00e1ban mutatja be a szociodr\u00e1m\u00e1t. Egy csod\u00e1latos csapattal \u2013 Norbert Apter, Valerie Monti Holland, Eveline Jost \u00e9s Peter Schoenhagen \u2013 egy\u00fctt kidolgoztak \u00e9s m\u0171k\u00f6dtetnek egy akkredit\u00e1lt k\u00e9pz\u00e9st szociodr\u00e1ma \u00e9s akci\u00f3m\u00f3dszerek ter\u00fclet\u00e9n tr\u00e9nerek, coachok, menedzserek \u00e9s szoci\u00e1lis munk\u00e1sok sz\u00e1m\u00e1ra Genfben, Sv\u00e1jcban.[\/vc_column_text][\/vc_column_inner][\/vc_row_inner][\/vc_column][\/mk_page_section]\n<\/section>","protected":false},"excerpt":{"rendered":"<p>[mk_page_section][vc_column][mk_fancy_title tag_name=&#8221;h2&#8243; size=&#8221;40&#8243; line_height=&#8221;50&#8243; font_family=&#8221;Oswald&#8221; font_type=&#8221;google&#8221; margin_bottom=&#8221;0&#8243;] K\u00d6Z\u00d6SS\u00c9GI T\u00c9R VAGY PREVENCI\u00d3S K\u00d6ZPONT? &#8211; ETIKAI DILEMMAK \u00c9S FEJL\u0150D\u00c9SI LEHET\u0150S\u00c9GEK A Belv\u00e1rosi K\u00f6z\u00f6ss\u00e9gi T\u00e9r workshopja (A workshop nyelve magyar \u00e9s angol) EL\u0150AD\u00d3K: KUBOVICS-JUH\u00c1SZ CSILLA &#8211; IRINA STEFANESCU \u00a0 [\/mk_fancy_title][vc_row_inner][vc_column_inner width=&#8221;1\/6&#8243;][mk_image_box title=&#8221;Sociodrama and power&#8221; src=&#8221;https:\/\/8thsociodramaconference.com\/wp-content\/uploads\/2024\/05\/local-communities.png&#8221; media_width=&#8221;421&#8243; media_height=&#8221;294&#8243; crop=&#8221;false&#8221; image_link=&#8221;url&#8221; target=&#8221;_blank&#8221; align=&#8221;center&#8221; rounded_corner=&#8221;true&#8221;][\/mk_image_box][\/vc_column_inner][vc_column_inner width=&#8221;2\/3&#8243;][vc_column_text responsive_align=&#8221;left&#8221;] ID\u0150PONT: J\u00fanius 28. p\u00e9ntek, [&hellip;]<\/p>\n","protected":false},"author":1,"featured_media":0,"parent":0,"menu_order":0,"comment_status":"closed","ping_status":"closed","template":"","meta":{"footnotes":""},"class_list":["post-7224","page","type-page","status-publish","hentry"],"_links":{"self":[{"href":"https:\/\/8thsociodramaconference.com\/hu\/wp-json\/wp\/v2\/pages\/7224","targetHints":{"allow":["GET"]}}],"collection":[{"href":"https:\/\/8thsociodramaconference.com\/hu\/wp-json\/wp\/v2\/pages"}],"about":[{"href":"https:\/\/8thsociodramaconference.com\/hu\/wp-json\/wp\/v2\/types\/page"}],"author":[{"embeddable":true,"href":"https:\/\/8thsociodramaconference.com\/hu\/wp-json\/wp\/v2\/users\/1"}],"replies":[{"embeddable":true,"href":"https:\/\/8thsociodramaconference.com\/hu\/wp-json\/wp\/v2\/comments?post=7224"}],"version-history":[{"count":5,"href":"https:\/\/8thsociodramaconference.com\/hu\/wp-json\/wp\/v2\/pages\/7224\/revisions"}],"predecessor-version":[{"id":8028,"href":"https:\/\/8thsociodramaconference.com\/hu\/wp-json\/wp\/v2\/pages\/7224\/revisions\/8028"}],"wp:attachment":[{"href":"https:\/\/8thsociodramaconference.com\/hu\/wp-json\/wp\/v2\/media?parent=7224"}],"curies":[{"name":"wp","href":"https:\/\/api.w.org\/{rel}","templated":true}]}}