{"id":7210,"date":"2024-05-19T16:40:18","date_gmt":"2024-05-19T14:40:18","guid":{"rendered":"https:\/\/8thsociodramaconference.com\/program-sarret\/"},"modified":"2024-05-26T18:20:19","modified_gmt":"2024-05-26T16:20:19","slug":"program-sarret","status":"publish","type":"page","link":"https:\/\/8thsociodramaconference.com\/hu\/program-sarret\/","title":{"rendered":"Program S\u00e1rr\u00e9t K\u00f6z\u00f6ss\u00e9gi T\u00e9r"},"content":{"rendered":"<section class=\"wpb-content-wrapper\">[mk_page_section][vc_column][mk_fancy_title tag_name=&#8221;h2&#8243; size=&#8221;40&#8243; line_height=&#8221;50&#8243; font_family=&#8221;Oswald&#8221; font_type=&#8221;google&#8221; margin_bottom=&#8221;0&#8243;]\n<h3 style=\"text-align: center;\"><strong>K\u00d6Z\u00d6SS\u00c9GFEJLESZT\u00c9S SZOCIODR\u00c1M\u00c1VAL EGY BUDAPESTI LAK\u00d3TELEPEN<\/strong><\/h3>\n<h4 style=\"text-align: center;\"><em><strong>A S\u00e1rr\u00e9t K\u00f6z\u00f6ss\u00e9gi t\u00e9r workshopja<\/strong><\/em><\/h4>\n<h5 style=\"text-align: center;\"><em>(A workshop nyelve magyar \u00e9s angol)<\/em><\/h5>\n<h5 style=\"text-align: center;\"><span style=\"color: #800000;\"><strong>EL\u0150AD\u00d3K:<\/strong><b> BALLA EDIT &#8211; TESZ\u00c1RY JUDITH<\/b><\/span><\/h5>\n[\/mk_fancy_title][vc_row_inner][vc_column_inner width=&#8221;1\/6&#8243;][mk_image_box title=&#8221;Sociodrama and power&#8221; src=&#8221;https:\/\/8thsociodramaconference.com\/wp-content\/uploads\/2024\/05\/local-communities.png&#8221; media_width=&#8221;421&#8243; media_height=&#8221;294&#8243; crop=&#8221;false&#8221; image_link=&#8221;url&#8221; target=&#8221;_blank&#8221; align=&#8221;center&#8221; rounded_corner=&#8221;true&#8221;][\/mk_image_box][\/vc_column_inner][vc_column_inner width=&#8221;2\/3&#8243;][vc_column_text responsive_align=&#8221;left&#8221;]\n<h5 style=\"text-align: left;\"><strong>ID\u0150PONT: <\/strong>J\u00fanius 28. p\u00e9ntek, 9:00-12:00<br \/>\n<strong>T\u00c9MA: <\/strong>Programok a helyi k\u00f6z\u00f6ss\u00e9gekben<strong><br \/>\n<\/strong><strong>PROGRAM T\u00cdPUSA: <\/strong>Workshop<br \/>\n<strong>HELYSZ\u00cdN: <\/strong>1142 Budapest, S\u00e1rr\u00e9t park 2<br \/>\n<strong>R\u00c9SZTVEV\u0150K SZ\u00c1MA: <\/strong>13<strong><br \/>\nNYELV: <\/strong>Magyar \u00e9s angol<br \/>\n<strong>C\u00cdMKE: <\/strong>\u00a0<a href=\"https:\/\/8thsociodramaconference.com\/hu\/programs-in-local-communities\/\" target=\"_blank\" rel=\"noopener\">Helyi k\u00f6z\u00f6ss\u00e9gek,<\/a> <a href=\"https:\/\/8thsociodramaconference.com\/hu\/workshops-jun28-morning\/\" target=\"_blank\" rel=\"noopener\">Programok j\u00fanius 28-\u00e1n d\u00e9lel\u0151tt<\/a><\/h5>\n[\/vc_column_text][\/vc_column_inner][\/vc_row_inner][\/vc_column][vc_column border_color=&#8221;#6d2319&#8243;][vc_gallery interval=&#8221;3&#8243; images=&#8221;7200,7196,7198,7205&#8243; img_size=&#8221;full&#8221; css=&#8221;.vc_custom_1716129790915{background-color: #632716 !important;}&#8221;][\/vc_column][\/mk_page_section][mk_page_section padding=&#8221;0&#8243;][vc_column][vc_column_text responsive_align=&#8221;left&#8221;]\n<h5 style=\"text-align: center;\"><b>ABSZTRAKT:<\/b><\/h5>\n[\/vc_column_text][vc_column_text responsive_align=&#8221;left&#8221;]Budapest k\u00fclv\u00e1ros\u00e1nak (14. ker\u00fclet\u00e9nek) egyik lak\u00f3telep\u00e9n komoly lakoss\u00e1gi konfliktushoz vezetett az, hogy n\u00e9h\u00e1ny utc\u00e1nyi ter\u00fcleten elt\u00e9r\u0151 t\u00e1rsadalmi oszt\u00e1lyhoz tartoz\u00f3, elt\u00e9r\u0151 szociokultur\u00e1lis h\u00e1tter\u0171, m\u00e1s lakhat\u00e1si form\u00e1val \u00e9s lakhat\u00e1si biztons\u00e1ggal rendelkez\u0151, roma \u00e9s nem roma emberek laknak egy\u00fctt.<br \/>\nA lakoss\u00e1gi konfliktust egy \u00e9vvel ezel\u0151tt a szociodr\u00e1ma m\u00f3dszer\u00e9n alapul\u00f3 k\u00f6z\u00f6ss\u00e9gfejleszt\u00e9ssel kezdt\u00fck el oldani \u00fagy, hogy egy reprezentat\u00edv m\u00f3don \u00f6ssze\u00e1llt lakoss\u00e1gi csoporttal kezdt\u00fcnk el dolgozni k\u00f6z\u00f6s \u00e9rt\u00e9keik \u00e9s k\u00f6z\u00f6s er\u0151forr\u00e1saik ment\u00e9n.<\/p>\n<p>A csoportfolyamat elej\u00e9t k\u00e9t k\u00e9pz\u00e9sben l\u00e9v\u0151 szociodr\u00e1ma asszisztens (Balla Edit \u00e9s Bartos Be\u00e1ta) egy szociodr\u00e1ma vezet\u0151vel (Pados Eszter) egy\u00fctt vezette, majd az \u00e9v m\u00e1sodik fel\u00e9ben m\u00e1r v\u00e9gzett szociodr\u00e1ma asszisztensk\u00e9nt folytatt\u00e1k.<br \/>\nA munka sor\u00e1n a csoport megfogalmazta, szeretne egy helyet, ahol lehet egy\u00fctt lenni \u00e9s k\u00f6z\u00f6sen csin\u00e1lni dolgokat. A k\u00f6z\u00f6ss\u00e9gi t\u00e9r szolg\u00e1ltat\u00e1sainak \u00f6tleteit egy nagy rendezv\u00e9nyen gy\u0171jt\u00f6tt\u00e9k \u00f6ssze a t\u00e1gabb lakoss\u00e1gi k\u00f6rrel egy\u00fctt. Id\u00e9n febru\u00e1rban p\u00e1ly\u00e1zati forr\u00e1sb\u00f3l siker\u00fclt fel\u00faj\u00edtani \u00e9s megnyitni egy settlement-jelleg\u0171 k\u00f6z\u00f6ss\u00e9gi t\u00e9r \u00e9s az\u00f3ta a t\u00e1gabb lakoss\u00e1g hasonl\u00f3an reprezentat\u00edv m\u00f3don val\u00f3 bevon\u00e1s\u00e1n dolgozunk. A t\u00e9r berendez\u00e9s\u00e9t is a lakosok tervezt\u00e9k meg, \u00e9s a b\u00fatorokat \u0151k szerelt\u00e9k \u00f6ssze.<\/p>\n<p>Alapelveink k\u00f6z\u00e9 tartozik a r\u00e9szv\u00e9teli m\u0171k\u00f6d\u00e9s. A lakoss\u00e1g a helyi szervezetek k\u00e9pvisel\u0151ivel egy\u00fctt nemcsak a programk\u00edn\u00e1latot, a k\u00f6z\u00f6ss\u00e9gi szolg\u00e1ltat\u00e1sokat, klubokat, gyermek- \u00e9s feln\u0151tt csoportokat, egy\u00e9ni tan\u00e1csad\u00e1sok sor\u00e1t \u00e1ll\u00edtotta \u00f6ssze, hanem a k\u00f6z\u00f6ss\u00e9gi t\u00e9r m\u0171k\u00f6d\u00e9si szab\u00e1lyzat\u00e1t is megalkotta. Fontosnak tartjuk, hogy a lakosok ne csak elmondj\u00e1k v\u00e9lem\u00e9ny\u00fcket, ha azt k\u00e9rdezik, hanem befoly\u00e1suk legyen azokra a d\u00f6nt\u00e9si mechanizmusokra, amelyek a k\u00f6z\u00f6ss\u00e9gi t\u00e9r m\u0171k\u00f6d\u00e9s\u00e9t befoly\u00e1solj\u00e1k. Ennek \u00e9rdek\u00e9ben havi rendszeres gy\u0171l\u00e9seket tartanak.<\/p>\n<p>Ezen a workshopon arra h\u00edvunk Benneteket, hogy a helyi lakosokkal ebben a k\u00f6z\u00f6ss\u00e9gi t\u00e9rben egy\u00fctt dolgozzunk azon, vajon mi lehet a k\u00f6vetkez\u0151, helyi k\u00f6z\u00f6ss\u00e9get inspir\u00e1l\u00f3 \u00e9s t\u00e1rsadalmi b\u00e1zist \u00e9p\u00edt\u0151 k\u00f6z\u00f6s \u00fcgy\u00fck most, hogy a ter\u00fck m\u00e1r megvan. Az int\u00e9zm\u00e9nyesed\u00e9s? &#8211; Civil szervezett\u00e9 alakul-e a lakoss\u00e1gi csoport? A civil kontroll \u00e9s a helyi hatalommal val\u00f3 viszony tiszt\u00e1z\u00e1sa? A t\u00e9r tulajdonl\u00e1s\u00e1nak k\u00e9rd\u00e9se? Az \u00f6nk\u00e9ntess\u00e9g? Vagy tov\u00e1bbra is a k\u00f6zt\u00e9ri szemetel\u00e9s, a normaszeg\u0151 viselked\u00e9s \u00e9s az alacsony szubjekt\u00edv biztons\u00e1g\u00e9rzet?<\/p>\n<p>Mindez az\u00e9rt is fontos, mert azt gondoljuk ez a fajta, demokr\u00e1ci\u00e1t gyakorl\u00f3 m\u0171k\u00f6d\u00e9s modell\u00e9rt\u00e9k\u0171 lehet azon k\u00f6z\u00f6ss\u00e9gek, helyi szervez\u0151d\u00e9sek sz\u00e1m\u00e1ra, akik szint\u00e9n lokalit\u00e1sban gondolkodnak, akik hisznek abban, hogy a helyi akt\u00edv, cselekv\u0151 r\u00e9szv\u00e9tel n\u00f6vel\u00e9se vezethet a j\u00f3l m\u0171k\u00f6d\u0151 t\u00e1rsadalomhoz.<\/p>\n<p>A program ide\u00e1lisan 10, de legfeljebb 13 konferencia r\u00e9sztvev\u0151t tud bevonni, 5-6 helyi csoporttag r\u00e9szv\u00e9tel\u00e9vel.[\/vc_column_text][mk_padding_divider size=&#8221;30&#8243;][vc_column_text responsive_align=&#8221;left&#8221;]\n<h5 style=\"text-align: center;\"><b>AZ EL\u0150AD\u00d3KR\u00d3L:<\/b><\/h5>\n[\/vc_column_text][vc_row_inner][vc_column_inner width=&#8221;1\/4&#8243;][mk_image src=&#8221;https:\/\/8thsociodramaconference.com\/wp-content\/uploads\/2024\/05\/Balla-Edit.png&#8221; image_width=&#8221;402&#8243; image_height=&#8221;275&#8243; crop=&#8221;false&#8221; hover=&#8221;false&#8221;][\/vc_column_inner][vc_column_inner width=&#8221;3\/4&#8243;][vc_column_text responsive_align=&#8221;left&#8221;]Balla Edit k\u00f6z\u00f6ss\u00e9gfejleszt\u0151 \u00e9s szoci\u00e1lis szakember, szociodr\u00e1ma \u00e9s pszichodr\u00e1ma asszisztens, a k\u00f6z\u00f6ss\u00e9gi t\u00e9r jelenlegi szakmai koordin\u00e1tora.<br \/>\nSzociol\u00f3gia \u00e9s n\u00e9prajz diplom\u00e1it a P\u00e9csi Tudom\u00e1nyegyetemen szerezte. A hajl\u00e9ktalanell\u00e1t\u00e1sban \u00e9s csal\u00e1dok \u00e1tmeneti otthon\u00e1ban sok\u00e9ves munk\u00e1ja alatt kiemelten fontosnak tartotta olyan szolg\u00e1ltat\u00e1sok kialak\u00edt\u00e1s\u00e1t, amelyek a t\u00e1rsadalom perem\u00e9n \u00e9l\u0151k t\u00e1rsadalmi inkl\u00fazi\u00f3j\u00e1t seg\u00edtik.<br \/>\n\u00c9rdekl\u0151d\u00e9si ter\u00fclete a k\u00fcl\u00f6nb\u00f6z\u0151 szociokultur\u00e1lis h\u00e1tt\u00e9rrel rendelkez\u0151 t\u00e1rsadalmi csoportok egy\u00fctt\u00e9l\u00e9s\u00e9nek \u00e9s \u00f6nszervez\u0151d\u00e9s\u00e9nek t\u00e1mogat\u00e1sa. 2023-ban diplom\u00e1zott az ELTE T\u00c1TK K\u00f6z\u00f6ss\u00e9gi \u00e9s Civil Tanulm\u00e1nyok mesterszak\u00e1n, \u00e9s a Magyar Pszichodr\u00e1ma Egyes\u00fclet keretein bel\u00fcl r\u00e1tal\u00e1lt a szociodr\u00e1ma m\u00f3dszer\u00e9re, melyet a k\u00f6z\u00f6ss\u00e9gfejleszt\u00e9sben, a szomsz\u00e9ds\u00e1gi munk\u00e1ban alkalmaz.<br \/>\n2023-ban k\u00f6z\u00f6ss\u00e9gfejleszt\u0151 \u00e9s szoci\u00e1lis munk\u00e1j\u00e1t Zugl\u00f3\u00e9rt Eml\u00e9k\u00e9remmel d\u00edjazt\u00e1k.[\/vc_column_text][\/vc_column_inner][\/vc_row_inner][vc_row_inner][vc_column_inner width=&#8221;1\/4&#8243;][mk_image src=&#8221;https:\/\/8thsociodramaconference.com\/wp-content\/uploads\/2024\/02\/Judith-Teszary.png&#8221; image_width=&#8221;402&#8243; image_height=&#8221;275&#8243; crop=&#8221;false&#8221; hover=&#8221;false&#8221;][\/vc_column_inner][vc_column_inner width=&#8221;3\/4&#8243;][vc_column_text responsive_align=&#8221;left&#8221;]Tesz\u00e1ry Judith pszichol\u00f3gus, pszichodr\u00e1ma \u00e9s szociodr\u00e1ma kik\u00e9pz\u0151 szuperv\u00edzor, nemzetk\u00f6zi el\u0151ad\u00f3. Zerka Moreno k\u00e9pezte ki a Moreno Int\u00e9zetben (Beacon, New York). A FEPTO alap\u00edt\u00f3 tagja, hat \u00e9vig (2002-2008) eln\u00f6ke is volt. Tev\u00e9kenys\u00e9g\u00e9\u00e9rt \u00e9letm\u0171d\u00edjat kapott. Tagja a Task Force for Peace and Conflict Transformation csoportnak, amely a szociodr\u00e1ma m\u00f3dszer\u00e9t haszn\u00e1lja konfliktusos ter\u00fcleteken, seg\u00edtve a seg\u00edt\u0151ket a traumatikus \u00e9lm\u00e9nyek feldolgoz\u00e1s\u00e1ban, p\u00e9ld\u00e1ul a kijevi Majdan forradalom ut\u00e1n. K\u00e9t ukrajnai t\u00e1mogat\u00f3\/ter\u00e1pi\u00e1s csoportot vezet. Dolgozott pszichoszomatikus betegekkel, pszichoszociodr\u00e1ma alkalmaz\u00e1s\u00e1val egy kutat\u00e1si \u00e9s gy\u00f3g\u00edt\u00f3 projektben a stockholmi Karolinska Int\u00e9zet Stresszkutat\u00e1si Oszt\u00e1ly\u00e1n. Stockholm v\u00e1ros szoci\u00e1lis oszt\u00e1ly\u00e1n nevel\u0151sz\u00fcl\u0151kn\u00e9l dolgozott pszichol\u00f3gusk\u00e9nt. Szoci\u00e1lis munk\u00e1sokat k\u00e9pzett szociodramatikus m\u00f3dszerekkel. A Sv\u00e9d Pszichodr\u00e1ma Egyes\u00fclet eln\u00f6ke.[\/vc_column_text][\/vc_column_inner][\/vc_row_inner][\/vc_column][\/mk_page_section]\n<\/section>","protected":false},"excerpt":{"rendered":"<p>[mk_page_section][vc_column][mk_fancy_title tag_name=&#8221;h2&#8243; size=&#8221;40&#8243; line_height=&#8221;50&#8243; font_family=&#8221;Oswald&#8221; font_type=&#8221;google&#8221; margin_bottom=&#8221;0&#8243;] K\u00d6Z\u00d6SS\u00c9GFEJLESZT\u00c9S SZOCIODR\u00c1M\u00c1VAL EGY BUDAPESTI LAK\u00d3TELEPEN A S\u00e1rr\u00e9t K\u00f6z\u00f6ss\u00e9gi t\u00e9r workshopja (A workshop nyelve magyar \u00e9s angol) EL\u0150AD\u00d3K: BALLA EDIT &#8211; TESZ\u00c1RY JUDITH [\/mk_fancy_title][vc_row_inner][vc_column_inner width=&#8221;1\/6&#8243;][mk_image_box title=&#8221;Sociodrama and power&#8221; src=&#8221;https:\/\/8thsociodramaconference.com\/wp-content\/uploads\/2024\/05\/local-communities.png&#8221; media_width=&#8221;421&#8243; media_height=&#8221;294&#8243; crop=&#8221;false&#8221; image_link=&#8221;url&#8221; target=&#8221;_blank&#8221; align=&#8221;center&#8221; rounded_corner=&#8221;true&#8221;][\/mk_image_box][\/vc_column_inner][vc_column_inner width=&#8221;2\/3&#8243;][vc_column_text responsive_align=&#8221;left&#8221;] ID\u0150PONT: J\u00fanius 28. p\u00e9ntek, 9:00-12:00 T\u00c9MA: Programok a helyi k\u00f6z\u00f6ss\u00e9gekben PROGRAM [&hellip;]<\/p>\n","protected":false},"author":1,"featured_media":0,"parent":0,"menu_order":0,"comment_status":"closed","ping_status":"closed","template":"","meta":{"footnotes":""},"class_list":["post-7210","page","type-page","status-publish","hentry"],"_links":{"self":[{"href":"https:\/\/8thsociodramaconference.com\/hu\/wp-json\/wp\/v2\/pages\/7210","targetHints":{"allow":["GET"]}}],"collection":[{"href":"https:\/\/8thsociodramaconference.com\/hu\/wp-json\/wp\/v2\/pages"}],"about":[{"href":"https:\/\/8thsociodramaconference.com\/hu\/wp-json\/wp\/v2\/types\/page"}],"author":[{"embeddable":true,"href":"https:\/\/8thsociodramaconference.com\/hu\/wp-json\/wp\/v2\/users\/1"}],"replies":[{"embeddable":true,"href":"https:\/\/8thsociodramaconference.com\/hu\/wp-json\/wp\/v2\/comments?post=7210"}],"version-history":[{"count":5,"href":"https:\/\/8thsociodramaconference.com\/hu\/wp-json\/wp\/v2\/pages\/7210\/revisions"}],"predecessor-version":[{"id":7724,"href":"https:\/\/8thsociodramaconference.com\/hu\/wp-json\/wp\/v2\/pages\/7210\/revisions\/7724"}],"wp:attachment":[{"href":"https:\/\/8thsociodramaconference.com\/hu\/wp-json\/wp\/v2\/media?parent=7210"}],"curies":[{"name":"wp","href":"https:\/\/api.w.org\/{rel}","templated":true}]}}