{"id":7170,"date":"2024-05-19T10:51:54","date_gmt":"2024-05-19T08:51:54","guid":{"rendered":"https:\/\/8thsociodramaconference.com\/program-megtarto-ero\/"},"modified":"2024-08-31T17:52:32","modified_gmt":"2024-08-31T15:52:32","slug":"program-megtarto-ero","status":"publish","type":"page","link":"https:\/\/8thsociodramaconference.com\/hu\/program-megtarto-ero\/","title":{"rendered":"Program Megtart\u00f3 er\u0151"},"content":{"rendered":"<section class=\"wpb-content-wrapper\">[mk_page_section][vc_column][mk_fancy_title tag_name=&#8221;h2&#8243; size=&#8221;40&#8243; line_height=&#8221;50&#8243; font_family=&#8221;Oswald&#8221; font_type=&#8221;google&#8221; margin_bottom=&#8221;0&#8243;]\n<h3 style=\"text-align: center;\"><strong>MEGTART\u00d3 ER\u0150<\/strong><\/h3>\n<h4 style=\"text-align: center;\"><strong><em>A NANE, a Szomolyai Roma Magyar Egyes\u00fclet, a Saj\u00e1tsz\u00ednh\u00e1z \u00e9s a Magyar Pszichodr\u00e1ma Egyes\u00fclet k\u00f6z\u00f6s szociodr\u00e1ma workshopja<\/em><\/strong><\/h4>\n<h5 style=\"text-align: center;\"><em>(A workshop nyelve magyar \u00e9s angol)<\/em><\/h5>\n<h5 style=\"text-align: center;\"><span style=\"color: #800000;\"><strong>EL\u0150AD\u00d3K:<\/strong><b> CS\u00d6RG\u0150N\u00c9 POLG\u00c1R ANDREA &#8211; HOFFMANN KRISZTA &#8211; L\u00c1Z\u00c1R IR\u00c9N\u00a0\u00a0<\/b><\/span><\/h5>\n[\/mk_fancy_title][vc_row_inner][vc_column_inner width=&#8221;1\/6&#8243;][mk_image_box title=&#8221;Sociodrama and power&#8221; src=&#8221;https:\/\/8thsociodramaconference.com\/wp-content\/uploads\/2024\/05\/local-communities.png&#8221; media_width=&#8221;421&#8243; media_height=&#8221;294&#8243; crop=&#8221;false&#8221; image_link=&#8221;url&#8221; target=&#8221;_blank&#8221; align=&#8221;center&#8221; rounded_corner=&#8221;true&#8221;][\/mk_image_box][\/vc_column_inner][vc_column_inner width=&#8221;2\/3&#8243;][vc_column_text responsive_align=&#8221;left&#8221;]\n<h5 style=\"text-align: left;\"><strong>ID\u0150PONT: <\/strong>J\u00fanius 28. p\u00e9ntek, 9:00-12:00<br \/>\n<strong>T\u00c9MA: <\/strong>Programok a helyi k\u00f6z\u00f6ss\u00e9gekben<strong><br \/>\n<\/strong><strong>PROGRAM T\u00cdPUSA: <\/strong>Workshop<br \/>\n<strong>HELYSZ\u00cdN: <\/strong>NaNe iroda, (a pontos c\u00edmet a regisztr\u00e1ci\u00f3 ut\u00e1n kapj\u00e1k meg a r\u00e9sztvev\u0151k)<br \/>\n<strong>R\u00c9SZTVEV\u0150K SZ\u00c1MA: <\/strong>15<br \/>\n<strong>R\u00c9SZV\u00c9TEL FELT\u00c9TELEI: <\/strong>A t\u00e9ma \u00e9rz\u00e9kenys\u00e9ge miatt, valamint a NANE szab\u00e1lyzat\u00e1nak betart\u00e1sa \u00e9rdek\u00e9ben ez a workshop kiz\u00e1r\u00f3lag n\u0151i r\u00e9sztvev\u0151k sz\u00e1m\u00e1ra nyitott.<strong><br \/>\nNYELV: <\/strong>Magyar \u00e9s angol<br \/>\n<strong>C\u00cdMKE: <\/strong>\u00a0<a href=\"https:\/\/8thsociodramaconference.com\/hu\/programs-in-local-communities\/\" target=\"_blank\" rel=\"noopener\">Helyi k\u00f6z\u00f6ss\u00e9gek<\/a>, <a href=\"https:\/\/8thsociodramaconference.com\/hu\/workshops-jun28-morning\/\" target=\"_blank\" rel=\"noopener\">Programok j\u00fanius 28-\u00e1n d\u00e9lel\u0151tt<\/a><\/h5>\n[\/vc_column_text][\/vc_column_inner][\/vc_row_inner][\/vc_column][vc_column border_color=&#8221;#6d2319&#8243;][vc_gallery interval=&#8221;3&#8243; images=&#8221;7161,7163&#8243; img_size=&#8221;full&#8221; css=&#8221;.vc_custom_1716108038068{background-color: #632716 !important;}&#8221;][\/vc_column][\/mk_page_section][mk_page_section padding=&#8221;0&#8243;][vc_column][vc_column_text responsive_align=&#8221;left&#8221;]\n<h5 style=\"text-align: center;\"><b>ABSZTRAKT:<\/b><\/h5>\n[\/vc_column_text][vc_column_text responsive_align=&#8221;left&#8221;]Munk\u00e1nk sor\u00e1n a feminista seg\u00edt\u0151 munka szeml\u00e9let\u00e9t \u00f6tv\u00f6zz\u00fck a szociodr\u00e1ma m\u00f3dszer\u00e9vel, hogy a roma n\u0151ket s\u00fajt\u00f3 struktur\u00e1lis diszkrimin\u00e1ci\u00f3ra reag\u00e1ljunk. A vid\u00e9ki, rossz anyagi k\u00f6r\u00fclm\u00e9nyekkel rendelkez\u0151 roma n\u0151k fokozott, interszekcion\u00e1lis h\u00e1tr\u00e1nyokat szenvednek el. Ebben a rendszerben sz\u00e1mos alapvet\u0151 jog s\u00e9r\u00fcl. \u00c9pp azok az int\u00e9zm\u00e9nyek diszkrimin\u00e1lnak \u00e9s k\u00f6vetik el az er\u0151szakot, amelyek hivatottak lenn\u00e9nek az eleve is kiszolg\u00e1ltatott helyzetben l\u00e9v\u0151 l\u00e1nyok \u00e9s n\u0151k seg\u00edt\u00e9s\u00e9re. A struktur\u00e1lis disszfunkci\u00f3k a legkiszolg\u00e1ltatottabb csoportokat s\u00fajtj\u00e1k els\u0151dlegesen, \u00e9s szembe \u00e1ll\u00edtj\u00e1k \u0151ket a rendszerben dolgoz\u00f3kkal. Az ell\u00e1t\u00f3rendszer dolgoz\u00f3i v\u00e9gtelen\u00fcl t\u00falterheltek, anyagi \u00e9s szimbolikus megbecs\u00fclts\u00e9g\u00fck alacsony, n\u00e9lk\u00fcl\u00f6zni k\u00e9nytelenek a szakmai \u00e9s ment\u00e1list t\u00e1mogat\u00e1st. Az \u0151 embers\u00e9g\u00fck\u00f6n m\u00falik sokszor az any\u00e1k sors\u00e1nak alakul\u00e1sa.<\/p>\n<p>A konzorciumot alkot\u00f3 partners\u00e9g az int\u00e9zm\u00e9nyi fenyegetetts\u00e9g cs\u00f6kkent\u00e9se \u00e9rdek\u00e9ben osztja meg, hangolja \u00f6ssze tud\u00e1s\u00e1t, m\u00f3dszereit, tapasztalatait egy traumatudatos \u00e9s biztons\u00e1gos t\u00e9rben. T\u00e1mogatja mind a roma n\u0151k sz\u00e9ls\u0151s\u00e9gesen s\u00e9r\u00fcl\u00e9keny csoportjait, mind az int\u00e9zm\u00e9nyekben dolgoz\u00f3 szakembereket. Ennek \u00e9rdek\u00e9ben fejleszt hat\u00e9kony csoportm\u00f3dszertant, k\u00e9pez benne szakembereket, \u00e9s felh\u00edvja a sz\u00e9lesebb nyilv\u00e1noss\u00e1g figyelm\u00e9t erre a probl\u00e9m\u00e1ra<\/p>\n<p>\u2192 A t\u00fcnet(ek) helyett az ok(ok)ra \u00e9s az er\u0151forr\u00e1sokra f\u00f3kusz\u00e1lunk<br \/>\n\u2192\u00a0 Az egy\u00e9n helyett a k\u00f6z\u00f6ss\u00e9g megtart\u00f3 erej\u00e9t er\u0151s\u00edtj\u00fck.<br \/>\n\u2192\u00a0 A hierarchia helyett partners\u00e9gre t\u00f6reksz\u00fcnk.<br \/>\n\u2192\u00a0 A kontroll helyett bizalomban \u00e9s k\u00e9pess\u00e9 t\u00e9telben hisz\u00fcnk.<\/p>\n<p>A Projekt az Eur\u00f3pai Uni\u00f3 &#8222;Polg\u00e1rok, egyenl\u0151s\u00e9g, jogok \u00e9s \u00e9rt\u00e9kek&#8221; (CERV) t\u00e1mogat\u00e1s\u00e1val val\u00f3sul meg[\/vc_column_text][mk_padding_divider size=&#8221;30&#8243;][vc_column_text responsive_align=&#8221;left&#8221;]\n<h5 style=\"text-align: center;\"><b>AZ EL\u0150AD\u00d3KR\u00d3L:<\/b><\/h5>\n[\/vc_column_text][vc_row_inner][vc_column_inner width=&#8221;1\/4&#8243;][mk_image src=&#8221;https:\/\/8thsociodramaconference.com\/wp-content\/uploads\/2024\/05\/presenters-pic-1.png&#8221; image_width=&#8221;402&#8243; image_height=&#8221;275&#8243; crop=&#8221;false&#8221; hover=&#8221;false&#8221;][\/vc_column_inner][vc_column_inner width=&#8221;3\/4&#8243;][vc_column_text responsive_align=&#8221;left&#8221;]Hoffmann Kriszta szoci\u00e1lis munk\u00e1s \u00e9s szupervizor, a NANE Egyes\u00fclet munkat\u00e1rsa.<br \/>\nSeg\u00edt\u0151 szakemberk\u00e9nt els\u0151sorban szoci\u00e1lis ter\u00fcleten (hajl\u00e9ktalanell\u00e1t\u00e1s, szenved\u00e9lybeteg- \u00e9s pszichi\u00e1triaibeteg-ell\u00e1t\u00e1s, gyermekv\u00e9delem) dolgozott \u00e9s dolgozik, els\u0151sorban p\u00e1rkapcsolati er\u0151szak \u00e9s gyerekkori szexu\u00e1lis ab\u00fazus \u00e1ldozataival, traumat\u00fal\u00e9l\u0151kkel, valamint a vel\u00fck dolgoz\u00f3 szakemberekkel.\u00a0 Szakter\u00fclete a traumafeldolgoz\u00e1s \u00e9s az \u00f6nbecs\u00fcl\u00e9s-helyre\u00e1ll\u00edt\u00f3\/n\u00f6vel\u0151 folyamatok facilit\u00e1l\u00e1sa, egy\u00e9ni \u00e9s csoportos munkaform\u00e1kban.<br \/>\nA k\u00f6zvetlen \u00fcgyf\u00e9lell\u00e1t\u00e1s mellett k\u00e9pz\u0151k\u00e9nt \u00e9s szupervizork\u00e9nt t\u00e1mogatja olyan seg\u00edt\u0151 szakemberek munk\u00e1j\u00e1t, akik maguk is traumatiz\u00e1lt szem\u00e9lyekkel foglalkoznak.<\/p>\n<p>L\u00e1z\u00e1r Ir\u00e9n Szoci\u00e1lis munk\u00e1s, csal\u00e1dgondoz\u00f3.<br \/>\n&#8222;Els\u0151sorban h\u00e1tr\u00e1nyos helyzet\u0171 roma csal\u00e1dokkal dolgozom. Egyes\u00fclet munkat\u00e1rsak\u00e9nt szoci\u00e1lis , pedag\u00f3giai \u00e9s pszichol\u00f3giai ismeretekre tettem szert. A \u00a0napi munk\u00e1m sor\u00e1n olyan tev\u00e9kenys\u00e9geket l\u00e1tok el , melyekben roma csal\u00e1dokkal f\u0151k\u00e9pp roma asszonyokkal, l\u00e1nyokkal dolgozom.<br \/>\nFeladataim k\u00f6z\u00e9 tartozik a roma fiatalok es\u00e9lyegyenl\u0151s\u00e9g\u00e9nek, integr\u00e1ci\u00f3j\u00e1nak el\u0151seg\u00edt\u00e9se, a fiatalok mentor\u00e1l\u00e1sa, tanul\u00e1s seg\u00edt\u00e9se, kapcsolattart\u00e1s az iskol\u00e1kkal, egy\u00fcttm\u0171k\u00f6d\u00e9s kialak\u00edt\u00e1sa a csal\u00e1dokkal.&#8221;[\/vc_column_text][\/vc_column_inner][\/vc_row_inner][\/vc_column][\/mk_page_section][vc_row][vc_column][mk_image src=&#8221;https:\/\/8thsociodramaconference.com\/wp-content\/uploads\/2024\/05\/timing.png&#8221; image_width=&#8221;1412&#8243; image_height=&#8221;575&#8243; crop=&#8221;false&#8221; hover=&#8221;false&#8221; align=&#8221;center&#8221;][\/vc_column][\/vc_row]\n<\/section>","protected":false},"excerpt":{"rendered":"<p>[mk_page_section][vc_column][mk_fancy_title tag_name=&#8221;h2&#8243; size=&#8221;40&#8243; line_height=&#8221;50&#8243; font_family=&#8221;Oswald&#8221; font_type=&#8221;google&#8221; margin_bottom=&#8221;0&#8243;] MEGTART\u00d3 ER\u0150 A NANE, a Szomolyai Roma Magyar Egyes\u00fclet, a Saj\u00e1tsz\u00ednh\u00e1z \u00e9s a Magyar Pszichodr\u00e1ma Egyes\u00fclet k\u00f6z\u00f6s szociodr\u00e1ma workshopja (A workshop nyelve magyar \u00e9s angol) EL\u0150AD\u00d3K: CS\u00d6RG\u0150N\u00c9 POLG\u00c1R ANDREA &#8211; HOFFMANN KRISZTA &#8211; L\u00c1Z\u00c1R IR\u00c9N\u00a0\u00a0 [\/mk_fancy_title][vc_row_inner][vc_column_inner width=&#8221;1\/6&#8243;][mk_image_box title=&#8221;Sociodrama and power&#8221; src=&#8221;https:\/\/8thsociodramaconference.com\/wp-content\/uploads\/2024\/05\/local-communities.png&#8221; media_width=&#8221;421&#8243; media_height=&#8221;294&#8243; crop=&#8221;false&#8221; image_link=&#8221;url&#8221; target=&#8221;_blank&#8221; align=&#8221;center&#8221; rounded_corner=&#8221;true&#8221;][\/mk_image_box][\/vc_column_inner][vc_column_inner [&hellip;]<\/p>\n","protected":false},"author":1,"featured_media":0,"parent":0,"menu_order":0,"comment_status":"closed","ping_status":"closed","template":"","meta":{"footnotes":""},"class_list":["post-7170","page","type-page","status-publish","hentry"],"_links":{"self":[{"href":"https:\/\/8thsociodramaconference.com\/hu\/wp-json\/wp\/v2\/pages\/7170","targetHints":{"allow":["GET"]}}],"collection":[{"href":"https:\/\/8thsociodramaconference.com\/hu\/wp-json\/wp\/v2\/pages"}],"about":[{"href":"https:\/\/8thsociodramaconference.com\/hu\/wp-json\/wp\/v2\/types\/page"}],"author":[{"embeddable":true,"href":"https:\/\/8thsociodramaconference.com\/hu\/wp-json\/wp\/v2\/users\/1"}],"replies":[{"embeddable":true,"href":"https:\/\/8thsociodramaconference.com\/hu\/wp-json\/wp\/v2\/comments?post=7170"}],"version-history":[{"count":19,"href":"https:\/\/8thsociodramaconference.com\/hu\/wp-json\/wp\/v2\/pages\/7170\/revisions"}],"predecessor-version":[{"id":8804,"href":"https:\/\/8thsociodramaconference.com\/hu\/wp-json\/wp\/v2\/pages\/7170\/revisions\/8804"}],"wp:attachment":[{"href":"https:\/\/8thsociodramaconference.com\/hu\/wp-json\/wp\/v2\/media?parent=7170"}],"curies":[{"name":"wp","href":"https:\/\/api.w.org\/{rel}","templated":true}]}}