{"id":7134,"date":"2024-05-19T08:22:02","date_gmt":"2024-05-19T06:22:02","guid":{"rendered":"https:\/\/8thsociodramaconference.com\/program-essrg\/"},"modified":"2024-05-29T12:45:44","modified_gmt":"2024-05-29T10:45:44","slug":"program-essrg","status":"publish","type":"page","link":"https:\/\/8thsociodramaconference.com\/hu\/program-essrg\/","title":{"rendered":"Program ESSRG"},"content":{"rendered":"<section class=\"wpb-content-wrapper\">[mk_page_section][vc_column][mk_fancy_title tag_name=&#8221;h2&#8243; size=&#8221;40&#8243; line_height=&#8221;50&#8243; font_family=&#8221;Oswald&#8221; font_type=&#8221;google&#8221; margin_bottom=&#8221;0&#8243;]\n<h3 style=\"text-align: center;\"><strong>A KI\u00c9G\u00c9ST\u0150L A REM\u00c9NYIG? &#8211;<br \/>\nREM\u00c9NYTELIS\u00c9G \u00c9S MENT\u00c1LIS J\u00d3LL\u00c9T A K\u00d6RNYEZETI K\u00c9RD\u00c9SEKKEL FOGLALKOZ\u00d3 SZERVEZETEKBEN<\/strong><\/h3>\n<h4 style=\"text-align: center;\"><strong><em>Az Environmental Social Science Research Group (ESSRG) workshopja<\/em><br \/>\n<\/strong><\/h4>\n<h5 style=\"text-align: center;\"><em>(A workshop nyelve angol)<\/em><\/h5>\n<h5 style=\"text-align: center;\"><span style=\"color: #800000;\"><strong>EL\u0150AD\u00d3K:<\/strong><b> MANUELA MACIEL &#8211; MIH\u00d3K BARBARA\u00a0 &#8211; <\/b><\/span><span style=\"color: #800000;\"><b>HORV\u00c1TH KATA\u00a0<\/b><\/span><\/h5>\n[\/mk_fancy_title][vc_row_inner][vc_column_inner width=&#8221;1\/6&#8243;][mk_image_box title=&#8221;Sociodrama and power&#8221; src=&#8221;https:\/\/8thsociodramaconference.com\/wp-content\/uploads\/2024\/05\/local-communities.png&#8221; media_width=&#8221;421&#8243; media_height=&#8221;294&#8243; crop=&#8221;false&#8221; image_link=&#8221;url&#8221; target=&#8221;_blank&#8221; align=&#8221;center&#8221; rounded_corner=&#8221;true&#8221;][\/mk_image_box][\/vc_column_inner][vc_column_inner width=&#8221;2\/3&#8243;][vc_column_text responsive_align=&#8221;left&#8221;]\n<h5 style=\"text-align: left;\"><strong>ID\u0150PONT: <\/strong>J\u00fanius 28. p\u00e9ntek, 9:00-12:00<br \/>\n<strong>T\u00c9MA: <\/strong>Programok a helyi k\u00f6z\u00f6ss\u00e9gekben<strong><br \/>\n<\/strong><strong>PROGRAM T\u00cdPUSA: <\/strong>Workshop<br \/>\n<strong>HELYSZ\u00cdN: <\/strong>Central European University (CEU), 1051 Budapest, N\u00e1dor utca 15.<br \/>\n<strong>R\u00c9SZTVEV\u0150K SZ\u00c1MA: <\/strong>8<br \/>\n<strong>R\u00c9SZV\u00c9TEL FELT\u00c9TELEI: <\/strong>Angol nyelvtud\u00e1s. A workshopra \u00f6kol\u00f3giai t\u00e9m\u00e1kkal foglalkoz\u00f3 szakembereket v\u00e1runk<strong><br \/>\nNYELV: <\/strong>Angol<br \/>\n<strong>C\u00cdMKE: <\/strong>\u00a0<a href=\"https:\/\/8thsociodramaconference.com\/hu\/programs-in-local-communities\/\" target=\"_blank\" rel=\"noopener\">Helyi k\u00f6z\u00f6ss\u00e9gek<\/a>, <a href=\"https:\/\/8thsociodramaconference.com\/hu\/workshops-jun28-morning\/\" target=\"_blank\" rel=\"noopener\">Programok j\u00fanius 28-\u00e1n d\u00e9lel\u0151tt<\/a><\/h5>\n[\/vc_column_text][\/vc_column_inner][\/vc_row_inner][\/vc_column][\/mk_page_section][mk_page_section padding=&#8221;0&#8243;][vc_column][vc_column_text responsive_align=&#8221;left&#8221;]\n<h5 style=\"text-align: center;\"><b>ABSZTRAKT:<\/b><\/h5>\n[\/vc_column_text][vc_column_text responsive_align=&#8221;left&#8221;]<span style=\"font-weight: 400;\">Az elm\u00falt id\u0151szakban csapatunkban, az Environmental Social Science Research Group-ban megkezdt\u00fcnk egy rem\u00e9nnyel kapcsolatos bels\u0151 reflexi\u00f3s munk\u00e1t. Mint a k\u00f6rnyezeti-fenntarthat\u00f3s\u00e1gi kutat\u00e1sokban dolgoz\u00f3 szakemberek, az ESSRG kutat\u00f3i is fokozottan ki vannak t\u00e9ve a k\u00f6rnyezeti v\u00e1ls\u00e1g okozta nagym\u00e9rt\u00e9k\u0171 ment\u00e1lis stressznek. A workshopon ennek a reflexi\u00f3s munk\u00e1nak a k\u00f6vetkez\u0151 l\u00e9p\u00e9s\u00e9t szeretn\u00e9nk folytatni azzal a c\u00e9llal, hogy szociodramatikusan is feldolgozzuk a k\u00f6rnyezeti aggodalmak, reziliencia, ki\u00e9g\u00e9s stb t\u00e9m\u00e1j\u00e1t, \u00e9s reflekt\u00e1ljunk arra, hogyan tudjuk ment\u00e1lis j\u00f3l-l\u00e9t\u00fcnket meg\u0151rizni a <\/span><i><span style=\"font-weight: 400;\">polikr\u00edzis <\/span><\/i><span style=\"font-weight: 400;\">k\u00f6zeli tanulm\u00e1nyoz\u00e1s\u00e1ban.\u00a0<\/span><\/p>\n<p><span style=\"font-weight: 400;\">Az ESSRG csapattagokon (6-8 f\u0151) k\u00edv\u00fcl k\u00fcls\u0151, hasonl\u00f3 ter\u00fcleten tev\u00e9kenyked\u0151 szakembereket is megh\u00edvn\u00e1nk (kb 5 f\u0151), a konferenci\u00e1r\u00f3l pedig kb 5-8 f\u0151t l\u00e1tn\u00e1nk sz\u00edvesen nemzetk\u00f6zi sz\u00ednt\u00e9rr\u0151l. Id\u0151tartam: 3 \u00f3ra, majd egy \u00f6sszegz\u0151 besz\u00e9lget\u00e9s.\u00a0<\/span><\/p>\n<p><span style=\"font-weight: 400;\">T\u00e1mogatja:\u00a0 TRIGGER project (GA 101057739).<\/span>[\/vc_column_text][mk_padding_divider size=&#8221;30&#8243;][vc_column_text responsive_align=&#8221;left&#8221;]\n<h5 style=\"text-align: center;\"><b>AZ EL\u0150AD\u00d3KR\u00d3L:<\/b><\/h5>\n[\/vc_column_text][vc_row_inner][vc_column_inner width=&#8221;1\/4&#8243;][mk_image src=&#8221;https:\/\/8thsociodramaconference.com\/wp-content\/uploads\/2024\/02\/Manuela-Maciel.png&#8221; image_width=&#8221;402&#8243; image_height=&#8221;275&#8243; crop=&#8221;false&#8221; hover=&#8221;false&#8221;][\/vc_column_inner][vc_column_inner width=&#8221;3\/4&#8243;][vc_column_text responsive_align=&#8221;left&#8221;]Manuela Maciel (Portug\u00e1lia) klinikai \u00e9s szociopszichol\u00f3gus, pszichodramatikus, EMDR terapeuta, \u00e9s a Nemzetk\u00f6zi Szociodr\u00e1ma Konferencia alap\u00edt\u00f3ja (2007). Tapasztalt egy\u00e9ni, csoportos \u00e9s oktat\u00e1si terapeuta. Az IAGP \u2013 International Association of Group Psychotherapy and Group Processes (Nemzetk\u00f6zi Csoportpszichoter\u00e1pi\u00e1s \u00e9s Csoportfolyamatok Sz\u00f6vets\u00e9ge) pszichodr\u00e1ma szekci\u00f3j\u00e1nak eln\u00f6ke volt (2003-2009). A Portug\u00e1l Pszichodr\u00e1ma T\u00e1rsas\u00e1g (SPP) eln\u00f6ks\u00e9gi tagja, szuperv\u00edzora \u00e9s tan\u00e1ra. Manuela pszichogenetikai k\u00e9pz\u00e9sben r\u00e9szes\u00fclt, Yaacoov Naorral \u00e9s Leandra Perrotta-val egy\u00fctt t\u00e1rsalap\u00edt\u00f3ja az Anne Ancelin Sch\u00fctzenberger Nemzetk\u00f6zi Transzgener\u00e1ci\u00f3s Ter\u00e1pi\u00e1s Iskol\u00e1nak. Az EMDR Portugal alap\u00edt\u00f3ja \u00e9s eln\u00f6ke, valamint a Nemzetk\u00f6zi Szociodr\u00e1ma Konferencia alap\u00edt\u00f3ja \u00e9s l\u00e9trehoz\u00f3ja (2007-2023). Sz\u00e1mos cikket \u00e9s fejezetet \u00edrt a pszichodr\u00e1ma, a szociodr\u00e1ma \u00e9s a transzgener\u00e1ci\u00f3s ter\u00e1pia t\u00e9mak\u00f6r\u00e9ben.[\/vc_column_text][\/vc_column_inner][\/vc_row_inner][vc_row_inner][vc_column_inner width=&#8221;1\/4&#8243;][mk_image src=&#8221;https:\/\/8thsociodramaconference.com\/wp-content\/uploads\/2024\/05\/Mihok-Barbara.png&#8221; image_width=&#8221;402&#8243; image_height=&#8221;275&#8243; crop=&#8221;false&#8221; hover=&#8221;false&#8221;][\/vc_column_inner][vc_column_inner width=&#8221;3\/4&#8243;][vc_column_text responsive_align=&#8221;left&#8221;]<span style=\"font-weight: 400;\">Mih\u00f3k Barbara, PhD, <\/span><span style=\"font-weight: 400;\">\u00d6kol\u00f3gus \u00e9s ment\u00e1lhigi\u00e9n\u00e9s szakember, <\/span><span style=\"font-weight: 400;\">ESSRG, <\/span><span style=\"font-weight: 400;\">SZTE GTK \u00d6kol\u00f3giai K\u00f6zgazdas\u00e1gtan Int\u00e9zet<\/span><\/p>\n<p><span style=\"font-weight: 400;\">M\u00e9ly meggy\u0151z\u0151d\u00e9se, hogy a j\u00f3ll\u00e9thez \u00e9s fejl\u0151d\u00e9shez vezet\u0151 \u00fat az egym\u00e1shoz \u00e9s a term\u00e9szethez val\u00f3 jelent\u00e9steli kapcsolatokon \u00e1t vezet. Miut\u00e1n megszerezte doktori fokozat\u00e1t erd\u0151\u00f6kol\u00f3giai t\u00e9m\u00e1ban, inter- \u00e9s transzdiszciplin\u00e1ris term\u00e9szetv\u00e9delmi biol\u00f3giai illetve fenntarthat\u00f3s\u00e1gi kutat\u00e1sokban dolgozott az MTA \u00d6kol\u00f3giai K\u00f6zpont Kutat\u00f3k\u00f6zpontj\u00e1ban, az SZTE GTK Kutat\u00f3k\u00f6zpontj\u00e1ban \u00e9s civil kutat\u00f3csapatokban.<br \/>\nSzakmai \u00e9rdekl\u0151d\u00e9se id\u0151vel a term\u00e9szet-ment\u00e1lis j\u00f3ll\u00e9t kapcsolat\u00e1nak meg\u00e9rt\u00e9se fel\u00e9 fordult. Emellett egyre ink\u00e1bb elk\u00f6telez\u0151d\u0151tt a r\u00e9szv\u00e9teli \u00e9s akci\u00f3kutat\u00e1sok, valamint az inkluz\u00edv tudom\u00e1ny ir\u00e1ny\u00e1ba. Az ESSRG-ben a term\u00e9szet \u2013 eg\u00e9szs\u00e9g t\u00e9mak\u00f6rben illetve a speci\u00e1lis ig\u00e9ny\u0171 csoportokkal val\u00f3 r\u00e9szv\u00e9teli kutat\u00e1sban dolgozik. A kutat\u00e1s mellett ment\u00e1lhigi\u00e9n\u00e9s seg\u00edt\u0151k\u00e9nt is foglalkozik egy\u00e9nekkel \u00e9s csoportokkal \u2013 gyakorta \u00f6koter\u00e1pi\u00e1s keretben.<\/span>[\/vc_column_text][\/vc_column_inner][\/vc_row_inner][vc_row_inner][vc_column_inner width=&#8221;1\/4&#8243;][mk_image src=&#8221;https:\/\/8thsociodramaconference.com\/wp-content\/uploads\/2024\/05\/horvath-kata.png&#8221; image_width=&#8221;402&#8243; image_height=&#8221;275&#8243; crop=&#8221;false&#8221; hover=&#8221;false&#8221;][\/vc_column_inner][vc_column_inner width=&#8221;3\/4&#8243;][vc_column_text responsive_align=&#8221;left&#8221;]<span style=\"font-weight: 400;\">Horv\u00e1th Kata &#8211; kultur\u00e1lis antropol\u00f3gus, pszichodr\u00e1ma vezet\u0151, szociodr\u00e1ma vezet\u0151 \u00e9s kik\u00e9pz\u0151. Kata 2017 \u00e9s 2022 k\u00f6z\u00f6tt PERFORMERS szociodr\u00e1ma projekt nemzetk\u00f6zi koordin\u00e1tora volt.\u00a0 Egyik alap\u00edt\u00f3ja a Sz\u00edvhangok k\u00f6z\u00f6ss\u00e9gi sz\u00ednh\u00e1zi t\u00e1rsulatnak, amely a roma n\u0151ket az ell\u00e1t\u00f3rendszerben \u00e9r\u0151 diszkrimin\u00e1ci\u00f3ra \u00e9s int\u00e9zm\u00e9nyi er\u0151szakra k\u00edv\u00e1nja felh\u00edvni a figyelmet. Szint\u00e9n egyik alap\u00edt\u00f3ja a Magyar Pszichodr\u00e1ma Egyes\u00fcletben m\u0171k\u00f6d\u0151 Hat\u00f3k\u00f6r M\u0171helynek, amely gyerekekkel foglalkoz\u00f3 oktat\u00e1si \u00e9s szoci\u00e1lis int\u00e9zm\u00e9nyekben dolgozik a szociodr\u00e1ma m\u00f3dszer\u00e9vel. Ezeken k\u00edv\u00fcl egyik oszt\u00e1lyf\u0151n\u00f6ke a Freeszfe K\u00f6z\u00f6ss\u00e9gi sz\u00ednh\u00e1zi k\u00e9pz\u00e9s\u00e9nek, vezet\u0151s\u00e9gi tag a Magyar Pszichodr\u00e1ma Egyes\u00fcletben, sz\u00e1mos k\u00f6nyv \u00e9s tanulm\u00e1ny szerz\u0151je. T\u00e1rsszekerkeszt\u0151je a J&#8221;\u00e1t\u00e9kok a j\u00f6v\u0151\u00e9rt. Szociodr\u00e1ma a jav\u00edt\u00f3int\u00e9zetben&#8221; \u00e9s a &#8222;T\u00e1gul\u00f3 realit\u00e1s &#8211; a szociodr\u00e1ma m\u00f3dszere&#8221; c\u00edm\u0171 k\u00f6nyveknek.<br \/>\n<\/span>Kata a Nemzetk\u00f6zi Szociodr\u00e1ma Konferecnia szervez\u0151 csapat\u00e1nak egyik tagja.[\/vc_column_text][\/vc_column_inner][\/vc_row_inner][\/vc_column][\/mk_page_section]\n<\/section>","protected":false},"excerpt":{"rendered":"<p>[mk_page_section][vc_column][mk_fancy_title tag_name=&#8221;h2&#8243; size=&#8221;40&#8243; line_height=&#8221;50&#8243; font_family=&#8221;Oswald&#8221; font_type=&#8221;google&#8221; margin_bottom=&#8221;0&#8243;] A KI\u00c9G\u00c9ST\u0150L A REM\u00c9NYIG? &#8211; REM\u00c9NYTELIS\u00c9G \u00c9S MENT\u00c1LIS J\u00d3LL\u00c9T A K\u00d6RNYEZETI K\u00c9RD\u00c9SEKKEL FOGLALKOZ\u00d3 SZERVEZETEKBEN Az Environmental Social Science Research Group (ESSRG) workshopja (A workshop nyelve angol) EL\u0150AD\u00d3K: MANUELA MACIEL &#8211; MIH\u00d3K BARBARA\u00a0 &#8211; HORV\u00c1TH KATA\u00a0 [\/mk_fancy_title][vc_row_inner][vc_column_inner width=&#8221;1\/6&#8243;][mk_image_box title=&#8221;Sociodrama and power&#8221; src=&#8221;https:\/\/8thsociodramaconference.com\/wp-content\/uploads\/2024\/05\/local-communities.png&#8221; media_width=&#8221;421&#8243; media_height=&#8221;294&#8243; crop=&#8221;false&#8221; image_link=&#8221;url&#8221; target=&#8221;_blank&#8221; align=&#8221;center&#8221; rounded_corner=&#8221;true&#8221;][\/mk_image_box][\/vc_column_inner][vc_column_inner [&hellip;]<\/p>\n","protected":false},"author":1,"featured_media":0,"parent":0,"menu_order":0,"comment_status":"closed","ping_status":"closed","template":"","meta":{"footnotes":""},"class_list":["post-7134","page","type-page","status-publish","hentry"],"_links":{"self":[{"href":"https:\/\/8thsociodramaconference.com\/hu\/wp-json\/wp\/v2\/pages\/7134","targetHints":{"allow":["GET"]}}],"collection":[{"href":"https:\/\/8thsociodramaconference.com\/hu\/wp-json\/wp\/v2\/pages"}],"about":[{"href":"https:\/\/8thsociodramaconference.com\/hu\/wp-json\/wp\/v2\/types\/page"}],"author":[{"embeddable":true,"href":"https:\/\/8thsociodramaconference.com\/hu\/wp-json\/wp\/v2\/users\/1"}],"replies":[{"embeddable":true,"href":"https:\/\/8thsociodramaconference.com\/hu\/wp-json\/wp\/v2\/comments?post=7134"}],"version-history":[{"count":9,"href":"https:\/\/8thsociodramaconference.com\/hu\/wp-json\/wp\/v2\/pages\/7134\/revisions"}],"predecessor-version":[{"id":8025,"href":"https:\/\/8thsociodramaconference.com\/hu\/wp-json\/wp\/v2\/pages\/7134\/revisions\/8025"}],"wp:attachment":[{"href":"https:\/\/8thsociodramaconference.com\/hu\/wp-json\/wp\/v2\/media?parent=7134"}],"curies":[{"name":"wp","href":"https:\/\/api.w.org\/{rel}","templated":true}]}}