{"id":7119,"date":"2024-05-19T06:05:31","date_gmt":"2024-05-19T04:05:31","guid":{"rendered":"https:\/\/8thsociodramaconference.com\/program-kozelet-iskolaja\/"},"modified":"2024-06-22T10:16:52","modified_gmt":"2024-06-22T08:16:52","slug":"program-kozelet-iskolaja","status":"publish","type":"page","link":"https:\/\/8thsociodramaconference.com\/hu\/program-kozelet-iskolaja\/","title":{"rendered":"Program k\u00f6z\u00e9let iskol\u00e1ja"},"content":{"rendered":"<section class=\"wpb-content-wrapper\">[mk_page_section][vc_column][mk_fancy_title tag_name=&#8221;h2&#8243; size=&#8221;40&#8243; line_height=&#8221;50&#8243; font_family=&#8221;Oswald&#8221; font_type=&#8221;google&#8221; margin_bottom=&#8221;0&#8243;]\n<h3 style=\"text-align: center;\"><strong>A SZOCIODR\u00c1MA, MINT R\u00c9SZV\u00c9TELI KUTAT\u00c1SI ESZK\u00d6Z<br \/>\nAZ \u00d6NSZERVEZ\u0150D\u0150 K\u00d6Z\u00d6SS\u00c9GEKBEN<\/strong><\/h3>\n<h4 style=\"text-align: center;\"><strong><em>Workhop a K\u00f6z\u00e9let Iskol\u00e1j\u00e1ban\u00a0<\/em><br \/>\n<\/strong><\/h4>\n<h5 style=\"text-align: center;\"><em>(A workshop nyelve magyar \u00e9s angol)<\/em><\/h5>\n<h5 style=\"text-align: center;\"><span style=\"color: #800000;\"><strong>EL\u0150AD\u00d3K: F\u00d3TI ORSOLYA &#8211; PADOS ESZTER &#8211; <\/strong><\/span><span style=\"color: #800000;\"><b>BAUER FL\u00d3RA &#8211; MOLN\u00c1R\u00a0 Z\u00d3RA\u00a0\u00a0<\/b><\/span><\/h5>\n<h5 style=\"text-align: center;\"><\/h5>\n[\/mk_fancy_title][vc_row_inner][vc_column_inner width=&#8221;1\/6&#8243;][mk_image_box title=&#8221;Sociodrama and power&#8221; src=&#8221;https:\/\/8thsociodramaconference.com\/wp-content\/uploads\/2024\/05\/local-communities.png&#8221; media_width=&#8221;421&#8243; media_height=&#8221;294&#8243; crop=&#8221;false&#8221; image_link=&#8221;url&#8221; target=&#8221;_blank&#8221; align=&#8221;center&#8221; rounded_corner=&#8221;true&#8221;][\/mk_image_box][\/vc_column_inner][vc_column_inner width=&#8221;2\/3&#8243;][vc_column_text responsive_align=&#8221;left&#8221;]\n<h5 style=\"text-align: left;\"><strong>ID\u0150PONT: <\/strong>J\u00fanius 28. p\u00e9ntek, 9:00-12:00<br \/>\n<strong>T\u00c9MA: <\/strong>Programok a helyi k\u00f6z\u00f6ss\u00e9gekben<strong><br \/>\n<\/strong><strong>PROGRAM T\u00cdPUSA: <\/strong>Workshop<br \/>\n<strong>HELYSZ\u00cdN: <\/strong>Aur\u00f3ra K\u00f6z\u00f6ss\u00e9gi H\u00e1z, 1084 Budapest, Aur\u00f3ra utca 11.<br \/>\n<strong>R\u00c9SZTVEV\u0150K SZ\u00c1MA: 1<\/strong>0<strong><br \/>\nNYELV: <\/strong>Magyar \u00e9s angol<br \/>\n<strong>C\u00cdMKE: <\/strong>\u00a0<a href=\"https:\/\/8thsociodramaconference.com\/hu\/programs-in-local-communities\/\" target=\"_blank\" rel=\"noopener\">Helyi, k\u00f6z\u00f6ss\u00e9gek<\/a>, <a href=\"https:\/\/8thsociodramaconference.com\/hu\/workshops-jun28-morning\/\" target=\"_blank\" rel=\"noopener\">Programok j\u00fanius 28-\u00e1n d\u00e9lel\u0151tt<\/a><\/h5>\n[\/vc_column_text][\/vc_column_inner][\/vc_row_inner][\/vc_column][vc_column border_color=&#8221;#6d2319&#8243;][vc_gallery interval=&#8221;3&#8243; images=&#8221;7106,7108&#8243; img_size=&#8221;full&#8221; css=&#8221;.vc_custom_1716091230909{background-color: #632716 !important;}&#8221;][\/vc_column][\/mk_page_section][mk_page_section padding=&#8221;0&#8243;][vc_column][vc_column_text responsive_align=&#8221;left&#8221;]\n<h5 style=\"text-align: center;\"><b>ABSZTRAKT:<\/b><\/h5>\n[\/vc_column_text][vc_column_text responsive_align=&#8221;left&#8221;]A K\u00f6z\u00e9let Iskol\u00e1ja (KIA) \u00a0egy olyan k\u00f6z\u00f6ss\u00e9gi oktat\u00f3- \u00e9s tud\u00e1sk\u00f6zpont, valamint mozgalmi h\u00e1tt\u00e9rint\u00e9zm\u00e9ny, amelynek c\u00e9lja, hogy mindenki sz\u00e1m\u00e1ra el\u00e9rhet\u0151v\u00e9 tegye az \u00f6nszervez\u0151d\u00e9shez sz\u00fcks\u00e9ges tud\u00e1st \u00e9s k\u00e9pess\u00e9geket. A KIA k\u00e9pz\u00e9sekkel \u00e9s tud\u00e1s\u00e1tad\u00e1ssal t\u00e1mogatja a mozgalmi \u00e9s civil szervezeteket a hat\u00e9konyabb m\u0171k\u00f6d\u00e9sben. A szervezet legf\u0151bb \u00e9rt\u00e9kei a soksz\u00edn\u0171s\u00e9g, a t\u00e1rsadalmi igazs\u00e1goss\u00e1g, a \u00a0kritikus gondolkod\u00e1s, a demokratikus r\u00e9szv\u00e9tel \u00e9s a szolidarit\u00e1s.<\/p>\n<p>A K\u00f6z\u00e9let iskol\u00e1j\u00e1ban rendszeresen zajlanak r\u00e9szv\u00e9teli akci\u00f3kutat\u00e1si programok \u00e9s k\u00e9pz\u00e9sek. A r\u00e9szv\u00e9teli akci\u00f3kutat\u00e1s (RAK) egy k\u00fcl\u00f6nleges megk\u00f6zel\u00edt\u00e9s, amely sor\u00e1n a t\u00e9m\u00e1ban \u00e9rintett emberek az\u00e9rt vizsg\u00e1lj\u00e1k az \u0151ket k\u00f6r\u00fclvev\u0151 val\u00f3s\u00e1got, hogy meg\u00e9rts\u00e9k, majd megv\u00e1ltoztass\u00e1k azt. A K\u00f6z\u00e9let Iskol\u00e1ja Alap\u00edtv\u00e1ny 2015 \u00f3ta foglalkozik r\u00e9szv\u00e9teli akci\u00f3kutat\u00e1ssal, ez mag\u00e1ban foglalja saj\u00e1t kutat\u00e1si projektek megval\u00f3s\u00edt\u00e1s\u00e1t, illetve rendszeres k\u00e9pz\u00e9sek \u00e9s m\u0171helyek megszervez\u00e9s\u00e9t is a t\u00e9m\u00e1ban.<\/p>\n<p>A konferencia keret\u00e9ben megval\u00f3sul\u00f3 workshopon \u00f6sszesen 20 f\u0151t szeretn\u00e9nk bevonni (10 f\u0151t a K\u00f6z\u00e9let Iskol\u00e1j\u00e1val kapcsolatban \u00e1ll\u00f3 roma szervezetek tagjai, 10 f\u0151t pedig a konferencia r\u00e9sztvev\u0151i k\u00f6z\u00fcl). A szociodr\u00e1ma m\u00f3dszer\u00e9t ide\u00e1lis eszk\u00f6znek gondoljuk arra, hogy a csoport tagjaival k\u00f6z\u00f6sen gondolkozzunk arr\u00f3l,hogy jelenleg milyen k\u00f6z\u00e9leti t\u00e9m\u00e1k foglalkoztatj\u00e1k a roma k\u00f6z\u00f6ss\u00e9get. \u00a0Ezek a t\u00e9m\u00e1k ezt k\u00f6vet\u0151en a r\u00e9szv\u00e9teli akci\u00f3kutat\u00e1s kiindul\u00f3pontj\u00e1ul is szolg\u00e1lhatnak majd.[\/vc_column_text][mk_padding_divider size=&#8221;30&#8243;][vc_column_text responsive_align=&#8221;left&#8221;]\n<h5 style=\"text-align: center;\"><b>AZ EL\u0150AD\u00d3KR\u00d3L:<\/b><\/h5>\n<h5 style=\"text-align: center;\"><b>:<\/b><\/h5>\n[\/vc_column_text][vc_row_inner][vc_column_inner width=&#8221;1\/4&#8243;][mk_image src=&#8221;https:\/\/8thsociodramaconference.com\/wp-content\/uploads\/2024\/06\/foti-orsi.png&#8221; image_width=&#8221;402&#8243; image_height=&#8221;275&#8243; crop=&#8221;false&#8221; hover=&#8221;false&#8221;][\/vc_column_inner][vc_column_inner width=&#8221;3\/4&#8243;][vc_column_text responsive_align=&#8221;left&#8221;]F\u00f3ti Orsolya \u00e9vek \u00f3ta dolgozik olyan r\u00e9szv\u00e9teli kezdem\u00e9nyez\u00e9sekben, amelyek k\u00fcl\u00f6nb\u00f6z\u00f6 k\u00f6z\u00f6ss\u00e9gek mozgosit\u00e1s\u00e1n kereszt\u00fcl kiv\u00e1nnak t\u00e1rsadalmi v\u00e1ltoz\u00e1st el\u00e9rni. Kor\u00e1bban a magyarorsz\u00e1gi Participatory Action Research Forum (PARFORUM) szervezetn\u00e9l dolgozott, ahol m\u0171v\u00e9szetalap\u00fa r\u00e9szv\u00e9teli akci\u00f3kutat\u00e1si projektekben vett r\u00e9szt. Emellett tagja volt a PERFORMERS Nemzetk\u00f6zi Szociodr\u00e1ma Projekt koordin\u00e1tor csapat\u00e1nak. Jelenleg az Egyes\u00fclt Kir\u00e1lys\u00e1gban egy \u00f6nkorm\u00e1nyzan\u00e1l dolgozik, ahol r\u00e9szv\u00e9teli projekteket tervez \u00e9s koordin\u00e1l annak \u00e9rdek\u00e9ben, hogy az egyes t\u00e1rsadalmi jelens\u00e9gek \u00e9rintettjei a bevon\u00e1sra ker\u00fcljenek a k\u00fcl\u00f6nb\u00f6z\u0151 d\u00f6nt\u00e9shozat\u00e1si folyamatokba.[\/vc_column_text][\/vc_column_inner][\/vc_row_inner][vc_row_inner][vc_column_inner width=&#8221;1\/4&#8243;][mk_image src=&#8221;https:\/\/8thsociodramaconference.com\/wp-content\/uploads\/2024\/06\/pados-eszter.png&#8221; image_width=&#8221;402&#8243; image_height=&#8221;275&#8243; crop=&#8221;false&#8221; hover=&#8221;false&#8221;][\/vc_column_inner][vc_column_inner width=&#8221;3\/4&#8243;][vc_column_text responsive_align=&#8221;left&#8221;]Pados Eszter pszichopedag\u00f3gus, kriminol\u00f3gus pszichodr\u00e1ma vezet\u0151, szociodr\u00e1ma vezet\u0151 \u00e9s kik\u00e9pz\u0151. T\u00f6bb, mint egy \u00e9vtizede dolgozik traum\u00e1ban, kriminalit\u00e1sban, szerhaszn\u00e1latban \u00e9rintett gyerekekkel \u00e9s fiatalokkal.<br \/>\nA 8. Nemzetk\u00f6zi Szociodr\u00e1ma Konferencia egyik szervez\u0151je.<br \/>\nEszter t\u00f6bb, szociodr\u00e1ma m\u00f3dszer\u00e9t is alkalmaz\u00f3 szakmai csoport tagja. T\u00e1rsalap\u00edt\u00f3ja a Magyar Pszichodr\u00e1ma Egyes\u00fcleten bel\u00fcl m\u0171k\u00f6d\u0151 Hat\u00f3k\u00f6r M\u0171helynek, amely oktat\u00e1si \u00e9s szoci\u00e1lis int\u00e9zm\u00e9nyrendszereken bel\u00fcl dolgozik szociodr\u00e1m\u00e1val gyerekekkel \u00e9s szakmai teamekkel. Tagja a Sz\u00edvHangok K\u00f6z\u00f6ss\u00e9gi Sz\u00ednh\u00e1zi T\u00e1rsulatnak, amelynek c\u00e9lja, hogy felh\u00edvja a figyelmet a kifejezetten n\u0151ket \u00e9rint\u0151 elnyom\u00e1sra, az ell\u00e1t\u00f3rendszerben \u00e9r\u0151 diszkrimin\u00e1ci\u00f3ra \u00e9s int\u00e9zm\u00e9nyes er\u0151szakra.<br \/>\nEszter 2017-t\u0151l 2022-ig a PERFORMERS nemzetk\u00f6zi szociodr\u00e1ma projekt jav\u00edt\u00f3int\u00e9zeti koordin\u00e1tora volt. Szerz\u0151je \u00e9s szerkeszt\u0151je \u201eJ\u00e1t\u00e9kok a j\u00f6v\u0151\u00e9rt. Szociodr\u00e1ma a jav\u00edt\u00f3int\u00e9zetben\u201d \u00e9s a \u201eT\u00e1gul\u00f3 realit\u00e1s \u2013 a szociodr\u00e1ma m\u00f3dszere\u201d c\u00edm\u0171 k\u00f6nyveknek.<br \/>\nDoktori tanulm\u00e1nyai sor\u00e1n az E\u00f6tv\u00f6s Lor\u00e1nd Tudom\u00e1nyegyetemen r\u00e9szv\u00e9teli akci\u00f3kutat\u00e1ssal \u00e9s kvalitat\u00edv pszichol\u00f3gi\u00e1val foglalkozik.[\/vc_column_text][\/vc_column_inner][\/vc_row_inner][vc_row_inner][vc_column_inner width=&#8221;1\/4&#8243;][mk_image src=&#8221;https:\/\/8thsociodramaconference.com\/wp-content\/uploads\/2024\/05\/Bauer-Flora.png&#8221; image_width=&#8221;402&#8243; image_height=&#8221;275&#8243; crop=&#8221;false&#8221; hover=&#8221;false&#8221;][\/vc_column_inner][vc_column_inner width=&#8221;3\/4&#8243;][vc_column_text responsive_align=&#8221;left&#8221;]<span style=\"font-weight: 400;\">Bauer Fl\u00f3ra<br \/>\n<\/span><span style=\"font-weight: 400;\">15 \u00e9ve dolgozom csoportokkal, kezdetben kisgyerekekkel ny\u00e1ri t\u00e1borokban, majd fiatal feln\u0151tt \u00f6nk\u00e9ntesekkel, n\u00e9ha tan\u00e1rokkal. Jelenleg a K\u00f6z\u00e9let Iskol\u00e1j\u00e1ban dolgozom.. R\u00e9szt veszek a k\u00e9pz\u00e9si reperto\u00e1runk fejleszt\u00e9s\u00e9ben, \u00faj kurzusokat tervezek \u00e9s n\u00e9h\u00e1nyat vezetek is, kapcsolatot tartok a k\u00e9pz\u0151k k\u00f6z\u00f6ss\u00e9g\u00e9vel \u00e9s koordin\u00e1lom a m\u00f3dszertani fejleszt\u00e9seket.<br \/>\n<\/span><span style=\"font-weight: 400;\">A dramatikus eszk\u00f6z\u00f6k ir\u00e1nti \u00e9rdekl\u0151d\u00e9sem n\u00e9h\u00e1ny \u00e9vvel ezel\u0151tt kezd\u0151d\u00f6tt, az\u00f3ta pedig elv\u00e9geztem egy dr\u00e1mapedag\u00f3giai tanfolyamot, r\u00e9szt vettem t\u00f6bb tematikus m\u0171helymunk\u00e1n, \u00e9s lehet\u0151s\u00e9gem volt megismerkedni a szociodram\u00e1val is. Emellett tagja vagyok egy improviz\u00e1ci\u00f3s csoportnak, amely \u00e9ppen els\u0151 el\u0151ad\u00e1s\u00e1ra k\u00e9sz\u00fcl.<\/span>[\/vc_column_text][\/vc_column_inner][\/vc_row_inner][vc_row_inner][vc_column_inner width=&#8221;1\/4&#8243;][mk_image src=&#8221;https:\/\/8thsociodramaconference.com\/wp-content\/uploads\/2024\/05\/Molnar-Zora.png&#8221; image_width=&#8221;402&#8243; image_height=&#8221;275&#8243; crop=&#8221;false&#8221; hover=&#8221;false&#8221;][\/vc_column_inner][vc_column_inner width=&#8221;3\/4&#8243;][vc_column_text responsive_align=&#8221;left&#8221;]<span style=\"font-weight: 400;\">Moln\u00e1r Z\u00f3ra a K\u00f6z\u00e9let Iskol\u00e1j\u00e1ban a r\u00e9szv\u00e9teli akci\u00f3kutat\u00e1sok \u00e9s a t\u00e9m\u00e1hoz kapcsol\u00f3d\u00f3 k\u00e9pz\u00e9sek \u00e9s m\u0171helyek koordin\u00e1l\u00e1s\u00e1val foglalkozik. Az\u00e9rt fontos sz\u00e1m\u00e1ra ez a megk\u00f6zel\u00edt\u00e9s, mert nemcsak a tud\u00e1stermel\u00e9st teszi lehet\u0151v\u00e9, hanem hozz\u00e1j\u00e1rul ahhoz, hogy oyan emberek is megtanulnak ki\u00e1llni maguk\u00e9rt \u00e9s m\u00e1sok\u00e9rt, akik kor\u00e1bban nem hitt\u00e9k el, hogy k\u00e9pesek erre.\u00a0<\/span>[\/vc_column_text][\/vc_column_inner][\/vc_row_inner][\/vc_column][\/mk_page_section]\n<\/section>","protected":false},"excerpt":{"rendered":"<p>[mk_page_section][vc_column][mk_fancy_title tag_name=&#8221;h2&#8243; size=&#8221;40&#8243; line_height=&#8221;50&#8243; font_family=&#8221;Oswald&#8221; font_type=&#8221;google&#8221; margin_bottom=&#8221;0&#8243;] A SZOCIODR\u00c1MA, MINT R\u00c9SZV\u00c9TELI KUTAT\u00c1SI ESZK\u00d6Z AZ \u00d6NSZERVEZ\u0150D\u0150 K\u00d6Z\u00d6SS\u00c9GEKBEN Workhop a K\u00f6z\u00e9let Iskol\u00e1j\u00e1ban\u00a0 (A workshop nyelve magyar \u00e9s angol) EL\u0150AD\u00d3K: F\u00d3TI ORSOLYA &#8211; PADOS ESZTER &#8211; BAUER FL\u00d3RA &#8211; MOLN\u00c1R\u00a0 Z\u00d3RA\u00a0\u00a0 [\/mk_fancy_title][vc_row_inner][vc_column_inner width=&#8221;1\/6&#8243;][mk_image_box title=&#8221;Sociodrama and power&#8221; src=&#8221;https:\/\/8thsociodramaconference.com\/wp-content\/uploads\/2024\/05\/local-communities.png&#8221; media_width=&#8221;421&#8243; media_height=&#8221;294&#8243; crop=&#8221;false&#8221; image_link=&#8221;url&#8221; target=&#8221;_blank&#8221; align=&#8221;center&#8221; rounded_corner=&#8221;true&#8221;][\/mk_image_box][\/vc_column_inner][vc_column_inner width=&#8221;2\/3&#8243;][vc_column_text responsive_align=&#8221;left&#8221;] ID\u0150PONT: J\u00fanius [&hellip;]<\/p>\n","protected":false},"author":1,"featured_media":0,"parent":0,"menu_order":0,"comment_status":"closed","ping_status":"closed","template":"","meta":{"footnotes":""},"class_list":["post-7119","page","type-page","status-publish","hentry"],"_links":{"self":[{"href":"https:\/\/8thsociodramaconference.com\/hu\/wp-json\/wp\/v2\/pages\/7119","targetHints":{"allow":["GET"]}}],"collection":[{"href":"https:\/\/8thsociodramaconference.com\/hu\/wp-json\/wp\/v2\/pages"}],"about":[{"href":"https:\/\/8thsociodramaconference.com\/hu\/wp-json\/wp\/v2\/types\/page"}],"author":[{"embeddable":true,"href":"https:\/\/8thsociodramaconference.com\/hu\/wp-json\/wp\/v2\/users\/1"}],"replies":[{"embeddable":true,"href":"https:\/\/8thsociodramaconference.com\/hu\/wp-json\/wp\/v2\/comments?post=7119"}],"version-history":[{"count":9,"href":"https:\/\/8thsociodramaconference.com\/hu\/wp-json\/wp\/v2\/pages\/7119\/revisions"}],"predecessor-version":[{"id":8416,"href":"https:\/\/8thsociodramaconference.com\/hu\/wp-json\/wp\/v2\/pages\/7119\/revisions\/8416"}],"wp:attachment":[{"href":"https:\/\/8thsociodramaconference.com\/hu\/wp-json\/wp\/v2\/media?parent=7119"}],"curies":[{"name":"wp","href":"https:\/\/api.w.org\/{rel}","templated":true}]}}