{"id":7097,"date":"2024-05-18T18:06:01","date_gmt":"2024-05-18T16:06:01","guid":{"rendered":"https:\/\/8thsociodramaconference.com\/program-watson-coach\/"},"modified":"2024-05-26T18:12:12","modified_gmt":"2024-05-26T16:12:12","slug":"program-watson-coach","status":"publish","type":"page","link":"https:\/\/8thsociodramaconference.com\/hu\/program-watson-coach\/","title":{"rendered":"Program Watson Coach"},"content":{"rendered":"<section class=\"wpb-content-wrapper\">[mk_page_section][vc_column][mk_fancy_title tag_name=&#8221;h2&#8243; size=&#8221;40&#8243; line_height=&#8221;50&#8243; font_family=&#8221;Oswald&#8221; font_type=&#8221;google&#8221; margin_bottom=&#8221;0&#8243;]\n<h3 style=\"text-align: center;\"><strong>REAL TEAM, REAL TIME<br \/>\n<b>Vezet\u0151i team coaching &#8211; egy konkr\u00e9t vezet\u0151i csoport val\u00f3s\u00e1gos team coaching munk\u00e1ja, a konferencia r\u00e9sztvev\u0151ivel<\/b><br \/>\n<\/strong><\/h3>\n<h4 style=\"text-align: center;\"><em><strong>A Watson Coaching workshopja<\/strong><\/em><\/h4>\n<h5 style=\"text-align: center;\"><em>(A workshop nyelve magyar, angol nyelv\u0171 tolm\u00e1vsol\u00e1ssal)<\/em><\/h5>\n<h5 style=\"text-align: center;\"><span style=\"color: #800000;\"><strong>EL\u0150AD\u00d3:<\/strong><b> SZAB\u00d3 GABI\u00a0 \u00a0<\/b><\/span><\/h5>\n[\/mk_fancy_title][vc_row_inner][vc_column_inner width=&#8221;1\/6&#8243;][mk_image_box title=&#8221;Sociodrama and power&#8221; src=&#8221;https:\/\/8thsociodramaconference.com\/wp-content\/uploads\/2024\/05\/local-communities.png&#8221; media_width=&#8221;421&#8243; media_height=&#8221;294&#8243; crop=&#8221;false&#8221; image_link=&#8221;url&#8221; target=&#8221;_blank&#8221; align=&#8221;center&#8221; rounded_corner=&#8221;true&#8221;][\/mk_image_box][\/vc_column_inner][vc_column_inner width=&#8221;2\/3&#8243;][vc_column_text responsive_align=&#8221;left&#8221;]\n<h5 style=\"text-align: left;\"><strong>ID\u0150PONT: <\/strong>J\u00fanius 28. p\u00e9ntek, 9:00-12:00<br \/>\n<strong>T\u00c9MA: <\/strong>Programok a helyi k\u00f6z\u00f6ss\u00e9gekben<strong><br \/>\n<\/strong><strong>PROGRAM T\u00cdPUSA: <\/strong>Workshop<br \/>\n<strong>HELYSZ\u00cdN: <\/strong>Carion Center, 1023 Budapest, B\u00e9csi \u00fat 25.<br \/>\n<strong>R\u00c9SZTVEV\u0150K SZ\u00c1MA: <\/strong>30<strong><br \/>\nNYELV: <\/strong>Magyarul, angol nyelv\u0171 tolm\u00e1csol\u00e1ssal<br \/>\n<strong>C\u00cdMKE: <\/strong>\u00a0<a href=\"https:\/\/8thsociodramaconference.com\/hu\/programs-in-local-communities\/\" target=\"_blank\" rel=\"noopener\">Helyi k\u00f6z\u00f6ss\u00e9gek,<\/a> <a href=\"https:\/\/8thsociodramaconference.com\/hu\/workshops-jun28-morning\/\" target=\"_blank\" rel=\"noopener\">Programok j\u00fanius 28-\u00e1n d\u00e9lel\u0151tt<\/a><\/h5>\n[\/vc_column_text][\/vc_column_inner][\/vc_row_inner][\/vc_column][vc_column border_color=&#8221;#6d2319&#8243;][vc_gallery interval=&#8221;3&#8243; images=&#8221;7079,7091,7094&#8243; img_size=&#8221;full&#8221; css=&#8221;.vc_custom_1716054665804{background-color: #632716 !important;}&#8221;][vc_message message_box_color=&#8221;grey&#8221;]Photo: Watson Coaching and Coach School[\/vc_message][\/vc_column][\/mk_page_section][mk_page_section padding=&#8221;0&#8243;][vc_column][vc_column_text responsive_align=&#8221;left&#8221;]\n<h5 style=\"text-align: center;\"><b>ABSZTRAKT:<\/b><\/h5>\n[\/vc_column_text][vc_column_text responsive_align=&#8221;left&#8221;]<span style=\"font-weight: 400;\">A program egy val\u00f3s\u00e1gos szervezeti vezet\u0151i csoport team coaching munk\u00e1j\u00e1t l\u00e1ttatja. Ez a munka cselekv\u00e9sorient\u00e1ltan, vagyis a pszichodr\u00e1ma, szociodr\u00e1ma m\u00f3dszertan\u00e1val t\u00f6rt\u00e9nik. A team coaching er\u0151s\u00edti az egy\u00fcttm\u0171k\u00f6d\u00e9st, az elk\u00f6telezetts\u00e9get egym\u00e1s ir\u00e1nt, n\u00f6veli a csapat \u00e9leterej\u00e9t. A cselekv\u00e9sorient\u00e1lts\u00e1g \u00e1ltal val\u00f3s\u00e1gos t\u00e9m\u00e1kon dolgozunk, k\u00e9peket alkotva a helyzetekr\u0151l, a v\u00e1gyott \u00e1llapotokr\u00f3l, megdolgozva az akad\u00e1lyokat, haszn\u00e1lva az er\u0151forr\u00e1sokat. A program 3 \u00e9ve rendszeres id\u0151k\u00f6z\u00f6nk\u00e9nt megism\u00e9tl\u0151dik. J\u00fanius 28-\u00e1n a Konferencia r\u00e9sztvev\u0151it h\u00edvn\u00e1nk vend\u00e9gnek, kb 30 embert tudunk fogadni. A program h\u00e1rom r\u00e9szb\u0151l \u00e1ll. Az els\u0151 r\u00e9szben \u00f6sszeismerked\u00fcnk, szerz\u0151d\u00fcnk nagycsoportban. A m\u00e1sodik r\u00e9sz k\u00e9t \u00f3ra team coaching a szervezeti csapattal, k\u00fcls\u0151 k\u00f6rben \u00fclnek a vend\u00e9gek. A harmadik r\u00e9szben a coaching munk\u00e1t k\u00f6vet\u0151en k\u00e9rd\u00e9sek, visszajelz\u00e9sek, elemz\u00e9sek t\u00f6rt\u00e9nnek nagycsoportban, a szervezeti csapattal egy\u00fctt.<\/span><\/p>\n<p><span style=\"font-weight: 400;\">A program egyszerre egyedi \u00e9s kollekt\u00edv. Egy konkr\u00e9t csapat team coachingja, m\u00e9gis a t\u00e9m\u00e1k b\u00e1rmelyik k\u00f6z\u00f6ss\u00e9g univerz\u00e1lis t\u00e9m\u00e1i. A kapcsolatok, a bizalom, a csoport norm\u00e1i \u00e9s azok m\u0171k\u00f6dtet\u00e9se, az egy\u00fcttm\u0171k\u00f6d\u00e9s min\u0151s\u00e9ge, az egy\u00e9ni \u00e9s csoport felel\u0151ss\u00e9g &#8211; a kor fontos t\u00e9m\u00e1i. Szociodramatikusan dolgozni egy szervezeti csoporttal, akik nem mindennap haszn\u00e1lj\u00e1k a m\u00f3dszertant &#8211; igazi kih\u00edv\u00e1s.<\/span><\/p>\n<p><span style=\"font-weight: 400;\">Ez a csapat nyitott, felel\u0151ss\u00e9get v\u00e1llal\u00f3 vezet\u0151kb\u0151l \u00e1ll, akik nemcsak a saj\u00e1t tanul\u00e1sukat tartj\u00e1k fontosnak, hanem hajland\u00f3ak ezt m\u00e1sokkal is megosztani, k\u00f6z\u00f6s tanul\u00e1ss\u00e1 tenni.<\/span>[\/vc_column_text][mk_padding_divider size=&#8221;30&#8243;][vc_column_text responsive_align=&#8221;left&#8221;]\n<h5 style=\"text-align: center;\"><b>AZ EL\u0150AD\u00d3R\u00d3L<\/b><\/h5>\n[\/vc_column_text][vc_row_inner][vc_column_inner width=&#8221;1\/4&#8243;][mk_image src=&#8221;https:\/\/8thsociodramaconference.com\/wp-content\/uploads\/2024\/05\/szabo_gabi.png&#8221; image_width=&#8221;402&#8243; image_height=&#8221;275&#8243; crop=&#8221;false&#8221; hover=&#8221;false&#8221;][\/vc_column_inner][vc_column_inner width=&#8221;3\/4&#8243;][vc_column_text responsive_align=&#8221;left&#8221;]<span style=\"font-weight: 400;\">Szab\u00f3 Gabi<br \/>\n<\/span><span style=\"font-weight: 400;\">az International Coach Federation \u00e1ltal akkredit\u00e1lt Master Certified Coach, csoport \u00e9s team coach, coach k\u00e9pz\u0151.<br \/>\n<\/span><span style=\"font-weight: 400;\">Kik\u00e9pz\u0151 pszichodr\u00e1ma vezet\u0151, szuperv\u00edzor. A Watson Coach Iskola \u00e9s Coaching alap\u00edt\u00f3ja.<br \/>\nA cselekv\u00e9sorient\u00e1lt coaching ir\u00e1nyzat <\/span><span style=\"font-weight: 400;\">megalkot\u00f3ja, a pszichodr\u00e1ma szervezetfejleszt\u00e9sben, coachingban val\u00f3 haszn\u00e1lat\u00e1nak elk\u00f6telezett k\u00e9pvisel\u0151je.<br \/>\n<\/span><span style=\"font-weight: 400;\">H\u00e1rom egyetem megh\u00edvott el\u0151ad\u00f3ja coaching t\u00e9m\u00e1ban.<\/span>[\/vc_column_text][\/vc_column_inner][\/vc_row_inner][\/vc_column][\/mk_page_section]\n<\/section>","protected":false},"excerpt":{"rendered":"<p>[mk_page_section][vc_column][mk_fancy_title tag_name=&#8221;h2&#8243; size=&#8221;40&#8243; line_height=&#8221;50&#8243; font_family=&#8221;Oswald&#8221; font_type=&#8221;google&#8221; margin_bottom=&#8221;0&#8243;] REAL TEAM, REAL TIME Vezet\u0151i team coaching &#8211; egy konkr\u00e9t vezet\u0151i csoport val\u00f3s\u00e1gos team coaching munk\u00e1ja, a konferencia r\u00e9sztvev\u0151ivel A Watson Coaching workshopja (A workshop nyelve magyar, angol nyelv\u0171 tolm\u00e1vsol\u00e1ssal) EL\u0150AD\u00d3: SZAB\u00d3 GABI\u00a0 \u00a0 [\/mk_fancy_title][vc_row_inner][vc_column_inner width=&#8221;1\/6&#8243;][mk_image_box title=&#8221;Sociodrama and power&#8221; src=&#8221;https:\/\/8thsociodramaconference.com\/wp-content\/uploads\/2024\/05\/local-communities.png&#8221; media_width=&#8221;421&#8243; media_height=&#8221;294&#8243; crop=&#8221;false&#8221; image_link=&#8221;url&#8221; target=&#8221;_blank&#8221; align=&#8221;center&#8221; rounded_corner=&#8221;true&#8221;][\/mk_image_box][\/vc_column_inner][vc_column_inner width=&#8221;2\/3&#8243;][vc_column_text [&hellip;]<\/p>\n","protected":false},"author":1,"featured_media":0,"parent":0,"menu_order":0,"comment_status":"closed","ping_status":"closed","template":"","meta":{"footnotes":""},"class_list":["post-7097","page","type-page","status-publish","hentry"],"_links":{"self":[{"href":"https:\/\/8thsociodramaconference.com\/hu\/wp-json\/wp\/v2\/pages\/7097","targetHints":{"allow":["GET"]}}],"collection":[{"href":"https:\/\/8thsociodramaconference.com\/hu\/wp-json\/wp\/v2\/pages"}],"about":[{"href":"https:\/\/8thsociodramaconference.com\/hu\/wp-json\/wp\/v2\/types\/page"}],"author":[{"embeddable":true,"href":"https:\/\/8thsociodramaconference.com\/hu\/wp-json\/wp\/v2\/users\/1"}],"replies":[{"embeddable":true,"href":"https:\/\/8thsociodramaconference.com\/hu\/wp-json\/wp\/v2\/comments?post=7097"}],"version-history":[{"count":6,"href":"https:\/\/8thsociodramaconference.com\/hu\/wp-json\/wp\/v2\/pages\/7097\/revisions"}],"predecessor-version":[{"id":7721,"href":"https:\/\/8thsociodramaconference.com\/hu\/wp-json\/wp\/v2\/pages\/7097\/revisions\/7721"}],"wp:attachment":[{"href":"https:\/\/8thsociodramaconference.com\/hu\/wp-json\/wp\/v2\/media?parent=7097"}],"curies":[{"name":"wp","href":"https:\/\/api.w.org\/{rel}","templated":true}]}}