{"id":7073,"date":"2024-05-17T11:58:50","date_gmt":"2024-05-17T09:58:50","guid":{"rendered":"https:\/\/8thsociodramaconference.com\/program-radnoti-theatre\/"},"modified":"2024-05-31T17:08:19","modified_gmt":"2024-05-31T15:08:19","slug":"program-radnoti-theatre","status":"publish","type":"page","link":"https:\/\/8thsociodramaconference.com\/hu\/program-radnoti-theatre\/","title":{"rendered":"Program Radn\u00f3ti Theatre"},"content":{"rendered":"<section class=\"wpb-content-wrapper\">[mk_page_section][vc_column][mk_fancy_title tag_name=&#8221;h2&#8243; size=&#8221;40&#8243; line_height=&#8221;50&#8243; font_family=&#8221;Oswald&#8221; font_type=&#8221;google&#8221; margin_bottom=&#8221;0&#8243;]\n<h3 style=\"text-align: center;\"><strong>GENER\u00c1CI\u00d3K K\u00d6Z\u00d6TTI \u00c1TJ\u00c1R\u00d3K <\/strong><\/h3>\n<h4 style=\"text-align: center;\"><em><strong>A Radn\u00f3ti Mikl\u00f3s Sz\u00ednh\u00e1z Ifj\u00fas\u00e1gi M\u0171hely\u00e9nek workshopja<\/strong><\/em><\/h4>\n<h5 style=\"text-align: center;\"><em>(A workshop nyelve magyar \u00e9s angol)<\/em><\/h5>\n<h5 style=\"text-align: center;\"><span style=\"color: #800000;\"><strong>EL\u0150AD\u00d3K:<\/strong><b> DURST M\u00d3NI &#8211; <\/b><\/span><span style=\"color: #800000;\"><b>HLINY\u00c1NSZKY <\/b><\/span><span style=\"color: #800000;\"><b>DOMA\u00a0 &#8211; SZENDREY\u00a0 GITTA\u00a0<\/b><\/span><\/h5>\n[\/mk_fancy_title][vc_row_inner][vc_column_inner width=&#8221;1\/6&#8243;][mk_image_box title=&#8221;Sociodrama and power&#8221; src=&#8221;https:\/\/8thsociodramaconference.com\/wp-content\/uploads\/2024\/05\/local-communities.png&#8221; media_width=&#8221;421&#8243; media_height=&#8221;294&#8243; crop=&#8221;false&#8221; image_link=&#8221;url&#8221; target=&#8221;_blank&#8221; align=&#8221;center&#8221; rounded_corner=&#8221;true&#8221;][\/mk_image_box][\/vc_column_inner][vc_column_inner width=&#8221;2\/3&#8243;][vc_column_text responsive_align=&#8221;left&#8221;]\n<h5><b>ID\u0150PONT<\/b><strong>:\u00a0<\/strong>J\u00fanius 28. p\u00e9ntek, 14:30-16:30<br \/>\n<strong>T\u00c9MA: <\/strong>Programok a helyi k\u00f6z\u00f6ss\u00e9gekben<br \/>\n<strong>PROGRAM T\u00cdPUSA:\u00a0<\/strong>Workshop<br \/>\n<strong>HELYSZ\u00cdN: <\/strong>Keres Emil pr\u00f3baterem, Radn\u00f3ti Mikl\u00f3s Sz\u00ednh\u00e1z. 1065, Andr\u00e1ssy \u00fat 31.<br \/>\n<strong>R\u00c9SZTVEV\u0150K SZ\u00c1MA: <\/strong>30<strong><br \/>\nNYELV: <\/strong>Magyar \u00e9s angol<br \/>\n<strong>C\u00cdMKE:<\/strong> <a href=\"https:\/\/8thsociodramaconference.com\/hu\/programs-in-local-communities\/\" target=\"_blank\" rel=\"noopener\">Helyi k\u00f6z\u00f6ss\u00e9gek<\/a>, <a href=\"https:\/\/8thsociodramaconference.com\/hu\/workshops-jun28-afternoon\/\" target=\"_blank\" rel=\"noopener\">Programok j\u00fanius 28-\u00e1n d\u00e9lut\u00e1n<\/a><\/h5>\n[\/vc_column_text][\/vc_column_inner][\/vc_row_inner][\/vc_column][vc_column border_color=&#8221;#6d2319&#8243;][vc_gallery interval=&#8221;3&#8243; images=&#8221;7037,7035&#8243; img_size=&#8221;full&#8221; css=&#8221;.vc_custom_1715967396570{background-color: #632716 !important;}&#8221;][vc_message message_box_color=&#8221;grey&#8221; icon_fontawesome=&#8221;fas fa-camera&#8221;]Photo: Gabriella Csosz\u00f3[\/vc_message][\/vc_column][\/mk_page_section][mk_page_section padding=&#8221;0&#8243;][vc_column][vc_column_text responsive_align=&#8221;left&#8221;]\n<h5 style=\"text-align: center;\"><b>ABSZTRAKT:<\/b><\/h5>\n[\/vc_column_text][vc_column_text responsive_align=&#8221;left&#8221;]<span style=\"font-weight: 400;\">A Radn\u00f3ti Mikl\u00f3s Sz\u00ednh\u00e1z Magyarorsz\u00e1g egyik megker\u00fclhetetlen kultur\u00e1lis b\u00e1zisa a sz\u00ednh\u00e1zi \u00e9letben. Mind \u00e9ves bemutat\u00f3inak darabv\u00e1laszt\u00e1s\u00e1val <\/span><a href=\"https:\/\/radnotiszinhaz.hu\/bemutatok\/\"><span style=\"font-weight: 400;\">https:\/\/radnotiszinhaz.hu\/bemutatok\/<\/span><\/a><span style=\"font-weight: 400;\">, mind pedig sz\u00ednh\u00e1zi nevel\u00e9si tev\u00e9kenys\u00e9g\u00e9nek szociodramatikus szeml\u00e9let\u00e9n kereszt\u00fcl \u00e9rz\u00e9kenyen reag\u00e1l a magyarorsz\u00e1gi t\u00e1rsadalmi k\u00e9rd\u00e9sekre. 2022-24-es kamp\u00e1ny\u00e1val 16 fontos k\u00f6z\u00e9leti \u00fcgyre h\u00edvta fel a figyelmet: <\/span><a href=\"https:\/\/radnotiszinhaz.hu\/14-ugy\/\"><span style=\"font-weight: 400;\">https:\/\/radnotiszinhaz.hu\/14-ugy\/<\/span><\/a><\/p>\n<p><span style=\"font-weight: 400;\">2020 \u00f3ta a sz\u00ednh\u00e1z r\u00e9szv\u00e9teli el\u0151ad\u00e1sokat is k\u00edn\u00e1l a n\u00e9z\u0151knek. <\/span><a href=\"https:\/\/radnotiszinhaz.hu\/reszveteli\/\"><span style=\"font-weight: 400;\">https:\/\/radnotiszinhaz.hu\/reszveteli\/<\/span><\/a><span style=\"font-weight: 400;\"> Ezek az el\u0151ad\u00e1sok l\u00e9trej\u00f6tt\u00fcket nem a professzion\u00e1lis sz\u00edn\u00e9szeknek, hanem civil, h\u00e9tk\u00f6znapi emberek alkot\u00f3- \u00e9s j\u00e1t\u00e9kkedv\u00e9nek, adott t\u00e9m\u00e1k ir\u00e1nti elk\u00f6telezetts\u00e9g\u00e9nek, \u00e9s a k\u00f6z\u00f6ss\u00e9ghez tartoz\u00e1s v\u00e1gy\u00e1nak k\u00f6sz\u00f6nhetik. Az elm\u00falt \u00e9vek el\u0151ad\u00e1sai az al\u00e1bbi t\u00e9m\u00e1kat dolgozt\u00e1k fel:<br \/>\nMit kezdhet\u00fcnk a r\u00e1nk nehezed\u0151 t\u00e1rsadalmi elv\u00e1r\u00e1sokkal? Hogyan haszn\u00e1lhatjuk k\u00f6zt\u00e9ren a sz\u00ednh\u00e1zat a t\u00e1rsadalmi eml\u00e9kezet eszk\u00f6zek\u00e9nt? Hogyan tudunk fogyat\u00e9koss\u00e1ggal \u00e9l\u0151 \u00e9s \u00e9p fiatal feln\u0151ttek egy, az integr\u00e1ci\u00f3t seg\u00edt\u0151 j\u00f6v\u0151k\u00e9p\u00e9\u00e9rt tenni?<\/span><\/p>\n<p><span style=\"font-weight: 400;\">A 2023\/24-es \u00e9vad r\u00e9szv\u00e9teli programj\u00e1nak f\u00f3kusz\u00e1ban a gener\u00e1ci\u00f3s szakad\u00e9kok t\u00e9m\u00e1ja \u00e1ll. K\u00f6z\u00e9piskol\u00e1sok \u00e9s 60 pluszos feln\u0151ttek csoportja tal\u00e1lkozik egy k\u00f6z\u00f6s alkot\u00f3folyamat sor\u00e1n. A k\u00e9t koroszt\u00e1ly eleinte k\u00fcl\u00f6n indul, ismerkedik egym\u00e1ssal, majd intergener\u00e1ci\u00f3s csoportk\u00e9nt m\u0171k\u00f6dik tov\u00e1bb. Munk\u00e1juk alapj\u00e1t a k\u00f6z\u00e9piskol\u00e1sok \u00e1ltal v\u00e1lasztott Momo c. mesereg\u00e9ny adja, f\u00f3kusz\u00e1ban az id\u0151h\u00f6z val\u00f3 viszony \u00e9s a manipul\u00e1lhat\u00f3s\u00e1g t\u00e9m\u00e1ival.<\/span><\/p>\n<p><span style=\"font-weight: 400;\">A workshop egyben a csoport \u00e9vad v\u00e9gi munk\u00e1j\u00e1nak k\u00f6z\u00f6ns\u00e9g el\u0151tti bemutat\u00f3ja is lesz. Az esem\u00e9nyen arra h\u00edvjuk a r\u00e9sztvev\u0151ket, hogy l\u00e9pjenek be a t\u00f6rt\u00e9netbe \u00e9s gondolkodjanak vel\u00fcnk egy\u00fctt a fenti t\u00e9m\u00e1kr\u00f3l.<\/span>[\/vc_column_text][mk_padding_divider size=&#8221;30&#8243;][vc_column_text responsive_align=&#8221;left&#8221;]\n<h5 style=\"text-align: center;\"><b>EL\u0150AD\u00d3KR\u00d3L:<\/b><\/h5>\n[\/vc_column_text][vc_row_inner][vc_column_inner width=&#8221;1\/4&#8243;][mk_image src=&#8221;https:\/\/8thsociodramaconference.com\/wp-content\/uploads\/2024\/05\/radnoti.png&#8221; image_width=&#8221;402&#8243; image_height=&#8221;275&#8243; crop=&#8221;false&#8221; hover=&#8221;false&#8221;][\/vc_column_inner][vc_column_inner width=&#8221;3\/4&#8243;][vc_column_text responsive_align=&#8221;left&#8221;]Durst M\u00f3ni: pszichodr\u00e1ma vezet\u0151, kik\u00e9pz\u0151 szociodr\u00e1ma vezet\u0151, sz\u00ednh\u00e1zi nevel\u00e9si szakember, a Radn\u00f3ti Mikl\u00f3s Sz\u00ednh\u00e1z sz\u00ednh\u00e1zi nevel\u00e9si m\u0171hely\u00e9nek vezet\u0151je<\/p>\n<p>Szendrey Gitta: Dr\u00e1mainstruktor, m\u0171v\u00e9szetterapeuta, a Radn\u00f3ti Mikl\u00f3s Sz\u00ednh\u00e1z sz\u00ednh\u00e1zi nevel\u00e9si m\u0171hely\u00e9nek munkat\u00e1rsa<\/p>\n<p>Hliny\u00e1nszky Doma: dr\u00e1mainstruktor, a Radn\u00f3ti Mikl\u00f3s Sz\u00ednh\u00e1z sz\u00ednh\u00e1zi nevel\u00e9si m\u0171hely\u00e9nek munkat\u00e1rsa[\/vc_column_text][\/vc_column_inner][\/vc_row_inner][\/vc_column][\/mk_page_section]\n<\/section>","protected":false},"excerpt":{"rendered":"<p>[mk_page_section][vc_column][mk_fancy_title tag_name=&#8221;h2&#8243; size=&#8221;40&#8243; line_height=&#8221;50&#8243; font_family=&#8221;Oswald&#8221; font_type=&#8221;google&#8221; margin_bottom=&#8221;0&#8243;] GENER\u00c1CI\u00d3K K\u00d6Z\u00d6TTI \u00c1TJ\u00c1R\u00d3K A Radn\u00f3ti Mikl\u00f3s Sz\u00ednh\u00e1z Ifj\u00fas\u00e1gi M\u0171hely\u00e9nek workshopja (A workshop nyelve magyar \u00e9s angol) EL\u0150AD\u00d3K: DURST M\u00d3NI &#8211; HLINY\u00c1NSZKY DOMA\u00a0 &#8211; SZENDREY\u00a0 GITTA\u00a0 [\/mk_fancy_title][vc_row_inner][vc_column_inner width=&#8221;1\/6&#8243;][mk_image_box title=&#8221;Sociodrama and power&#8221; src=&#8221;https:\/\/8thsociodramaconference.com\/wp-content\/uploads\/2024\/05\/local-communities.png&#8221; media_width=&#8221;421&#8243; media_height=&#8221;294&#8243; crop=&#8221;false&#8221; image_link=&#8221;url&#8221; target=&#8221;_blank&#8221; align=&#8221;center&#8221; rounded_corner=&#8221;true&#8221;][\/mk_image_box][\/vc_column_inner][vc_column_inner width=&#8221;2\/3&#8243;][vc_column_text responsive_align=&#8221;left&#8221;] ID\u0150PONT:\u00a0J\u00fanius 28. p\u00e9ntek, 14:30-16:30 T\u00c9MA: Programok a helyi [&hellip;]<\/p>\n","protected":false},"author":1,"featured_media":0,"parent":0,"menu_order":0,"comment_status":"closed","ping_status":"closed","template":"","meta":{"footnotes":""},"class_list":["post-7073","page","type-page","status-publish","hentry"],"_links":{"self":[{"href":"https:\/\/8thsociodramaconference.com\/hu\/wp-json\/wp\/v2\/pages\/7073","targetHints":{"allow":["GET"]}}],"collection":[{"href":"https:\/\/8thsociodramaconference.com\/hu\/wp-json\/wp\/v2\/pages"}],"about":[{"href":"https:\/\/8thsociodramaconference.com\/hu\/wp-json\/wp\/v2\/types\/page"}],"author":[{"embeddable":true,"href":"https:\/\/8thsociodramaconference.com\/hu\/wp-json\/wp\/v2\/users\/1"}],"replies":[{"embeddable":true,"href":"https:\/\/8thsociodramaconference.com\/hu\/wp-json\/wp\/v2\/comments?post=7073"}],"version-history":[{"count":9,"href":"https:\/\/8thsociodramaconference.com\/hu\/wp-json\/wp\/v2\/pages\/7073\/revisions"}],"predecessor-version":[{"id":8081,"href":"https:\/\/8thsociodramaconference.com\/hu\/wp-json\/wp\/v2\/pages\/7073\/revisions\/8081"}],"wp:attachment":[{"href":"https:\/\/8thsociodramaconference.com\/hu\/wp-json\/wp\/v2\/media?parent=7073"}],"curies":[{"name":"wp","href":"https:\/\/api.w.org\/{rel}","templated":true}]}}