{"id":6804,"date":"2024-03-26T12:02:29","date_gmt":"2024-03-26T11:02:29","guid":{"rendered":"https:\/\/8thsociodramaconference.com\/program-menyhart-szekeres-vajdics-takacs-ruzsa-oborny-varga\/"},"modified":"2024-06-12T22:14:08","modified_gmt":"2024-06-12T20:14:08","slug":"program-hullamhossz-playback","status":"publish","type":"page","link":"https:\/\/8thsociodramaconference.com\/hu\/program-hullamhossz-playback\/","title":{"rendered":"Program Socio-Playback"},"content":{"rendered":"<section class=\"wpb-content-wrapper\">[mk_page_section][vc_column][mk_fancy_title tag_name=&#8221;h2&#8243; size=&#8221;40&#8243; line_height=&#8221;50&#8243; font_family=&#8221;Oswald&#8221; font_type=&#8221;google&#8221; margin_bottom=&#8221;0&#8243;]\n<h3 style=\"text-align: center;\"><b>SZOCIO-PLAYBACK:<br \/>\n<\/b><b>K\u00d6Z\u00d6S EML\u00c9KEINK, T\u00d6RT\u00c9NETEINK FELID\u00c9Z\u00c9SE \u00c9S MEGJELEN\u00cdT\u00c9SE A SZOCIO-PLAYBACK SZ\u00cdNPAD\u00c1N<\/b><\/h3>\n<h5 style=\"text-align: center;\"><em>(A program nyelve angol, ig\u00e9ny eset\u00e9n magyar tolm\u00e1csol\u00e1st biztos\u00edtunk)<\/em><\/h5>\n<h5 style=\"text-align: center;\"><span style=\"color: #800000;\"><strong>EL\u0150AD\u00d3K:<\/strong><b> B\u00d3ZS\u00d3 P\u00c9TER &#8211; MENYH\u00c1RT <\/b><\/span><span style=\"color: #800000;\"><b>FEL\u00cdCIA <\/b><\/span><span style=\"color: #800000;\"><b>&#8211; <\/b><\/span><span style=\"color: #800000;\"><b>RUZSA <\/b><\/span><span style=\"color: #800000;\"><b>G\u00c1BOR &#8211; STR\u00c1ZSAI JULIANNA &#8211; <\/b><\/span><span style=\"color: #800000;\"><b>SZEKERES J\u00daLIA &#8211; T\u00d3TH-D\u00c9NES JUDIT &#8211; VAJDICS ANIK\u00d3<\/b><\/span><\/h5>\n[\/mk_fancy_title][vc_row_inner][vc_column_inner width=&#8221;1\/6&#8243;][mk_image_box title=&#8221;Sociodrama and power&#8221; src=&#8221;https:\/\/8thsociodramaconference.com\/wp-content\/uploads\/2024\/02\/Different-Social-Groups-\u2013-the-Strengths-of-Communities-2.png&#8221; media_width=&#8221;421&#8243; media_height=&#8221;294&#8243; crop=&#8221;false&#8221; image_link=&#8221;url&#8221; url=&#8221;https:\/\/8thsociodramaconference.com\/topic-different-social-groups\/&#8221; target=&#8221;_blank&#8221; align=&#8221;center&#8221; rounded_corner=&#8221;true&#8221;][\/mk_image_box][\/vc_column_inner][vc_column_inner width=&#8221;2\/3&#8243;][vc_column_text responsive_align=&#8221;left&#8221;]\n<h5 style=\"text-align: left;\"><b>ID\u0150PONT<\/b><strong>: <\/strong>j\u00fanius 28. p\u00e9ntek, 21:00-22:30<br \/>\n<strong>T\u00c9MA: <\/strong>Alkot\u00f3 szociodr\u00e1ma k\u00f6z\u00f6ss\u00e9gek megteremt\u00e9se \u2013 helyi \u00e9s nemzetk\u00f6zi csoportok \u00e9s h\u00e1l\u00f3zatok<br \/>\n<strong>PROGRAM T\u00cdPUSA: <\/strong>Playback sz\u00ednh\u00e1zi workshop<br \/>\n<strong>TEREM:<\/strong><br \/>\n<strong>R\u00c9SZTVEV\u0150K SZ\u00c1MA: <\/strong>30<br \/>\n<strong>NYELV:<\/strong> A program nyelve angol, ig\u00e9ny eset\u00e9n magyar tolm\u00e1csol\u00e1st biztos\u00edtunk<br \/>\n<strong>C\u00cdMKE: <\/strong><a href=\"https:\/\/8thsociodramaconference.com\/hu\/topic-sociodrama-creative-collectives\/\" target=\"_blank\" rel=\"noopener\">Kreat\u00edv k\u00f6z\u00f6ss\u00e9gek<\/a>, <a href=\"https:\/\/8thsociodramaconference.com\/hu\/programs-playback-theatres\/\" target=\"_blank\" rel=\"noopener\">Programok j\u00fanius 28-\u00e1n este<\/a><\/h5>\n[\/vc_column_text][\/vc_column_inner][vc_column_inner width=&#8221;1\/6&#8243;][\/vc_column_inner][\/vc_row_inner][\/vc_column][\/mk_page_section][mk_page_section padding=&#8221;0&#8243;][vc_column][vc_column_text responsive_align=&#8221;left&#8221;]\n<h5 style=\"text-align: center;\"><b>ABSZTRAKT:<\/b><\/h5>\n[\/vc_column_text][vc_column_text responsive_align=&#8221;left&#8221;]\n<p align=\"left\">Az els\u0151 k\u00e9pz\u0151d\u00f6ttek k\u00f6z\u00f6tt vagyunk, akik Magyarorsz\u00e1gon a &#8222;Szociodr\u00e1ma csoportvezet\u0151 asszisztens&#8221; c\u00edmet elnyert\u00e9k.<br \/>\nEgyik \u00fatt\u00f6r\u0151 projekt\u00fcnk egy olyan k\u00eds\u00e9rlet volt, amely a szociodr\u00e1ma \u00e9s a playback sz\u00ednh\u00e1z m\u00f3dszereit \u00f6tv\u00f6zte &#8211; mindkett\u0151 Jacob Levy Moreno nev\u00e9hez k\u00f6t\u0151dik.<\/p>\n<p align=\"left\">A playback sz\u00ednh\u00e1z gy\u00f6kerei az 1921-1923 k\u00f6z\u00f6tt B\u00e9csben m\u0171k\u00f6d\u0151 Stegreiftheater-ig ny\u00falnak vissza. Ebben az innovat\u00edv sz\u00ednh\u00e1zban szem\u00e9lyes t\u00f6rt\u00e9neteket eleven\u00edtettek meg r\u00f6gt\u00f6n\u00f6zve a sz\u00ednpadon.<\/p>\n<p align=\"left\">A szociodr\u00e1ma \u00e9s a playback sz\u00ednh\u00e1z f\u00fazi\u00f3ja k\u00fcl\u00f6n\u00f6sen \u00e9rdekes lehet, ha a t\u00f6rt\u00e9neteknek az emberi l\u00e9tben bet\u00f6lt\u00f6tt m\u00e9ly szerep\u00e9re gondolunk. A t\u00f6rt\u00e9netek figyelemre m\u00e9lt\u00f3 m\u00f3don k\u00e9pesek egyes\u00edteni \u00e9s \u00f6sszek\u00f6tni benn\u00fcnket, lebontani az egy\u00e9nek \u00e9s egy\u00e9ni \u00e9lettapasztalataink k\u00f6z\u00f6tti korl\u00e1tokat, el\u0151seg\u00edteni az egy\u00e9ni, csal\u00e1di, transzgener\u00e1ci\u00f3s, ak\u00e1r \u00f6sszt\u00e1rsadalmi bel\u00e1t\u00e1st, gy\u00f3gyul\u00e1st.<\/p>\n<p align=\"left\">A t\u00f6rt\u00e9netek az egyetemes kult\u00fara \u0151si \u00e9s szerves r\u00e9sz\u00e9t k\u00e9pezik. Tov\u00e1bbad\u00e1sukkal hagyom\u00e1nyokat \u00e9s szok\u00e1sokat alak\u00edtunk ki, \u00e9rt\u00e9keket k\u00f6zvet\u00edt\u00fcnk, a j\u00f6v\u0151 nemzed\u00e9keit nevelj\u00fck, \u00e9s m\u00e9lyebb meg\u00e9rt\u00e9st nyer\u00fcnk mind \u00f6nmagunkr\u00f3l, mind a k\u00f6r\u00fcl\u00f6tt\u00fcnk l\u00e9v\u0151 vil\u00e1gr\u00f3l. A t\u00f6rt\u00e9netek t\u00fck\u00f6rk\u00e9nt szolg\u00e1lnak a kollekt\u00edv tudattalanhoz is, pszich\u00e9nknek azon r\u00e9sz\u00e9hez, amely az eg\u00e9sz emberis\u00e9g sz\u00e1m\u00e1ra k\u00f6z\u00f6s, \u00e9s amely eredend\u0151en bel\u00e9nk iv\u00f3dott.<\/p>\n<p align=\"left\">A program c\u00e9lja, hogy a szociodr\u00e1ma konferencia k\u00f6z\u00f6ss\u00e9g\u00e9nek \u00e9lm\u00e9nyeit, t\u00f6rt\u00e9neteit \u00e9s azok dinamik\u00e1j\u00e1t a szocio-playback m\u00f3dszertan szemsz\u00f6g\u00e9b\u0151l vizsg\u00e1ljuk meg. C\u00e9lunk, hogy felfedezz\u00fck k\u00f6z\u00f6s narrat\u00edv\u00e1inkat, integr\u00e1ljuk a szociodr\u00e1ma-konferenci\u00e1n szerzett k\u00f6z\u00f6s tapasztalatainkat.<\/p>\n<p align=\"left\">A program sor\u00e1n a r\u00e9sztvev\u0151k egy playback el\u0151ad\u00e1sban vesznek r\u00e9szt, ahol a hangs\u00faly egy-egy csoporton, egy kollekt\u00edv \u00e9lm\u00e9nyen, egy k\u00f6z\u00f6s t\u00f6rt\u00e9neten lesz. K\u00eds\u00e9rletet tesz\u00fcnk arra, hogy a szociodr\u00e1ma szeml\u00e9let\u00e9ben a playback sz\u00ednh\u00e1z \u00e9s a szociodr\u00e1ma fuzion\u00e1lt eszk\u00f6zeivel t\u00f6rt\u00e9neteinket k\u00f6z\u00f6sen \u00fajraj\u00e1tsszuk. B\u00edzunk benne, hogy t\u00f6bbletet adhat a r\u00e9sztvev\u0151knek az is, ha \u00e1t\u00e9lt \u00e9lm\u00e9nyeik \u00fajabb aspektusait a t\u00f6rt\u00e9net r\u00e9sztvev\u0151ivel egy\u00fctt a sz\u00ednpadon t\u00e1rjuk fel, m\u00e9ly\u00edtj\u00fck, vagy \u00e9pp befogadhat\u00f3v\u00e1 tessz\u00fck, er\u0151s\u00edtve ezzel a szocio-playback megk\u00f6zel\u00edt\u00e9s meg\u00e9rt\u00e9s\u00e9t.<\/p>\n[\/vc_column_text][mk_padding_divider size=&#8221;30&#8243;][vc_column_text responsive_align=&#8221;left&#8221;]\n<h5 style=\"text-align: center;\"><b>AZ EL\u0150AD\u00d3KR\u00d3L:<\/b><\/h5>\n[\/vc_column_text][vc_row_inner][vc_column_inner width=&#8221;1\/4&#8243;][mk_image src=&#8221;https:\/\/8thsociodramaconference.com\/wp-content\/uploads\/2024\/05\/presenters-pic-2.png&#8221; image_width=&#8221;402&#8243; image_height=&#8221;275&#8243; crop=&#8221;false&#8221; hover=&#8221;false&#8221;][\/vc_column_inner][vc_column_inner width=&#8221;3\/4&#8243;][vc_column_text responsive_align=&#8221;left&#8221;]A Hull\u00e1mhossz Playback Sz\u00ednh\u00e1zi Csoport egy dinamikus akci\u00f3csoport. 2023 tavasza \u00f3ta projektalapon m\u0171k\u00f6d\u00fcnk egy\u00fctt, \u00e9s az\u00f3ta sz\u00e1mos workshopot \u00e9s k\u00f6z\u00f6ss\u00e9gi sz\u00ednh\u00e1zi el\u0151ad\u00e1st tartottunk.<br \/>\nEgy \u00faj m\u0171fajjal k\u00eds\u00e9rletez\u00fcnk, amely a t\u00f6rt\u00e9netvisszaj\u00e1tsz\u00f3 playback sz\u00ednh\u00e1z egyik v\u00e1ltozata: a szocio-playback. Ez a m\u0171faj annyiban k\u00fcl\u00f6nb\u00f6zik a hagyom\u00e1nyos playback sz\u00ednh\u00e1zt\u00f3l, hogy k\u00f6z\u00f6ss\u00e9gfejleszt\u0151 c\u00e9lokat is szolg\u00e1l, a t\u00e1rsadalmi jelens\u00e9geket vizsg\u00e1lja, \u00e9s a t\u00e1rsadalom dinamiz\u00e1l\u00e1s\u00e1t is el\u0151t\u00e9rbe helyezi, mik\u00f6zben megtartja a playback sz\u00ednh\u00e1z gy\u00f6kereit.<\/p>\n<p>A csapat tagjai:<\/p>\n<p>B\u00f3zs\u00f3 P\u00e9ter: sz\u00edn\u00e9sz, zen\u00e9sz<br \/>\nMenyh\u00e1rt Fel\u00edcia:\u00a0szociodramatista, zen\u00e9sz<br \/>\nRuzsa G\u00e1bor: j\u00e1t\u00e9kmester<br \/>\nStr\u00e1zsai Julianna: sz\u00edn\u00e9sz, zen\u00e9sz<br \/>\nSzekeres Julia: sz\u00edn\u00e9sz<br \/>\nT\u00f3th-D\u00e9nes Judit<br \/>\nVajdics Anik\u00f3: sz\u00edn\u00e9sz[\/vc_column_text][\/vc_column_inner][\/vc_row_inner][\/vc_column][\/mk_page_section]\n<\/section>","protected":false},"excerpt":{"rendered":"<p>[mk_page_section][vc_column][mk_fancy_title tag_name=&#8221;h2&#8243; size=&#8221;40&#8243; line_height=&#8221;50&#8243; font_family=&#8221;Oswald&#8221; font_type=&#8221;google&#8221; margin_bottom=&#8221;0&#8243;] SZOCIO-PLAYBACK: K\u00d6Z\u00d6S EML\u00c9KEINK, T\u00d6RT\u00c9NETEINK FELID\u00c9Z\u00c9SE \u00c9S MEGJELEN\u00cdT\u00c9SE A SZOCIO-PLAYBACK SZ\u00cdNPAD\u00c1N (A program nyelve angol, ig\u00e9ny eset\u00e9n magyar tolm\u00e1csol\u00e1st biztos\u00edtunk) EL\u0150AD\u00d3K: B\u00d3ZS\u00d3 P\u00c9TER &#8211; MENYH\u00c1RT FEL\u00cdCIA &#8211; RUZSA G\u00c1BOR &#8211; STR\u00c1ZSAI JULIANNA &#8211; SZEKERES J\u00daLIA &#8211; T\u00d3TH-D\u00c9NES JUDIT &#8211; VAJDICS ANIK\u00d3 [\/mk_fancy_title][vc_row_inner][vc_column_inner width=&#8221;1\/6&#8243;][mk_image_box title=&#8221;Sociodrama and power&#8221; src=&#8221;https:\/\/8thsociodramaconference.com\/wp-content\/uploads\/2024\/02\/Different-Social-Groups-\u2013-the-Strengths-of-Communities-2.png&#8221; media_width=&#8221;421&#8243; media_height=&#8221;294&#8243; [&hellip;]<\/p>\n","protected":false},"author":1,"featured_media":0,"parent":0,"menu_order":0,"comment_status":"closed","ping_status":"closed","template":"","meta":{"footnotes":""},"class_list":["post-6804","page","type-page","status-publish","hentry"],"_links":{"self":[{"href":"https:\/\/8thsociodramaconference.com\/hu\/wp-json\/wp\/v2\/pages\/6804","targetHints":{"allow":["GET"]}}],"collection":[{"href":"https:\/\/8thsociodramaconference.com\/hu\/wp-json\/wp\/v2\/pages"}],"about":[{"href":"https:\/\/8thsociodramaconference.com\/hu\/wp-json\/wp\/v2\/types\/page"}],"author":[{"embeddable":true,"href":"https:\/\/8thsociodramaconference.com\/hu\/wp-json\/wp\/v2\/users\/1"}],"replies":[{"embeddable":true,"href":"https:\/\/8thsociodramaconference.com\/hu\/wp-json\/wp\/v2\/comments?post=6804"}],"version-history":[{"count":8,"href":"https:\/\/8thsociodramaconference.com\/hu\/wp-json\/wp\/v2\/pages\/6804\/revisions"}],"predecessor-version":[{"id":8303,"href":"https:\/\/8thsociodramaconference.com\/hu\/wp-json\/wp\/v2\/pages\/6804\/revisions\/8303"}],"wp:attachment":[{"href":"https:\/\/8thsociodramaconference.com\/hu\/wp-json\/wp\/v2\/media?parent=6804"}],"curies":[{"name":"wp","href":"https:\/\/api.w.org\/{rel}","templated":true}]}}