{"id":6401,"date":"2024-02-14T11:11:27","date_gmt":"2024-02-14T10:11:27","guid":{"rendered":"https:\/\/8thsociodramaconference.com\/program-sociodrama-training-groups-in-hungary\/"},"modified":"2024-05-26T17:32:09","modified_gmt":"2024-05-26T15:32:09","slug":"program-sociodrama-training-groups-in-hungary","status":"publish","type":"page","link":"https:\/\/8thsociodramaconference.com\/hu\/program-sociodrama-training-groups-in-hungary\/","title":{"rendered":"Program first two sociodrama training groups in Hungary"},"content":{"rendered":"<section class=\"wpb-content-wrapper\">[mk_page_section][vc_column][mk_fancy_title tag_name=&#8221;h2&#8243; size=&#8221;40&#8243; line_height=&#8221;50&#8243; font_family=&#8221;Oswald&#8221; font_type=&#8221;google&#8221; margin_bottom=&#8221;0&#8243;]\n<h3 style=\"text-align: center;\"><b>KALEIDOSZK\u00d3P. AZ ELS\u0150 MAGYARORSZ\u00c1GI SZOCIODR\u00c1MA TR\u00c9NINGCSOPORTOK SZERTE\u00c1GAZ\u00d3 HAT\u00c1SAI<\/b><\/h3>\n<h5 style=\"text-align: center;\"><em>(A workshop nyelve angol \u00e9s magyar)<\/em><\/h5>\n<h5 style=\"text-align: center;\"><span style=\"color: #800000;\"><strong>EL\u0150AD\u00d3K: BALLA EDIT &#8211; CSUVIK G\u00c1BOR &#8211; DELIA CRISTINA ROSCA &#8211; L\u0150RINCZ \u00c9VA &#8211; MENYH\u00c1RT FELICIA &#8211; TARDOS ZS\u00d3FIA<br \/>\nAZ MPE K\u00c9T ELS\u0150 SZOCIODR\u00c1MA PILOT K\u00c9PZ\u00c9S\u00c9NEK CSOPORTTAGJAI<\/strong><\/span><\/h5>\n[\/mk_fancy_title][vc_row_inner][vc_column_inner width=&#8221;1\/6&#8243;][mk_image_box title=&#8221;Sociodrama and power&#8221; src=&#8221;https:\/\/8thsociodramaconference.com\/wp-content\/uploads\/2024\/02\/Different-Social-Groups-\u2013-the-Strengths-of-Communities-2.png&#8221; media_width=&#8221;421&#8243; media_height=&#8221;294&#8243; crop=&#8221;false&#8221; image_link=&#8221;url&#8221; url=&#8221;https:\/\/8thsociodramaconference.com\/topic-different-social-groups\/&#8221; target=&#8221;_blank&#8221; align=&#8221;center&#8221; rounded_corner=&#8221;true&#8221;][\/mk_image_box][\/vc_column_inner][vc_column_inner width=&#8221;2\/3&#8243;][vc_column_text responsive_align=&#8221;left&#8221;]\n<h5 style=\"text-align: left;\"><b>ID\u0150PONT: <\/b>j\u00fanius 26. szerda, 20:30-22:00<br \/>\n<b><\/b><strong>T\u00c9MA: <\/strong>Szociodr\u00e1ma k\u00fcl\u00f6nf\u00e9le t\u00e1rsadalmi sz\u00edntereken \u00e9s csoportokban \u2013 a k\u00f6z\u00f6ss\u00e9gek ereje<br \/>\n<b>PROGRAM T\u00cdPUSA:<\/b> prezent\u00e1ci\u00f3 \u00e9s workshop<br \/>\n<strong>TEREM:<\/strong><br \/>\n<strong>R\u00c9SZTVEV\u0150K SZ\u00c1MA: <\/strong>50<strong><br \/>\nNYELV:<\/strong> Angol \u00e9s magyar<br \/>\n<strong>C\u00cdMKE: <\/strong><a href=\"https:\/\/8thsociodramaconference.com\/hu\/topic-different-social-groups\/\" target=\"_blank\" rel=\"noopener\">V\u00e1ltozatos csoportok,<\/a> <a href=\"https:\/\/8thsociodramaconference.com\/hu\/programs-jun26-evening\/\" target=\"_blank\" rel=\"noopener\">Programok j\u00fanius 26-\u00e1n este<\/a><\/h5>\n[\/vc_column_text][\/vc_column_inner][vc_column_inner width=&#8221;1\/6&#8243;][\/vc_column_inner][\/vc_row_inner][\/vc_column][\/mk_page_section][mk_page_section padding=&#8221;0&#8243;][vc_column][vc_column_text responsive_align=&#8221;left&#8221;]\n<h5 style=\"text-align: center;\"><b>ABSZTRAKT:<\/b><\/h5>\n[\/vc_column_text][vc_column_text responsive_align=&#8221;left&#8221;]<span style=\"font-weight: 400;\">A PERFORMERS projekt eredm\u00e9nyek\u00e9nt n\u00e9h\u00e1ny elk\u00f6telezett csoportvezet\u0151 2023-ban elind\u00edtotta az els\u0151 szociodr\u00e1ma k\u00e9pz\u00e9st Magyarorsz\u00e1gon. \u0150k voltak a csoportvezet\u0151ink a szociodr\u00e1ma pilot k\u00e9pz\u00e9sben, \u00edgy mi lett\u00fcnk a Magyar Pszichodr\u00e1ma Egyes\u00fclet els\u0151 szociodr\u00e1ma asszisztensei. K\u00e9pz\u00e9s\u00fcnknek k\u00f6sz\u00f6nhet\u0151en sz\u00e1mos \u00faj csoportot tudtunk l\u00e9trehozni, alkalmazva a szociodr\u00e1ma m\u00f3dszer\u00e9t azokon a ter\u00fcleteken, ahol dolgozunk. K\u00eds\u00e9rletezt\u00fcnk a m\u00f3dszerrel, \u00e9s igyekezt\u00fcnk a t\u00e1rsadalmon bel\u00fcli traum\u00e1kat \u00e9s sebeket kezelni. El\u0151ad\u00e1sunkban szeretn\u00e9nk bemutatni azokat a ter\u00fcleteket, ahol csoportmunk\u00e1t v\u00e9gezt\u00fcnk, \u00e9s felaj\u00e1nlani a r\u00e9sztvev\u0151knek, hogy kiv\u00e1lassz\u00e1k az \u0151ket legink\u00e1bb \u00e9rdekl\u0151 t\u00e9m\u00e1kat. Ezut\u00e1n belezoomolunk ezekbe a ter\u00fcletekbe, szociodramatikusan megjelen\u00edtve ezeket. B\u00edzunk benne, hogy munk\u00e1nk megoszt\u00e1sa inspir\u00e1ci\u00f3s forr\u00e1sk\u00e9nt szolg\u00e1lhat, nemcsak azok sz\u00e1m\u00e1ra, akik szociodr\u00e1m\u00e1val dolgoznak, hanem azok sz\u00e1m\u00e1ra is, akik k\u00e9pz\u00e9seket tartanak a vil\u00e1g k\u00fcl\u00f6nb\u00f6z\u0151 t\u00e1jain.<\/span>[\/vc_column_text][mk_padding_divider size=&#8221;30&#8243;][vc_column_text responsive_align=&#8221;left&#8221;]\n<h5 style=\"text-align: center;\"><b>AZ EL\u0150AD\u00d3KR\u00d3L:<\/b><\/h5>\n[\/vc_column_text][vc_row_inner][vc_column_inner width=&#8221;1\/4&#8243;][mk_image src=&#8221;https:\/\/8thsociodramaconference.com\/wp-content\/uploads\/2024\/05\/presenters-pic.png&#8221; image_width=&#8221;402&#8243; image_height=&#8221;275&#8243; crop=&#8221;false&#8221; hover=&#8221;false&#8221;][\/vc_column_inner][vc_column_inner width=&#8221;3\/4&#8243;][vc_column_text responsive_align=&#8221;left&#8221;]A k\u00e9t\u00a0els\u0151 magyarorsz\u00e1gi szociodr\u00e1ma pilot k\u00e9pz\u00e9s n\u00e9h\u00e1ny r\u00e9sztvev\u0151je[\/vc_column_text][\/vc_column_inner][\/vc_row_inner][\/vc_column][\/mk_page_section]\n<\/section>","protected":false},"excerpt":{"rendered":"<p>[mk_page_section][vc_column][mk_fancy_title tag_name=&#8221;h2&#8243; size=&#8221;40&#8243; line_height=&#8221;50&#8243; font_family=&#8221;Oswald&#8221; font_type=&#8221;google&#8221; margin_bottom=&#8221;0&#8243;] KALEIDOSZK\u00d3P. AZ ELS\u0150 MAGYARORSZ\u00c1GI SZOCIODR\u00c1MA TR\u00c9NINGCSOPORTOK SZERTE\u00c1GAZ\u00d3 HAT\u00c1SAI (A workshop nyelve angol \u00e9s magyar) EL\u0150AD\u00d3K: BALLA EDIT &#8211; CSUVIK G\u00c1BOR &#8211; DELIA CRISTINA ROSCA &#8211; L\u0150RINCZ \u00c9VA &#8211; MENYH\u00c1RT FELICIA &#8211; TARDOS ZS\u00d3FIA AZ MPE K\u00c9T ELS\u0150 SZOCIODR\u00c1MA PILOT K\u00c9PZ\u00c9S\u00c9NEK CSOPORTTAGJAI [\/mk_fancy_title][vc_row_inner][vc_column_inner width=&#8221;1\/6&#8243;][mk_image_box title=&#8221;Sociodrama and power&#8221; src=&#8221;https:\/\/8thsociodramaconference.com\/wp-content\/uploads\/2024\/02\/Different-Social-Groups-\u2013-the-Strengths-of-Communities-2.png&#8221; media_width=&#8221;421&#8243; [&hellip;]<\/p>\n","protected":false},"author":4,"featured_media":0,"parent":0,"menu_order":0,"comment_status":"closed","ping_status":"closed","template":"","meta":{"footnotes":""},"class_list":["post-6401","page","type-page","status-publish","hentry"],"_links":{"self":[{"href":"https:\/\/8thsociodramaconference.com\/hu\/wp-json\/wp\/v2\/pages\/6401","targetHints":{"allow":["GET"]}}],"collection":[{"href":"https:\/\/8thsociodramaconference.com\/hu\/wp-json\/wp\/v2\/pages"}],"about":[{"href":"https:\/\/8thsociodramaconference.com\/hu\/wp-json\/wp\/v2\/types\/page"}],"author":[{"embeddable":true,"href":"https:\/\/8thsociodramaconference.com\/hu\/wp-json\/wp\/v2\/users\/4"}],"replies":[{"embeddable":true,"href":"https:\/\/8thsociodramaconference.com\/hu\/wp-json\/wp\/v2\/comments?post=6401"}],"version-history":[{"count":10,"href":"https:\/\/8thsociodramaconference.com\/hu\/wp-json\/wp\/v2\/pages\/6401\/revisions"}],"predecessor-version":[{"id":7708,"href":"https:\/\/8thsociodramaconference.com\/hu\/wp-json\/wp\/v2\/pages\/6401\/revisions\/7708"}],"wp:attachment":[{"href":"https:\/\/8thsociodramaconference.com\/hu\/wp-json\/wp\/v2\/media?parent=6401"}],"curies":[{"name":"wp","href":"https:\/\/api.w.org\/{rel}","templated":true}]}}