{"id":6375,"date":"2024-02-16T21:30:17","date_gmt":"2024-02-16T20:30:17","guid":{"rendered":"https:\/\/8thsociodramaconference.com\/program-davide-favero-stefano-candellieri\/"},"modified":"2024-05-27T17:46:41","modified_gmt":"2024-05-27T15:46:41","slug":"program-davide-favero-stefano-candellieri","status":"publish","type":"page","link":"https:\/\/8thsociodramaconference.com\/hu\/program-davide-favero-stefano-candellieri\/","title":{"rendered":"Program Davide Favero &#8211; Stefano Candellieri"},"content":{"rendered":"<section class=\"wpb-content-wrapper\">[mk_page_section][vc_column][mk_fancy_title tag_name=&#8221;h2&#8243; size=&#8221;40&#8243; line_height=&#8221;50&#8243; font_family=&#8221;Oswald&#8221; font_type=&#8221;google&#8221; margin_bottom=&#8221;0&#8243;]\n<h3 style=\"text-align: center;\"><b>R\u00c9GI ESZK\u00d6Z\u00d6K \u00daJ FELHASZN\u00c1L\u00c1SA<\/b><\/h3>\n<h5 style=\"text-align: center;\"><em>(A workshop nyelve angol)<\/em><\/h5>\n<h5 style=\"text-align: center;\"><span style=\"color: #800000;\"><strong>EL\u0150AD\u00d3K:<\/strong><b> DAVIDE FAVERO &#8211; STEFANO CANDELLIERI<\/b><\/span><\/h5>\n[\/mk_fancy_title][vc_row_inner][vc_column_inner width=&#8221;1\/6&#8243;][mk_image_box title=&#8221;Sociodrama and power&#8221; src=&#8221;https:\/\/8thsociodramaconference.com\/wp-content\/uploads\/2024\/02\/Sociodrama-and-More-1.png&#8221; media_width=&#8221;421&#8243; media_height=&#8221;294&#8243; crop=&#8221;false&#8221; image_link=&#8221;url&#8221; url=&#8221;https:\/\/8thsociodramaconference.com\/topic-sociodrama-more\/&#8221; target=&#8221;_blank&#8221; align=&#8221;center&#8221; rounded_corner=&#8221;true&#8221;][\/mk_image_box][\/vc_column_inner][vc_column_inner width=&#8221;2\/3&#8243;][vc_column_text responsive_align=&#8221;left&#8221;]\n<h5 style=\"text-align: left;\"><b>ID\u0150PONT<\/b><strong>: <\/strong>J\u00fanius 29. szombat, 14:00-16:30<br \/>\n<strong>T\u00c9MA: <\/strong>Szociodr\u00e1ma \u00e9s kapcsol\u00f3d\u00e1sai<br \/>\n<strong>PROGRAM T\u00cdPUSA: <\/strong>Workshop<br \/>\n<strong>TEREM:<\/strong><br \/>\n<strong>R\u00c9SZTVEV\u0150K SZ\u00c1MA: <\/strong>20<br \/>\n<strong>NYELV:<\/strong> Angol<br \/>\n<strong>C\u00cdMKE: <\/strong><a href=\"https:\/\/8thsociodramaconference.com\/hu\/topic-sociodrama-more\/\" target=\"_blank\" rel=\"noopener\">Kitekint\u00e9s<\/a>, <a href=\"https:\/\/8thsociodramaconference.com\/hu\/workshops-jun29-afternoon\/\" target=\"_blank\" rel=\"noopener\">Programok j\u00fanius 29-\u00e9n d\u00e9lut\u00e1n<\/a><\/h5>\n[\/vc_column_text][\/vc_column_inner][vc_column_inner width=&#8221;1\/6&#8243;][\/vc_column_inner][\/vc_row_inner][\/vc_column][\/mk_page_section][mk_page_section padding=&#8221;0&#8243;][vc_column][vc_column_text responsive_align=&#8221;left&#8221;]\n<h5 style=\"text-align: center;\"><b>ABSZTRAKT:<\/b><\/h5>\n[\/vc_column_text][vc_column_text responsive_align=&#8221;left&#8221;]<span style=\"font-weight: 400;\">A mitol\u00f3gi\u00e1t olyan ter\u00fcletnek tekintj\u00fck, amely az univerz\u00e1lis jelent\u00e9sekkel foglalkozik, vagyis olyan t\u00e9m\u00e1kkal, amelyek az emberis\u00e9g kollekt\u00edv dimenzi\u00f3j\u00e1t \u00e9rintik. Minden kultur\u00e1lis term\u00e9ket, a m\u0171v\u00e9szeteket, az irodalmat, vagyis azok a produkumokat, amelyek \u00fajracsomagolj\u00e1k \u00e9s revitaliz\u00e1lj\u00e1k az emberi term\u00e9szet meg\u00e9rt\u00e9se szempontj\u00e1b\u00f3l\u00a0 mindig is fontos t\u00e9m\u00e1kat, \u00e1thatja a mitol\u00f3gia. <\/span><\/p>\n<p><span style=\"font-weight: 400;\">A g\u00f6r\u00f6g sz\u00ednh\u00e1z, k\u00fcl\u00f6n\u00f6sk\u00e9ppen a trag\u00e9dia, az\u00e9rt\u00a0 alakult ki, hogy form\u00e1t adjon e t\u00e9m\u00e1k egyfajta kollekt\u00edv feldolgoz\u00e1s\u00e1nak. Csakhogy a trag\u00e9di\u00e1t \u00e1ltal\u00e1ban a k\u00f6z\u00f6ns\u00e9g n\u00e9zi,, akik szubjekt\u00edven dolgozz\u00e1k fel annak \u00e9rzelmi komponenseit. Mi viszont\u00a0 olyan szociodramatikus tapasztalatok elbesz\u00e9l\u00e9s\u00e9re v\u00e1llalkozunk, amely a k\u00f6z\u00f6ns\u00e9g \u00e1ltal elj\u00e1tszott trag\u00e9di\u00e1kra vonatkozik. Egy\u00e9ni \u00e9s kollekt\u00edv elemek keverednek egym\u00e1ssal: M\u00e9deia, Antigon\u00e9 vagy Oidipusz, a klasszikus sz\u00f6vegek eredetileg r\u00f6gz\u00edtett szerepl\u0151i \u00fajra\u00e9rtelmez\u0151dnek a k\u00fcl\u00f6nb\u00f6z\u0151 emberek egy\u00e9nis\u00e9ge \u00e1ltal. A trag\u00e9dia k\u00f3rusa szabad mozg\u00e1ss\u00e1 alakul \u00e1t, amely Medea, Antigon\u00e9 vagy Oidipusz egy\u00e9ni \u00e9rtelmez\u00e9seit komment\u00e1lja. \u00c9l\u0151 zene k\u00f6veti a kialakul\u00f3 komplex\u00a0 \u00f6sszj\u00e1t\u00e9kot, \u00e9s akusztikus visszajelz\u00e9seivel alak\u00edtja \u00e1t azt. <\/span><\/p>\n<p><span style=\"font-weight: 400;\">A k\u00f6z\u00f6ns\u00e9g bevon\u00e1s\u00e1val, bevon\u00f3d\u00e1s\u00e1val t\u00f6bb\u00e9 m\u00e1r nem \u201ecsak\u201d k\u00f6z\u00f6ns\u00e9g. A rendez\u0151k egy olyan jam session vezet\u0151j\u00e9v\u00e9 v\u00e1lnak, amely sz\u00e9tfesz\u00edti a \u201eklasszikus\u201d szociodr\u00e1ma rendezett strukt\u00far\u00e1j\u00e1t \u00e9s megbontja azt az improviz\u00e1ci\u00f3 \u00e9rdek\u00e9ben. <\/span><\/p>\n<p><span style=\"font-weight: 400;\">Az alkalom ut\u00e1n a r\u00e9sztvev\u0151k vide\u00f3kon, technikai le\u00edr\u00e1sokon \u00e9s elm\u00e9leti reflexi\u00f3kon kereszt\u00fcl k\u00e9pesek lesznek felfedezni \u00e9s alkalmazni, hogy a r\u00e9gi eszk\u00f6z\u00f6k hogyan hozhatnak l\u00e9tre \u00faj jelent\u00e9seket a szociodramatikus munk\u00e1ban.<\/span>[\/vc_column_text][mk_padding_divider size=&#8221;30&#8243;][vc_column_text responsive_align=&#8221;left&#8221;]\n<h5 style=\"text-align: center;\"><b>AZ EL\u0150AD\u00d3R\u00d3L:<\/b><\/h5>\n[\/vc_column_text][vc_row_inner][vc_column_inner width=&#8221;1\/4&#8243;][mk_image src=&#8221;https:\/\/8thsociodramaconference.com\/wp-content\/uploads\/2024\/02\/Davide-Stefano.png&#8221; image_width=&#8221;402&#8243; image_height=&#8221;275&#8243; crop=&#8221;false&#8221; hover=&#8221;false&#8221;][\/vc_column_inner][vc_column_inner width=&#8221;3\/4&#8243;][vc_column_text responsive_align=&#8221;left&#8221;]<span style=\"font-weight: 400;\">Davide Favero: csoportpszichoterpeuta (Coirag), pszichodramatista (Giulio Gasca tan\u00edtv\u00e1nya), jungi analitikus (Arpa-Cipa-Iaap), \u00e9s 25 \u00e9ve vezet pszichodr\u00e1ma ter\u00e1pi\u00e1s csoportokat.<\/span><br \/>\n<span style=\"font-weight: 400;\">A pszichodr\u00e1m\u00e1t csoportos tr\u00e9ningeken \u00e9s szuperv\u00edzi\u00f3ban is haszn\u00e1lja. Sz\u00e1mos nemzetk\u00f6zi pszichoanal\u00edzis kongresszuson vett r\u00e9szt, t\u00f6bbek k\u00f6z\u00f6tt a &#8222;Who Shall Survive?&#8221; 2. IAGP Nemzetk\u00f6zi Pszichodr\u00e1ma Konferenci\u00e1n, a 8. Nemzetk\u00f6zi Pszichodr\u00e1ma Kongresszuson. Emellett tudom\u00e1nyos cikkek \u00e9s k\u00f6nyvek szerz\u0151je.<\/span><br \/>\n<span style=\"font-weight: 400;\">2003-ban Stefano Candellierivel egy\u00fctt megalap\u00edtott\u00e1k a Torin\u00f3i Pszichol\u00f3giai Orvosi K\u00f6zpontot.<\/span>[\/vc_column_text][\/vc_column_inner][\/vc_row_inner][\/vc_column][\/mk_page_section]\n<\/section>","protected":false},"excerpt":{"rendered":"<p>[mk_page_section][vc_column][mk_fancy_title tag_name=&#8221;h2&#8243; size=&#8221;40&#8243; line_height=&#8221;50&#8243; font_family=&#8221;Oswald&#8221; font_type=&#8221;google&#8221; margin_bottom=&#8221;0&#8243;] R\u00c9GI ESZK\u00d6Z\u00d6K \u00daJ FELHASZN\u00c1L\u00c1SA (A workshop nyelve angol) EL\u0150AD\u00d3K: DAVIDE FAVERO &#8211; STEFANO CANDELLIERI [\/mk_fancy_title][vc_row_inner][vc_column_inner width=&#8221;1\/6&#8243;][mk_image_box title=&#8221;Sociodrama and power&#8221; src=&#8221;https:\/\/8thsociodramaconference.com\/wp-content\/uploads\/2024\/02\/Sociodrama-and-More-1.png&#8221; media_width=&#8221;421&#8243; media_height=&#8221;294&#8243; crop=&#8221;false&#8221; image_link=&#8221;url&#8221; url=&#8221;https:\/\/8thsociodramaconference.com\/topic-sociodrama-more\/&#8221; target=&#8221;_blank&#8221; align=&#8221;center&#8221; rounded_corner=&#8221;true&#8221;][\/mk_image_box][\/vc_column_inner][vc_column_inner width=&#8221;2\/3&#8243;][vc_column_text responsive_align=&#8221;left&#8221;] ID\u0150PONT: J\u00fanius 29. szombat, 14:00-16:30 T\u00c9MA: Szociodr\u00e1ma \u00e9s kapcsol\u00f3d\u00e1sai PROGRAM T\u00cdPUSA: Workshop TEREM: R\u00c9SZTVEV\u0150K SZ\u00c1MA: 20 NYELV: Angol [&hellip;]<\/p>\n","protected":false},"author":4,"featured_media":0,"parent":0,"menu_order":0,"comment_status":"closed","ping_status":"closed","template":"","meta":{"footnotes":""},"class_list":["post-6375","page","type-page","status-publish","hentry"],"_links":{"self":[{"href":"https:\/\/8thsociodramaconference.com\/hu\/wp-json\/wp\/v2\/pages\/6375","targetHints":{"allow":["GET"]}}],"collection":[{"href":"https:\/\/8thsociodramaconference.com\/hu\/wp-json\/wp\/v2\/pages"}],"about":[{"href":"https:\/\/8thsociodramaconference.com\/hu\/wp-json\/wp\/v2\/types\/page"}],"author":[{"embeddable":true,"href":"https:\/\/8thsociodramaconference.com\/hu\/wp-json\/wp\/v2\/users\/4"}],"replies":[{"embeddable":true,"href":"https:\/\/8thsociodramaconference.com\/hu\/wp-json\/wp\/v2\/comments?post=6375"}],"version-history":[{"count":5,"href":"https:\/\/8thsociodramaconference.com\/hu\/wp-json\/wp\/v2\/pages\/6375\/revisions"}],"predecessor-version":[{"id":7872,"href":"https:\/\/8thsociodramaconference.com\/hu\/wp-json\/wp\/v2\/pages\/6375\/revisions\/7872"}],"wp:attachment":[{"href":"https:\/\/8thsociodramaconference.com\/hu\/wp-json\/wp\/v2\/media?parent=6375"}],"curies":[{"name":"wp","href":"https:\/\/api.w.org\/{rel}","templated":true}]}}