{"id":6371,"date":"2024-02-16T20:58:07","date_gmt":"2024-02-16T19:58:07","guid":{"rendered":"https:\/\/8thsociodramaconference.com\/program-julie-wells\/"},"modified":"2024-05-29T12:03:30","modified_gmt":"2024-05-29T10:03:30","slug":"program-julie-wells","status":"publish","type":"page","link":"https:\/\/8thsociodramaconference.com\/hu\/program-julie-wells\/","title":{"rendered":"Program Julie Wells"},"content":{"rendered":"<section class=\"wpb-content-wrapper\">[mk_page_section][vc_column][mk_fancy_title tag_name=&#8221;h2&#8243; size=&#8221;40&#8243; line_height=&#8221;50&#8243; font_family=&#8221;Oswald&#8221; font_type=&#8221;google&#8221; margin_bottom=&#8221;0&#8243;]\n<h3 style=\"text-align: center;\"><b>DIADALMASKODIK-E A REM\u00c9NY?<br \/>\nA K\u00c9TS\u00c9GBEES\u00c9S \u00c9S A REM\u00c9NY K\u00d6Z\u00d6TTI SZAKAD\u00c9K \u00c1THIDAL\u00c1SA<\/b><\/h3>\n<h5 style=\"text-align: center;\"><em>(A workshop nyelve angol)<\/em><\/h5>\n<h5 style=\"text-align: center;\"><span style=\"color: #800000;\"><strong>EL\u0150AD\u00d3:<\/strong><b> JULIE WELLS<\/b><\/span><\/h5>\n[\/mk_fancy_title][vc_row_inner][vc_column_inner width=&#8221;1\/6&#8243;][mk_image_box title=&#8221;Sociodrama and power&#8221; src=&#8221;https:\/\/8thsociodramaconference.com\/wp-content\/uploads\/2024\/02\/Collective-Trauma-and-Social-Healing-2.png&#8221; media_width=&#8221;421&#8243; media_height=&#8221;294&#8243; crop=&#8221;false&#8221; image_link=&#8221;url&#8221; url=&#8221;https:\/\/8thsociodramaconference.com\/topic-sociodrama-social-healing\/&#8221; target=&#8221;_blank&#8221; align=&#8221;center&#8221; rounded_corner=&#8221;true&#8221;][\/mk_image_box][\/vc_column_inner][vc_column_inner width=&#8221;2\/3&#8243;][vc_column_text responsive_align=&#8221;left&#8221;]\n<h5 style=\"text-align: left;\"><b>ID\u0150PONT<\/b><strong>: <\/strong>J\u00fanius 29. szombat, 14:00-16:30<br \/>\n<strong>T\u00c9MA: <\/strong>Szociodr\u00e1ma \u00e9s t\u00e1rsadalmi gy\u00f3gy\u00edt\u00e1s &#8211; fel\u00e9p\u00fcl\u00e9s a kollekt\u00edv kr\u00edzisekb\u0151l \u00e9s traum\u00e1kb\u00f3l<br \/>\n<strong>PROGRAM T\u00cdPUSA: <\/strong>Workshop<br \/>\n<strong>TEREM:<\/strong><br \/>\n<strong>R\u00c9SZTVEV\u0150K SZ\u00c1MA: <\/strong>30<br \/>\n<strong>NYELV:<\/strong> Angol<br \/>\n<strong>C\u00cdMKE: <\/strong><a href=\"https:\/\/8thsociodramaconference.com\/hu\/topic-sociodrama-social-healing\/\" target=\"_blank\" rel=\"noopener\">T\u00e1rsadalmi gy\u00f3gy\u00edt\u00e1s<\/a>, <a href=\"https:\/\/8thsociodramaconference.com\/hu\/workshops-jun29-afternoon\/\" target=\"_blank\" rel=\"noopener\">Programok j\u00fanius 29-\u00e9n d\u00e9lut\u00e1n<\/a><\/h5>\n[\/vc_column_text][\/vc_column_inner][vc_column_inner width=&#8221;1\/6&#8243;][\/vc_column_inner][\/vc_row_inner][\/vc_column][\/mk_page_section][mk_page_section padding=&#8221;0&#8243;][vc_column][vc_column_text responsive_align=&#8221;left&#8221;]\n<h5 style=\"text-align: center;\"><b>ABSZTRAKT:<\/b><\/h5>\n[\/vc_column_text][vc_column_text responsive_align=&#8221;left&#8221;]<span style=\"font-weight: 400;\">A szociodr\u00e1ma erej\u00e9t \u00e9s a csoport er\u0151forr\u00e1sait felhaszn\u00e1lva olyan szerepeket fogunk felfedezni, amelyek v\u00e9gtelen rem\u00e9nyt hordoznak, illetve olyanokat is, amelyek sokkal korl\u00e1tozattabbak e tekintetben. A szociodr\u00e1ma lehet\u0151v\u00e9 teszi sz\u00e1munkra, hogy jobban meg\u00e9rts\u00fck m\u00e1sok gondolatait \u00e9s \u00e9rz\u00e9seit, illetve hogy \u00faj szerepeket \u00e9s l\u00e9tform\u00e1kat ismerj\u00fcnk meg.<\/span><\/p>\n<p><span style=\"font-weight: 400;\">Mik\u00f6zben a bizonytalans\u00e1g \u00e9s a gyors v\u00e1ltoz\u00e1sok vil\u00e1g\u00e1ban haladunk el\u0151re, olyan eszk\u00f6z\u00f6kre van sz\u00fcks\u00e9g\u00fcnk, amelyek seg\u00edtenek a rem\u00e9nyked\u00e9s kialak\u00edt\u00e1s\u00e1ban \u00e9s er\u0151s\u00edt\u00e9s\u00e9ben. Hozd magaddal a k\u00edv\u00e1ncsis\u00e1god \u00e9s a v\u00e1gyad, hogy megfejts\u00fck azokat a rejtett sz\u00e1nd\u00e9kokat, amelyek rem\u00e9nyt korl\u00e1tozz\u00e1k! Egy\u00fctt dolgozunk azon, hogy megtal\u00e1ljuk a k\u00e9t szerep k\u00f6z\u00f6tti elt\u00e9r\u00e9s \u00e1thidal\u00e1s\u00e1nak m\u00f3djait.<\/span><\/p>\n<p><span style=\"font-weight: 400;\">A csoportszociometria nyom\u00e1n haladunk, hiszen a szociodramatikus szerepek megteremtik \u00e9s kialak\u00edtj\u00e1k az \u201citt \u00e9s most\u201d megold\u00e1sait arra, hogy elt\u00e1volodjunk a k\u00e9ts\u00e9gbees\u00e9st\u0151l \u00e9s ki\u00e1br\u00e1ndults\u00e1gb\u00f3l, \u00e9s el tudjunk mozdulni a rem\u00e9nytelis\u00e9g fel\u00e9.<\/span><\/p>\n<p><span style=\"font-weight: 400;\">A k\u00e9t\u00f3r\u00e1s m\u0171helymunka egy \u201c\u00fcres sz\u00e9k\u201d technik\u00e1val kezd\u0151dik, hogy azonos\u00edtsuk a REM\u00c9NY \u00e9s a KORL\u00c1TOZOTT REM\u00c9NY \u00e1ltal\u00e1nos gondolatait \u00e9s \u00e9rz\u00e9seit, majd a csoport \u00e1ltal l\u00e9trehozott szociodramatikus tal\u00e1lkoz\u00e1ss\u00e1 fejl\u0151dik. A trauma-inform\u00e1lt m\u00f3dszerek alkalmaz\u00e1s\u00e1val \u00e1thidaljuk a szerepk\u00fcl\u00f6nbs\u00e9geket, legy\u0151zz\u00fck a f\u00e9lelmeket, \u00e9s lek\u00fczdj\u00fck a k\u00e9ts\u00e9gbees\u00e9st\u0151l \u00e9s a korl\u00e1tozott rem\u00e9nyt\u0151l a rem\u00e9nytelis\u00e9ghez vezet\u0151 szakad\u00e9kot. Vajon gy\u0151zedelmeskedik-e a rem\u00e9ny? Te d\u00f6nt\u00f6d el.<\/span><\/p>\n<p><span style=\"font-weight: 400;\">A workshop sor\u00e1n:<\/span><\/p>\n<ul>\n<li><span style=\"font-weight: 400;\"> Meghat\u00e1rozunk \u00e9s lejegyz\u00fcnk k\u00e9t, sz\u00e1munkra \u00fajszer\u0171 eg\u00e9szs\u00e9ges \u00fczenetet\/meger\u0151s\u00edt\u00e9st, amelyek \u00e1polj\u00e1k \u00e9s el\u0151seg\u00edtik a REM\u00c9NYT.<\/span><\/li>\n<li><span style=\"font-weight: 400;\"> Megismer\u00fcnk k\u00e9t traumatudatos gyakorlatot az \u00e9rzelmi \u00e9s fizikai biztons\u00e1g fenntart\u00e1s\u00e1ra csoportos k\u00f6rnyezetben.<\/span><\/li>\n<\/ul>\n[\/vc_column_text][mk_padding_divider size=&#8221;30&#8243;][vc_column_text responsive_align=&#8221;left&#8221;]\n<h5 style=\"text-align: center;\"><b>AZ EL\u0150AD\u00d3R\u00d3L:<\/b><\/h5>\n[\/vc_column_text][vc_row_inner][vc_column_inner width=&#8221;1\/4&#8243;][mk_image src=&#8221;https:\/\/8thsociodramaconference.com\/wp-content\/uploads\/2024\/02\/julie-wells.png&#8221; image_width=&#8221;402&#8243; image_height=&#8221;275&#8243; crop=&#8221;false&#8221; hover=&#8221;false&#8221;][\/vc_column_inner][vc_column_inner width=&#8221;3\/4&#8243;][vc_column_text responsive_align=&#8221;left&#8221;]<span style=\"font-weight: 400;\">Julie Wells LCSW ((Licensed Clinical Social Workers), pszichodr\u00e1ma, szociometria \u00e9s csoportpszichoter\u00e1pia kik\u00e9pz\u0151, oktat\u00f3 \u00e9s vezet\u0151. Az Amerikai Vizsg\u00e1ztat\u00f3k Test\u00fclet\u00e9nek aleln\u00f6ke. T\u00f6bb mint 30 \u00e9ves tapasztalattal rendelkezik a hum\u00e1n szolg\u00e1ltat\u00e1sok ter\u00fclet\u00e9n. A Suncoast Psychodrama Training igazgat\u00f3ja, akik tr\u00e9ningeket szerveznek k\u00fcl\u00f6nb\u00f6z\u0151 eg\u00e9szs\u00e9g\u00fcgyi \u00e9s szoci\u00e1lis szolg\u00e1ltat\u00f3 szervezetek sz\u00e1m\u00e1ra a Tampa Bay t\u00e9rs\u00e9g\u00e9ben, Orland\u00f3ban \u00e9s nemzetk\u00f6zi szinten. Julie 2022-ben elnyerte az ASGPP 2022 Fellow c\u00edmet, \u00e9s elk\u00f6telezett a pszichodr\u00e1ma tan\u00edt\u00e1sa ir\u00e1nt a k\u00f6z\u00f6ss\u00e9g\u00e9ben \u00e9s az eg\u00e9sz vil\u00e1gon.<\/span>[\/vc_column_text][\/vc_column_inner][\/vc_row_inner][\/vc_column][\/mk_page_section]\n<\/section>","protected":false},"excerpt":{"rendered":"<p>[mk_page_section][vc_column][mk_fancy_title tag_name=&#8221;h2&#8243; size=&#8221;40&#8243; line_height=&#8221;50&#8243; font_family=&#8221;Oswald&#8221; font_type=&#8221;google&#8221; margin_bottom=&#8221;0&#8243;] DIADALMASKODIK-E A REM\u00c9NY? A K\u00c9TS\u00c9GBEES\u00c9S \u00c9S A REM\u00c9NY K\u00d6Z\u00d6TTI SZAKAD\u00c9K \u00c1THIDAL\u00c1SA (A workshop nyelve angol) EL\u0150AD\u00d3: JULIE WELLS [\/mk_fancy_title][vc_row_inner][vc_column_inner width=&#8221;1\/6&#8243;][mk_image_box title=&#8221;Sociodrama and power&#8221; src=&#8221;https:\/\/8thsociodramaconference.com\/wp-content\/uploads\/2024\/02\/Collective-Trauma-and-Social-Healing-2.png&#8221; media_width=&#8221;421&#8243; media_height=&#8221;294&#8243; crop=&#8221;false&#8221; image_link=&#8221;url&#8221; url=&#8221;https:\/\/8thsociodramaconference.com\/topic-sociodrama-social-healing\/&#8221; target=&#8221;_blank&#8221; align=&#8221;center&#8221; rounded_corner=&#8221;true&#8221;][\/mk_image_box][\/vc_column_inner][vc_column_inner width=&#8221;2\/3&#8243;][vc_column_text responsive_align=&#8221;left&#8221;] ID\u0150PONT: J\u00fanius 29. szombat, 14:00-16:30 T\u00c9MA: Szociodr\u00e1ma \u00e9s t\u00e1rsadalmi gy\u00f3gy\u00edt\u00e1s &#8211; fel\u00e9p\u00fcl\u00e9s a kollekt\u00edv [&hellip;]<\/p>\n","protected":false},"author":4,"featured_media":0,"parent":0,"menu_order":0,"comment_status":"closed","ping_status":"closed","template":"","meta":{"footnotes":""},"class_list":["post-6371","page","type-page","status-publish","hentry"],"_links":{"self":[{"href":"https:\/\/8thsociodramaconference.com\/hu\/wp-json\/wp\/v2\/pages\/6371","targetHints":{"allow":["GET"]}}],"collection":[{"href":"https:\/\/8thsociodramaconference.com\/hu\/wp-json\/wp\/v2\/pages"}],"about":[{"href":"https:\/\/8thsociodramaconference.com\/hu\/wp-json\/wp\/v2\/types\/page"}],"author":[{"embeddable":true,"href":"https:\/\/8thsociodramaconference.com\/hu\/wp-json\/wp\/v2\/users\/4"}],"replies":[{"embeddable":true,"href":"https:\/\/8thsociodramaconference.com\/hu\/wp-json\/wp\/v2\/comments?post=6371"}],"version-history":[{"count":7,"href":"https:\/\/8thsociodramaconference.com\/hu\/wp-json\/wp\/v2\/pages\/6371\/revisions"}],"predecessor-version":[{"id":8012,"href":"https:\/\/8thsociodramaconference.com\/hu\/wp-json\/wp\/v2\/pages\/6371\/revisions\/8012"}],"wp:attachment":[{"href":"https:\/\/8thsociodramaconference.com\/hu\/wp-json\/wp\/v2\/media?parent=6371"}],"curies":[{"name":"wp","href":"https:\/\/api.w.org\/{rel}","templated":true}]}}