{"id":6361,"date":"2024-02-19T11:47:39","date_gmt":"2024-02-19T10:47:39","guid":{"rendered":"https:\/\/8thsociodramaconference.com\/program-maria-gabriella-nicotra-2\/"},"modified":"2024-05-26T20:31:06","modified_gmt":"2024-05-26T18:31:06","slug":"program-maria-gabriella-nicotra-2","status":"publish","type":"page","link":"https:\/\/8thsociodramaconference.com\/hu\/program-maria-gabriella-nicotra-2\/","title":{"rendered":"Program Maria Gabriella Nicotra 2."},"content":{"rendered":"<section class=\"wpb-content-wrapper\">[mk_page_section][vc_column][mk_fancy_title tag_name=&#8221;h2&#8243; size=&#8221;40&#8243; line_height=&#8221;50&#8243; font_family=&#8221;Oswald&#8221; font_type=&#8221;google&#8221; margin_bottom=&#8221;0&#8243;]\n<h3 style=\"text-align: center;\"><b>AZ \u00d6NAZONOSS\u00c1G T\u00c1MOGAT\u00c1SA AZ INTEGR\u00c1CI\u00d3 EGYIDEJ\u0170 SEG\u00cdT\u00c9SE<br \/>\nA GYERMEKEKKEL FOLYTATOTT CSOPORTMUNKA SOR\u00c1N<\/b><\/h3>\n<h5 style=\"text-align: center;\"><em>(A workshop nyelve angol)<\/em><\/h5>\n<h5 style=\"text-align: center;\"><span style=\"color: #800000;\"><strong>EL\u0150AD\u00d3:<\/strong><b> MARIA GABRIELLA NICOTRA<\/b><\/span><\/h5>\n[\/mk_fancy_title][vc_row_inner][vc_column_inner width=&#8221;1\/6&#8243;][mk_image_box title=&#8221;Sociodrama and power&#8221; src=&#8221;https:\/\/8thsociodramaconference.com\/wp-content\/uploads\/2024\/02\/Next-Generation-2.png&#8221; media_width=&#8221;421&#8243; media_height=&#8221;294&#8243; crop=&#8221;false&#8221; image_link=&#8221;url&#8221; url=&#8221;https:\/\/8thsociodramaconference.com\/topic-sociodrama-youth\/&#8221; target=&#8221;_blank&#8221; align=&#8221;center&#8221; rounded_corner=&#8221;true&#8221;][\/mk_image_box][\/vc_column_inner][vc_column_inner width=&#8221;2\/3&#8243;][vc_column_text responsive_align=&#8221;left&#8221;]\n<h5 style=\"text-align: left;\"><b>ID\u0150PONT<\/b><strong>: <\/strong>J\u00fanius 28. p\u00e9ntek, 14:00-16:30<br \/>\n<strong>T\u00c9MA: <\/strong>Szociodr\u00e1ma \u00e9s a j\u00f6v\u0151 gener\u00e1ci\u00f3ja: gyerekek, fiatalok \u00e9s a vel\u00fck foglalkoz\u00f3 szakemberek, int\u00e9zm\u00e9nyek szociodr\u00e1m\u00e1ja<br \/>\n<strong>PROGRAM T\u00cdPUSA: <\/strong>Workshop<br \/>\n<strong>TEREM:<\/strong><br \/>\n<strong>R\u00c9SZTVEV\u0150K SZ\u00c1MA: <\/strong>20<br \/>\n<strong>NYELV:<\/strong> Angol<br \/>\n<strong>C\u00cdMKE: <\/strong><a href=\"https:\/\/8thsociodramaconference.com\/hu\/topic-sociodrama-youth\/\" target=\"_blank\" rel=\"noopener\">Szociodr\u00e1ma \u00e9s fiatalok,<\/a> <a href=\"https:\/\/8thsociodramaconference.com\/hu\/workshops-jun28-afternoon\/\" target=\"_blank\" rel=\"noopener\">Programok j\u00fanius 28-\u00e1n d\u00e9lut\u00e1n<\/a><\/h5>\n[\/vc_column_text][\/vc_column_inner][vc_column_inner width=&#8221;1\/6&#8243;][\/vc_column_inner][\/vc_row_inner][\/vc_column][\/mk_page_section][mk_page_section padding=&#8221;0&#8243;][vc_column][vc_column_text responsive_align=&#8221;left&#8221;]\n<h5 style=\"text-align: center;\"><b>ABSZTRAKT:<\/b><\/h5>\n[\/vc_column_text][vc_column_text responsive_align=&#8221;left&#8221;]<span style=\"font-weight: 400;\">A workshopon saj\u00e1t\u00e9lm\u00e9ny\u0171 szociodr\u00e1m\u00e1val dolgozunk, amelyet a csoport egy alapvet\u0151 kapcsol\u00f3d\u00e1si form\u00e1kra \u00e9p\u00fcl\u0151 gyakorlattal ind\u00edt, lehet\u0151s\u00e9get biztos\u00edtva a k\u00f6z\u00f6s t\u00f6rt\u00e9n\u00e9s megalkot\u00e1s\u00e1nak.<\/span><\/p>\n<p><span style=\"font-weight: 400;\">C\u00c9LOK<\/span><\/p>\n<ul>\n<li><span style=\"font-weight: 400;\">A saj\u00e1t eredethez val\u00f3 kapcsol\u00f3d\u00e1s \u00e9s a preverb\u00e1lis kommunik\u00e1ci\u00f3 \u00f6szt\u00f6nz\u00e9se ontogenetikus \u00e9s filogenetikus \u00e9rtelemben, minden \u00e9rz\u00e9kszerv \u00e9s modalit\u00e1s haszn\u00e1lat\u00e1val.<\/span><\/li>\n<li><span style=\"font-weight: 400;\">A csoportid\u0151k \u00e9s csoportritmusok keres\u00e9se, a r\u00e9sztvev\u0151k szem\u00e9lyes idej\u00e9nek tiszteletben tart\u00e1sa mellett.<\/span><\/li>\n<li><span style=\"font-weight: 400;\">Tradicion\u00e1lis mint\u00e1k \u00e9s kultur\u00e1lis gy\u00f6kereink felfedez\u00e9se, amelyek a saj\u00e1t k\u00f6z\u00f6s itt \u00e9s mostunkban \u00f6sszefon\u00f3dhatnak.<\/span><\/li>\n<\/ul>\n<p><span style=\"font-weight: 400;\">A multikulturalit\u00e1s olyan alapvet\u0151 emberi jellegzetess\u00e9g, amely lehet\u0151v\u00e9 teszi, hogy felismerj\u00fck saj\u00e1t magunk, saj\u00e1t kult\u00far\u00e1nk, saj\u00e1t vil\u00e1gunk, saj\u00e1t hangjaink, saj\u00e1t eredet\u00fcnk, saj\u00e1t l\u00e9nyeg\u00fcnk valamely \u00f6nr\u00e9sz\u00e9t, ak\u00e1rhol is j\u00e1runk. A kult\u00fara folyamat\u00e1t figyelve l\u00e1thatjuk, hogy a t\u00f6rt\u00e9nelem nem nagy ugr\u00e1sokkal halad el\u0151re. A n\u00e9pess\u00e9gek t\u00e1rsadalmi mozg\u00e1sainak sorozatai \u00e1tfedik, majd keretezik egym\u00e1st, \u00f6sszeolvadnak \u00e9s k\u00fcl\u00f6nv\u00e1lnak egy folyamatos dinamik\u00e1ban.\u00a0 Ennek k\u00f6vetkezm\u00e9nyek\u00e9nt pedig olyan kultur\u00e1lis er\u0151forr\u00e1sok \u00e9s \u00e9rt\u00e9kek ker\u00fclnek \u00fajra \u00e9s \u00fajra a felsz\u00ednre, amelyekr\u0151l m\u00e1r azt gondolhattuk, \u00f6r\u00f6kre elt\u0171ntek.<\/span><\/p>\n<p><span style=\"font-weight: 400;\">A cselekv\u00e9s az eszk\u00f6ze annak, hogy meghaladjuk elk\u00e9pzel\u00e9sek \u00e9s koncepci\u00f3k kidolgoz\u00e1s\u00e1ra val\u00f3 k\u00e9pess\u00e9g\u00fcnk korl\u00e1tjait, mik\u00f6zben a kontextus \u00e9s a szok\u00e1sok folyamatosan v\u00e1ltoznak.<\/span>[\/vc_column_text][mk_padding_divider size=&#8221;30&#8243;][vc_column_text responsive_align=&#8221;left&#8221;]\n<h5 style=\"text-align: center;\"><b>AZ EL\u0150AD\u00d3R\u00d3L:<\/b><\/h5>\n[\/vc_column_text][vc_row_inner][vc_column_inner width=&#8221;1\/4&#8243;][mk_image src=&#8221;https:\/\/8thsociodramaconference.com\/wp-content\/uploads\/2024\/03\/Gabriella-Nicotra.png&#8221; image_width=&#8221;402&#8243; image_height=&#8221;275&#8243; crop=&#8221;false&#8221; hover=&#8221;false&#8221;][\/vc_column_inner][vc_column_inner width=&#8221;3\/4&#8243;][vc_column_text responsive_align=&#8221;left&#8221;]<span style=\"font-weight: 400;\">Pszichol\u00f3gus, csoport-pszichoterapeuta, pszichodr\u00e1ma terapeuta. T\u00f6bb mint 40 \u00e9ves tapasztalata van pszichodr\u00e1m\u00e1ban \u00e9s szociodr\u00e1m\u00e1ban, prevenci\u00f3s alkot\u00e1sban, k\u00e9pz\u0151- \u00e9s szuperv\u00edzi\u00f3s csoportokkal. Az orsz\u00e1gos A.M.P. t\u00e1rseln\u00f6ke \u00e9s a szic\u00edliai A.M.P. (Associatione Mediterranea di Psicodramma) igazgat\u00f3ja. Az \u00e1ltala tartott nemzetk\u00f6zi workshopok: IAGP Szociodr\u00e1ma Konferencia Iseo 2019, IAGP kongresszus Malm\u00f6, Sv\u00e9dorsz\u00e1g 2018, IAGP kongresszus Rowini Horv\u00e1torsz\u00e1g 2015, IAGP Szociodr\u00e1ma Portug\u00e1lia 2014. Szimp\u00f3zium \u00e9s workshopok -R\u00f3ma Olaszorsz\u00e1g 2009, M\u0171helyek -S.Paolo Braz\u00edlia 2006, Workshopok -FePTO 2010-t\u0151l 2018-ig az Eur\u00f3pai Pszichol\u00f3giai Kongresszuson 2015 \/2018<\/span><\/p>\n<p><span style=\"font-weight: 400;\">Workshopok az &#8221; Associazione Mediterranea di Psicodramma&#8221; \u00e9ves tal\u00e1lkoz\u00f3kon 2000-t\u0151l 2023-ig.<\/span>[\/vc_column_text][\/vc_column_inner][\/vc_row_inner][\/vc_column][\/mk_page_section]\n<\/section>","protected":false},"excerpt":{"rendered":"<p>[mk_page_section][vc_column][mk_fancy_title tag_name=&#8221;h2&#8243; size=&#8221;40&#8243; line_height=&#8221;50&#8243; font_family=&#8221;Oswald&#8221; font_type=&#8221;google&#8221; margin_bottom=&#8221;0&#8243;] AZ \u00d6NAZONOSS\u00c1G T\u00c1MOGAT\u00c1SA AZ INTEGR\u00c1CI\u00d3 EGYIDEJ\u0170 SEG\u00cdT\u00c9SE A GYERMEKEKKEL FOLYTATOTT CSOPORTMUNKA SOR\u00c1N (A workshop nyelve angol) EL\u0150AD\u00d3: MARIA GABRIELLA NICOTRA [\/mk_fancy_title][vc_row_inner][vc_column_inner width=&#8221;1\/6&#8243;][mk_image_box title=&#8221;Sociodrama and power&#8221; src=&#8221;https:\/\/8thsociodramaconference.com\/wp-content\/uploads\/2024\/02\/Next-Generation-2.png&#8221; media_width=&#8221;421&#8243; media_height=&#8221;294&#8243; crop=&#8221;false&#8221; image_link=&#8221;url&#8221; url=&#8221;https:\/\/8thsociodramaconference.com\/topic-sociodrama-youth\/&#8221; target=&#8221;_blank&#8221; align=&#8221;center&#8221; rounded_corner=&#8221;true&#8221;][\/mk_image_box][\/vc_column_inner][vc_column_inner width=&#8221;2\/3&#8243;][vc_column_text responsive_align=&#8221;left&#8221;] ID\u0150PONT: J\u00fanius 28. p\u00e9ntek, 14:00-16:30 T\u00c9MA: Szociodr\u00e1ma \u00e9s a j\u00f6v\u0151 gener\u00e1ci\u00f3ja: gyerekek, [&hellip;]<\/p>\n","protected":false},"author":4,"featured_media":0,"parent":0,"menu_order":0,"comment_status":"closed","ping_status":"closed","template":"","meta":{"footnotes":""},"class_list":["post-6361","page","type-page","status-publish","hentry"],"_links":{"self":[{"href":"https:\/\/8thsociodramaconference.com\/hu\/wp-json\/wp\/v2\/pages\/6361","targetHints":{"allow":["GET"]}}],"collection":[{"href":"https:\/\/8thsociodramaconference.com\/hu\/wp-json\/wp\/v2\/pages"}],"about":[{"href":"https:\/\/8thsociodramaconference.com\/hu\/wp-json\/wp\/v2\/types\/page"}],"author":[{"embeddable":true,"href":"https:\/\/8thsociodramaconference.com\/hu\/wp-json\/wp\/v2\/users\/4"}],"replies":[{"embeddable":true,"href":"https:\/\/8thsociodramaconference.com\/hu\/wp-json\/wp\/v2\/comments?post=6361"}],"version-history":[{"count":8,"href":"https:\/\/8thsociodramaconference.com\/hu\/wp-json\/wp\/v2\/pages\/6361\/revisions"}],"predecessor-version":[{"id":7780,"href":"https:\/\/8thsociodramaconference.com\/hu\/wp-json\/wp\/v2\/pages\/6361\/revisions\/7780"}],"wp:attachment":[{"href":"https:\/\/8thsociodramaconference.com\/hu\/wp-json\/wp\/v2\/media?parent=6361"}],"curies":[{"name":"wp","href":"https:\/\/api.w.org\/{rel}","templated":true}]}}