{"id":6355,"date":"2024-02-21T17:33:34","date_gmt":"2024-02-21T16:33:34","guid":{"rendered":"https:\/\/8thsociodramaconference.com\/program-scope-members-2\/"},"modified":"2024-05-26T17:35:45","modified_gmt":"2024-05-26T15:35:45","slug":"program-scope-members-2","status":"publish","type":"page","link":"https:\/\/8thsociodramaconference.com\/hu\/program-scope-members-2\/","title":{"rendered":"Program Scope Members 2"},"content":{"rendered":"<section class=\"wpb-content-wrapper\">[mk_page_section][vc_column][mk_fancy_title tag_name=&#8221;h2&#8243; size=&#8221;40&#8243; line_height=&#8221;50&#8243; font_family=&#8221;Oswald&#8221; font_type=&#8221;google&#8221; margin_bottom=&#8221;0&#8243;]\n<h3 style=\"text-align: center;\"><strong><b>A HAT\u00d3K\u00d6R M\u0170HELY BEMUTATKOZ\u00c1SA<\/b><\/strong><\/h3>\n<h5 style=\"text-align: center;\"><em>(A workshop nyelve angol \u00e9s magyar)<\/em><\/h5>\n<h5 style=\"text-align: center;\"><span style=\"color: #800000;\"><strong>EL\u0150AD\u00d3K: A HAT\u00d3K\u00d6R M\u0170HELY TAGJAI<br \/>\n<\/strong><\/span><span style=\"color: #800000;\"><strong>BOGSCH\u00dcTZ ZOLT\u00c1N &#8211; HEGYES KATALIN &#8211; KOCSI ANDREA &#8211; MENYH\u00c1RT FEL\u00cdCIA &#8211; LAKATOS ZSUZSANNA &#8211; TAK\u00c1CS EM\u0150KE &#8211; T\u00d3TH-D\u00c9NES JUDIT<\/strong><\/span><\/h5>\n[\/mk_fancy_title][vc_row_inner][vc_column_inner width=&#8221;1\/6&#8243;][mk_image_box title=&#8221;Sociodrama and power&#8221; src=&#8221;https:\/\/8thsociodramaconference.com\/wp-content\/uploads\/2024\/02\/Next-Generation-2.png&#8221; media_width=&#8221;421&#8243; media_height=&#8221;294&#8243; crop=&#8221;false&#8221; image_link=&#8221;url&#8221; url=&#8221;https:\/\/8thsociodramaconference.com\/topic-sociodrama-youth\/&#8221; target=&#8221;_blank&#8221; align=&#8221;center&#8221; rounded_corner=&#8221;true&#8221;][\/mk_image_box][\/vc_column_inner][vc_column_inner width=&#8221;2\/3&#8243;][vc_column_text responsive_align=&#8221;left&#8221;]\n<h5 style=\"text-align: left;\"><b>ID\u0150PONT: <\/b>j\u00fanius 26. szerda, 20:30-22:00<br \/>\n<b><\/b><strong>T\u00c9MA: <\/strong>Szociodr\u00e1ma \u00e9s a j\u00f6v\u0151 gener\u00e1ci\u00f3ja: gyerekek, fiatalok \u00e9s a vel\u00fck foglalkoz\u00f3 szakemberek, int\u00e9zm\u00e9nyek szociodr\u00e1m\u00e1ja<br \/>\n<b>PROGRAM T\u00cdPUSA:<\/b> prezent\u00e1ci\u00f3 \u00e9s workshop<br \/>\n<strong>TEREM:<\/strong><br \/>\n<strong>R\u00c9SZTVEV\u0150K SZ\u00c1MA: <\/strong>50<br \/>\n<strong>NYELV:<\/strong> Angol \u00e9s magyar<br \/>\n<strong>C\u00cdMKE: <\/strong><a href=\"https:\/\/8thsociodramaconference.com\/hu\/topic-sociodrama-youth\/\" target=\"_blank\" rel=\"noopener\">Szociodr\u00e1ma \u00e9s fiatalok<\/a>, <a href=\"https:\/\/8thsociodramaconference.com\/hu\/programs-jun26-evening\/\" target=\"_blank\" rel=\"noopener\">Programok j\u00fanius 26. este<\/a><\/h5>\n[\/vc_column_text][\/vc_column_inner][vc_column_inner width=&#8221;1\/6&#8243;][\/vc_column_inner][\/vc_row_inner][\/vc_column][\/mk_page_section][mk_page_section padding=&#8221;0&#8243;][vc_column][vc_column_text responsive_align=&#8221;left&#8221;]\n<h5 style=\"text-align: center;\"><b>ABSZTRAKT:<\/b><\/h5>\n[\/vc_column_text][vc_column_text responsive_align=&#8221;left&#8221;]M\u0171hely\u00fcnk a Performers nemzetk\u00f6zi szociodr\u00e1ma projektb\u0151l n\u0151tt ki. 2021 \u00f3ta m\u0171k\u00f6d\u00fcnk egy\u00fctt gyerekekkel \u00e9s fiatalokkal foglalkoz\u00f3 int\u00e9zm\u00e9nyekkel: iskol\u00e1kkal, gyermekotthonokkal, tanod\u00e1kkal, csal\u00e1dok \u00e1tmeneti otthonaival, jav\u00edt\u00f3int\u00e9zetekkel. A szociodr\u00e1ma \u00e9s a gyermekszociodr\u00e1ma m\u00f3dszereit haszn\u00e1ljuk. Munk\u00e1nk c\u00e9lja a fiatalokkal foglalkoz\u00f3 int\u00e9zm\u00e9nyek t\u00e1mogat\u00e1sa a demokratikusabb m\u0171k\u00f6d\u00e9s kialak\u00edt\u00e1s\u00e1hoz, illetve a gyerekek \u00e9s a munkat\u00e1rsak sz\u00e1m\u00e1ra egyar\u00e1nt fejl\u0151d\u00e9st \u00e9s tanul\u00e1st lehet\u0151v\u00e9 tev\u0151 biztons\u00e1gos terek \u00e9s t\u00e1mogat\u00f3 k\u00f6rnyezet megteremt\u00e9se. Ennek \u00e9rdek\u00e9ben mindig az adott int\u00e9zm\u00e9ny saj\u00e1toss\u00e1gait figyelembe v\u00e9ve dolgozunk egy\u00fctt a gyerekcsoportokkal, illetve m\u0171k\u00f6d\u00fcnk egy\u00fctt a szervezetek vezet\u0151ivel \u00e9s szakembereivel.<\/p>\n<p>El\u0151ad\u00e1sunkban az id\u00e1ig megtett utat \u00e9s az eddig szerzett tapasztalatainkat mutatjuk be, k\u00fcl\u00f6n\u00f6s tekintettel az int\u00e9zm\u00e9nyi neh\u00e9zs\u00e9gekre, amelyekkel munk\u00e1nk sor\u00e1n tal\u00e1lkoztunk, valamint az \u00e1ltalunk kidolgozott m\u00f3dszert \u00e9s az el\u00e9rt eredm\u00e9nyeket.[\/vc_column_text][mk_padding_divider size=&#8221;30&#8243;][vc_column_text responsive_align=&#8221;left&#8221;]\n<h5 style=\"text-align: center;\"><b>AZ EL\u0150AD\u00d3KR\u00d3L:<\/b><\/h5>\n[\/vc_column_text][vc_row_inner][vc_column_inner width=&#8221;1\/4&#8243;][mk_image src=&#8221;https:\/\/8thsociodramaconference.com\/wp-content\/uploads\/2024\/03\/Zoltan-Bogschutz.png&#8221; image_width=&#8221;402&#8243; image_height=&#8221;275&#8243; crop=&#8221;false&#8221; hover=&#8221;false&#8221;][\/vc_column_inner][vc_column_inner width=&#8221;3\/4&#8243;][vc_column_text responsive_align=&#8221;left&#8221;][\/vc_column_text][vc_column_text]Bogsch\u00fctz Zolt\u00e1n szoci\u00e1lis munk\u00e1s, szoci\u00e1lpolitikus, valamint szoci\u00e1lis menedzser v\u00e9gzetts\u00e9ggel rendelkezik. T\u00f6bb szakter\u00fcleten tev\u00e9kenykedik, a legt\u00f6bb tapasztaltot az alternat\u00edv szankci\u00f3k \u00e9s a gyermekv\u00e9delem ter\u00fclet\u00e9n szerezte. Zolt\u00e1n hazai \u00e9s nemzetk\u00f6zi projektekben t\u00f6bb mint k\u00e9t \u00e9vtizedes tr\u00e9ningtapasztalattal rendelkezik, amelyet folyamatosan b\u0151v\u00edt coaching-, valamint facilit\u00e1ci\u00f3s technik\u00e1kkal, tov\u00e1bb\u00e1 pszichodramatikus \u00e9s szociodramatikus elemekkel. A Hat\u00f3k\u00f6r Munkacsoportban val\u00f3 r\u00e9szv\u00e9tel\u00e9t az inspir\u00e1lja, hogy az int\u00e9zm\u00e9nyi dr\u00e1ma alkalmaz\u00e1sa sor\u00e1n \u00faj n\u00e9z\u0151pontok \u00e9s \u00e9rt\u00e9kek l\u00e9trehoz\u00e1sban vegyen r\u00e9szt.[\/vc_column_text][\/vc_column_inner][\/vc_row_inner][vc_row_inner][vc_column_inner width=&#8221;1\/4&#8243;][mk_image src=&#8221;https:\/\/8thsociodramaconference.com\/wp-content\/uploads\/2024\/02\/Hegyes-Kata.png&#8221; image_width=&#8221;402&#8243; image_height=&#8221;275&#8243; crop=&#8221;false&#8221; hover=&#8221;false&#8221;][\/vc_column_inner][vc_column_inner width=&#8221;3\/4&#8243;][vc_column_text responsive_align=&#8221;left&#8221;][\/vc_column_text][vc_column_text]Hegyes Katalin tr\u00e9ner, kommunik\u00e1ci\u00f3s szak\u00e9rt\u0151, bibliodr\u00e1ma asszisztens \u00e9s pszichodr\u00e1ma vezet\u0151, aki f\u0151leg iskol\u00e1kban \u00e9s szoci\u00e1lis int\u00e9zm\u00e9nyekben dolgozik szociodr\u00e1m\u00e1val. K\u00fcl\u00f6n\u00f6s jelent\u0151s\u00e9get tulajdon\u00edt a kisk\u00f6z\u00f6ss\u00e9gek kialak\u00edt\u00e1s\u00e1nak, a k\u00fcl\u00f6nbs\u00e9gek elfogad\u00e1s\u00e1nak \u00e9s az el\u0151\u00edt\u00e9letmentess\u00e9gnek. A szociodr\u00e1ma mellett \u00e9rdekli a k\u00f6rnyezettudatoss\u00e1g n\u00f6vel\u00e9se, valamint a helyi kezdem\u00e9nyez\u00e9sek er\u0151s\u00edt\u00e9se.[\/vc_column_text][\/vc_column_inner][\/vc_row_inner][vc_row_inner][vc_column_inner width=&#8221;1\/4&#8243;][mk_image src=&#8221;https:\/\/8thsociodramaconference.com\/wp-content\/uploads\/2024\/02\/Kocsi_Andi.png&#8221; image_width=&#8221;402&#8243; image_height=&#8221;275&#8243; crop=&#8221;false&#8221; hover=&#8221;false&#8221;][\/vc_column_inner][vc_column_inner width=&#8221;3\/4&#8243;][vc_column_text responsive_align=&#8221;left&#8221;][\/vc_column_text][vc_column_text]Kocsi Andrea gyermek pszichodramatista, feln\u0151tt pszichodr\u00e1ma vezet\u0151, monodr\u00e1ma tan\u00e1csad\u00f3 \u00e9s szociodr\u00e1ma tr\u00e9ner. Emellett tan\u00e1r, valamint oktat\u00e1si szak\u00e9rt\u0151. A Hat\u00f3k\u00f6r Munkacsoport n\u00e9gy alap\u00edt\u00f3j\u00e1nak egyikek\u00e9nt f\u0151 \u00e9rdekl\u0151d\u00e9si ter\u00fclete a dr\u00e1ma oktat\u00e1si int\u00e9zm\u00e9nyben val\u00f3 meghonos\u00edt\u00e1sa a di\u00e1kok \u00e9s a tan\u00e1rok k\u00f6r\u00e9ben egyar\u00e1nt.[\/vc_column_text][\/vc_column_inner][\/vc_row_inner][vc_row_inner][vc_column_inner width=&#8221;1\/4&#8243;][mk_image src=&#8221;https:\/\/8thsociodramaconference.com\/wp-content\/uploads\/2024\/03\/Zsuzsanna-Lakatos.png&#8221; image_width=&#8221;402&#8243; image_height=&#8221;275&#8243; crop=&#8221;false&#8221; hover=&#8221;false&#8221;][\/vc_column_inner][vc_column_inner width=&#8221;3\/4&#8243;][vc_column_text responsive_align=&#8221;left&#8221;][\/vc_column_text][vc_column_text]Lakatos Zsuzsanna szoci\u00e1lpedag\u00f3gus, biol\u00f3gia szakos tan\u00e1r, rajzvizsg\u00e1lati szaktan\u00e1csad\u00f3 \u00e9s gy\u00f3gypedag\u00f3giai asszisztens. T\u00f6bb\u00e9ves gyermekv\u00e9delmi ter\u00fcleten szerzett tapasztalattal rendelkezik, jelenleg egy menek\u00fclt sz\u00e1ll\u00e1s szakmaikoordin\u00e1ci\u00f3s feladatai l\u00e1tja el, ahol h\u00e1tr\u00e1nyos helyzet\u0171 k\u00e1rp\u00e1taljai roma csal\u00e1dok k\u00e9rtek mened\u00e9ket. H\u00e1rom \u00e9ve haszn\u00e1lja a szociodr\u00e1ma \u00e9s gyermekdr\u00e1ma eszk\u00f6zt\u00e1r\u00e1t az \u00e1ltala vezetett gyermekv\u00e9delmi int\u00e9zm\u00e9nyekben, valamint menek\u00fcltsz\u00e1ll\u00e1son.[\/vc_column_text][\/vc_column_inner][\/vc_row_inner][vc_row_inner][vc_column_inner width=&#8221;1\/4&#8243;][mk_image src=&#8221;https:\/\/8thsociodramaconference.com\/wp-content\/uploads\/2024\/03\/Felicia_Menyhart.png&#8221; image_width=&#8221;402&#8243; image_height=&#8221;275&#8243; crop=&#8221;false&#8221; hover=&#8221;false&#8221;][\/vc_column_inner][vc_column_inner width=&#8221;3\/4&#8243;][vc_column_text responsive_align=&#8221;left&#8221;][\/vc_column_text][vc_column_text]Menyh\u00e1rt Fel\u00edcia t\u00f6bb mint egy \u00e9ve tagja a Hat\u00f3k\u00f6r Munkacsoportnak. Szakter\u00fclete az int\u00e9zm\u00e9nyi dr\u00e1ma szoci\u00e1lis int\u00e9zm\u00e9nyekben \u00e9s iskol\u00e1kban t\u00f6rt\u00e9n\u0151 alkalmaz\u00e1sa a k\u00f6z\u00f6ss\u00e9gek fejl\u0151d\u00e9se \u00e9s egy\u00fcttm\u0171k\u00f6d\u00e9s\u00e9nek el\u0151seg\u00edt\u00e9se \u00e9rdek\u00e9ben. Szoci\u00e1lpolitikai \u00e9s k\u00f6zgazdas\u00e1gi v\u00e9gzetts\u00e9get szerzett, k\u00e9pes\u00edtett tan\u00e1r \u00e9s tr\u00e9ner. Fel\u00edcia az int\u00e9zm\u00e9nyi dr\u00e1ma alkalmaz\u00e1sa mellett playback sz\u00ednh\u00e1zi technik\u00e1k alkalmaz\u00e1s\u00e1val is hozz\u00e1j\u00e1rul a k\u00f6z\u00f6ss\u00e9gfejleszt\u00e9shez. Pszichodr\u00e1ma-vezet\u0151i, szociodr\u00e1ma-asszisztensi, f\u00f3kusztr\u00e9neri k\u00e9pes\u00edt\u00e9sekkel rendelkezik, valamint ment\u00e1lhigi\u00e9n\u00e9s szakemberjel\u00f6lt. Szil\u00e1rdan hisz a demokratikusan m\u0171k\u00f6d\u0151, \u00f6nmagukat meg\u00faj\u00edt\u00f3 kisk\u00f6z\u00f6ss\u00e9gek hat\u00e9konys\u00e1g\u00e1ban, tapasztalata szerint a Hat\u00f3k\u00f6r m\u00f3dszertana pozit\u00edvan j\u00e1rul hozz\u00e1 ehhez a j\u00f6v\u0151k\u00e9phez.<\/p>\n[\/vc_column_text][\/vc_column_inner][\/vc_row_inner][vc_row_inner][vc_column_inner width=&#8221;1\/4&#8243;][mk_image src=&#8221;https:\/\/8thsociodramaconference.com\/wp-content\/uploads\/2024\/03\/Emoke-Takacs.png&#8221; image_width=&#8221;402&#8243; image_height=&#8221;275&#8243; crop=&#8221;false&#8221; hover=&#8221;false&#8221;][\/vc_column_inner][vc_column_inner width=&#8221;3\/4&#8243;][vc_column_text responsive_align=&#8221;left&#8221;][\/vc_column_text][vc_column_text]Tak\u00e1cs Em\u0151ke feln\u0151tt \u00e9s gyermek pszichodramatista, coach, szoci\u00e1lis munk\u00e1s, migr\u00e1ci\u00f3s \u00e9s interkultur\u00e1lis szak\u00e9rt\u0151. Projektkoordin\u00e1tork\u00e9nt dolgozik a Jezsuita Menek\u00fcltszolg\u00e1latn\u00e1l Budapesten, valamint a Hat\u00f3k\u00f6r Munkacsoport tagja.[\/vc_column_text][\/vc_column_inner][\/vc_row_inner][vc_row_inner][vc_column_inner width=&#8221;1\/4&#8243;][mk_image src=&#8221;https:\/\/8thsociodramaconference.com\/wp-content\/uploads\/2024\/03\/Judit-Toth_Denes.png&#8221; image_width=&#8221;402&#8243; image_height=&#8221;275&#8243; crop=&#8221;false&#8221; hover=&#8221;false&#8221;][\/vc_column_inner][vc_column_inner width=&#8221;3\/4&#8243;][vc_column_text responsive_align=&#8221;left&#8221;][\/vc_column_text][vc_column_text]T\u00f3th-D\u00e9nes Judit k\u00e9t \u00e9s f\u00e9l \u00e9ve tagja a Hat\u00f3k\u00f6r Munkacsoportnak. Int\u00e9zm\u00e9nyi dr\u00e1m\u00e1val iskol\u00e1kban \u00e9s szoci\u00e1lis int\u00e9zm\u00e9nyekben (csal\u00e1dok \u00e1tmeneti otthon\u00e1ban, nevel\u0151otthonokban) dolgozik a k\u00f6z\u00f6ss\u00e9gek fejleszt\u00e9se \u00e9rdek\u00e9ben. Judit szociol\u00f3gi\u00e1t \u00e9s \u00fajs\u00e1g\u00edr\u00e1st tanult. M\u0171v\u00e9szetterapeuta, pszichodr\u00e1ma asszisztens \u00e9s coach. Hisz abban, hogy a Hat\u00f3k\u00f6r m\u00f3dszertan\u00e1nak alkalmaz\u00e1sa kihat az int\u00e9zm\u00e9ny eg\u00e9sz m\u0171k\u00f6d\u00e9s\u00e9re.[\/vc_column_text][\/vc_column_inner][\/vc_row_inner][\/vc_column][\/mk_page_section]\n<\/section>","protected":false},"excerpt":{"rendered":"<p>[mk_page_section][vc_column][mk_fancy_title tag_name=&#8221;h2&#8243; size=&#8221;40&#8243; line_height=&#8221;50&#8243; font_family=&#8221;Oswald&#8221; font_type=&#8221;google&#8221; margin_bottom=&#8221;0&#8243;] A HAT\u00d3K\u00d6R M\u0170HELY BEMUTATKOZ\u00c1SA (A workshop nyelve angol \u00e9s magyar) EL\u0150AD\u00d3K: A HAT\u00d3K\u00d6R M\u0170HELY TAGJAI BOGSCH\u00dcTZ ZOLT\u00c1N &#8211; HEGYES KATALIN &#8211; KOCSI ANDREA &#8211; MENYH\u00c1RT FEL\u00cdCIA &#8211; LAKATOS ZSUZSANNA &#8211; TAK\u00c1CS EM\u0150KE &#8211; T\u00d3TH-D\u00c9NES JUDIT [\/mk_fancy_title][vc_row_inner][vc_column_inner width=&#8221;1\/6&#8243;][mk_image_box title=&#8221;Sociodrama and power&#8221; src=&#8221;https:\/\/8thsociodramaconference.com\/wp-content\/uploads\/2024\/02\/Next-Generation-2.png&#8221; media_width=&#8221;421&#8243; media_height=&#8221;294&#8243; crop=&#8221;false&#8221; image_link=&#8221;url&#8221; url=&#8221;https:\/\/8thsociodramaconference.com\/topic-sociodrama-youth\/&#8221; target=&#8221;_blank&#8221; align=&#8221;center&#8221; [&hellip;]<\/p>\n","protected":false},"author":1,"featured_media":0,"parent":0,"menu_order":0,"comment_status":"closed","ping_status":"closed","template":"","meta":{"footnotes":""},"class_list":["post-6355","page","type-page","status-publish","hentry"],"_links":{"self":[{"href":"https:\/\/8thsociodramaconference.com\/hu\/wp-json\/wp\/v2\/pages\/6355","targetHints":{"allow":["GET"]}}],"collection":[{"href":"https:\/\/8thsociodramaconference.com\/hu\/wp-json\/wp\/v2\/pages"}],"about":[{"href":"https:\/\/8thsociodramaconference.com\/hu\/wp-json\/wp\/v2\/types\/page"}],"author":[{"embeddable":true,"href":"https:\/\/8thsociodramaconference.com\/hu\/wp-json\/wp\/v2\/users\/1"}],"replies":[{"embeddable":true,"href":"https:\/\/8thsociodramaconference.com\/hu\/wp-json\/wp\/v2\/comments?post=6355"}],"version-history":[{"count":11,"href":"https:\/\/8thsociodramaconference.com\/hu\/wp-json\/wp\/v2\/pages\/6355\/revisions"}],"predecessor-version":[{"id":6791,"href":"https:\/\/8thsociodramaconference.com\/hu\/wp-json\/wp\/v2\/pages\/6355\/revisions\/6791"}],"wp:attachment":[{"href":"https:\/\/8thsociodramaconference.com\/hu\/wp-json\/wp\/v2\/media?parent=6355"}],"curies":[{"name":"wp","href":"https:\/\/api.w.org\/{rel}","templated":true}]}}