{"id":6350,"date":"2024-02-14T10:26:19","date_gmt":"2024-02-14T09:26:19","guid":{"rendered":"https:\/\/8thsociodramaconference.com\/program-scope-members\/"},"modified":"2024-06-19T22:40:20","modified_gmt":"2024-06-19T20:40:20","slug":"program-scope-members","status":"publish","type":"page","link":"https:\/\/8thsociodramaconference.com\/hu\/program-scope-members\/","title":{"rendered":"Program Scope Members"},"content":{"rendered":"<section class=\"wpb-content-wrapper\">[mk_page_section][vc_column][mk_fancy_title tag_name=&#8221;h2&#8243; size=&#8221;40&#8243; line_height=&#8221;50&#8243; font_family=&#8221;Oswald&#8221; font_type=&#8221;google&#8221; margin_bottom=&#8221;0&#8243;]\n<h3 style=\"text-align: center;\"><b>BIZTONS\u00c1GOS TEREK MEGTEREMT\u00c9SE \u00c9S V\u00c1LTOZ\u00c1SOK EL\u0150ID\u00c9Z\u00c9SE A DR\u00c1MA ESZK\u00d6ZEIVEL<br \/>\nS\u00c9R\u00dcL\u00c9KENY FIATALOK CSOPORTJAIVAL FOGLALKOZ\u00d3 INT\u00c9ZM\u00c9NYEKBEN<\/b><\/h3>\n<h5 style=\"text-align: center;\"><em>(A workshop nyelve magyar \u00e9s angol)<\/em><\/h5>\n<h5 style=\"text-align: center;\"><span style=\"color: #800000;\"><strong>EL\u0150AD\u00d3K:<\/strong><b> HAT\u00d3K\u00d6R M\u0170HELY<\/b><\/span><\/h5>\n[\/mk_fancy_title][vc_row_inner][vc_column_inner width=&#8221;1\/6&#8243;][mk_image_box title=&#8221;Sociodrama and power&#8221; src=&#8221;https:\/\/8thsociodramaconference.com\/wp-content\/uploads\/2024\/02\/Next-Generation-2.png&#8221; media_width=&#8221;421&#8243; media_height=&#8221;294&#8243; crop=&#8221;false&#8221; image_link=&#8221;url&#8221; url=&#8221;https:\/\/8thsociodramaconference.com\/topic-sociodrama-youth\/&#8221; target=&#8221;_blank&#8221; align=&#8221;center&#8221; rounded_corner=&#8221;true&#8221;][\/mk_image_box][\/vc_column_inner][vc_column_inner width=&#8221;2\/3&#8243;][vc_column_text responsive_align=&#8221;left&#8221;]\n<h5 style=\"text-align: left;\"><b>ID\u0150PONT: <\/b>j\u00fanius 27. cs\u00fct\u00f6rt\u00f6k, 14:00-16:30<br \/>\n<b><\/b><strong>T\u00c9MA: <\/strong>Szociodr\u00e1ma \u00e9s a j\u00f6v\u0151 gener\u00e1ci\u00f3ja: gyerekek, fiatalok \u00e9s a vel\u00fck foglalkoz\u00f3 szakemberek, int\u00e9zm\u00e9nyek szociodr\u00e1m\u00e1ja<br \/>\n<b>PROGRAM T\u00cdPUSA:<\/b> workshop<br \/>\n<strong>TEREM:<\/strong><br \/>\n<strong>R\u00c9SZTVEV\u0150K SZ\u00c1MA: <\/strong>25<strong><br \/>\n<\/strong><strong>NYELV:<\/strong> Angol \u00e9s magyar<br \/>\n<strong>C\u00cdMKE: <\/strong><a href=\"https:\/\/8thsociodramaconference.com\/hu\/topic-sociodrama-youth\/\" target=\"_blank\" rel=\"noopener\">Szociodr\u00e1ma \u00e9s fiatalok,<\/a> <a href=\"https:\/\/8thsociodramaconference.com\/hu\/workshops-jun27-afternoon\/\" target=\"_blank\" rel=\"noopener\">Programok j\u00fanius 27-\u00e9n d\u00e9lut\u00e1n<\/a><\/h5>\n[\/vc_column_text][\/vc_column_inner][vc_column_inner width=&#8221;1\/6&#8243;][\/vc_column_inner][\/vc_row_inner][\/vc_column][\/mk_page_section][mk_page_section padding=&#8221;0&#8243;][vc_column][vc_column_text responsive_align=&#8221;left&#8221;]\n<h5 style=\"text-align: center;\"><b>ABSZTRAKT:<\/b><\/h5>\n[\/vc_column_text][vc_column_text responsive_align=&#8221;left&#8221;]A Magyar Pszichodr\u00e1ma Egyes\u00fclet PERFORMERS nemzetk\u00f6zi szociodr\u00e1ma projekt keret\u00e9ben (2016-2021) egy \u00fajszer\u0171 szociodr\u00e1ma m\u00f3dszertan ker\u00fclt kidolgoz\u00e1sra, h\u00e1tr\u00e1nyos helyzet\u0171 gyermekeket \u00e9s fiatalokat seg\u00edt\u0151 int\u00e9zm\u00e9nyekkel egy\u00fcttm\u0171k\u00f6dve. 2022 \u00f3ta ezt a m\u00f3dszertant sz\u00e1mos int\u00e9zm\u00e9nyben \u2013 iskol\u00e1kban, gyermekotthonokban, jav\u00edt\u00f3int\u00e9zetekben, csal\u00e1dok \u00e1tmeneti otthonaiban, egy\u00e9b szervezetekn\u00e9l \u2013 alkalmazzuk \u00e9s folyamatosan fejlesztj\u00fck. Egy olyan traumatudatos csoportm\u00f3dszertan ker\u00fclt kidolgoz\u00e1sra, amely a szociodr\u00e1m\u00e1t \u00e9s a gyermekpszichodr\u00e1m\u00e1t integr\u00e1lja, tov\u00e1bb\u00e1 az egyes int\u00e9zm\u00e9nyek speci\u00e1lis k\u00f6r\u00fclm\u00e9nyeihez \u00e9s ig\u00e9nyeihez alak\u00edthat\u00f3.<\/p>\n<p>2022-ben munkacsoportunk megalap\u00edtotta a Hat\u00f3k\u00f6r M\u0171helyt. Ez\u00e1ltal egy olyan f\u00fcggetlen, interdiszciplin\u00e1ris szakmai k\u00f6z\u00f6ss\u00e9g j\u00f6tt l\u00e9tre, amelynek c\u00e9lja, hogy a szociodr\u00e1ma eszk\u00f6z\u00e9vel seg\u00edtse az oktat\u00e1si \u00e9s szoci\u00e1lis int\u00e9zm\u00e9nyeket a biztons\u00e1gos \u00e9s t\u00e1mogat\u00f3 k\u00f6rnyezet kialak\u00edt\u00e1s\u00e1ban.<\/p>\n<p>Workshopunk r\u00e9sztvev\u0151i saj\u00e1t\u00e9lm\u00e9ny\u0171 tapasztalatot szerezhetnek az \u00e1ltalunk alkalmazott gyermek-szociodr\u00e1ma m\u00f3dszerr\u0151l. \u00c1t\u00e9lhetik, hogy mik\u00e9pp dolgozunk a csoportokkal \u00e9s hogyan teremt\u00fcnk olyan k\u00f6rnyezetet az egyes int\u00e9zm\u00e9nyekben, amely seg\u00edti a s\u00e9r\u00fcl\u00e9keny fiatalok mindennapjait \u00e9s fejl\u0151d\u00e9s\u00e9t.[\/vc_column_text][mk_padding_divider size=&#8221;30&#8243;][vc_column_text responsive_align=&#8221;left&#8221;]\n<h5 style=\"text-align: center;\"><b>AZ EL\u0150AD\u00d3KR\u00d3L:<\/b><\/h5>\n[\/vc_column_text][vc_row_inner][vc_column_inner width=&#8221;1\/4&#8243;][mk_image src=&#8221;https:\/\/8thsociodramaconference.com\/wp-content\/uploads\/2024\/03\/Zoltan-Bogschutz.png&#8221; image_width=&#8221;402&#8243; image_height=&#8221;275&#8243; crop=&#8221;false&#8221; hover=&#8221;false&#8221;][\/vc_column_inner][vc_column_inner width=&#8221;3\/4&#8243;][vc_column_text responsive_align=&#8221;left&#8221;]Bogsch\u00fctz Zolt\u00e1n szoci\u00e1lis munk\u00e1s, szoci\u00e1lpolitikus, valamint szoci\u00e1lis menedzser v\u00e9gzetts\u00e9ggel rendelkezik. T\u00f6bb szakter\u00fcleten tev\u00e9kenykedik, a legt\u00f6bb tapasztaltot az alternat\u00edv szankci\u00f3k \u00e9s a gyermekv\u00e9delem ter\u00fclet\u00e9n szerezte. Zolt\u00e1n hazai \u00e9s nemzetk\u00f6zi projektekben t\u00f6bb mint k\u00e9t \u00e9vtizedes tr\u00e9ningtapasztalattal rendelkezik, amelyet folyamatosan b\u0151v\u00edt coaching-, valamint facilit\u00e1ci\u00f3s technik\u00e1kkal, tov\u00e1bb\u00e1 pszichodramatikus \u00e9s szociodramatikus elemekkel. A Hat\u00f3k\u00f6r Munkacsoportban val\u00f3 r\u00e9szv\u00e9tel\u00e9t az inspir\u00e1lja, hogy az int\u00e9zm\u00e9nyi dr\u00e1ma alkalmaz\u00e1sa sor\u00e1n \u00faj n\u00e9z\u0151pontok \u00e9s \u00e9rt\u00e9kek l\u00e9trehoz\u00e1sban vegyen r\u00e9szt.[\/vc_column_text][\/vc_column_inner][\/vc_row_inner][vc_row_inner][vc_column_inner width=&#8221;1\/4&#8243;][mk_image src=&#8221;https:\/\/8thsociodramaconference.com\/wp-content\/uploads\/2024\/02\/Kubovics-Juhasz-Csilla.png&#8221; image_width=&#8221;402&#8243; image_height=&#8221;275&#8243; crop=&#8221;false&#8221; hover=&#8221;false&#8221;][\/vc_column_inner][vc_column_inner width=&#8221;3\/4&#8243;][vc_column_text responsive_align=&#8221;left&#8221;]<span style=\"font-weight: 400;\">Kubovics-Juh\u00e1sz Csilla pszichol\u00f3gus \u00e9s gyermekpszichodr\u00e1ma vezet\u0151. Tagja a Magyar Csal\u00e1d- \u00e9s P\u00e1rter\u00e1pi\u00e1s Egyes\u00fcletnek \u00e9s a Kende Hanna Gyermekpszichodr\u00e1ma Egyes\u00fcletnek. Csilla 2017-t\u0151l dolgozik a B\u00e1tor T\u00e1borban (Serious Fun Gyermekh\u00e1l\u00f3zat), ahol kr\u00f3nikus betegs\u00e9ggel \u00e9l\u0151 gyerekekkel foglalkoznak. B\u00e1r 2022-t\u0151l a Belv\u00e1rosi K\u00f6z\u00f6ss\u00e9gi H\u00e1z prevenci\u00f3s szakmai vezet\u0151je, tov\u00e1bbra is a B\u00e1tor T\u00e1borhoz k\u00f6t\u0151dik, mint gy\u00e1sztan\u00e1csad\u00f3 a gyermek\u00fcket elvesztett csal\u00e1dokkal, valamint gyermekpszichodr\u00e1ma csoportokkal is foglalkozik.<\/span>[\/vc_column_text][\/vc_column_inner][\/vc_row_inner][vc_row_inner][vc_column_inner width=&#8221;1\/4&#8243;][mk_image src=&#8221;https:\/\/8thsociodramaconference.com\/wp-content\/uploads\/2024\/03\/Zsuzsanna-Lakatos.png&#8221; image_width=&#8221;402&#8243; image_height=&#8221;275&#8243; crop=&#8221;false&#8221; hover=&#8221;false&#8221;][\/vc_column_inner][vc_column_inner width=&#8221;3\/4&#8243;][vc_column_text responsive_align=&#8221;left&#8221;]Lakatos Zsuzsanna szoci\u00e1lpedag\u00f3gus, biol\u00f3gia szakos tan\u00e1r, rajzvizsg\u00e1lati szaktan\u00e1csad\u00f3 \u00e9s gy\u00f3gypedag\u00f3giai asszisztens. T\u00f6bb\u00e9ves gyermekv\u00e9delmi ter\u00fcleten szerzett tapasztalattal rendelkezik, jelenleg egy menek\u00fclt sz\u00e1ll\u00e1s szakmaikoordin\u00e1ci\u00f3s feladatai l\u00e1tja el, ahol h\u00e1tr\u00e1nyos helyzet\u0171 k\u00e1rp\u00e1taljai roma csal\u00e1dok k\u00e9rtek mened\u00e9ket. H\u00e1rom \u00e9ve haszn\u00e1lja a szociodr\u00e1ma \u00e9s gyermekdr\u00e1ma eszk\u00f6zt\u00e1r\u00e1t az \u00e1ltala vezetett gyermekv\u00e9delmi int\u00e9zm\u00e9nyekben, valamint menek\u00fcltsz\u00e1ll\u00e1son.<\/p>\n[\/vc_column_text][\/vc_column_inner][\/vc_row_inner][vc_row_inner][vc_column_inner width=&#8221;1\/4&#8243;][mk_image src=&#8221;https:\/\/8thsociodramaconference.com\/wp-content\/uploads\/2024\/03\/Felicia_Menyhart.png&#8221; image_width=&#8221;402&#8243; image_height=&#8221;275&#8243; crop=&#8221;false&#8221; hover=&#8221;false&#8221;][\/vc_column_inner][vc_column_inner width=&#8221;3\/4&#8243;][vc_column_text responsive_align=&#8221;left&#8221;]Menyh\u00e1rt Fel\u00edcia t\u00f6bb mint egy \u00e9ve tagja a Hat\u00f3k\u00f6r Munkacsoportnak. Szakter\u00fclete az int\u00e9zm\u00e9nyi dr\u00e1ma szoci\u00e1lis int\u00e9zm\u00e9nyekben \u00e9s iskol\u00e1kban t\u00f6rt\u00e9n\u0151 alkalmaz\u00e1sa a k\u00f6z\u00f6ss\u00e9gek fejl\u0151d\u00e9se \u00e9s egy\u00fcttm\u0171k\u00f6d\u00e9s\u00e9nek el\u0151seg\u00edt\u00e9se \u00e9rdek\u00e9ben. Szoci\u00e1lpolitikai \u00e9s k\u00f6zgazdas\u00e1gi v\u00e9gzetts\u00e9get szerzett, k\u00e9pes\u00edtett tan\u00e1r \u00e9s tr\u00e9ner. Fel\u00edcia az int\u00e9zm\u00e9nyi dr\u00e1ma alkalmaz\u00e1sa mellett playback sz\u00ednh\u00e1zi technik\u00e1k alkalmaz\u00e1s\u00e1val is hozz\u00e1j\u00e1rul a k\u00f6z\u00f6ss\u00e9gfejleszt\u00e9shez. Pszichodr\u00e1ma-vezet\u0151i, szociodr\u00e1ma-asszisztensi, f\u00f3kusztr\u00e9neri k\u00e9pes\u00edt\u00e9sekkel rendelkezik, valamint ment\u00e1lhigi\u00e9n\u00e9s szakemberjel\u00f6lt. Szil\u00e1rdan hisz a demokratikusan m\u0171k\u00f6d\u0151, \u00f6nmagukat meg\u00faj\u00edt\u00f3 kisk\u00f6z\u00f6ss\u00e9gek hat\u00e9konys\u00e1g\u00e1ban, tapasztalata szerint a Hat\u00f3k\u00f6r m\u00f3dszertana pozit\u00edvan j\u00e1rul hozz\u00e1 ehhez a j\u00f6v\u0151k\u00e9phez.<\/p>\n[\/vc_column_text][\/vc_column_inner][\/vc_row_inner][vc_row_inner][vc_column_inner width=&#8221;1\/4&#8243;][mk_image src=&#8221;https:\/\/8thsociodramaconference.com\/wp-content\/uploads\/2024\/03\/Emoke-Takacs.png&#8221; image_width=&#8221;402&#8243; image_height=&#8221;275&#8243; crop=&#8221;false&#8221; hover=&#8221;false&#8221;][\/vc_column_inner][vc_column_inner width=&#8221;3\/4&#8243;][vc_column_text responsive_align=&#8221;left&#8221;]Tak\u00e1cs Em\u0151ke feln\u0151tt \u00e9s gyermek pszichodramatista, coach, szoci\u00e1lis munk\u00e1s, migr\u00e1ci\u00f3s \u00e9s interkultur\u00e1lis szak\u00e9rt\u0151. Projektkoordin\u00e1tork\u00e9nt dolgozik a Jezsuita Menek\u00fcltszolg\u00e1latn\u00e1l Budapesten, valamint a Hat\u00f3k\u00f6r Munkacsoport tagja.<\/p>\n[\/vc_column_text][\/vc_column_inner][\/vc_row_inner][vc_row_inner][vc_column_inner width=&#8221;1\/4&#8243;][mk_image src=&#8221;https:\/\/8thsociodramaconference.com\/wp-content\/uploads\/2024\/03\/Judit-Toth_Denes.png&#8221; image_width=&#8221;402&#8243; image_height=&#8221;275&#8243; crop=&#8221;false&#8221; hover=&#8221;false&#8221;][\/vc_column_inner][vc_column_inner width=&#8221;3\/4&#8243;][vc_column_text responsive_align=&#8221;left&#8221;]T\u00f3th-D\u00e9nes Judit k\u00e9t \u00e9s f\u00e9l \u00e9ve tagja a Hat\u00f3k\u00f6r Munkacsoportnak. Int\u00e9zm\u00e9nyi dr\u00e1m\u00e1val iskol\u00e1kban \u00e9s szoci\u00e1lis int\u00e9zm\u00e9nyekben (csal\u00e1dok \u00e1tmeneti otthon\u00e1ban, nevel\u0151otthonokban) dolgozik a k\u00f6z\u00f6ss\u00e9gek fejleszt\u00e9se \u00e9rdek\u00e9ben. Judit szociol\u00f3gi\u00e1t \u00e9s \u00fajs\u00e1g\u00edr\u00e1st tanult. M\u0171v\u00e9szetterapeuta, pszichodr\u00e1ma asszisztens \u00e9s coach. Hisz abban, hogy a Hat\u00f3k\u00f6r m\u00f3dszertan\u00e1nak alkalmaz\u00e1sa kihat az int\u00e9zm\u00e9ny eg\u00e9sz m\u0171k\u00f6d\u00e9s\u00e9re.[\/vc_column_text][\/vc_column_inner][\/vc_row_inner][\/vc_column][\/mk_page_section]\n<\/section>","protected":false},"excerpt":{"rendered":"<p>[mk_page_section][vc_column][mk_fancy_title tag_name=&#8221;h2&#8243; size=&#8221;40&#8243; line_height=&#8221;50&#8243; font_family=&#8221;Oswald&#8221; font_type=&#8221;google&#8221; margin_bottom=&#8221;0&#8243;] BIZTONS\u00c1GOS TEREK MEGTEREMT\u00c9SE \u00c9S V\u00c1LTOZ\u00c1SOK EL\u0150ID\u00c9Z\u00c9SE A DR\u00c1MA ESZK\u00d6ZEIVEL S\u00c9R\u00dcL\u00c9KENY FIATALOK CSOPORTJAIVAL FOGLALKOZ\u00d3 INT\u00c9ZM\u00c9NYEKBEN (A workshop nyelve magyar \u00e9s angol) EL\u0150AD\u00d3K: HAT\u00d3K\u00d6R M\u0170HELY [\/mk_fancy_title][vc_row_inner][vc_column_inner width=&#8221;1\/6&#8243;][mk_image_box title=&#8221;Sociodrama and power&#8221; src=&#8221;https:\/\/8thsociodramaconference.com\/wp-content\/uploads\/2024\/02\/Next-Generation-2.png&#8221; media_width=&#8221;421&#8243; media_height=&#8221;294&#8243; crop=&#8221;false&#8221; image_link=&#8221;url&#8221; url=&#8221;https:\/\/8thsociodramaconference.com\/topic-sociodrama-youth\/&#8221; target=&#8221;_blank&#8221; align=&#8221;center&#8221; rounded_corner=&#8221;true&#8221;][\/mk_image_box][\/vc_column_inner][vc_column_inner width=&#8221;2\/3&#8243;][vc_column_text responsive_align=&#8221;left&#8221;] ID\u0150PONT: j\u00fanius 27. cs\u00fct\u00f6rt\u00f6k, 14:00-16:30 T\u00c9MA: Szociodr\u00e1ma \u00e9s a [&hellip;]<\/p>\n","protected":false},"author":1,"featured_media":0,"parent":0,"menu_order":0,"comment_status":"closed","ping_status":"closed","template":"","meta":{"footnotes":""},"class_list":["post-6350","page","type-page","status-publish","hentry"],"_links":{"self":[{"href":"https:\/\/8thsociodramaconference.com\/hu\/wp-json\/wp\/v2\/pages\/6350","targetHints":{"allow":["GET"]}}],"collection":[{"href":"https:\/\/8thsociodramaconference.com\/hu\/wp-json\/wp\/v2\/pages"}],"about":[{"href":"https:\/\/8thsociodramaconference.com\/hu\/wp-json\/wp\/v2\/types\/page"}],"author":[{"embeddable":true,"href":"https:\/\/8thsociodramaconference.com\/hu\/wp-json\/wp\/v2\/users\/1"}],"replies":[{"embeddable":true,"href":"https:\/\/8thsociodramaconference.com\/hu\/wp-json\/wp\/v2\/comments?post=6350"}],"version-history":[{"count":12,"href":"https:\/\/8thsociodramaconference.com\/hu\/wp-json\/wp\/v2\/pages\/6350\/revisions"}],"predecessor-version":[{"id":8399,"href":"https:\/\/8thsociodramaconference.com\/hu\/wp-json\/wp\/v2\/pages\/6350\/revisions\/8399"}],"wp:attachment":[{"href":"https:\/\/8thsociodramaconference.com\/hu\/wp-json\/wp\/v2\/media?parent=6350"}],"curies":[{"name":"wp","href":"https:\/\/api.w.org\/{rel}","templated":true}]}}