{"id":6345,"date":"2024-02-16T21:35:48","date_gmt":"2024-02-16T20:35:48","guid":{"rendered":"https:\/\/8thsociodramaconference.com\/program-daniela-simmons-bojana-glusac-drasla\/"},"modified":"2024-05-27T17:49:54","modified_gmt":"2024-05-27T15:49:54","slug":"program-daniela-simmons-bojana-glusac-drasla","status":"publish","type":"page","link":"https:\/\/8thsociodramaconference.com\/hu\/program-daniela-simmons-bojana-glusac-drasla\/","title":{"rendered":"Program Daniela Simmons &#8211; Bojana Glusac Drasla"},"content":{"rendered":"<section class=\"wpb-content-wrapper\">[mk_page_section][vc_column][mk_fancy_title tag_name=&#8221;h2&#8243; size=&#8221;40&#8243; line_height=&#8221;50&#8243; font_family=&#8221;Oswald&#8221; font_type=&#8221;google&#8221; margin_bottom=&#8221;0&#8243;]\n<h3 style=\"text-align: center;\"><b>AZ EL\u0150TT\u00dcNK \u00c1LL\u00d3 \u00daT ELK\u00c9PZEL\u00c9SE &#8211;<br \/>\nA T\u00d6BBLETVAL\u00d3S\u00c1G ALKALMAZ\u00c1SAI A SZOCIODR\u00c1M\u00c1BAN<br \/>\nEGY GY\u00d3GYULT \u00c9S EGYES\u00dcLT GLOB\u00c1LIS K\u00d6Z\u00d6SS\u00c9G\u00c9RT<\/b><\/h3>\n<h5 style=\"text-align: center;\"><em>(A workshop nyelve angol, magyar nyelv\u0171 tolm\u00e1csol\u00e1ssal)<\/em><\/h5>\n<h5 style=\"text-align: center;\"><span style=\"color: #800000;\"><strong>EL\u0150AD\u00d3K:<\/strong><b> DANIELA SIMMONS &#8211; BOJANA GLUSAC DRASLA<\/b><\/span><\/h5>\n[\/mk_fancy_title][vc_row_inner][vc_column_inner width=&#8221;1\/6&#8243;][mk_image_box title=&#8221;Sociodrama and power&#8221; src=&#8221;https:\/\/8thsociodramaconference.com\/wp-content\/uploads\/2024\/02\/Different-Social-Groups-\u2013-the-Strengths-of-Communities-2.png&#8221; media_width=&#8221;421&#8243; media_height=&#8221;294&#8243; crop=&#8221;false&#8221; image_link=&#8221;url&#8221; url=&#8221;https:\/\/8thsociodramaconference.com\/topic-different-social-groups\/&#8221; target=&#8221;_blank&#8221; align=&#8221;center&#8221; rounded_corner=&#8221;true&#8221;][\/mk_image_box][\/vc_column_inner][vc_column_inner width=&#8221;2\/3&#8243;][vc_column_text responsive_align=&#8221;left&#8221;]\n<h5 style=\"text-align: left;\"><b>ID\u0150PONT<\/b><strong>: <\/strong>J\u00fanius 29. szombat, 14:00-16:30<br \/>\n<strong>T\u00c9MA: <\/strong>Szociodr\u00e1ma k\u00fcl\u00f6nf\u00e9le t\u00e1rsadalmi sz\u00edntereken \u00e9s csoportokban \u2013 a k\u00f6z\u00f6ss\u00e9gek ereje<br \/>\n<strong>PROGRAM T\u00cdPUSA: <\/strong>Nagycsoport<br \/>\n<strong>TEREM:<\/strong><br \/>\n<strong>R\u00c9SZTVEV\u0150K SZ\u00c1MA: <\/strong>100<br \/>\nNYELV: Angol, magyar nyelv\u0171 tolm\u00e1csol\u00e1ssal<br \/>\n<strong>C\u00cdMKE: <\/strong><a href=\"https:\/\/8thsociodramaconference.com\/hu\/topic-different-social-groups\/\" target=\"_blank\" rel=\"noopener\">V\u00e1ltozatos csoportok<\/a>, <a href=\"https:\/\/8thsociodramaconference.com\/hu\/workshops-jun29-afternoon\/\" target=\"_blank\" rel=\"noopener\">Programok j\u00fanius 29-\u00e9n d\u00e9lut\u00e1n<\/a><\/h5>\n[\/vc_column_text][\/vc_column_inner][vc_column_inner width=&#8221;1\/6&#8243;][\/vc_column_inner][\/vc_row_inner][\/vc_column][\/mk_page_section][mk_page_section padding=&#8221;0&#8243;][vc_column][vc_column_text responsive_align=&#8221;left&#8221;]\n<h5 style=\"text-align: center;\"><b>ABSZTRAKT:<\/b><\/h5>\n[\/vc_column_text][vc_column_text responsive_align=&#8221;left&#8221;]<span style=\"font-weight: 400;\">A t\u00e1rsadalom kult\u00far\u00e1inak ismerete el\u0151seg\u00edtheti \u00fajszer\u0171 megk\u00f6zel\u00edt\u00e9sek l\u00e9trej\u00f6tt\u00e9t a kollekt\u00edv szerepek felt\u00e1r\u00e1s\u00e1ban \u00e9s elismer\u00e9s\u00e9ben. A t\u00f6bbletval\u00f3s\u00e1g csod\u00e1ja a k\u00e9pzelet \u00e9s a j\u00e1t\u00e9k e c\u00e9lra val\u00f3 felhaszn\u00e1l\u00e1s\u00e1ban rejlik, hiszen lehet\u0151v\u00e9 teszi sz\u00e1munkra, hogy a k\u00f6z\u00f6s j\u00f6v\u0151 vil\u00e1g\u00e1ban fedezz\u00fck fel \u00e9s jelen\u00edts\u00fck meg az \u00e9letre \u00e9s az egy\u00fctt\u00e9l\u00e9sre vonatkoz\u00f3 sz\u00fcks\u00e9gleteinket \u00e9s c\u00e9ljainkat. Dr. Moreno filoz\u00f3fi\u00e1j\u00e1b\u00f3l tudjuk, hogy kreat\u00edv zsenialit\u00e1sunk r\u00e9v\u00e9n \u00fajabb \u00e9s \u00fajabb form\u00e1it alak\u00edtjuk ki a l\u00e9tez\u00e9snek, a kollekt\u00edv l\u00e9trehoz\u00e1snak \u00e9s a kapcsol\u00f3d\u00e1snak. A t\u00f6bbletval\u00f3s\u00e1g a szociodr\u00e1m\u00e1ban azt a c\u00e9lunkat teljes\u00edti, hogy a j\u00f6v\u0151 a jelenben t\u00f6rt\u00e9n\u0151 megjelen\u00edt\u00e9se r\u00e9v\u00e9n, felfedezhetj\u00fck a kollekt\u00edv kreat\u00edv lehet\u0151s\u00e9geket, kifejezhetj\u00fck rem\u00e9nyeinket, hogy k\u00e9szen \u00e1llunk, hogy v\u00e1gyjuk a v\u00e1ltoz\u00e1st, annak \u00e9rdek\u00e9ben, hogy egy jobb vil\u00e1got teremthess\u00fcnk mindannyiunk sz\u00e1m\u00e1ra.\u00a0<\/span><\/p>\n<p><span style=\"font-weight: 400;\">M\u0171hely\u00fcnk azt vizsg\u00e1lja meg, hogy mik\u00e9nt lehet a j\u00f6v\u0151re vonatkoz\u00f3 elk\u00e9pzel\u00e9seinket jelenbeli cselekv\u00e9sekk\u00e9 \u00e9s t\u00f6rekv\u00e9sekk\u00e9 alak\u00edtani. Dr. Moreno azt az \u00fczenetet hagyta r\u00e1nk, hogy ha el tudunk k\u00e9pzelni valamit, akkor azt meg is tudjuk val\u00f3s\u00edtani: \u00faj, &#8222;l\u00e1thatatlan dimenzi\u00f3kat&#8221; \u00e9rhet\u00fcnk el a kapcsolatok, a t\u00e1rsadalmi inkl\u00fazi\u00f3 \u00e9s a kollekt\u00edv j\u00f6v\u0151 kialak\u00edt\u00e1s\u00e1ra egy gy\u00f3gyult glob\u00e1lis t\u00e1rsadalomban. \u201eA t\u00f6bbletval\u00f3s\u00e1g (&#8230;) a val\u00f3s\u00e1g gazdag\u00edt\u00e1sa, a k\u00e9pzelet befektet\u00e9se \u00e9s kiterjedt haszn\u00e1lata r\u00e9v\u00e9n\u201d (Moreno, 1965).\u00a0<\/span><\/p>\n<p><span style=\"font-weight: 400;\">A workshop c\u00e9lja, hogy a r\u00e9sztvev\u0151k a szociodr\u00e1ma t\u00f6bbletval\u00f3s\u00e1g\u00e1nak alkalmaz\u00e1s\u00e1val gazdag \u00e9s \u00e1tform\u00e1l\u00f3 tapasztalatot szerezzenek egy gy\u00f3gyult \u00e9s egyes\u00fclt glob\u00e1lis k\u00f6z\u00f6ss\u00e9g elk\u00e9pzel\u00e9s\u00e9r\u0151l \u00e9s megval\u00f3s\u00edt\u00e1s\u00e1r\u00f3l.\u00a0<\/span><\/p>\n<p><span style=\"font-weight: 400;\">A workshopon val\u00f3 r\u00e9szv\u00e9tel nyom\u00e1n:\u00a0<\/span><\/p>\n<ul>\n<li style=\"font-weight: 400;\" aria-level=\"1\"><span style=\"font-weight: 400;\">A csoporttagok elm\u00e9ly\u00edtik a t\u00f6bbletval\u00f3s\u00e1g fogalm\u00e1t \u00e9s annak felhaszn\u00e1l\u00e1s\u00e1t a szociodr\u00e1m\u00e1ban, a kollekt\u00edv j\u00f6v\u0151re vonatkoz\u00f3 sz\u00fcks\u00e9gletek, c\u00e9lok, sz\u00e1nd\u00e9kok felfedez\u00e9se \u00e9s kinyilv\u00e1n\u00edt\u00e1sa \u00e9rdek\u00e9ben.\u00a0<\/span><\/li>\n<li style=\"font-weight: 400;\" aria-level=\"1\"><span style=\"font-weight: 400;\">Megtapasztalj\u00e1k a kollekt\u00edv kreat\u00edv potenci\u00e1l felt\u00e1r\u00e1s\u00e1nak lehet\u0151s\u00e9g\u00e9t a j\u00f6v\u0151beli v\u00edzi\u00f3k jelenbe emel\u00e9s\u00e9vel, el\u0151seg\u00edtve a rem\u00e9nyeket, a k\u00e9szs\u00e9get \u00e9s a hajland\u00f3s\u00e1got a pozit\u00edv v\u00e1ltoz\u00e1sra.\u00a0<\/span><\/li>\n<li style=\"font-weight: 400;\" aria-level=\"1\"><span style=\"font-weight: 400;\">Meghat\u00e1rozzuk azokat az utakat \u00e9s strat\u00e9gi\u00e1kat, amelyek seg\u00edts\u00e9g\u00e9vel az elk\u00e9pzelt j\u00f6v\u0151t k\u00e9zzelfoghat\u00f3 jelenbeli cselekv\u00e9sekk\u00e9 \u00e9s t\u00f6rekv\u00e9sekk\u00e9 lehet alak\u00edtani, \u00f6sszhangban Dr. Moreno meggy\u0151z\u0151d\u00e9s\u00e9vel, hogy a k\u00e9pzelet megval\u00f3s\u00edthat\u00f3.<\/span><\/li>\n<\/ul>\n[\/vc_column_text][mk_padding_divider size=&#8221;30&#8243;][vc_column_text responsive_align=&#8221;left&#8221;]\n<h5 style=\"text-align: center;\"><b>AZ EL\u0150AD\u00d3KR\u00d3L:<\/b><\/h5>\n[\/vc_column_text][vc_row_inner][vc_column_inner width=&#8221;1\/4&#8243;][mk_image src=&#8221;https:\/\/8thsociodramaconference.com\/wp-content\/uploads\/2024\/02\/daniela-simmons.png&#8221; image_width=&#8221;402&#8243; image_height=&#8221;275&#8243; crop=&#8221;false&#8221; hover=&#8221;false&#8221;][\/vc_column_inner][vc_column_inner width=&#8221;3\/4&#8243;][vc_column_text responsive_align=&#8221;left&#8221;]<span style=\"font-weight: 400;\">Daniela Simmons nemzetk\u00f6zi kik\u00e9pz\u0151 \u00e9s szuperv\u00edzor, a Tele&#8217;Drama m\u00f3dszer megalkot\u00f3ja, az International Tele\u2019Drama Institute (Nemzetk\u00f6zi Tele\u2019Drama Int\u00e9zet)\u00a0 alap\u00edt\u00f3ja \u00e9s igazgat\u00f3ja<\/span><span style=\"font-weight: 400;\">, amelynek programjain m\u00e1r t\u00f6bb mint 82 orsz\u00e1gb\u00f3l t\u00f6bb ezer ember vett r\u00e9szt. <\/span><span style=\"font-weight: 400;\">A Tele&#8217;Drama megalkot\u00e1s\u00e1\u00e9rt 2022-ben az ASGPP Innov\u00e1tor-d\u00edjjal t\u00fcntette ki.<\/span><\/p>\n<p><span style=\"font-weight: 400;\">Jelenleg az Amerikai Csoportpszichoter\u00e1pi\u00e1s \u00e9s Pszichodr\u00e1ma T\u00e1rsas\u00e1g (ASGPP) eln\u00f6ke. Daniela Simmons eur\u00f3pai \u00e9s amerikai szakmai tapasztalatait a t\u00e1rsadalomtudom\u00e1nyok \u00e9s a ment\u00e1lis eg\u00e9szs\u00e9g\u00fcgy ter\u00fclet\u00e9n v\u00e9gzett oktat\u00e1si, kutat\u00e1si \u00e9s tan\u00e1csad\u00f3i munk\u00e1ban szerezte. <\/span><span style=\"font-weight: 400;\">A londoni sz\u00e9khely\u0171 Tavistock Institute of Human Relations-ben a szervezetek csoportkapcsolatainak pszichoanal\u00edzis\u00e9r\u0151l szerzett gyakorlatot.<\/span><span style=\"font-weight: 400;\"> Eur\u00f3p\u00e1ban 1995 \u00f3ta, az Egyes\u00fclt \u00c1llamokban pedig 2005 \u00f3ta alkalmazza az akci\u00f3m\u00f3dszereket.<\/span>[\/vc_column_text][\/vc_column_inner][\/vc_row_inner][vc_row_inner][vc_column_inner width=&#8221;1\/4&#8243;][mk_image src=&#8221;https:\/\/8thsociodramaconference.com\/wp-content\/uploads\/2024\/02\/Bojana-Glusac.png&#8221; image_width=&#8221;402&#8243; image_height=&#8221;275&#8243; crop=&#8221;false&#8221; hover=&#8221;false&#8221;][\/vc_column_inner][vc_column_inner width=&#8221;3\/4&#8243;][vc_column_text responsive_align=&#8221;left&#8221;]<span style=\"font-weight: 400;\">Bojana Glusac Draslar pszichoterapeuta, kik\u00e9pz\u0151, szuperv\u00edzor, oktat\u00f3. Bojana a Belgr\u00e1di Egyetemen v\u00e9gzett gy\u00f3gypedag\u00f3gia \u00e9s rehabilit\u00e1ci\u00f3 szakon. Az el\u0151\u00edrt k\u00e9pes\u00edt\u00e9si, tapasztalati \u00e9s szaktud\u00e1si felt\u00e9telek teljes\u00edt\u00e9se ut\u00e1n megkapta az ECP (EAP, Eur\u00f3pai Pszichoter\u00e1pi\u00e1s Tan\u00fas\u00edtv\u00e1nyt), valamint a pszichoter\u00e1pi\u00e1s k\u00e9pz\u0151 \u00e9s szuperv\u00edzor c\u00edmet. Egy\u00e9ni \u00e9s csoportos pszichoter\u00e1pi\u00e1s folyamatban dolgozik kliensekkel az \u00e1ltala 1999-ben alap\u00edtott mag\u00e1nklinik\u00e1n. Itt egy \u00faj pszichoter\u00e1pi\u00e1s megk\u00f6zel\u00edt\u00e9st dolgoztak ki, transzperszon\u00e1lis pszichodr\u00e1ma (TP) n\u00e9ven.\u00a0 Ezen k\u00edv\u00fcl dolgozik j\u00f3l-l\u00e9t-, stresszkezel\u00e9s-, \u00f6ngondoskod\u00e1s programokban, foglalkozik nemzetk\u00f6zi vezet\u0151i \u00e9rt\u00e9kel\u00e9ssel, vezet\u0151i coachinggal, vezet\u0151k\u00e9pz\u00e9ssel \u00e9s csapat\u00e9p\u00edt\u00e9ssel. H\u00e1rom k\u00f6nyvet \u00edrt mindfulness \u00e9s a j\u00f3l-l\u00e9t t\u00e9m\u00e1ban, \u00e9s rendszeresen publik\u00e1l cikkeket k\u00fcl\u00f6nb\u00f6z\u0151 pszichoter\u00e1pi\u00e1s \u00e9s szem\u00e9lyis\u00e9gfejleszt\u0151 megk\u00f6zel\u00edt\u00e9sekr\u0151l.<\/span>[\/vc_column_text][\/vc_column_inner][\/vc_row_inner][\/vc_column][\/mk_page_section]\n<\/section>","protected":false},"excerpt":{"rendered":"<p>[mk_page_section][vc_column][mk_fancy_title tag_name=&#8221;h2&#8243; size=&#8221;40&#8243; line_height=&#8221;50&#8243; font_family=&#8221;Oswald&#8221; font_type=&#8221;google&#8221; margin_bottom=&#8221;0&#8243;] AZ EL\u0150TT\u00dcNK \u00c1LL\u00d3 \u00daT ELK\u00c9PZEL\u00c9SE &#8211; A T\u00d6BBLETVAL\u00d3S\u00c1G ALKALMAZ\u00c1SAI A SZOCIODR\u00c1M\u00c1BAN EGY GY\u00d3GYULT \u00c9S EGYES\u00dcLT GLOB\u00c1LIS K\u00d6Z\u00d6SS\u00c9G\u00c9RT (A workshop nyelve angol, magyar nyelv\u0171 tolm\u00e1csol\u00e1ssal) EL\u0150AD\u00d3K: DANIELA SIMMONS &#8211; BOJANA GLUSAC DRASLA [\/mk_fancy_title][vc_row_inner][vc_column_inner width=&#8221;1\/6&#8243;][mk_image_box title=&#8221;Sociodrama and power&#8221; src=&#8221;https:\/\/8thsociodramaconference.com\/wp-content\/uploads\/2024\/02\/Different-Social-Groups-\u2013-the-Strengths-of-Communities-2.png&#8221; media_width=&#8221;421&#8243; media_height=&#8221;294&#8243; crop=&#8221;false&#8221; image_link=&#8221;url&#8221; url=&#8221;https:\/\/8thsociodramaconference.com\/topic-different-social-groups\/&#8221; target=&#8221;_blank&#8221; align=&#8221;center&#8221; rounded_corner=&#8221;true&#8221;][\/mk_image_box][\/vc_column_inner][vc_column_inner width=&#8221;2\/3&#8243;][vc_column_text responsive_align=&#8221;left&#8221;] ID\u0150PONT: [&hellip;]<\/p>\n","protected":false},"author":4,"featured_media":0,"parent":0,"menu_order":0,"comment_status":"closed","ping_status":"closed","template":"","meta":{"footnotes":""},"class_list":["post-6345","page","type-page","status-publish","hentry"],"_links":{"self":[{"href":"https:\/\/8thsociodramaconference.com\/hu\/wp-json\/wp\/v2\/pages\/6345","targetHints":{"allow":["GET"]}}],"collection":[{"href":"https:\/\/8thsociodramaconference.com\/hu\/wp-json\/wp\/v2\/pages"}],"about":[{"href":"https:\/\/8thsociodramaconference.com\/hu\/wp-json\/wp\/v2\/types\/page"}],"author":[{"embeddable":true,"href":"https:\/\/8thsociodramaconference.com\/hu\/wp-json\/wp\/v2\/users\/4"}],"replies":[{"embeddable":true,"href":"https:\/\/8thsociodramaconference.com\/hu\/wp-json\/wp\/v2\/comments?post=6345"}],"version-history":[{"count":9,"href":"https:\/\/8thsociodramaconference.com\/hu\/wp-json\/wp\/v2\/pages\/6345\/revisions"}],"predecessor-version":[{"id":7874,"href":"https:\/\/8thsociodramaconference.com\/hu\/wp-json\/wp\/v2\/pages\/6345\/revisions\/7874"}],"wp:attachment":[{"href":"https:\/\/8thsociodramaconference.com\/hu\/wp-json\/wp\/v2\/media?parent=6345"}],"curies":[{"name":"wp","href":"https:\/\/api.w.org\/{rel}","templated":true}]}}