{"id":6341,"date":"2024-02-18T16:13:49","date_gmt":"2024-02-18T15:13:49","guid":{"rendered":"https:\/\/8thsociodramaconference.com\/program-katalin-hegyes\/"},"modified":"2024-06-18T05:44:27","modified_gmt":"2024-06-18T03:44:27","slug":"program-katalin-hegyes","status":"publish","type":"page","link":"https:\/\/8thsociodramaconference.com\/hu\/program-katalin-hegyes\/","title":{"rendered":"Program Katalin Hegyes"},"content":{"rendered":"<section class=\"wpb-content-wrapper\">[mk_page_section][vc_column][mk_fancy_title tag_name=&#8221;h2&#8243; size=&#8221;40&#8243; line_height=&#8221;50&#8243; font_family=&#8221;Oswald&#8221; font_type=&#8221;google&#8221; margin_bottom=&#8221;0&#8243;]\n<h3 style=\"text-align: center;\"><b>KEREKASZTALBESZ\u00c9LGET\u00c9S A SZOCIODR\u00c1MA LEHET\u0150S\u00c9GEIR\u0150L A K\u00d6RNYEZETTUDATOS SZEML\u00c9LET JEGY\u00c9BE<br \/>\n<\/b><\/h3>\n<h5 style=\"text-align: center;\"><em>(A workshop nyelve angol \u00e9s magyar, tolm\u00e1csol\u00e1ssal)<\/em><\/h5>\n<h5 style=\"text-align: center;\"><span style=\"color: #800000;\"><strong>EL\u0150AD\u00d3K:<\/strong><b> HEGYES KATALIN &#8211; MOLNOS ZSELYKE<\/b><\/span><\/h5>\n[\/mk_fancy_title][vc_row_inner][vc_column_inner width=&#8221;1\/6&#8243;][mk_image_box title=&#8221;Sociodrama and power&#8221; src=&#8221;https:\/\/8thsociodramaconference.com\/wp-content\/uploads\/2024\/02\/Ecology-2.png&#8221; media_width=&#8221;421&#8243; media_height=&#8221;294&#8243; crop=&#8221;false&#8221; image_link=&#8221;url&#8221; url=&#8221;https:\/\/8thsociodramaconference.com\/topic-sociodrama-ecology\/&#8221; target=&#8221;_blank&#8221; align=&#8221;center&#8221; rounded_corner=&#8221;true&#8221;][\/mk_image_box][\/vc_column_inner][vc_column_inner width=&#8221;2\/3&#8243;][vc_column_text responsive_align=&#8221;left&#8221;]\n<h5 style=\"text-align: left;\"><b>ID\u0150PONT<\/b><strong>: <\/strong>j\u00fanius 27. cs\u00fct\u00f6rt\u00f6k, 9:30-10:45<br \/>\n<strong>T\u00c9MA: <\/strong>Szociodr\u00e1ma \u00e9s \u00f6kol\u00f3gia \u2013 k\u00f6rnyezeti k\u00e9rd\u00e9sek, kapcsol\u00f3d\u00e1sok az \u00e9l\u0151vil\u00e1gban, az ember \u00e9s a term\u00e9szeti k\u00f6rnyezet viszonya<br \/>\n<strong>PROGRAM T\u00cdPUSA: <\/strong>kerekasztal<br \/>\n<strong>TEREM:<\/strong><br \/>\n<strong>R\u00c9SZTVEV\u0150K SZ\u00c1MA: <\/strong>40<br \/>\n<strong>NYELV:<\/strong> Angol \u00e9s magyar, tolm\u00e1csol\u00e1ssal<br \/>\n<strong>C\u00cdMKE: <\/strong><a href=\"https:\/\/8thsociodramaconference.com\/hu\/topic-sociodrama-ecology\/\" target=\"_blank\" rel=\"noopener\">Szociodr\u00e1ma \u00e9s \u00f6kol\u00f3gia,<\/a> <a href=\"https:\/\/8thsociodramaconference.com\/hu\/workshops-jun27-morning\/\" target=\"_blank\" rel=\"noopener\">Programok j\u00fanius 27-\u00e9n d\u00e9lel\u0151tt<\/a><\/h5>\n[\/vc_column_text][\/vc_column_inner][vc_column_inner width=&#8221;1\/6&#8243;][\/vc_column_inner][\/vc_row_inner][\/vc_column][\/mk_page_section][mk_page_section padding=&#8221;0&#8243;][vc_column][vc_column_text responsive_align=&#8221;left&#8221;]\n<h5 style=\"text-align: center;\"><b>ABSZTRAKT:<\/b><\/h5>\n[\/vc_column_text][vc_column_text responsive_align=&#8221;left&#8221;]<span style=\"font-weight: 400;\">Egyre forr\u00f3bb nyarak, h\u00f3 n\u00e9lk\u00fcli telek, v\u00edzkorl\u00e1toz\u00e1s \u2013 a kl\u00edmav\u00e1ls\u00e1g jelei egyre egy\u00e9rtelm\u0171bben megjelennek mindennapjainkban. Mik\u00e9pp tudja a szociodr\u00e1ma a k\u00f6rnyezettudatos szeml\u00e9let elterjed\u00e9s\u00e9t szolg\u00e1lni, hogy bel\u00e1ssuk, hogy v\u00e1ltoztatnunk kell \u00e9letm\u00f3dunkon a j\u00f6v\u0151nk \u00e9rdek\u00e9ben?\u00a0<\/span><\/p>\n<p>A kerekasztal r\u00e9sztvev\u0151i olyan k\u00fclf\u00f6ldi vagy magyar vezet\u0151k, akik \u00f6kol\u00f3giai t\u00e9m\u00e1k kapcs\u00e1n m\u00e1r dolgoztak workshopokon vagy hosszabb ideig csoportokkal: Marjut Partanen-Hertell (Finnorsz\u00e1g), Fazakas Enik\u0151 (Rom\u00e1nia), Mih\u00f3k Barbara \u00e9s Don\u00e1th Attila (Magyarorsz\u00e1g).<\/p>\n<p><span style=\"font-weight: 400;\">A kerekasztalbesz\u00e9lget\u00e9s c\u00e9lja, hogy a vezet\u0151knek alkalmat adjon arra, hogy megossz\u00e1k tapasztalataikat, bemutatva eddigi munk\u00e1ikat. \u00c9rdekes lehet az al\u00e1bbiakr\u00f3l besz\u00e9lni:<\/span><\/p>\n<ul>\n<li style=\"font-weight: 400;\" aria-level=\"1\"><span style=\"font-weight: 400;\">Hogyan tudn\u00e1nk e t\u00e9m\u00e1kkal foglalkozni an\u00e9lk\u00fcl, hogy f\u00e9lelmet, szorong\u00e1st kelten\u00e9nk vagy a katasztr\u00f3fak\u00e9peket er\u0151s\u00edten\u00e9nk?<\/span><\/li>\n<li style=\"font-weight: 400;\" aria-level=\"1\"><span style=\"font-weight: 400;\">A szociodr\u00e1ma szolg\u00e1lhat egy adott k\u00f6z\u00f6ss\u00e9gben arra is, hogy k\u00f6z\u00f6sen kital\u00e1lj\u00e1k, mit tehetnek k\u00f6zvetlen k\u00f6rnyezet\u00fck\u00e9rt. Hogyan tud a szociodr\u00e1ma hozz\u00e1j\u00e1rulni, hogy k\u00f6z\u00f6ss\u00e9gi megold\u00e1sokat tal\u00e1ljunk ezen a ter\u00fcleten?<\/span><\/li>\n<li style=\"font-weight: 400;\" aria-level=\"1\"><span style=\"font-weight: 400;\">A sz\u00fcks\u00e9ges v\u00e1ltoz\u00e1sok \u00e9rdek\u00e9ben nem el\u00e9g az egy\u00e9ni \u00e9letm\u00f3d v\u00e1ltoztat\u00e1s, hanem gazdas\u00e1gi, politikai \u00e9s t\u00e1rsadalmi v\u00e1ltoztat\u00e1sok kellenek. Mik\u00e9pp tudunk ezzel szociodramatikusan dolgozni?\u00a0<\/span><\/li>\n<\/ul>\n<p><span style=\"font-weight: 400;\">A r\u00e9sztvev\u0151k megismerhetnek k\u00fcl\u00f6nf\u00e9le lehet\u0151s\u00e9geket, \u201ej\u00f3 gyakorlatokat\u201d arra vonatkoz\u00f3an, mik\u00e9pp tudn\u00e1 a szociodr\u00e1ma az \u00f6kol\u00f3giai szeml\u00e9letform\u00e1l\u00e1st, tudatos magatart\u00e1st szolg\u00e1lni \u2013 egy\u00e9ni, kisk\u00f6z\u00f6ss\u00e9gi vagy t\u00e1rsadalmi szinten. <\/span>[\/vc_column_text][mk_padding_divider size=&#8221;30&#8243;][vc_column_text responsive_align=&#8221;left&#8221;]\n<h5 style=\"text-align: center;\"><b>AZ EL\u0150AD\u00d3KR\u00d3L:<\/b><\/h5>\n[\/vc_column_text][vc_row_inner][vc_column_inner width=&#8221;1\/4&#8243;][mk_image src=&#8221;https:\/\/8thsociodramaconference.com\/wp-content\/uploads\/2024\/02\/Hegyes-Kata.png&#8221; image_width=&#8221;402&#8243; image_height=&#8221;275&#8243; crop=&#8221;false&#8221; hover=&#8221;false&#8221;][\/vc_column_inner][vc_column_inner width=&#8221;3\/4&#8243;][vc_column_text responsive_align=&#8221;left&#8221;]<span style=\"font-weight: 400;\">Hegyes Katalin tr\u00e9ner, kommunik\u00e1ci\u00f3s szakember \u00e9s pszichodr\u00e1ma vezet\u0151, szoci\u00e1lis int\u00e9zm\u00e9nyekben \u00e9s f\u0151k\u00e9pp iskolai oszt\u00e1lyokban dolgozik a szociodr\u00e1ma m\u00f3dszer\u00e9vel. Tan\u00edtott N\u00e9metorsz\u00e1gban menek\u00fclteket, itthon t\u00f6bb szakmai csoport \u00e9s a k\u00f6rnyezettudatos szeml\u00e9let terjeszt\u00e9s\u00e9\u00e9rt akt\u00edv Hegyvid\u00e9ki Z\u00f6ld K\u00f6r tagja is, hisz a soksz\u00edn\u0171s\u00e9g, elfogad\u00e1s erej\u00e9ben.<br \/>\nA &#8222;Ki a szabadba&#8221; c\u00edm\u0171 k\u00f6nyv szerz\u0151je.\u00a0<\/span>[\/vc_column_text][\/vc_column_inner][\/vc_row_inner][vc_row_inner][vc_column_inner width=&#8221;1\/4&#8243;][mk_image src=&#8221;https:\/\/8thsociodramaconference.com\/wp-content\/uploads\/2024\/02\/Molnos-Zselyke.png&#8221; image_width=&#8221;402&#8243; image_height=&#8221;275&#8243; crop=&#8221;false&#8221; hover=&#8221;false&#8221;][\/vc_column_inner][vc_column_inner width=&#8221;3\/4&#8243;][vc_column_text responsive_align=&#8221;left&#8221;]<span style=\"font-weight: 400;\">Molnos Zselyke: Biol\u00f3gusk\u00e9nt \u00e9s pszichol\u00f3gusk\u00e9nt egy \u00e9vtizede dolgozik az \u00f6kopszichol\u00f3gia ter\u00fclet\u00e9n. Az \u00d6kopszichol\u00f3giai Int\u00e9zetben v\u00e9gzett munk\u00e1ja, a Term\u00e9szetkapcsolat-facilit\u00e1tor k\u00e9pz\u00e9sei, k\u00f6nyvei (\u00d6kopszichol\u00f3gia-alapk\u00f6nyv, Mindennapi \u00f6kopszichol\u00f3gia), el\u0151ad\u00e1sai \u00e9s r\u00e9szv\u00e9teli term\u00e9szets\u00e9t\u00e1i egyar\u00e1nt a term\u00e9szet t\u00f6bbi r\u00e9sz\u00e9vel val\u00f3 viszonyunkban sz\u00fcks\u00e9ges paradigmav\u00e1lt\u00e1st helyezik f\u00f3kuszba. Jelenleg az ELTE Pszichol\u00f3giai Doktori Iskola Ember-K\u00f6rnyezet Tranzakci\u00f3 programj\u00e1nak hallgat\u00f3ja, kutat\u00e1sa t\u00e9m\u00e1ja a term\u00e9szetkapcsolat \u00e9s term\u00e9szet\u00e9szlel\u00e9s.<\/span>[\/vc_column_text][\/vc_column_inner][\/vc_row_inner][\/vc_column][\/mk_page_section]\n<\/section>","protected":false},"excerpt":{"rendered":"<p>[mk_page_section][vc_column][mk_fancy_title tag_name=&#8221;h2&#8243; size=&#8221;40&#8243; line_height=&#8221;50&#8243; font_family=&#8221;Oswald&#8221; font_type=&#8221;google&#8221; margin_bottom=&#8221;0&#8243;] KEREKASZTALBESZ\u00c9LGET\u00c9S A SZOCIODR\u00c1MA LEHET\u0150S\u00c9GEIR\u0150L A K\u00d6RNYEZETTUDATOS SZEML\u00c9LET JEGY\u00c9BE (A workshop nyelve angol \u00e9s magyar, tolm\u00e1csol\u00e1ssal) EL\u0150AD\u00d3K: HEGYES KATALIN &#8211; MOLNOS ZSELYKE [\/mk_fancy_title][vc_row_inner][vc_column_inner width=&#8221;1\/6&#8243;][mk_image_box title=&#8221;Sociodrama and power&#8221; src=&#8221;https:\/\/8thsociodramaconference.com\/wp-content\/uploads\/2024\/02\/Ecology-2.png&#8221; media_width=&#8221;421&#8243; media_height=&#8221;294&#8243; crop=&#8221;false&#8221; image_link=&#8221;url&#8221; url=&#8221;https:\/\/8thsociodramaconference.com\/topic-sociodrama-ecology\/&#8221; target=&#8221;_blank&#8221; align=&#8221;center&#8221; rounded_corner=&#8221;true&#8221;][\/mk_image_box][\/vc_column_inner][vc_column_inner width=&#8221;2\/3&#8243;][vc_column_text responsive_align=&#8221;left&#8221;] ID\u0150PONT: j\u00fanius 27. cs\u00fct\u00f6rt\u00f6k, 9:30-10:45 T\u00c9MA: Szociodr\u00e1ma \u00e9s \u00f6kol\u00f3gia \u2013 k\u00f6rnyezeti [&hellip;]<\/p>\n","protected":false},"author":4,"featured_media":0,"parent":0,"menu_order":0,"comment_status":"closed","ping_status":"closed","template":"","meta":{"footnotes":""},"class_list":["post-6341","page","type-page","status-publish","hentry"],"_links":{"self":[{"href":"https:\/\/8thsociodramaconference.com\/hu\/wp-json\/wp\/v2\/pages\/6341","targetHints":{"allow":["GET"]}}],"collection":[{"href":"https:\/\/8thsociodramaconference.com\/hu\/wp-json\/wp\/v2\/pages"}],"about":[{"href":"https:\/\/8thsociodramaconference.com\/hu\/wp-json\/wp\/v2\/types\/page"}],"author":[{"embeddable":true,"href":"https:\/\/8thsociodramaconference.com\/hu\/wp-json\/wp\/v2\/users\/4"}],"replies":[{"embeddable":true,"href":"https:\/\/8thsociodramaconference.com\/hu\/wp-json\/wp\/v2\/comments?post=6341"}],"version-history":[{"count":12,"href":"https:\/\/8thsociodramaconference.com\/hu\/wp-json\/wp\/v2\/pages\/6341\/revisions"}],"predecessor-version":[{"id":8356,"href":"https:\/\/8thsociodramaconference.com\/hu\/wp-json\/wp\/v2\/pages\/6341\/revisions\/8356"}],"wp:attachment":[{"href":"https:\/\/8thsociodramaconference.com\/hu\/wp-json\/wp\/v2\/media?parent=6341"}],"curies":[{"name":"wp","href":"https:\/\/api.w.org\/{rel}","templated":true}]}}