{"id":6335,"date":"2024-02-18T16:58:01","date_gmt":"2024-02-18T15:58:01","guid":{"rendered":"https:\/\/8thsociodramaconference.com\/program-attila-donath-andrea-kaloczkai\/"},"modified":"2024-05-27T09:13:16","modified_gmt":"2024-05-27T07:13:16","slug":"program-attila-donath-andrea-kaloczkai","status":"publish","type":"page","link":"https:\/\/8thsociodramaconference.com\/hu\/program-attila-donath-andrea-kaloczkai\/","title":{"rendered":"Program Attila Don\u00e1th &#8211; Andrea Kal\u00f3czkai"},"content":{"rendered":"<section class=\"wpb-content-wrapper\">[mk_page_section][vc_column][mk_fancy_title tag_name=&#8221;h2&#8243; size=&#8221;40&#8243; line_height=&#8221;50&#8243; font_family=&#8221;Oswald&#8221; font_type=&#8221;google&#8221; margin_bottom=&#8221;0&#8243;]\n<h3 style=\"text-align: center;\"><b>\u00d6KOPSZICHOL\u00d3GIAI \u00d6SSZEF\u00dcGG\u00c9SEK MEGJELEN\u00c9SE A MES\u00c9KBEN &#8211;<br \/>\nMIT \u00dcZEN AZ ERD\u0150-MEZ\u0150?<\/b><\/h3>\n<h5 style=\"text-align: center;\"><em>(A workshop nyelve magyar, angol nyelv\u0171 tolm\u00e1csol\u00e1ssal)<\/em><\/h5>\n<h5 style=\"text-align: center;\"><span style=\"color: #800000;\"><b>EL\u0150AD\u00d3K: DON\u00c1TH ATTILA &#8211; DR. KAL\u00d3CZKAI ANDREA<\/b><\/span><\/h5>\n[\/mk_fancy_title][vc_row_inner][vc_column_inner width=&#8221;1\/6&#8243;][mk_image_box title=&#8221;Sociodrama and power&#8221; src=&#8221;https:\/\/8thsociodramaconference.com\/wp-content\/uploads\/2024\/02\/Ecology-2.png&#8221; media_width=&#8221;421&#8243; media_height=&#8221;294&#8243; crop=&#8221;false&#8221; image_link=&#8221;url&#8221; url=&#8221;https:\/\/8thsociodramaconference.com\/topic-sociodrama-ecology\/&#8221; target=&#8221;_blank&#8221; align=&#8221;center&#8221; rounded_corner=&#8221;true&#8221;][\/mk_image_box][\/vc_column_inner][vc_column_inner width=&#8221;2\/3&#8243;][vc_column_text responsive_align=&#8221;left&#8221;]\n<h5 style=\"text-align: left;\"><b>ID\u0150PONT<\/b><strong>: <\/strong>j\u00fanius 29. szombat, 10:00-12:30<br \/>\n<strong>T\u00c9MA: Szociodr\u00e1ma \u00e9s \u00f6kol\u00f3gia \u2013 k\u00f6rnyezeti k\u00e9rd\u00e9sek, kapcsol\u00f3d\u00e1sok az \u00e9l\u0151vil\u00e1gban, az ember \u00e9s a term\u00e9szeti k\u00f6rnyezet viszonya<\/strong><br \/>\n<strong>PROGRAM T\u00cdPUSA: w<\/strong>orkshop<br \/>\n<strong>TEREM:<\/strong><br \/>\n<strong>R\u00c9SZTVEV\u0150K SZ\u00c1MA: <\/strong>16<br \/>\n<strong>NYELV:<\/strong> Magyar, angol nyelv\u0171 tolm\u00e1csol\u00e1ssal<br \/>\n<strong>C\u00cdMKE: <\/strong><a href=\"https:\/\/8thsociodramaconference.com\/hu\/topic-sociodrama-ecology\/\" target=\"_blank\" rel=\"noopener\">Szociodr\u00e1ma \u00e9s \u00f6kol\u00f3gia<\/a>, <a href=\"https:\/\/8thsociodramaconference.com\/hu\/workshops-jun29-morning\/\" target=\"_blank\" rel=\"noopener\">Programok j\u00fanius 29-\u00e9n d\u00e9lel\u0151tt<\/a><\/h5>\n[\/vc_column_text][\/vc_column_inner][vc_column_inner width=&#8221;1\/6&#8243;][\/vc_column_inner][\/vc_row_inner][\/vc_column][\/mk_page_section][mk_page_section padding=&#8221;0&#8243;][vc_column][vc_column_text responsive_align=&#8221;left&#8221;]\n<h5 style=\"text-align: center;\"><b>ABSZTRAKT:<\/b><\/h5>\n[\/vc_column_text][vc_column_text responsive_align=&#8221;left&#8221;]<span style=\"font-weight: 400;\">A workshopon a szociodr\u00e1ma m\u00f3dszer\u00e9vel dolgozzuk fel a mes\u00e9kben megjelen\u0151 archetipikus \u00fczeneteket, melyek szinergi\u00e1t mutatnak \u00f6kopszichol\u00f3giai \u00f6sszef\u00fcgg\u00e9sekkel.<\/span><\/p>\n<p><span style=\"font-weight: 400;\">Ezen alkalommal A b\u00f6l\u00e9nyl\u00e1ny \u00e9s bar\u00e1tja a varj\u00fa c\u00edm\u0171 indi\u00e1n mes\u00e9vel dolgozunk (William Camus: T\u0171zmadarak \u2013 mesegy\u0171jtem\u00e9ny). Az itt alkalmazott technika a J.L. Moreno-f\u00e9le szociodramatikus \u00e9s a J.Fox \u00e1ltal f\u00e9mjelzett playback- sz\u00ednh\u00e1zi eszk\u00f6z\u00f6ket is haszn\u00e1lja. A mese \u00e9rtelmez\u00e9s-elm\u00e9let\u00e9t az Antalfai M\u00e1rta \u00e1ltal megalkotott Kincskeres\u0151 Meseter\u00e1pi\u00e1s m\u00f3dszer adja, mely er\u0151sen C.G. Jung analitikus elm\u00e9let\u00e9n alapszik. Ez a m\u00f3dszer egyesiti mag\u00e1ban a pszichodr\u00e1ma \u00e9s a jungi analitikus alapokra \u00e9p\u00fcl\u0151 meseter\u00e1pia elemeit.<\/span><\/p>\n<p><span style=\"font-weight: 400;\">A workshopon saj\u00e1t lelki folyamatainkkal is dolgozunk, \u00e9s mik\u00f6zben a kiv\u00e1lasztott mese sz\u00f6vet\u00e9t haszn\u00e1ljuk alapt\u00f6rt\u00e9netnek, a mes\u00e9ben megjelen\u0151, kiemelt interpszich\u00e9s konfliktusok, kr\u00edzisek ker\u00fclnek elj\u00e1tsz\u00e1sra. A kiemel\u00e9s a mes\u00e9kben szimbolikusan megjelen\u0151 term\u00e9szetk\u00f6zeli helysz\u00ednekkel, szerepl\u0151kkel, \u00e9s ezek emberre &#8211; a mese h\u0151s\u00e9re, illetve a meseh\u0151s emberi kapcsol\u00f3d\u00e1saira &#8211; gyakorolt hat\u00e1s\u00e1val foglalkozik.<\/span><\/p>\n<p><span style=\"font-weight: 400;\">Az elj\u00e1tsz\u00e1s folyam\u00e1n fontos t\u00e1rgyakat, figur\u00e1kat szem\u00e9lyesitj\u00fcnk meg, \u00e9s \u00edgy j\u00e1tsszuk el a szitu\u00e1ci\u00f3t. A szerepv\u00e1laszt\u00e1s egy\u00e9ni, a j\u00e1t\u00e9k elej\u00e9n szerepfelv\u00e9tel, helysz\u00edn\u00e9p\u00edt\u00e9s, a j\u00e1t\u00e9k ut\u00e1n feldolgoz\u00e1s, visszajelz\u00e9s zajlik. A lej\u00e1tsz\u00e1s sor\u00e1n \u00f6sszes \u00e9rz\u00e9kszerv\u00fcnkkel dolgozunk. Ennek alapj\u00e1n olyan, eddig nem ismert r\u00e9szleteket tudunk meg magunkr\u00f3l \u00e9s kapcsol\u00f3d\u00e1sainkr\u00f3l, melyek segithetnek probl\u00e9m\u00e1ink felismer\u00e9s\u00e9ben. A mes\u00e9k k\u00fcl\u00f6nleges alapt\u00e9m\u00e1kat rejtenek, \u0151si szimb\u00f3lumok, archet\u00edpusok, alapkonfliktus-mint\u00e1k jelennek meg benn\u00fck, melyek r\u00e9v\u00e9n az egy\u00e9ni tudattalanon t\u00falmutat\u00f3, kollekt\u00edv tudattalanb\u00f3l is energi\u00e1kat kaphatunk.<\/span><\/p>\n<p><span style=\"font-weight: 400;\">Jelen mese alapj\u00e1n az egy\u00fctt\u00e9l\u00e9s term\u00e9szet \u00e1ltal meghat\u00e1rozott vonatkoz\u00e1saira, a csoporthoz val\u00f3 tartoz\u00e1s, illetve a term\u00e9szet sz\u00fcks\u00e9ges \u00e9s el\u00e9gs\u00e9ges haszn\u00e1lat\u00e1nak k\u00e9rd\u00e9seire l\u00e1tunk r\u00e1.<\/span><\/p>\n<p><span style=\"font-weight: 400;\">K\u00e9t jelenetet emel\u00fcnk ki: Az egyikben a term\u00e9szetben feln\u0151tt h\u0151sn\u0151 csoportba val\u00f3 visszat\u00e9r\u00e9s\u00e9nek neh\u00e9zs\u00e9geit vizsg\u00e1ljuk. A m\u00e1sikban a term\u00e9szet \u00f6r\u00f6k adakoz\u00e1s\u00e1ra t\u00f6rt\u00e9n\u0151 k\u00e9tf\u00e9le emberi reakci\u00f3 jelenik meg: az egyik, ahol a kapzsis\u00e1g \u00e9s telhetetlens\u00e9g az \u00far, \u00e9s a m\u00e1sik, ahol a sz\u00fcks\u00e9g \u00e9s m\u00e9rt\u00e9kletess\u00e9g a meghat\u00e1roz\u00f3.<\/span><\/p>\n<p><span style=\"font-weight: 400;\">A k\u00e9t p\u00e9lda alapj\u00e1n r\u00e1l\u00e1thatunk arra a mes\u00e9kben alapvet\u00e9sk\u00e9nt mutatkoz\u00f3 elemre, hogy az emberi v\u00e1ltoz\u00e1sok a term\u00e9szettel val\u00f3 szoros kapcsol\u00f3d\u00e1sban, mintegy lenyomatk\u00e9nt mutatkoznak meg, ezzel szimbolikusan \u00e9s t\u00e9nyszer\u0171en is bizonyitva, hogy ember \u00e9s term\u00e9szet elv\u00e1laszthatatlan, sorsuk egym\u00e1s f\u00fcggv\u00e9nye.<\/span>[\/vc_column_text][mk_padding_divider size=&#8221;30&#8243;][vc_column_text responsive_align=&#8221;left&#8221;]\n<h5 style=\"text-align: center;\"><b>AZ EL\u0150AD\u00d3KR\u00d3L:<\/b><\/h5>\n[\/vc_column_text][vc_row_inner][vc_column_inner width=&#8221;1\/4&#8243;][mk_image src=&#8221;https:\/\/8thsociodramaconference.com\/wp-content\/uploads\/2024\/02\/Donath-Attila1.png&#8221; image_width=&#8221;402&#8243; image_height=&#8221;275&#8243; crop=&#8221;false&#8221; hover=&#8221;false&#8221;][\/vc_column_inner][vc_column_inner width=&#8221;3\/4&#8243;][vc_column_text responsive_align=&#8221;left&#8221;]<span style=\"font-weight: 400;\">Don\u00e1th Attila: a pszichodr\u00e1ma k\u00e9pz\u00e9s\u00e9t a &#8217;90-es \u00e9vek elej\u00e9n v\u00e9gezte. T\u00f6bb mint harminc \u00e9ve dolgozik tan\u00e1csad\u00f3k\u00e9nt, szervezetfejleszt\u0151k\u00e9nt, tr\u00e9nerk\u00e9nt, szuperv\u00edzork\u00e9nt, coachk\u00e9nt \u00e9s k\u00f6z\u00f6ss\u00e9gi szoci\u00e1lis munk\u00e1sk\u00e9nt. Munk\u00e1j\u00e1ban integr\u00e1lja a szociodr\u00e1m\u00e1t mint m\u00f3dszert, amelyet sz\u00e9les k\u00f6rben alkalmaz k\u00fcl\u00f6nb\u00f6z\u0151 ter\u00fcleteken.<\/span>[\/vc_column_text][\/vc_column_inner][\/vc_row_inner][vc_row_inner][vc_column_inner width=&#8221;1\/4&#8243;][mk_image src=&#8221;https:\/\/8thsociodramaconference.com\/wp-content\/uploads\/2024\/02\/Kaloczkai-Andrea.png&#8221; image_width=&#8221;402&#8243; image_height=&#8221;275&#8243; crop=&#8221;false&#8221; hover=&#8221;false&#8221;][\/vc_column_inner][vc_column_inner width=&#8221;3\/4&#8243;][vc_column_text responsive_align=&#8221;left&#8221;]<span style=\"font-weight: 400;\">Dr. Kal\u00f3czkai Andrea: ideggy\u00f3gy\u00e1szk\u00e9nt m\u00e1r p\u00e1lyafut\u00e1sa elej\u00e9n \u00e9rdekl\u0151d\u00f6tt a betegek pszich\u00e9s m\u0171k\u00f6d\u00e9se, a pszich\u00e9 szervezetre gyakorolt \u200b\u200bhat\u00e1sa ir\u00e1nt. Pszichodr\u00e1ma pszichoterapeuta v\u00e9gzetts\u00e9get szerzett, pszichodr\u00e1ma csoportokat vezetett epilepszi\u00e1s betegeknek. Analitikusan orient\u00e1lt egy\u00e9ni ter\u00e1pi\u00e1kat folytat monodramatikus elemekkel. K\u00f6zel 20 \u00e9vvel ezel\u0151tt kezdett el \u00e9rdekl\u0151dni a mes\u00e9k \u00e9s a jungi elveken alapul\u00f3 narrat\u00edv ter\u00e1pia ir\u00e1nt. Az\u00f3ta k\u00e9pz\u0151k\u00e9nt \u00e9s \u00f6nismereti csoportok facilit\u00e1torak\u00e9nt dolgozik ezen a ter\u00fcleten.<\/span>[\/vc_column_text][\/vc_column_inner][\/vc_row_inner][\/vc_column][\/mk_page_section]\n<\/section>","protected":false},"excerpt":{"rendered":"<p>[mk_page_section][vc_column][mk_fancy_title tag_name=&#8221;h2&#8243; size=&#8221;40&#8243; line_height=&#8221;50&#8243; font_family=&#8221;Oswald&#8221; font_type=&#8221;google&#8221; margin_bottom=&#8221;0&#8243;] \u00d6KOPSZICHOL\u00d3GIAI \u00d6SSZEF\u00dcGG\u00c9SEK MEGJELEN\u00c9SE A MES\u00c9KBEN &#8211; MIT \u00dcZEN AZ ERD\u0150-MEZ\u0150? (A workshop nyelve magyar, angol nyelv\u0171 tolm\u00e1csol\u00e1ssal) EL\u0150AD\u00d3K: DON\u00c1TH ATTILA &#8211; DR. KAL\u00d3CZKAI ANDREA [\/mk_fancy_title][vc_row_inner][vc_column_inner width=&#8221;1\/6&#8243;][mk_image_box title=&#8221;Sociodrama and power&#8221; src=&#8221;https:\/\/8thsociodramaconference.com\/wp-content\/uploads\/2024\/02\/Ecology-2.png&#8221; media_width=&#8221;421&#8243; media_height=&#8221;294&#8243; crop=&#8221;false&#8221; image_link=&#8221;url&#8221; url=&#8221;https:\/\/8thsociodramaconference.com\/topic-sociodrama-ecology\/&#8221; target=&#8221;_blank&#8221; align=&#8221;center&#8221; rounded_corner=&#8221;true&#8221;][\/mk_image_box][\/vc_column_inner][vc_column_inner width=&#8221;2\/3&#8243;][vc_column_text responsive_align=&#8221;left&#8221;] ID\u0150PONT: j\u00fanius 29. szombat, 10:00-12:30 T\u00c9MA: Szociodr\u00e1ma \u00e9s [&hellip;]<\/p>\n","protected":false},"author":4,"featured_media":0,"parent":0,"menu_order":0,"comment_status":"closed","ping_status":"closed","template":"","meta":{"footnotes":""},"class_list":["post-6335","page","type-page","status-publish","hentry"],"_links":{"self":[{"href":"https:\/\/8thsociodramaconference.com\/hu\/wp-json\/wp\/v2\/pages\/6335","targetHints":{"allow":["GET"]}}],"collection":[{"href":"https:\/\/8thsociodramaconference.com\/hu\/wp-json\/wp\/v2\/pages"}],"about":[{"href":"https:\/\/8thsociodramaconference.com\/hu\/wp-json\/wp\/v2\/types\/page"}],"author":[{"embeddable":true,"href":"https:\/\/8thsociodramaconference.com\/hu\/wp-json\/wp\/v2\/users\/4"}],"replies":[{"embeddable":true,"href":"https:\/\/8thsociodramaconference.com\/hu\/wp-json\/wp\/v2\/comments?post=6335"}],"version-history":[{"count":7,"href":"https:\/\/8thsociodramaconference.com\/hu\/wp-json\/wp\/v2\/pages\/6335\/revisions"}],"predecessor-version":[{"id":7820,"href":"https:\/\/8thsociodramaconference.com\/hu\/wp-json\/wp\/v2\/pages\/6335\/revisions\/7820"}],"wp:attachment":[{"href":"https:\/\/8thsociodramaconference.com\/hu\/wp-json\/wp\/v2\/media?parent=6335"}],"curies":[{"name":"wp","href":"https:\/\/api.w.org\/{rel}","templated":true}]}}