{"id":6066,"date":"2024-02-16T21:50:45","date_gmt":"2024-02-16T20:50:45","guid":{"rendered":"https:\/\/8thsociodramaconference.com\/program-andrea-kocsi-agnes-blasko-krisztina-galgoczi-moni-durst-gyula-goda\/"},"modified":"2024-05-28T19:09:29","modified_gmt":"2024-05-28T17:09:29","slug":"program-andrea-kocsi-agnes-blasko-krisztina-galgoczi-moni-durst-gyula-goda","status":"publish","type":"page","link":"https:\/\/8thsociodramaconference.com\/hu\/program-andrea-kocsi-agnes-blasko-krisztina-galgoczi-moni-durst-gyula-goda\/","title":{"rendered":"Program Andrea Kocsi &#8211; \u00c1gnes Blask\u00f3 &#8211; Krisztina Galg\u00f3czi &#8211; M\u00f3ni Durst &#8211; Gyula Goda"},"content":{"rendered":"<section class=\"wpb-content-wrapper\">[mk_page_section][vc_column][mk_fancy_title tag_name=&#8221;h2&#8243; size=&#8221;40&#8243; line_height=&#8221;50&#8243; font_family=&#8221;Oswald&#8221; font_type=&#8221;google&#8221; margin_bottom=&#8221;0&#8243;]\n<h3 style=\"text-align: center;\"><b>\u00daJ K\u00c9PZ\u00c9S SZ\u00dcLETETT!<br \/>\nSZOCIODR\u00c1MA K\u00c9PZ\u00c9S AZ MPE-BEN, PEDAG\u00d3GUSK\u00c9PZ\u00c9S AKCI\u00d3M\u00d3DSZEREKKEL,<br \/>\nSZOCIODR\u00c1MA A FELS\u0150OKTAT\u00c1SBAN, SZ\u00cdNH\u00c1ZI \u00c9S EGYH\u00c1ZI PROJEKTEKBEN<\/b><\/h3>\n<h5 style=\"text-align: center;\"><em>(A workshop nyelve angol \u00e9s magyar)<\/em><\/h5>\n<h5 style=\"text-align: center;\"><span style=\"color: #800000;\"><strong>EL\u0150AD\u00d3K: <\/strong><b><\/b><\/span><span style=\"color: #800000;\"><b>BLASK\u00d3 \u00c1GNES\u00a0 <\/b><\/span><span style=\"color: #800000;\"><b>&#8211; DURST M\u00d3NI <\/b><\/span><span style=\"color: #800000;\"><b>&#8211; GALG\u00d3CZI KRISZTINA &#8211; GODA GYULA<\/b><\/span><b style=\"color: #800000; font-size: 16px;\">\u00a0&#8211; <\/b><span style=\"color: #800000;\"><b>KOCSI ANDREA<br \/>\n<\/b><\/span><\/h5>\n<h5 style=\"text-align: center;\"><span style=\"color: #800000;\"><b>\u00a0<\/b><\/span><\/h5>\n[\/mk_fancy_title][vc_row_inner][vc_column_inner width=&#8221;1\/6&#8243;][mk_image_box title=&#8221;Sociodrama and power&#8221; src=&#8221;https:\/\/8thsociodramaconference.com\/wp-content\/uploads\/2024\/02\/Creative-Collectives-2.png&#8221; media_width=&#8221;421&#8243; media_height=&#8221;294&#8243; crop=&#8221;false&#8221; image_link=&#8221;url&#8221; url=&#8221;https:\/\/8thsociodramaconference.com\/topic-sociodrama-creative-collectives\/&#8221; target=&#8221;_blank&#8221; align=&#8221;center&#8221; rounded_corner=&#8221;true&#8221;][\/mk_image_box][\/vc_column_inner][vc_column_inner width=&#8221;2\/3&#8243;][vc_column_text responsive_align=&#8221;left&#8221;]\n<h5 style=\"text-align: left;\"><strong>ID\u0150PONT: <\/strong>J\u00fanius 26. szerda, 20:30-22:00<br \/>\n<strong>T\u00c9MA: <\/strong>Alkot\u00f3 szociodr\u00e1ma k\u00f6z\u00f6ss\u00e9gek megteremt\u00e9se \u2013 helyi \u00e9s nemzetk\u00f6zi csoportok \u00e9s h\u00e1l\u00f3zatok<br \/>\n<strong>PROGRAM T\u00cdPUSA: <\/strong>Workshop<br \/>\n<strong>TEREM:<\/strong><br \/>\n<strong>R\u00c9SZTVEV\u0150K SZ\u00c1MA: <\/strong>50<br \/>\n<strong>NYELV:<\/strong> Angol \u00e9s magyar<br \/>\n<strong>C\u00cdMKE: <\/strong><a href=\"https:\/\/8thsociodramaconference.com\/hu\/topic-sociodrama-creative-collectives\/\" target=\"_blank\" rel=\"noopener\">Kreat\u00edv k\u00f6z\u00f6ss\u00e9gek<\/a>, <a href=\"https:\/\/8thsociodramaconference.com\/hu\/programs-jun26-evening\/\" target=\"_blank\" rel=\"noopener\">Programok j\u00fanius 26-\u00e1n este<\/a><\/h5>\n[\/vc_column_text][\/vc_column_inner][vc_column_inner width=&#8221;1\/6&#8243;][\/vc_column_inner][\/vc_row_inner][\/vc_column][\/mk_page_section][mk_page_section padding=&#8221;0&#8243;][vc_column][vc_column_text responsive_align=&#8221;left&#8221;]\n<h5 style=\"text-align: center;\"><b>ABSZTRAKT:<\/b><\/h5>\n[\/vc_column_text][vc_column_text responsive_align=&#8221;left&#8221;]Magyarorsz\u00e1gon 2022-ben elindult az els\u0151 szociodr\u00e1ma k\u00e9pz\u00e9s k\u00e9t p\u00e1rhuzamos csoportban! A k\u00e9pz\u00e9s t\u00f6rekedett arra, hogy integr\u00e1lja az MPE-ben m\u00e1r kor\u00e1bban is jelenl\u00e9v\u0151 szociodr\u00e1ma tapasztalatot \u00e9s a Performers nemzetk\u00f6zi projektb\u0151l sz\u00e1rmaz\u00f3 tud\u00e1st. Ezzel egy\u00fctt meg\u00e9l\u00e9nk\u00fclt a hazai szociodr\u00e1ma \u00e9let is: a kik\u00e9pz\u0151k \u00e9s asszisztensek els\u0151 gener\u00e1ci\u00f3ja a legk\u00fcl\u00f6nb\u00f6z\u0151bb int\u00e9zm\u00e9nyekben, k\u00f6z\u00f6ss\u00e9gekben, form\u00e1lis \u00e9s inform\u00e1lis k\u00f6zegekben kezdtek dolgozni a m\u00f3dszerrel.<\/p>\n<p>F\u0151bb ter\u00fcleteink:<\/p>\n<ul>\n<li>Elind\u00edtottuk a hazai szociodr\u00e1ma k\u00e9pz\u00e9st.<\/li>\n<li>Amb\u00edci\u00f3nk volt, hogy a hazai oktat\u00e1si helyzetben a tan\u00e1rokhoz is eljusson a szociodr\u00e1ma, ez\u00e9rt akkredit\u00e1lt pedag\u00f3gus tov\u00e1bbk\u00e9pz\u00e9st hoztunk l\u00e9tre a Budapesti M\u0171szaki Egyetem \u00e9s a Radn\u00f3ti Sz\u00ednh\u00e1z egy\u00fcttm\u0171k\u00f6d\u00e9s\u00e9ben.<\/li>\n<li>A fels\u0151oktat\u00e1sban a j\u00f6v\u0151 \u00e9rtelmis\u00e9g\u00e9nek szeml\u00e9letform\u00e1l\u00e1s\u00e1\u00e9rt t\u00f6bb, mint 8 \u00e9ve rendszeresen tartunk kurzusokat szociodr\u00e1m\u00e1val. Id\u00e9n emellett a jogi k\u00e9pz\u00e9sbe, illetve az ELTE T\u00e1rsadalomtudom\u00e1nyi Kar egy doktori iskol\u00e1j\u00e1ban mint kutat\u00e1si m\u00f3dszert vezett\u00fck be a szociodr\u00e1m\u00e1t.<\/li>\n<li>Evang\u00e9likus h\u00e1tter\u0171 egyh\u00e1zi csoportokkal egy\u00fcttm\u0171k\u00f6d\u00e9sben kezdem\u00e9nyezt\u00fck az LMBTQ identit\u00e1s \u00e9s a vall\u00e1si k\u00f6z\u00f6ss\u00e9ghez tartoz\u00e1s, valamint az egyh\u00e1zon bel\u00fcli sz\u00f3beli b\u00e1ntalmaz\u00e1s t\u00e9m\u00e1j\u00e1nak feldolgoz\u00e1s\u00e1t szociodr\u00e1m\u00e1val.<\/li>\n<li>K\u00fcl\u00f6nb\u00f6z\u0151 civil csoportokkal k\u00f6z\u00e9leti t\u00e9m\u00e1kat kihangos\u00edt\u00f3 r\u00e9szv\u00e9teli sz\u00ednh\u00e1zi el\u0151ad\u00e1sokat hoztunk l\u00e9tre.<\/li>\n<\/ul>\n<p>A workshopon a jelenl\u00e9v\u0151k ig\u00e9nyei szerint f\u00f3kusz\u00e1lunk az egyes ter\u00fcletekre &#8211; term\u00e9szetesen dramatikus form\u00e1ban.<br \/>\n\u00d6r\u00fcl\u00fcnk minden \u00faj kultur\u00e1lis n\u00e9z\u0151pontnak, \u00e9s v\u00e1rjuk a megterm\u00e9keny\u00edt\u0151 vit\u00e1kat![\/vc_column_text][mk_padding_divider size=&#8221;30&#8243;][vc_column_text responsive_align=&#8221;left&#8221;]\n<h5 style=\"text-align: center;\"><b>AZ EL\u0150AD\u00d3KR\u00d3L:<\/b><\/h5>\n[\/vc_column_text][vc_row_inner][vc_column_inner width=&#8221;1\/4&#8243;][mk_image src=&#8221;https:\/\/8thsociodramaconference.com\/wp-content\/uploads\/2024\/02\/Kocsi_Andi.png&#8221; image_width=&#8221;402&#8243; image_height=&#8221;275&#8243; crop=&#8221;false&#8221; hover=&#8221;false&#8221;][\/vc_column_inner][vc_column_inner width=&#8221;3\/4&#8243;][vc_column_text responsive_align=&#8221;left&#8221;]<span style=\"font-weight: 400;\">Kocsi Andrea pszichodr\u00e1ma vezet\u0151, gyermekpszichodr\u00e1ma asszisztens, kik\u00e9pz\u0151 szociodr\u00e1ma vezet\u0151, monodr\u00e1ma tan\u00e1csad\u00f3.<\/span>[\/vc_column_text][\/vc_column_inner][\/vc_row_inner][vc_row_inner][vc_column_inner width=&#8221;1\/4&#8243;][mk_image src=&#8221;https:\/\/8thsociodramaconference.com\/wp-content\/uploads\/2024\/02\/Agi-Blasko.png&#8221; image_width=&#8221;402&#8243; image_height=&#8221;275&#8243; crop=&#8221;false&#8221; hover=&#8221;false&#8221;][\/vc_column_inner][vc_column_inner width=&#8221;3\/4&#8243;][vc_column_text responsive_align=&#8221;left&#8221;]<span style=\"font-weight: 400;\">Blsk\u00f3 \u00c1gnes pszichodr\u00e1ma vezet\u0151, kik\u00e9pz\u0151 szociodr\u00e1ma vezet\u0151, kutat\u00f3.\u00a0<\/span>[\/vc_column_text][\/vc_column_inner][\/vc_row_inner][vc_row_inner][vc_column_inner width=&#8221;1\/4&#8243;][mk_image src=&#8221;https:\/\/8thsociodramaconference.com\/wp-content\/uploads\/2024\/02\/Krisztina_Galgoczi.png&#8221; image_width=&#8221;402&#8243; image_height=&#8221;275&#8243; crop=&#8221;false&#8221; hover=&#8221;false&#8221;][\/vc_column_inner][vc_column_inner width=&#8221;3\/4&#8243;][vc_column_text responsive_align=&#8221;left&#8221;]<span style=\"font-weight: 400;\">Galg\u00f3czi Krisztina pszichodr\u00e1ma vezet\u0151, kik\u00e9pz\u0151 szociodr\u00e1ma vezet\u0151, transzgener\u00e1ci\u00f3s terapeuta<\/span>[\/vc_column_text][\/vc_column_inner][\/vc_row_inner][vc_row_inner][vc_column_inner width=&#8221;1\/4&#8243;][mk_image src=&#8221;https:\/\/8thsociodramaconference.com\/wp-content\/uploads\/2024\/02\/Moni-Durst.png&#8221; image_width=&#8221;402&#8243; image_height=&#8221;275&#8243; crop=&#8221;false&#8221; hover=&#8221;false&#8221;][\/vc_column_inner][vc_column_inner width=&#8221;3\/4&#8243;][vc_column_text responsive_align=&#8221;left&#8221;]<span style=\"font-weight: 400;\">Durst M\u00f3ni pszichodr\u00e1ma vezet\u0151, kik\u00e9pz\u0151 szociodr\u00e1ma vezet\u0151, sz\u00ednh\u00e1zi nevel\u00e9si szak\u00e9rt\u0151<\/span>[\/vc_column_text][\/vc_column_inner][\/vc_row_inner][vc_row_inner][vc_column_inner width=&#8221;1\/4&#8243;][mk_image src=&#8221;https:\/\/8thsociodramaconference.com\/wp-content\/uploads\/2024\/02\/Goda-Gyula.png&#8221; image_width=&#8221;402&#8243; image_height=&#8221;275&#8243; crop=&#8221;false&#8221; hover=&#8221;false&#8221;][\/vc_column_inner][vc_column_inner width=&#8221;3\/4&#8243;][vc_column_text responsive_align=&#8221;left&#8221;]<span style=\"font-weight: 400;\">Goda Gyula kik\u00e9pz\u0151 pszichodr\u00e1ma \u00e9s szociodr\u00e1ma vezet\u0151 \u00e9s szuperv\u00edzor, pszichol\u00f3gus<\/span>[\/vc_column_text][\/vc_column_inner][\/vc_row_inner][\/vc_column][\/mk_page_section]\n<\/section>","protected":false},"excerpt":{"rendered":"<p>[mk_page_section][vc_column][mk_fancy_title tag_name=&#8221;h2&#8243; size=&#8221;40&#8243; line_height=&#8221;50&#8243; font_family=&#8221;Oswald&#8221; font_type=&#8221;google&#8221; margin_bottom=&#8221;0&#8243;] \u00daJ K\u00c9PZ\u00c9S SZ\u00dcLETETT! SZOCIODR\u00c1MA K\u00c9PZ\u00c9S AZ MPE-BEN, PEDAG\u00d3GUSK\u00c9PZ\u00c9S AKCI\u00d3M\u00d3DSZEREKKEL, SZOCIODR\u00c1MA A FELS\u0150OKTAT\u00c1SBAN, SZ\u00cdNH\u00c1ZI \u00c9S EGYH\u00c1ZI PROJEKTEKBEN (A workshop nyelve angol \u00e9s magyar) EL\u0150AD\u00d3K: BLASK\u00d3 \u00c1GNES\u00a0 &#8211; DURST M\u00d3NI &#8211; GALG\u00d3CZI KRISZTINA &#8211; GODA GYULA\u00a0&#8211; KOCSI ANDREA \u00a0 [\/mk_fancy_title][vc_row_inner][vc_column_inner width=&#8221;1\/6&#8243;][mk_image_box title=&#8221;Sociodrama and power&#8221; src=&#8221;https:\/\/8thsociodramaconference.com\/wp-content\/uploads\/2024\/02\/Creative-Collectives-2.png&#8221; media_width=&#8221;421&#8243; media_height=&#8221;294&#8243; crop=&#8221;false&#8221; image_link=&#8221;url&#8221; url=&#8221;https:\/\/8thsociodramaconference.com\/topic-sociodrama-creative-collectives\/&#8221; [&hellip;]<\/p>\n","protected":false},"author":4,"featured_media":0,"parent":0,"menu_order":0,"comment_status":"closed","ping_status":"closed","template":"","meta":{"footnotes":""},"class_list":["post-6066","page","type-page","status-publish","hentry"],"_links":{"self":[{"href":"https:\/\/8thsociodramaconference.com\/hu\/wp-json\/wp\/v2\/pages\/6066","targetHints":{"allow":["GET"]}}],"collection":[{"href":"https:\/\/8thsociodramaconference.com\/hu\/wp-json\/wp\/v2\/pages"}],"about":[{"href":"https:\/\/8thsociodramaconference.com\/hu\/wp-json\/wp\/v2\/types\/page"}],"author":[{"embeddable":true,"href":"https:\/\/8thsociodramaconference.com\/hu\/wp-json\/wp\/v2\/users\/4"}],"replies":[{"embeddable":true,"href":"https:\/\/8thsociodramaconference.com\/hu\/wp-json\/wp\/v2\/comments?post=6066"}],"version-history":[{"count":15,"href":"https:\/\/8thsociodramaconference.com\/hu\/wp-json\/wp\/v2\/pages\/6066\/revisions"}],"predecessor-version":[{"id":7933,"href":"https:\/\/8thsociodramaconference.com\/hu\/wp-json\/wp\/v2\/pages\/6066\/revisions\/7933"}],"wp:attachment":[{"href":"https:\/\/8thsociodramaconference.com\/hu\/wp-json\/wp\/v2\/media?parent=6066"}],"curies":[{"name":"wp","href":"https:\/\/api.w.org\/{rel}","templated":true}]}}