{"id":6062,"date":"2024-02-15T18:52:38","date_gmt":"2024-02-15T17:52:38","guid":{"rendered":"https:\/\/8thsociodramaconference.com\/program-matyas-hartyandi\/"},"modified":"2024-06-06T08:54:08","modified_gmt":"2024-06-06T06:54:08","slug":"program-matyas-hartyandi","status":"publish","type":"page","link":"https:\/\/8thsociodramaconference.com\/hu\/program-matyas-hartyandi\/","title":{"rendered":"Program M\u00e1ty\u00e1s Harty\u00e1ndi"},"content":{"rendered":"<section class=\"wpb-content-wrapper\">[mk_page_section][vc_column][mk_fancy_title tag_name=&#8221;h2&#8243; size=&#8221;40&#8243; line_height=&#8221;50&#8243; font_family=&#8221;Oswald&#8221; font_type=&#8221;google&#8221; margin_bottom=&#8221;0&#8243;]\n<h3 style=\"text-align: center;\"><b>ELSZIGETELT TER\u00dcLETEK (SILOS) \u00d6SSZEKAPCSOL\u00c1SA<br \/>\n&#8211; A SZOCIODR\u00c1MA SZEREPE A VEZET\u0150K\u00c9PZ\u00c9SBEN, M\u00c1S HASONL\u00d3 M\u00d3DSZEREK T\u00dcKR\u00c9BEN<\/b><\/h3>\n<h5 style=\"text-align: center;\"><em>(Az el\u0151ad\u00e1s nyelve angol, magyar nyelv\u0171 tolm\u00e1csol\u00e1ssal)<\/em><\/h5>\n<h5 style=\"text-align: center;\"><span style=\"color: #800000;\"><strong>EL\u0150AD\u00d3:<\/strong><b>\u00a0 HARTY\u00c1NDI M\u00c1TY\u00c1S<\/b><\/span><\/h5>\n[\/mk_fancy_title][vc_row_inner][vc_column_inner width=&#8221;1\/6&#8243;][mk_image_box title=&#8221;Sociodrama and power&#8221; src=&#8221;https:\/\/8thsociodramaconference.com\/wp-content\/uploads\/2024\/02\/Organisational-Dev-2.png&#8221; media_width=&#8221;421&#8243; media_height=&#8221;294&#8243; crop=&#8221;false&#8221; image_link=&#8221;url&#8221; url=&#8221;https:\/\/8thsociodramaconference.com\/topic-organisational-development\/&#8221; target=&#8221;_blank&#8221; align=&#8221;center&#8221; rounded_corner=&#8221;true&#8221;][\/mk_image_box][\/vc_column_inner][vc_column_inner width=&#8221;2\/3&#8243;][vc_column_text responsive_align=&#8221;left&#8221;]\n<h5 style=\"text-align: left;\"><b>ID\u0150PONT<\/b><strong>: <\/strong>J\u00fanius 29. szombat, 9:00-9:50<br \/>\n<strong>T\u00c9MA: <\/strong>Szociodr\u00e1ma a szervezetfejleszt\u00e9sben, coachingban \u00e9s tr\u00e9ningekben<br \/>\n<strong>PROGRAM T\u00cdPUSA:<\/strong> Prezent\u00e1ci\u00f3<br \/>\n<strong>TEREM:<\/strong><br \/>\n<strong>R\u00c9SZTVEV\u0150K SZ\u00c1MA:<\/strong> 50<br \/>\n<strong>NYELV:<\/strong> Angol, magyar nyelv\u0171 tolm\u00e1csol\u00e1ssal<br \/>\n<strong>C\u00cdMKE: <\/strong><a href=\"https:\/\/8thsociodramaconference.com\/hu\/topic-organisational-development\/\" target=\"_blank\" rel=\"noopener\">Szervezetfejleszt\u00e9s, <\/a><a href=\"https:\/\/8thsociodramaconference.com\/hu\/presentations-jun29-morning\/\" target=\"_blank\" rel=\"noopener\">Prezent\u00e1ci\u00f3k j\u00fanius 29-\u00e9n d\u00e9lel\u0151tt<\/a><\/h5>\n<h5 style=\"text-align: left;\"><\/h5>\n[\/vc_column_text][\/vc_column_inner][vc_column_inner width=&#8221;1\/6&#8243;][\/vc_column_inner][\/vc_row_inner][\/vc_column][\/mk_page_section][mk_page_section padding=&#8221;0&#8243;][vc_column][vc_column_text responsive_align=&#8221;left&#8221;]\n<h5 style=\"text-align: center;\"><b>ABSZTRAKT:<\/b><\/h5>\n[\/vc_column_text][vc_column_text responsive_align=&#8221;left&#8221;]<span style=\"font-weight: 400;\">Sz\u00e1mos vezet\u00e9sfejleszt\u00e9si m\u00f3dszer tartalmaz szerepj\u00e1t\u00e9kot valameilyen form\u00e1ban: k\u00fcl\u00f6nb\u00f6z\u0151 helyzetgyakorlatokat, \u00fczleti szimul\u00e1ci\u00f3kat, komoly j\u00e1t\u00e9kokat, \u00e9l\u0151szerepl\u0151s oktat\u00e1si szerepj\u00e1t\u00e9kokat (edularp), coaching intervenci\u00f3kat, stb.<\/span><\/p>\n<p><span style=\"font-weight: 400;\">El\u0151ad\u00e1somban, amely PhD-kutat\u00e1somon alapul, felv\u00e1zolom, hogy a szociodr\u00e1ma \u00e9s m\u00e1s Morenot\u00f3l ered\u0151 dramatikus m\u00f3dszerek milyen szerepet t\u00f6lthetnek be a vezet\u00e9sfejleszt\u00e9si beavatkoz\u00e1sokban.<\/span><\/p>\n<p><span style=\"font-weight: 400;\">Az el\u0151ad\u00e1s r\u00e9v\u00e9n\u00a0 a r\u00e9sztvev\u0151k k\u00e9pess\u00e9 v\u00e1lnak \u00f6sszehasonl\u00edtani a szociodr\u00e1m\u00e1t a vezet\u00e9sfejleszt\u00e9s m\u00e1s szerepj\u00e1t\u00e9kos m\u00f3dszereivel, meghat\u00e1rozni a hasonl\u00f3s\u00e1gokat \u00e9s k\u00fcl\u00f6nbs\u00e9geket, valamint ismereteket szereznek egy szociodr\u00e1ma-kutat\u00e1s jelenlegi \u00e1ll\u00e1s\u00e1r\u00f3l is.<\/span>[\/vc_column_text][mk_padding_divider size=&#8221;30&#8243;][vc_column_text responsive_align=&#8221;left&#8221;]\n<h5 style=\"text-align: center;\"><b>AZ EL\u0150AD\u00d3R\u00d3L:<\/b><\/h5>\n[\/vc_column_text][vc_row_inner][vc_column_inner width=&#8221;1\/4&#8243;][mk_image src=&#8221;https:\/\/8thsociodramaconference.com\/wp-content\/uploads\/2024\/02\/Matyas_Hartyandi-.png&#8221; image_width=&#8221;402&#8243; image_height=&#8221;275&#8243; crop=&#8221;false&#8221; hover=&#8221;false&#8221;][\/vc_column_inner][vc_column_inner width=&#8221;3\/4&#8243;][vc_column_text responsive_align=&#8221;left&#8221;]<span style=\"font-weight: 400;\">Harty\u00e1ndi M\u00e1ty\u00e1s ment\u00e1lhigi\u00e9n\u00e9s szakember, tr\u00e9ner \u00e9s szervezetfejleszt\u00e9si tan\u00e1csad\u00f3. A Budapesti Corvinus Egyetemen hum\u00e1ner\u0151forr\u00e1s-fejleszt\u00e9st \u00e9s szerepj\u00e1t\u00e9k alap\u00fa tapasztalati tanul\u00e1si m\u00f3dszereket kutat. Tagja a Nemzetk\u00f6zi Szimul\u00e1ci\u00f3s \u00e9s J\u00e1t\u00e9ksz\u00f6vets\u00e9gnek. Jelenleg pszichodr\u00e1ma asszisztensi k\u00e9pz\u00e9s\u00e9t fejezi be.<\/span>[\/vc_column_text][\/vc_column_inner][\/vc_row_inner][\/vc_column][\/mk_page_section]\n<\/section>","protected":false},"excerpt":{"rendered":"<p>[mk_page_section][vc_column][mk_fancy_title tag_name=&#8221;h2&#8243; size=&#8221;40&#8243; line_height=&#8221;50&#8243; font_family=&#8221;Oswald&#8221; font_type=&#8221;google&#8221; margin_bottom=&#8221;0&#8243;] ELSZIGETELT TER\u00dcLETEK (SILOS) \u00d6SSZEKAPCSOL\u00c1SA &#8211; A SZOCIODR\u00c1MA SZEREPE A VEZET\u0150K\u00c9PZ\u00c9SBEN, M\u00c1S HASONL\u00d3 M\u00d3DSZEREK T\u00dcKR\u00c9BEN (Az el\u0151ad\u00e1s nyelve angol, magyar nyelv\u0171 tolm\u00e1csol\u00e1ssal) EL\u0150AD\u00d3:\u00a0 HARTY\u00c1NDI M\u00c1TY\u00c1S [\/mk_fancy_title][vc_row_inner][vc_column_inner width=&#8221;1\/6&#8243;][mk_image_box title=&#8221;Sociodrama and power&#8221; src=&#8221;https:\/\/8thsociodramaconference.com\/wp-content\/uploads\/2024\/02\/Organisational-Dev-2.png&#8221; media_width=&#8221;421&#8243; media_height=&#8221;294&#8243; crop=&#8221;false&#8221; image_link=&#8221;url&#8221; url=&#8221;https:\/\/8thsociodramaconference.com\/topic-organisational-development\/&#8221; target=&#8221;_blank&#8221; align=&#8221;center&#8221; rounded_corner=&#8221;true&#8221;][\/mk_image_box][\/vc_column_inner][vc_column_inner width=&#8221;2\/3&#8243;][vc_column_text responsive_align=&#8221;left&#8221;] ID\u0150PONT: J\u00fanius 29. szombat, 9:00-9:50 T\u00c9MA: Szociodr\u00e1ma a [&hellip;]<\/p>\n","protected":false},"author":4,"featured_media":0,"parent":0,"menu_order":0,"comment_status":"closed","ping_status":"closed","template":"","meta":{"footnotes":""},"class_list":["post-6062","page","type-page","status-publish","hentry"],"_links":{"self":[{"href":"https:\/\/8thsociodramaconference.com\/hu\/wp-json\/wp\/v2\/pages\/6062","targetHints":{"allow":["GET"]}}],"collection":[{"href":"https:\/\/8thsociodramaconference.com\/hu\/wp-json\/wp\/v2\/pages"}],"about":[{"href":"https:\/\/8thsociodramaconference.com\/hu\/wp-json\/wp\/v2\/types\/page"}],"author":[{"embeddable":true,"href":"https:\/\/8thsociodramaconference.com\/hu\/wp-json\/wp\/v2\/users\/4"}],"replies":[{"embeddable":true,"href":"https:\/\/8thsociodramaconference.com\/hu\/wp-json\/wp\/v2\/comments?post=6062"}],"version-history":[{"count":12,"href":"https:\/\/8thsociodramaconference.com\/hu\/wp-json\/wp\/v2\/pages\/6062\/revisions"}],"predecessor-version":[{"id":8206,"href":"https:\/\/8thsociodramaconference.com\/hu\/wp-json\/wp\/v2\/pages\/6062\/revisions\/8206"}],"wp:attachment":[{"href":"https:\/\/8thsociodramaconference.com\/hu\/wp-json\/wp\/v2\/media?parent=6062"}],"curies":[{"name":"wp","href":"https:\/\/api.w.org\/{rel}","templated":true}]}}