{"id":6058,"date":"2024-02-18T16:28:07","date_gmt":"2024-02-18T15:28:07","guid":{"rendered":"https:\/\/8thsociodramaconference.com\/program-tunde-majsai-hideg-katalin-hegyes\/"},"modified":"2024-05-26T15:27:26","modified_gmt":"2024-05-26T13:27:26","slug":"program-tunde-majsai-hideg-katalin-hegyes","status":"publish","type":"page","link":"https:\/\/8thsociodramaconference.com\/hu\/program-tunde-majsai-hideg-katalin-hegyes\/","title":{"rendered":"Program T\u00fcnde Majsai-Hideg &#8211; Katalin Hegyes"},"content":{"rendered":"<section class=\"wpb-content-wrapper\">[mk_page_section][vc_column][mk_fancy_title tag_name=&#8221;h2&#8243; size=&#8221;40&#8243; line_height=&#8221;50&#8243; font_family=&#8221;Oswald&#8221; font_type=&#8221;google&#8221; margin_bottom=&#8221;0&#8243;]\n<h3 style=\"text-align: center;\"><b>BEFOGAD\u00c1S, ELFOGAD\u00c1S.<br \/>\nBIBLIODRAMATIKUS SZOCIODR\u00c1MA<\/b><\/h3>\n<h5 style=\"text-align: center;\"><em>(A workshop nyelve magyar, angol nyelv\u0171 tolm\u00e1csol\u00e1ssal)<\/em><\/h5>\n<h5 style=\"text-align: center;\"><span style=\"color: #800000;\"><strong>EL\u0150AD\u00d3K:<\/strong><b> MAJSAI-HIDEG T\u00dcNDE &#8211; HEGYES KATALIN<\/b><\/span><\/h5>\n[\/mk_fancy_title][vc_row_inner][vc_column_inner width=&#8221;1\/6&#8243;][mk_image_box title=&#8221;Sociodrama and power&#8221; src=&#8221;https:\/\/8thsociodramaconference.com\/wp-content\/uploads\/2024\/02\/Different-Social-Groups-\u2013-the-Strengths-of-Communities-2.png&#8221; media_width=&#8221;421&#8243; media_height=&#8221;294&#8243; crop=&#8221;false&#8221; image_link=&#8221;url&#8221; url=&#8221;https:\/\/8thsociodramaconference.com\/&#8221; target=&#8221;_blank&#8221; align=&#8221;center&#8221; rounded_corner=&#8221;true&#8221;][\/mk_image_box][\/vc_column_inner][vc_column_inner width=&#8221;2\/3&#8243;][vc_column_text responsive_align=&#8221;left&#8221;]\n<h5 style=\"text-align: left;\"><b>ID\u0150PONT<\/b><strong>: <\/strong>J\u00fanius 27. cs\u00fct\u00f6rt\u00f6k,\u00a0 14:00-16:30<br \/>\n<strong>T\u00c9MA: <\/strong>Szociodr\u00e1ma k\u00fcl\u00f6nf\u00e9le t\u00e1rsadalmi sz\u00edntereken \u00e9s csoportokban \u2013 a k\u00f6z\u00f6ss\u00e9gek ereje<br \/>\n<strong>PROGRAM T\u00cdPUSA: <\/strong>Workshop<br \/>\n<strong>TEREM:<\/strong><br \/>\n<strong>R\u00c9SZTVEV\u0150K SZ\u00c1MA: <\/strong>15<br \/>\n<strong>NYELV:<\/strong> Magyar, angol nyelv\u0171 tolm\u00e1csol\u00e1ssal<br \/>\n<strong>C\u00cdMKE: <\/strong><a href=\"https:\/\/8thsociodramaconference.com\/hu\/topic-different-social-groups\/\" target=\"_blank\" rel=\"noopener\">V\u00e1ltozatos csoportok,<\/a><a href=\"https:\/\/8thsociodramaconference.com\/hu\/workshops-jun27-afternoon\/\" target=\"_blank\" rel=\"noopener\"> Programok j\u00fanius 27-\u00e9n d\u00e9lut\u00e1n<\/a><\/h5>\n[\/vc_column_text][\/vc_column_inner][vc_column_inner width=&#8221;1\/6&#8243;][\/vc_column_inner][\/vc_row_inner][\/vc_column][\/mk_page_section][mk_page_section padding=&#8221;0&#8243;][vc_column][vc_column_text responsive_align=&#8221;left&#8221;]\n<h5 style=\"text-align: center;\"><b>ABSZTRAKT:<\/b><\/h5>\n[\/vc_column_text][vc_column_text responsive_align=&#8221;left&#8221;]<span style=\"font-weight: 400;\">Az \u00e9hez\u00e9s, a nyomor, az \u00fcld\u00f6z\u00e9s el\u0151l menek\u00fcl\u0151k sz\u00e1m\u00e1ra k\u00fcl\u00f6n\u00f6sen, de a m\u00e1s h\u00e1tr\u00e1nyokkal k\u00fczd\u0151 embert\u00e1rsaink sz\u00e1m\u00e1ra is kulcsk\u00e9rd\u00e9s, hogy be- \u00e9s elfogadjuk-e \u0151ket? Megnyitjuk-e magunkat \u00e9s javainkat el\u0151tt\u00fck, akarjuk-e \u00e9rteni \u0151ket \u00e9s helyzet\u00fcket? \u00dagy tekint\u00fcnk-e a m\u00e1sik \u00e9rt\u00e9keire, m\u00e9lt\u00f3s\u00e1g\u00e1ra, mint a saj\u00e1tunk\u00e9ra? \u201eMert \u00e9hes voltam, \u00e9s adt\u00e1l enni. Idegen voltam, \u00e9s te befogadt\u00e1l\u201d<\/span><\/p>\n<p><span style=\"font-weight: 400;\">Az ember vil\u00e1gban val\u00f3 l\u00e9t\u00e9t reflekt\u00e1l\u00f3 szent\u00edr\u00e1si felfog\u00e1sb\u00f3l k\u00f6vetkez\u0151en, a bibliodr\u00e1ma &#8211; hasonl\u00f3an a szociodr\u00e1m\u00e1hoz &#8211; a mindenkori \u00e9lethelyzetek vissz\u00e1ss\u00e1gait meghalad\u00f3 t\u00f6rekv\u00e9sek egyik fontos m\u00e9diuma. A jelen esetben p\u00e9ld\u00e1ul azt pr\u00f3b\u00e1ljuk megmutatni, hogy mik\u00e9nt v\u00e1lhat egy bibliai t\u00f6rt\u00e9net t\u00e1rsadalmi m\u00e9ret\u0171 feladatok megold\u00e1s\u00e1nak inspir\u00e1l\u00f3j\u00e1v\u00e1, hogyan seg\u00edt az abban felt\u00e1rul\u00f3 szoci\u00e1lis helyzet szem\u00e9lyes \u00e1t\u00e9l\u00e9se egy k\u00f6z\u00f6ss\u00e9get abban, hogy \u00e9rz\u00e9kenyebben mozg\u00f3s\u00edtsa er\u0151forr\u00e1sait a felel\u0151ss\u00e9gv\u00e1llal\u00e1sra.<\/span><\/p>\n<p>Kezd\u0151 t\u00f6rt\u00e9net\u00fcnk egy leny\u0171g\u00f6z\u0151 interkultur\u00e1lis-interetnikus esem\u00e9ny: \u201eAbban az id\u0151ben, amikor a b\u00edr\u00e1k uralkodtak,\u2026 [a] \u00e9h\u00edns\u00e9g volt az orsz\u00e1gban. Egy f\u00e9rfi teh\u00e1t a j\u00fadai Betlehemb\u0151l feles\u00e9g\u00e9vel \u00e9s k\u00e9t fi\u00e1val egy\u00fctt egy id\u0151re Mo\u00e1b vid\u00e9k\u00e9re k\u00f6lt\u00f6z\u00f6tt {\u2026} Mo\u00e1bita n\u0151ket vettek feles\u00e9g\u00fcl.\u201d (Ruth 1,1-5.)<\/p>\n<p><span style=\"font-weight: 400;\">Workshopunk els\u0151 r\u00e9sz\u00e9ben az elbesz\u00e9l\u00e9s ott \u00e9s akkor szoci\u00e1lis kontextus\u00e1nak \u00e1t\u00e9l\u00e9s\u00e9re-reflexi\u00f3j\u00e1ra ker\u00fcl sor, a r\u00e1k\u00f6vetkez\u0151 r\u00e9szben pedig k\u00f6z\u00f6sen megalkotjuk a kiindul\u00f3 szitu\u00e1ci\u00f3 itt \u00e9s most val\u00f3s\u00e1g\u00e1t. K\u00f6zben k\u00fcl\u00f6n\u00f6sen figyel\u00fcnk a mindenkori emberk\u00f6zi viszonyokban rejl\u0151 k\u00f6z\u00f6s alapokra, a meg\u00e9rt\u00e9s, a szolidarit\u00e1s, a befogad\u00e1s, a szubszidiarit\u00e1s eszm\u00e9inek szempontjaira. K\u00eds\u00e9rletet tesz\u00fcnk az \u00f6kumenikus \u00e9s interkultur\u00e1lis attit\u0171d \u00f6r\u00f6meinek \u00e9s feladatainak \u00e1t\u00e9l\u00e9s\u00e9re, arra, hogy mik\u00e9nt \u00e9s mennyire v\u00e1lhat \u00e9lett\u00e9 benn\u00fcnk \u00e9s \u00e1ltalunk a szent\u00edr\u00e1si igazs\u00e1g: \u201eAmit akartok, hogy veletek tegyenek az emberek, ti is tegy\u00e9tek vel\u00fck! Ez a t\u00f6rv\u00e9ny \u00e9s a pr\u00f3f\u00e9t\u00e1k.\u201d (M\u00e1t\u00e9 7, 12.)<\/span>[\/vc_column_text][mk_padding_divider size=&#8221;30&#8243;][vc_column_text responsive_align=&#8221;left&#8221;]\n<h5 style=\"text-align: center;\"><b>AZ EL\u0150AD\u00d3KR\u00d3L:<\/b><\/h5>\n[\/vc_column_text][vc_row_inner][vc_column_inner width=&#8221;1\/4&#8243;][mk_image src=&#8221;https:\/\/8thsociodramaconference.com\/wp-content\/uploads\/2024\/02\/Majsai-Hideg-Tunde.png&#8221; image_width=&#8221;402&#8243; image_height=&#8221;275&#8243; crop=&#8221;false&#8221; hover=&#8221;false&#8221;][\/vc_column_inner][vc_column_inner width=&#8221;3\/4&#8243;][vc_column_text responsive_align=&#8221;left&#8221;]Majsai-Hideg T\u00fcnde reform\u00e1tus teol\u00f3gus, lelkigondoz\u00f3, ment\u00e1lhigi\u00e9n\u00e9s szakember, vall\u00e1stan\u00e1r, csal\u00e1dkonzult\u00e1ns, szuperv\u00edzor, kik\u00e9pz\u0151 pszichodr\u00e1ma vezet\u0151, kik\u00e9pz\u0151 bibliodr\u00e1ma vezet\u0151 \u00e9s szuperv\u00edzor, kik\u00e9pz\u0151 gyermekpszichodr\u00e1ma vezet\u0151 \u00e9s szuperv\u00edzor.[\/vc_column_text][\/vc_column_inner][\/vc_row_inner][vc_row_inner][vc_column_inner width=&#8221;1\/4&#8243;][mk_image src=&#8221;https:\/\/8thsociodramaconference.com\/wp-content\/uploads\/2024\/02\/Hegyes-Kata.png&#8221; image_width=&#8221;402&#8243; image_height=&#8221;275&#8243; crop=&#8221;false&#8221; hover=&#8221;false&#8221;][\/vc_column_inner][vc_column_inner width=&#8221;3\/4&#8243;][vc_column_text responsive_align=&#8221;left&#8221;]<span style=\"font-weight: 400;\">Hegyes Kata: Pszichodr\u00e1ma \u00e9s bibliodr\u00e1ma asszisztensi v\u00e9gzetts\u00e9ggel rendelkezem, az MPE Szociodr\u00e1ma Szekci\u00f3j\u00e1nak \u00e9s Hat\u00f3k\u00f6r Munkacsoportj\u00e1nak is tagja vagyok.<br \/>\n<\/span><span style=\"font-weight: 400;\">Az ELTE spanyol-n\u00e9met tan\u00e1ri szak\u00e1n, majd a Sz\u00ednh\u00e1z- \u00e9s Filmm\u0171v\u00e9szeti Egyetem telev\u00edzi\u00f3s m\u0171sorvezet\u0151, szerkeszt\u0151 \u00e9s riporter szak\u00e1n v\u00e9geztem.<br \/>\n<\/span><span style=\"font-weight: 400;\">Tov\u00e1bb\u00e1 a Grow tr\u00e9neri, a 4K kultur\u00e1lis kommunik\u00e1ci\u00f3s k\u00e9pz\u00e9s\u00e9t, tavaly pedig hum\u00e1n\u00f6kol\u00f3giai tanfolyamot v\u00e9geztem.<\/span>[\/vc_column_text][\/vc_column_inner][\/vc_row_inner][\/vc_column][\/mk_page_section]\n<\/section>","protected":false},"excerpt":{"rendered":"<p>[mk_page_section][vc_column][mk_fancy_title tag_name=&#8221;h2&#8243; size=&#8221;40&#8243; line_height=&#8221;50&#8243; font_family=&#8221;Oswald&#8221; font_type=&#8221;google&#8221; margin_bottom=&#8221;0&#8243;] BEFOGAD\u00c1S, ELFOGAD\u00c1S. BIBLIODRAMATIKUS SZOCIODR\u00c1MA (A workshop nyelve magyar, angol nyelv\u0171 tolm\u00e1csol\u00e1ssal) EL\u0150AD\u00d3K: MAJSAI-HIDEG T\u00dcNDE &#8211; HEGYES KATALIN [\/mk_fancy_title][vc_row_inner][vc_column_inner width=&#8221;1\/6&#8243;][mk_image_box title=&#8221;Sociodrama and power&#8221; src=&#8221;https:\/\/8thsociodramaconference.com\/wp-content\/uploads\/2024\/02\/Different-Social-Groups-\u2013-the-Strengths-of-Communities-2.png&#8221; media_width=&#8221;421&#8243; media_height=&#8221;294&#8243; crop=&#8221;false&#8221; image_link=&#8221;url&#8221; url=&#8221;https:\/\/8thsociodramaconference.com\/&#8221; target=&#8221;_blank&#8221; align=&#8221;center&#8221; rounded_corner=&#8221;true&#8221;][\/mk_image_box][\/vc_column_inner][vc_column_inner width=&#8221;2\/3&#8243;][vc_column_text responsive_align=&#8221;left&#8221;] ID\u0150PONT: J\u00fanius 27. cs\u00fct\u00f6rt\u00f6k,\u00a0 14:00-16:30 T\u00c9MA: Szociodr\u00e1ma k\u00fcl\u00f6nf\u00e9le t\u00e1rsadalmi sz\u00edntereken \u00e9s csoportokban \u2013 a k\u00f6z\u00f6ss\u00e9gek [&hellip;]<\/p>\n","protected":false},"author":4,"featured_media":0,"parent":0,"menu_order":0,"comment_status":"closed","ping_status":"closed","template":"","meta":{"footnotes":""},"class_list":["post-6058","page","type-page","status-publish","hentry"],"_links":{"self":[{"href":"https:\/\/8thsociodramaconference.com\/hu\/wp-json\/wp\/v2\/pages\/6058","targetHints":{"allow":["GET"]}}],"collection":[{"href":"https:\/\/8thsociodramaconference.com\/hu\/wp-json\/wp\/v2\/pages"}],"about":[{"href":"https:\/\/8thsociodramaconference.com\/hu\/wp-json\/wp\/v2\/types\/page"}],"author":[{"embeddable":true,"href":"https:\/\/8thsociodramaconference.com\/hu\/wp-json\/wp\/v2\/users\/4"}],"replies":[{"embeddable":true,"href":"https:\/\/8thsociodramaconference.com\/hu\/wp-json\/wp\/v2\/comments?post=6058"}],"version-history":[{"count":10,"href":"https:\/\/8thsociodramaconference.com\/hu\/wp-json\/wp\/v2\/pages\/6058\/revisions"}],"predecessor-version":[{"id":7676,"href":"https:\/\/8thsociodramaconference.com\/hu\/wp-json\/wp\/v2\/pages\/6058\/revisions\/7676"}],"wp:attachment":[{"href":"https:\/\/8thsociodramaconference.com\/hu\/wp-json\/wp\/v2\/media?parent=6058"}],"curies":[{"name":"wp","href":"https:\/\/api.w.org\/{rel}","templated":true}]}}