{"id":6054,"date":"2024-02-25T18:39:11","date_gmt":"2024-02-25T17:39:11","guid":{"rendered":"https:\/\/8thsociodramaconference.com\/program-csilla-kubovics-juhasz-dora-soos\/"},"modified":"2024-05-26T20:34:11","modified_gmt":"2024-05-26T18:34:11","slug":"program-csilla-kubovics-juhasz-dora-soos","status":"publish","type":"page","link":"https:\/\/8thsociodramaconference.com\/hu\/program-csilla-kubovics-juhasz-dora-soos\/","title":{"rendered":"Program Csilla Kubovics Juh\u00e1sz &#8211; D\u00f3ra So\u00f3s"},"content":{"rendered":"<section class=\"wpb-content-wrapper\">[mk_page_section][vc_column][mk_fancy_title tag_name=&#8221;h2&#8243; size=&#8221;40&#8243; line_height=&#8221;50&#8243; font_family=&#8221;Oswald&#8221; font_type=&#8221;google&#8221; margin_bottom=&#8221;0&#8243;]\n<h3 style=\"text-align: center;\"><b>A GYERMEKPSZICHODR\u00c1MA \u00c9S A K\u00dcLVIL\u00c1G ESEM\u00c9NYEI<\/b><\/h3>\n<h5 style=\"text-align: center;\"><em>(A workshop nyelve angol \u00e9s magyar)<\/em><\/h5>\n<h5 style=\"text-align: center;\"><span style=\"color: #800000;\"><strong>EL\u0150AD\u00d3K:<\/strong><b> KUBOVICS-JUH\u00c1SZ CSILLA &#8211; SO\u00d3S D\u00d3RA<\/b><\/span><\/h5>\n[\/mk_fancy_title][vc_row_inner][vc_column_inner width=&#8221;1\/6&#8243;][mk_image_box title=&#8221;Sociodrama and power&#8221; src=&#8221;https:\/\/8thsociodramaconference.com\/wp-content\/uploads\/2024\/02\/Sociodrama-and-More-1.png&#8221; media_width=&#8221;421&#8243; media_height=&#8221;294&#8243; crop=&#8221;false&#8221; image_link=&#8221;url&#8221; url=&#8221;https:\/\/8thsociodramaconference.com\/topic-sociodrama-more\/&#8221; target=&#8221;_blank&#8221; align=&#8221;center&#8221; rounded_corner=&#8221;true&#8221;][\/mk_image_box][\/vc_column_inner][vc_column_inner width=&#8221;2\/3&#8243;][vc_column_text responsive_align=&#8221;left&#8221;]\n<h5 style=\"text-align: left;\"><b>ID\u0150PONT<\/b><strong>: <\/strong>J\u00fanius 28. p\u00e9ntek, 14:00-16:30<br \/>\n<strong>T\u00c9MA: <\/strong>Szociodr\u00e1ma \u00e9s kapcsol\u00f3d\u00e1sai<br \/>\n<strong>PROGRAM T\u00cdPUSA: <\/strong>Workshop<br \/>\n<strong>TEREM:<\/strong><br \/>\n<strong>R\u00c9SZTVEV\u0150K SZ\u00c1MA: <\/strong>15<br \/>\n<strong>NYELV:<\/strong> Angol \u00e9s magyar<br \/>\n<strong>C\u00cdMKE: <\/strong><a href=\"https:\/\/8thsociodramaconference.com\/hu\/topic-sociodrama-more\/\" target=\"_blank\" rel=\"noopener\">Kitekint\u00e9s<\/a>, <a href=\"https:\/\/8thsociodramaconference.com\/hu\/workshops-jun28-afternoon\/\" target=\"_blank\" rel=\"noopener\">Programok j\u00fanius 28-\u00e1n d\u00e9lut\u00e1n<\/a><\/h5>\n[\/vc_column_text][\/vc_column_inner][vc_column_inner width=&#8221;1\/6&#8243;][\/vc_column_inner][\/vc_row_inner][\/vc_column][\/mk_page_section][mk_page_section padding=&#8221;0&#8243;][vc_column][vc_column_text responsive_align=&#8221;left&#8221;]\n<h5 style=\"text-align: center;\"><b>ABSZTRAKT:<\/b><\/h5>\n[\/vc_column_text][vc_column_text responsive_align=&#8221;left&#8221;]<span style=\"font-weight: 400;\">A Kende Hanna f\u00e9le gyermekpszichodr\u00e1ma lesz a workshop alapm\u00f3dszere. A gyermekpszichodr\u00e1ma csoportokon a saj\u00e1t \u00f6ngy\u00f3gy\u00edt\u00f3 k\u00e9pess\u00e9g\u00fckkel dolgoznak a r\u00e9sztvev\u0151k. A csoportokon \u00e1t\u00e9lhet\u0151 a k\u00f6z\u00f6ss\u00e9g megtart\u00f3 ereje, a valahov\u00e1 tartoz\u00e1s \u00e9s az elfogad\u00e1s. A k\u00f6z\u00f6ss\u00e9gi \u00e9lm\u00e9ny a szoci\u00e1lis k\u00e9szs\u00e9geket is fejleszti \u00e9s seg\u00edt megtal\u00e1lni hely\u00fcnket a vil\u00e1gban. A mes\u00e9k kital\u00e1l\u00e1sa a k\u00e9pzel\u0151er\u0151 haszn\u00e1lat\u00e1val egy mintha vil\u00e1gba viszi a r\u00e9sztvev\u0151ket, ahol alkalomr\u00f3l-alkalomra fejl\u0151dnek szerepv\u00e1laszt\u00e1saikon kereszt\u00fcl. Csoportjaink mint\u00e1t adnak egy j\u00f3l m\u0171k\u00f6d\u0151 k\u00f6z\u00f6ss\u00e9gre \u00e9s tapasztaljuk azt is, hogy a mint\u00e1t tov\u00e1bbviszik a r\u00e9sztvev\u0151k saj\u00e1t k\u00f6z\u00f6ss\u00e9geikbe.<\/span><\/p>\n<p><span style=\"font-weight: 400;\">A workshopon azt vizsg\u00e1ljuk, hogy a k\u00fclvil\u00e1g esem\u00e9nyei hogyan befoly\u00e1solj\u00e1k a kital\u00e1lt mes\u00e9ket \u00e9s, hogy hogyan ker\u00fclnek be a csoport intim ter\u00e9be a t\u00e1rsadalmat \u00e9rint\u0151 t\u00e9m\u00e1k. A legizgalmasabb ezekben a t\u00f6rt\u00e9netekben, amikor \u0151szinte \u00e9s kreat\u00edv megold\u00e1sok sz\u00fcletnek a h\u00e1bor\u00fas helyzetekre, vil\u00e1gj\u00e1rv\u00e1nyra, a kl\u00edma v\u00e1ls\u00e1gra. Workshopunkon azt is k\u00f6r\u00fclj\u00e1rjuk, hogy\u00a0 mik\u00e9pp dolgozz\u00e1k fel ezeket az esem\u00e9nyeket a csoportjainkon r\u00e9sztvev\u0151 gyerekek. <\/span>[\/vc_column_text][mk_padding_divider size=&#8221;30&#8243;][vc_column_text responsive_align=&#8221;left&#8221;]\n<h5 style=\"text-align: center;\"><b>AZ EL\u0150AD\u00d3KR\u00d3L:<\/b><\/h5>\n[\/vc_column_text][vc_row_inner][vc_column_inner width=&#8221;1\/4&#8243;][mk_image src=&#8221;https:\/\/8thsociodramaconference.com\/wp-content\/uploads\/2024\/02\/Kubovics-Juhasz-Csilla.png&#8221; image_width=&#8221;402&#8243; image_height=&#8221;275&#8243; crop=&#8221;false&#8221; hover=&#8221;false&#8221;][\/vc_column_inner][vc_column_inner width=&#8221;3\/4&#8243;][vc_column_text responsive_align=&#8221;left&#8221;]<span style=\"font-weight: 400;\">Kubovics-Juh\u00e1sz Csilla pszichol\u00f3gus \u00e9s gyermekpszichodr\u00e1ma vezet\u0151. Tagja a Magyar Csal\u00e1d- \u00e9s P\u00e1rter\u00e1pi\u00e1s Egyes\u00fcletnek \u00e9s a Kende Hanna Gyermekpszichodr\u00e1ma Egyes\u00fcletnek. Csilla 2017-t\u0151l dolgozik a B\u00e1tor T\u00e1borban (Serious Fun Gyermekh\u00e1l\u00f3zat), ahol kr\u00f3nikus betegs\u00e9ggel \u00e9l\u0151 gyerekekkel foglalkoznak. B\u00e1r 2022-t\u0151l a Belv\u00e1rosi K\u00f6z\u00f6ss\u00e9gi H\u00e1z prevenci\u00f3s szakmai vezet\u0151je, tov\u00e1bbra is a B\u00e1tor T\u00e1borhoz k\u00f6t\u0151dik, mint gy\u00e1sztan\u00e1csad\u00f3 a gyermek\u00fcket elvesztett csal\u00e1dokkal, valamint gyermekpszichodr\u00e1ma csoportokkal is foglalkozik.<\/span>[\/vc_column_text][\/vc_column_inner][\/vc_row_inner][vc_row_inner][vc_column_inner width=&#8221;1\/4&#8243;][mk_image src=&#8221;https:\/\/8thsociodramaconference.com\/wp-content\/uploads\/2024\/02\/Soos-Dora.png&#8221; image_width=&#8221;402&#8243; image_height=&#8221;275&#8243; crop=&#8221;false&#8221; hover=&#8221;false&#8221;][\/vc_column_inner][vc_column_inner width=&#8221;3\/4&#8243;][vc_column_text responsive_align=&#8221;left&#8221;]<span style=\"font-weight: 400;\">So\u00f3s D\u00f3ra a Piros Kaka\u00f3 koordin\u00e1tora \u00e9s szakmai vezet\u0151je, akik els\u0151sorban gyermekpszichodr\u00e1ma csoportokat m\u0171k\u00f6dtetnek \u00e9s csal\u00e1dokat seg\u00edtenek. D\u00f3ra Szegeden v\u00e9gzett kommunik\u00e1ci\u00f3 szakon, jelenleg szomatodr\u00e1m\u00e1ban k\u00e9pz\u0151dik. Dolgozott m\u00e1r \u00e1tmeneti otthonban, \u00f6nk\u00e9ntesk\u00e9nt egy indiai iskol\u00e1ban, a B\u00e9k\u00e1smegyeri lak\u00f3telepen a K\u00e9k Pont projektben drogprevenci\u00f3ban, valamint a T\u0171zolt\u00f3 utcai Gyermekk\u00f3rh\u00e1z onkol\u00f3giai oszt\u00e1ly\u00e1n a Mosoly Alap\u00edtv\u00e1ny keret\u00e9ben. Szeret olyan fix b\u00e1zist teremteni, ahol a tapasztalatok tal\u00e1lkoznak \u00e9s az \u00f6tletek \u00e9letre kelnek.<\/span>[\/vc_column_text][\/vc_column_inner][\/vc_row_inner][\/vc_column][\/mk_page_section]\n<\/section>","protected":false},"excerpt":{"rendered":"<p>[mk_page_section][vc_column][mk_fancy_title tag_name=&#8221;h2&#8243; size=&#8221;40&#8243; line_height=&#8221;50&#8243; font_family=&#8221;Oswald&#8221; font_type=&#8221;google&#8221; margin_bottom=&#8221;0&#8243;] A GYERMEKPSZICHODR\u00c1MA \u00c9S A K\u00dcLVIL\u00c1G ESEM\u00c9NYEI (A workshop nyelve angol \u00e9s magyar) EL\u0150AD\u00d3K: KUBOVICS-JUH\u00c1SZ CSILLA &#8211; SO\u00d3S D\u00d3RA [\/mk_fancy_title][vc_row_inner][vc_column_inner width=&#8221;1\/6&#8243;][mk_image_box title=&#8221;Sociodrama and power&#8221; src=&#8221;https:\/\/8thsociodramaconference.com\/wp-content\/uploads\/2024\/02\/Sociodrama-and-More-1.png&#8221; media_width=&#8221;421&#8243; media_height=&#8221;294&#8243; crop=&#8221;false&#8221; image_link=&#8221;url&#8221; url=&#8221;https:\/\/8thsociodramaconference.com\/topic-sociodrama-more\/&#8221; target=&#8221;_blank&#8221; align=&#8221;center&#8221; rounded_corner=&#8221;true&#8221;][\/mk_image_box][\/vc_column_inner][vc_column_inner width=&#8221;2\/3&#8243;][vc_column_text responsive_align=&#8221;left&#8221;] ID\u0150PONT: J\u00fanius 28. p\u00e9ntek, 14:00-16:30 T\u00c9MA: Szociodr\u00e1ma \u00e9s kapcsol\u00f3d\u00e1sai PROGRAM T\u00cdPUSA: Workshop TEREM: R\u00c9SZTVEV\u0150K [&hellip;]<\/p>\n","protected":false},"author":4,"featured_media":0,"parent":0,"menu_order":0,"comment_status":"closed","ping_status":"closed","template":"","meta":{"footnotes":""},"class_list":["post-6054","page","type-page","status-publish","hentry"],"_links":{"self":[{"href":"https:\/\/8thsociodramaconference.com\/hu\/wp-json\/wp\/v2\/pages\/6054","targetHints":{"allow":["GET"]}}],"collection":[{"href":"https:\/\/8thsociodramaconference.com\/hu\/wp-json\/wp\/v2\/pages"}],"about":[{"href":"https:\/\/8thsociodramaconference.com\/hu\/wp-json\/wp\/v2\/types\/page"}],"author":[{"embeddable":true,"href":"https:\/\/8thsociodramaconference.com\/hu\/wp-json\/wp\/v2\/users\/4"}],"replies":[{"embeddable":true,"href":"https:\/\/8thsociodramaconference.com\/hu\/wp-json\/wp\/v2\/comments?post=6054"}],"version-history":[{"count":8,"href":"https:\/\/8thsociodramaconference.com\/hu\/wp-json\/wp\/v2\/pages\/6054\/revisions"}],"predecessor-version":[{"id":7782,"href":"https:\/\/8thsociodramaconference.com\/hu\/wp-json\/wp\/v2\/pages\/6054\/revisions\/7782"}],"wp:attachment":[{"href":"https:\/\/8thsociodramaconference.com\/hu\/wp-json\/wp\/v2\/media?parent=6054"}],"curies":[{"name":"wp","href":"https:\/\/api.w.org\/{rel}","templated":true}]}}