{"id":6049,"date":"2024-02-15T18:27:29","date_gmt":"2024-02-15T17:27:29","guid":{"rendered":"https:\/\/8thsociodramaconference.com\/program-agnes-blasko-moni-durst-krisztina-galgoczi-andrea-kocsi\/"},"modified":"2024-05-26T15:31:26","modified_gmt":"2024-05-26T13:31:26","slug":"program-agnes-blasko-moni-durst-krisztina-galgoczi-andrea-kocsi","status":"publish","type":"page","link":"https:\/\/8thsociodramaconference.com\/hu\/program-agnes-blasko-moni-durst-krisztina-galgoczi-andrea-kocsi\/","title":{"rendered":"Program \u00c1gnes Blask\u00f3 &#8211; M\u00f3ni Durst &#8211; Krisztina Galg\u00f3czi &#8211; Andrea Kocsi"},"content":{"rendered":"<section class=\"wpb-content-wrapper\">[mk_page_section][vc_column][mk_fancy_title tag_name=&#8221;h2&#8243; size=&#8221;40&#8243; line_height=&#8221;50&#8243; font_family=&#8221;Oswald&#8221; font_type=&#8221;google&#8221; margin_bottom=&#8221;0&#8243;]\n<h3 style=\"text-align: center;\"><b>AKCI\u00d3M\u00d3DSZEREK A TANTEREMBEN:<br \/>\nEGY SZ\u00cdNH\u00c1ZI \u00c9LM\u00c9NY SZOCIODRAMATIKUS FELDOLGOZ\u00c1SA &#8211;<br \/>\nEGY PEDAG\u00d3GUS TOV\u00c1BBK\u00c9PZ\u00c9S TAPASZTALATAI<\/b><\/h3>\n<h5 style=\"text-align: center;\"><em>(A workshop nyelve angol \u00e9s magyar)\u00a0<\/em><\/h5>\n<h5 style=\"text-align: center;\"><span style=\"color: #800000;\"><strong>EL\u0150AD\u00d3K: BLASK\u00d3 \u00c1GNES &#8211; DURST M\u00d3NI &#8211; GALG\u00d3CZI KRISZTINA &#8211; KOCSI ANDREA<\/strong><\/span><\/h5>\n[\/mk_fancy_title][vc_row_inner][vc_column_inner width=&#8221;1\/6&#8243;][mk_image_box title=&#8221;Sociodrama and power&#8221; src=&#8221;https:\/\/8thsociodramaconference.com\/wp-content\/uploads\/2024\/02\/Next-Generation-2.png&#8221; media_width=&#8221;421&#8243; media_height=&#8221;294&#8243; crop=&#8221;false&#8221; image_link=&#8221;url&#8221; url=&#8221;https:\/\/8thsociodramaconference.com\/topic-sociodrama-youth\/&#8221; target=&#8221;_blank&#8221; align=&#8221;center&#8221; rounded_corner=&#8221;true&#8221;][\/mk_image_box][\/vc_column_inner][vc_column_inner width=&#8221;2\/3&#8243;][vc_column_text responsive_align=&#8221;left&#8221;]\n<h5 style=\"text-align: left;\"><b>ID\u0150PONT<\/b><strong>: <\/strong>j\u00fanius 27. cs\u00fct\u00f6rt\u00f6k, 14:00-16:30<br \/>\n<strong>T\u00c9MA: <\/strong>Szociodr\u00e1ma \u00e9s a j\u00f6v\u0151 gener\u00e1ci\u00f3ja: gyerekek, fiatalok \u00e9s a vel\u00fck foglalkoz\u00f3 szakemberek, int\u00e9zm\u00e9nyek szociodr\u00e1m\u00e1ja<br \/>\n<strong>PROGRAM T\u00cdPUSA: <\/strong>workshop<br \/>\n<strong>TEREM:<\/strong><br \/>\n<strong>R\u00c9SZTVEV\u0150K SZ\u00c1MA:<br \/>\n<\/strong>NYELV: Angol \u00e9s magyar<br \/>\n<strong>C\u00cdMKE:<\/strong> <a href=\"https:\/\/8thsociodramaconference.com\/hu\/topic-sociodrama-youth\/\" target=\"_blank\" rel=\"noopener\">Szociodr\u00e1ma \u00e9s fiatalok<\/a>, <a href=\"https:\/\/8thsociodramaconference.com\/hu\/workshops-jun27-afternoon\/\" target=\"_blank\" rel=\"noopener\">Programok j\u00fanius 27-\u00e9n d\u00e9lut\u00e1n<\/a><\/h5>\n[\/vc_column_text][\/vc_column_inner][vc_column_inner width=&#8221;1\/6&#8243;][\/vc_column_inner][\/vc_row_inner][\/vc_column][\/mk_page_section][mk_page_section padding=&#8221;0&#8243;][vc_column][vc_column_text responsive_align=&#8221;left&#8221;]\n<h5 style=\"text-align: center;\"><b>ABSZTRAKT:<\/b><\/h5>\n[\/vc_column_text][vc_column_text responsive_align=&#8221;left&#8221;]<span style=\"font-weight: 400;\">Amikor 2022 \u0151sz\u00e9n elind\u00edtottuk pedag\u00f3gus tov\u00e1bbk\u00e9pz\u00e9s\u00fcnket, a st\u00e1tuszt\u00f6rv\u00e9ny \u00e1rnya m\u00e1r ott lebegett a tan\u00e1rok feje felett (egy olyan t\u00f6rv\u00e9ny, amelyet nemr\u00e9giben vezettek be Magyarorsz\u00e1gon, \u00e9s tov\u00e1bb korl\u00e1tozta a tan\u00e1rok mobilit\u00e1s\u00e1t \u00e9s szem\u00e9lyes jogait), n\u00e9h\u00e1nyan t\u00fcntet\u00e9seken vettek r\u00e9szt, m\u00e1sok alternat\u00edv munk\u00e1t kerestek. Sok tan\u00e1ri k\u00f6z\u00f6ss\u00e9g sz\u00e9tt\u00f6redezett, mik\u00f6zben tan\u00e1rok \u00e9s di\u00e1kok m\u00e9g az online tan\u00edt\u00e1si id\u0151szak okozta neh\u00e9zs\u00e9gekkel k\u00fczd\u00f6ttek. Ezen bizonytalan id\u0151szak k\u00f6zepette nem voltunk biztosak benne, hogy van-e ig\u00e9ny m\u00e9g egy tov\u00e1bbk\u00e9pz\u00e9si programra, ez\u00e9rt ingyenes workshopokat szervezt\u00fcnk, \u00e9s meglepet\u00e9s\u00fcnkre, a rendelkez\u00e9sre \u00e1ll\u00f3 helyek n\u00e9h\u00e1ny nap alatt beteltek, majd k\u00e9pz\u00e9s\u00fcnkre is sz\u00e1mosan jelentkeztek.<\/span><\/p>\n<p><span style=\"font-weight: 400;\">60 \u00f3r\u00e1s akkredit\u00e1lt k\u00e9pz\u00e9s\u00fcnk k\u00e9t f\u0151 c\u00e9lt t\u0171z\u00f6tt maga el\u00e9. Egyr\u00e9szt, hogy megismertess\u00fck a pedag\u00f3gusokkal a szociodr\u00e1ma demokratikus m\u0171k\u00f6d\u00e9sm\u00f3dj\u00e1t \u00e9s szeml\u00e9let\u00e9t, amelyek szerint\u00fcnk alapj\u00e1ul szolg\u00e1lnak egy demokr\u00e1ci\u00e1n alapul\u00f3 t\u00e1rsadalomnak \u00e9s oktat\u00e1snak; m\u00e1sr\u00e9szt, hogy olyan akci\u00f3m\u00f3dszertani technik\u00e1kat tan\u00edtsunk, amelyeket a tan\u00e1rok mindennapi munk\u00e1juk sor\u00e1n k\u00f6nnyen alkalmazhatnak.<\/span><\/p>\n<p><span style=\"font-weight: 400;\">A k\u00e9pz\u00e9s egyedis\u00e9g\u00e9t az adta, hogy a budapesti Radn\u00f3ti Sz\u00ednh\u00e1z \u00e9s a Budapesti M\u0171szaki \u00e9s Gazdas\u00e1gtudom\u00e1nyi Egyetem Szociol\u00f3gia- \u00e9s Kommunik\u00e1ci\u00f3 Tansz\u00e9ke egy\u00fcttm\u0171k\u00f6d\u00e9s\u00e9ben j\u00f6tt l\u00e9tre. Ez lehet\u0151s\u00e9get teremtett arra is, hogy abban seg\u00edts\u00fck a tan\u00e1rokat, hogyan tudnak k\u00f6zelebb hozni egy sz\u00ednh\u00e1zi \u00e9lm\u00e9nyt a digit\u00e1lis kult\u00fara fesz\u00edtett temp\u00f3j\u00e1hoz szokott di\u00e1kokhoz.Workshopunkon bemutatjuk, hogyan lehet bevonni \u00e9s motiv\u00e1lni a di\u00e1kokat szociodr\u00e1ma seg\u00edts\u00e9g\u00e9vel. Megmutatjuk azokat a &#8211; tan\u00e1rok visszajelz\u00e9si alapj\u00e1n legsikeresebbnek tartott &#8211; technik\u00e1kat, amelyek fel\u00e9bresztik a di\u00e1kok kreativit\u00e1s\u00e1t, \u00e9s kiz\u00f6kkentik \u0151ket a passz\u00edv tanul\u00e1si gyakorlatb\u00f3l. A workshopon egy sz\u00ednh\u00e1zi jelenetb\u0151l indulunk ki, \u00e9s azt n\u00e9zz\u00fck meg szociodramatikus eszk\u00f6z\u00f6kkel, hogyan vonatkoztathat\u00f3 a jelenet aktu\u00e1lis, a di\u00e1kokat k\u00f6zvetlen\u00fcl \u00e9rint\u0151, k\u00f6z\u00f6ss\u00e9gi \u00e9s t\u00e1rsadalmi k\u00e9rd\u00e9sekre.<\/span><\/p>\n<p><span style=\"font-weight: 400;\">A workshopon val\u00f3 r\u00e9szv\u00e9tel \u00f6tleteket ny\u00fajt arra, hogyan lehet a di\u00e1kokat a szociodr\u00e1ma seg\u00edts\u00e9g\u00e9vel:<\/span><\/p>\n<ul>\n<li><span style=\"font-weight: 400;\">akt\u00edvabb\u00e1 tenni\u00a0 az oszt\u00e1lyteremben; <\/span><\/li>\n<li><span style=\"font-weight: 400;\">kritikai gondolkod\u00e1sra nevelni; <\/span><\/li>\n<li><span style=\"font-weight: 400;\">n\u00f6velni emp\u00e1ti\u00e1jukat, <\/span><\/li>\n<li><span style=\"font-weight: 400;\">n\u00f6velni az \u00f6nbizalmukat; <\/span><\/li>\n<li><span style=\"font-weight: 400;\">fel\u00e9breszteni kreativit\u00e1s\u00e1t, tanulm\u00e1nyozni az \u0151ket \u00e9rint\u0151 k\u00e9rd\u00e9seket egy sz\u00ednh\u00e1zi el\u0151ad\u00e1s feldolgoz\u00e1sa r\u00e9v\u00e9n.<\/span><\/li>\n<\/ul>\n[\/vc_column_text][mk_padding_divider size=&#8221;30&#8243;][vc_column_text responsive_align=&#8221;left&#8221;]\n<h5 style=\"text-align: center;\"><b>AZ EL\u0150AD\u00d3KR\u00d3L:<\/b><\/h5>\n[\/vc_column_text][vc_row_inner][vc_column_inner width=&#8221;1\/4&#8243;][mk_image src=&#8221;https:\/\/8thsociodramaconference.com\/wp-content\/uploads\/2024\/02\/blasko-durst-galgo-kocsi.png&#8221; image_width=&#8221;402&#8243; image_height=&#8221;275&#8243; crop=&#8221;false&#8221; hover=&#8221;false&#8221;][\/vc_column_inner][vc_column_inner width=&#8221;3\/4&#8243;][vc_column_text responsive_align=&#8221;left&#8221;]<span style=\"font-weight: 400;\">Mind a n\u00e9gyen tagjai voltunk a PERFORMERS nemzetk\u00f6zi szociodr\u00e1ma m\u00f3dszertani projektnek (2016-2021). Szerz\u0151i \u00e9s szerkeszt\u0151i voltunk a projektb\u0151l sz\u00fcletett k\u00f6nyveknek. Kidolgoztuk a magyarorsz\u00e1gi szociodr\u00e1ma k\u00e9pz\u00e9s pilot programj\u00e1t, a k\u00e9t els\u0151 pilot program egyik\u00e9nek vezet\u0151i voltunk. Emellett szociodr\u00e1m\u00e1val dolgozunk k\u00fcl\u00f6nb\u00f6z\u0151 ter\u00fcleteken, t\u00f6bbek k\u00f6z\u00f6tt iskol\u00e1kban, egyetemeken, az eg\u00e9szs\u00e9g\u00fcgyben, sz\u00ednh\u00e1zban \u00e9s szoci\u00e1lis szolg\u00e1ltat\u00e1sokban. <\/span>A Magyar Pszichodr\u00e1ma Egyes\u00fclet szociodr\u00e1ma kik\u00e9pz\u0151i vagyunk.[\/vc_column_text][\/vc_column_inner][\/vc_row_inner][\/vc_column][\/mk_page_section]\n<\/section>","protected":false},"excerpt":{"rendered":"<p>[mk_page_section][vc_column][mk_fancy_title tag_name=&#8221;h2&#8243; size=&#8221;40&#8243; line_height=&#8221;50&#8243; font_family=&#8221;Oswald&#8221; font_type=&#8221;google&#8221; margin_bottom=&#8221;0&#8243;] AKCI\u00d3M\u00d3DSZEREK A TANTEREMBEN: EGY SZ\u00cdNH\u00c1ZI \u00c9LM\u00c9NY SZOCIODRAMATIKUS FELDOLGOZ\u00c1SA &#8211; EGY PEDAG\u00d3GUS TOV\u00c1BBK\u00c9PZ\u00c9S TAPASZTALATAI (A workshop nyelve angol \u00e9s magyar)\u00a0 EL\u0150AD\u00d3K: BLASK\u00d3 \u00c1GNES &#8211; DURST M\u00d3NI &#8211; GALG\u00d3CZI KRISZTINA &#8211; KOCSI ANDREA [\/mk_fancy_title][vc_row_inner][vc_column_inner width=&#8221;1\/6&#8243;][mk_image_box title=&#8221;Sociodrama and power&#8221; src=&#8221;https:\/\/8thsociodramaconference.com\/wp-content\/uploads\/2024\/02\/Next-Generation-2.png&#8221; media_width=&#8221;421&#8243; media_height=&#8221;294&#8243; crop=&#8221;false&#8221; image_link=&#8221;url&#8221; url=&#8221;https:\/\/8thsociodramaconference.com\/topic-sociodrama-youth\/&#8221; target=&#8221;_blank&#8221; align=&#8221;center&#8221; rounded_corner=&#8221;true&#8221;][\/mk_image_box][\/vc_column_inner][vc_column_inner width=&#8221;2\/3&#8243;][vc_column_text responsive_align=&#8221;left&#8221;] ID\u0150PONT: [&hellip;]<\/p>\n","protected":false},"author":4,"featured_media":0,"parent":0,"menu_order":0,"comment_status":"closed","ping_status":"closed","template":"","meta":{"footnotes":""},"class_list":["post-6049","page","type-page","status-publish","hentry"],"_links":{"self":[{"href":"https:\/\/8thsociodramaconference.com\/hu\/wp-json\/wp\/v2\/pages\/6049","targetHints":{"allow":["GET"]}}],"collection":[{"href":"https:\/\/8thsociodramaconference.com\/hu\/wp-json\/wp\/v2\/pages"}],"about":[{"href":"https:\/\/8thsociodramaconference.com\/hu\/wp-json\/wp\/v2\/types\/page"}],"author":[{"embeddable":true,"href":"https:\/\/8thsociodramaconference.com\/hu\/wp-json\/wp\/v2\/users\/4"}],"replies":[{"embeddable":true,"href":"https:\/\/8thsociodramaconference.com\/hu\/wp-json\/wp\/v2\/comments?post=6049"}],"version-history":[{"count":10,"href":"https:\/\/8thsociodramaconference.com\/hu\/wp-json\/wp\/v2\/pages\/6049\/revisions"}],"predecessor-version":[{"id":7677,"href":"https:\/\/8thsociodramaconference.com\/hu\/wp-json\/wp\/v2\/pages\/6049\/revisions\/7677"}],"wp:attachment":[{"href":"https:\/\/8thsociodramaconference.com\/hu\/wp-json\/wp\/v2\/media?parent=6049"}],"curies":[{"name":"wp","href":"https:\/\/api.w.org\/{rel}","templated":true}]}}