{"id":5992,"date":"2024-02-18T15:41:27","date_gmt":"2024-02-18T14:41:27","guid":{"rendered":"https:\/\/8thsociodramaconference.com\/program-peter-girgas-andrea-kocsi\/"},"modified":"2024-06-12T23:02:54","modified_gmt":"2024-06-12T21:02:54","slug":"program-peter-girgas-andrea-kocsi","status":"publish","type":"page","link":"https:\/\/8thsociodramaconference.com\/hu\/program-peter-girgas-andrea-kocsi\/","title":{"rendered":"Program P\u00e9ter Girg\u00e1s &#8211; Andrea Kocsi"},"content":{"rendered":"<section class=\"wpb-content-wrapper\">[mk_page_section][vc_column][mk_fancy_title tag_name=&#8221;h2&#8243; size=&#8221;40&#8243; line_height=&#8221;50&#8243; font_family=&#8221;Oswald&#8221; font_type=&#8221;google&#8221; margin_bottom=&#8221;0&#8243;]\n<h3 style=\"text-align: center;\"><b>AZ OTTHONSZ\u00dcL\u00c9S T\u00c1RSADALMI VET\u00dcLETEI<\/b><\/h3>\n<h5 style=\"text-align: center;\"><em>(A workshop nyelve angol \u00e9s magyar)<\/em><\/h5>\n<h5 style=\"text-align: center;\"><span style=\"color: #800000;\"><strong>EL\u0150AD\u00d3K:<\/strong><b> GIRG\u00c1S P\u00c9TER &#8211; KOCSI ANDREA<\/b><\/span><\/h5>\n[\/mk_fancy_title][vc_row_inner][vc_column_inner width=&#8221;1\/6&#8243;][mk_image_box title=&#8221;Sociodrama and power&#8221; src=&#8221;https:\/\/8thsociodramaconference.com\/wp-content\/uploads\/2024\/02\/Collective-Trauma-and-Social-Healing-2.png&#8221; media_width=&#8221;421&#8243; media_height=&#8221;294&#8243; crop=&#8221;false&#8221; image_link=&#8221;url&#8221; url=&#8221;https:\/\/8thsociodramaconference.com\/topic-sociodrama-social-healing\/&#8221; target=&#8221;_blank&#8221; align=&#8221;center&#8221; rounded_corner=&#8221;true&#8221;][\/mk_image_box][\/vc_column_inner][vc_column_inner width=&#8221;2\/3&#8243;][vc_column_text responsive_align=&#8221;left&#8221;]\n<h5 style=\"text-align: left;\"><strong>ID\u0150PONT: <\/strong>J\u00fanius 28. p\u00e9ntek, 10:00-12:30<br \/>\n<strong>T\u00c9MA: <\/strong>Szociodr\u00e1ma \u00e9s t\u00e1rsadalmi gy\u00f3gy\u00edt\u00e1s \u2013 fel\u00e9p\u00fcl\u00e9s a kollekt\u00edv kr\u00edzisekb\u0151l \u00e9s traum\u00e1kb\u00f3l<br \/>\n<strong>PROGRAM T\u00cdPUSA: <\/strong>Workshop<br \/>\n<strong>TEREM:<\/strong><br \/>\n<strong>R\u00c9SZTVEV\u0150K SZ\u00c1MA: <\/strong>20<br \/>\nNYELV: Angol \u00e9s magyar<br \/>\n<strong>C\u00cdMKE: <\/strong><a href=\"https:\/\/8thsociodramaconference.com\/hu\/topic-sociodrama-social-healing\/\" target=\"_blank\" rel=\"noopener\">T\u00e1rsadalmi gy\u00f3gy\u00edt\u00e1s,<\/a> <a href=\"https:\/\/8thsociodramaconference.com\/hu\/workshops-jun28-morning\/\" target=\"_blank\" rel=\"noopener\">Programok j\u00fanius 28-\u00e1n d\u00e9lel\u0151tt<\/a><\/h5>\n[\/vc_column_text][\/vc_column_inner][vc_column_inner width=&#8221;1\/6&#8243;][\/vc_column_inner][\/vc_row_inner][\/vc_column][\/mk_page_section][mk_page_section padding=&#8221;0&#8243;][vc_column][vc_column_text responsive_align=&#8221;left&#8221;]\n<h5 style=\"text-align: center;\"><b>ABSZTRAKT:<\/b><\/h5>\n[\/vc_column_text][vc_column_text responsive_align=&#8221;left&#8221;]<span style=\"font-weight: 400;\">A sz\u00fcl\u00e9s, sz\u00fclet\u00e9s mindannyiunk egyetemes \u00e9lm\u00e9nye. Egy olyan t\u00e9ma, amely<\/span> <span style=\"font-weight: 400;\">manaps\u00e1g is intenz\u00edven foglalkoztatja az embereket, nagy vit\u00e1kat, heves \u00e9rzelmeket gerjesztve maga k\u00f6r\u00fcl. A t\u00e9m\u00e1ban azonban &#8211; m\u00e9g ha a meg\u00e9l\u00e9s egyedinek is t\u0171nik &#8211; t\u00fckr\u00f6z\u0151dnek a t\u00e1rsadalmunkat meghat\u00e1roz\u00f3 hitrendszerek \u00e9s vil\u00e1gn\u00e9zetek is.<\/span><\/p>\n<p><span style=\"font-weight: 400;\">Vannak, akik \u00fagy gondolj\u00e1k, hogy a sz\u00fcl\u00e9s, sz\u00fclet\u00e9s szents\u00e9ge a h\u00e1bor\u00edtatlans\u00e1g meghitt k\u00f6zeg\u00e9ben tud csak megval\u00f3sulni, \u00e9s ezt antropol\u00f3giai \u00e9s orvostudom\u00e1nyi kutat\u00e1sokkal t\u00e1masztj\u00e1k al\u00e1, melyek adott esetben az otthonsz\u00fcl\u00e9sek alacsonyabb kock\u00e1zat\u00e1t emelik ki. Az otthonsz\u00fcl\u00e9st v\u00e1laszt\u00f3 n\u0151k azonban sok esetben kiv\u00edvj\u00e1k a t\u00f6bbs\u00e9gi t\u00e1rsadalom \u00e9s egyben az int\u00e9zm\u00e9nyes\u00fclt hatalom haragj\u00e1t, t\u00e1mad\u00e1s\u00e1t, s\u0151t stigm\u00e1j\u00e1t<\/span><span style=\"font-weight: 400;\"> is. <\/span><span style=\"font-weight: 400;\">Annak ellen\u00e9re, hogy a sz\u00fcl\u0151 n\u0151k egy jelent\u0151s h\u00e1nyada sz\u00e1mol be arr\u00f3l, hogy\u00a0 a k\u00f3rh\u00e1zi ell\u00e1t\u00e1sa sor\u00e1n neh\u00e9z \u00e9lm\u00e9nyeket szerzett, illetve gyakran szembes\u00fclnek az eg\u00e9szs\u00e9g\u00fcgy megal\u00e1z\u00f3, szem\u00e9lytelen \u00e9s autoriter b\u00e1n\u00e1sm\u00f3dj\u00e1val, bizonyos sz\u00e1zal\u00e9kuk pedig traumatiz\u00e1l\u00f3dik, m\u00e9gis jelent\u0151s r\u00e9sz\u00fck a k\u00f3rh\u00e1zat v\u00e1lasztj\u00e1k sz\u00fcl\u00e9s\u00fck helysz\u00edn\u00e9\u00fcl.<\/span><span style=\"font-weight: 400;\"> Milyen<\/span><span style=\"font-weight: 400;\"> a t\u00e1rsadalmi t\u00e9nyez\u0151k j\u00e1tszanak k\u00f6zre abban, hogy ez \u00edgy t\u00f6rt\u00e9nik?<\/span><\/p>\n<p><span style=\"font-weight: 400;\">Workshopunk c\u00e9lja, hogy a r\u00e9sztvev\u0151k szociodramatikus saj\u00e1t\u00e9lm\u00e9nyen kereszt\u00fcl tudatos\u00edts\u00e1k v\u00e1laszt\u00e1suk mozgat\u00f3rug\u00f3it, kiszolg\u00e1ltatottk\u00e9nt meg\u00e9lt helyzetekben ki tudjanak \u00e1llni maguk\u00e9rt vagy seg\u00edts\u00e9get tudjanak k\u00e9rni.<\/span>[\/vc_column_text][mk_padding_divider size=&#8221;30&#8243;][vc_column_text responsive_align=&#8221;left&#8221;]\n<h5 style=\"text-align: center;\"><b>AZ EL\u0150AD\u00d3KR\u00d3L:<\/b><\/h5>\n[\/vc_column_text][vc_row_inner][vc_column_inner width=&#8221;1\/4&#8243;][mk_image src=&#8221;https:\/\/8thsociodramaconference.com\/wp-content\/uploads\/2024\/02\/Kocsi_Andi.png&#8221; image_width=&#8221;402&#8243; image_height=&#8221;275&#8243; crop=&#8221;false&#8221; hover=&#8221;false&#8221;][\/vc_column_inner][vc_column_inner width=&#8221;3\/4&#8243;][vc_column_text responsive_align=&#8221;left&#8221;]<span style=\"font-weight: 400;\">Kocsi Andrea<br \/>\n<\/span>Pszichodr\u00e1ma vezet\u0151, gyermekpszichodr\u00e1ma asszisztens, kik\u00e9pz\u0151 szociodr\u00e1ma vezet\u0151, monodr\u00e1ma tan\u00e1csad\u00f3.[\/vc_column_text][\/vc_column_inner][\/vc_row_inner][vc_row_inner][vc_column_inner width=&#8221;1\/4&#8243;][mk_image src=&#8221;https:\/\/8thsociodramaconference.com\/wp-content\/uploads\/2024\/03\/Girgas-Peter.png&#8221; image_width=&#8221;402&#8243; image_height=&#8221;275&#8243; crop=&#8221;false&#8221; hover=&#8221;false&#8221;][\/vc_column_inner][vc_column_inner width=&#8221;3\/4&#8243;][vc_column_text responsive_align=&#8221;left&#8221;]<span style=\"font-weight: 400;\">Girg\u00e1s P\u00e9ter<br \/>\n<\/span><span style=\"font-weight: 400;\">Klinikai szakpszichol\u00f3gus, pszichoterapeuta. A Soproni Gy\u00f3gyk\u00f6zpont Pszichi\u00e1triai Oszt\u00e1ly\u00e1nak klinikai szakpszichol\u00f3gusa. Munk\u00e1ja sor\u00e1n pszichodiagnosztika mellett egy\u00e9ni \u00e9s csoportos ter\u00e1pi\u00e1kat vezet.<\/span>[\/vc_column_text][\/vc_column_inner][\/vc_row_inner][\/vc_column][\/mk_page_section]\n<\/section>","protected":false},"excerpt":{"rendered":"<p>[mk_page_section][vc_column][mk_fancy_title tag_name=&#8221;h2&#8243; size=&#8221;40&#8243; line_height=&#8221;50&#8243; font_family=&#8221;Oswald&#8221; font_type=&#8221;google&#8221; margin_bottom=&#8221;0&#8243;] AZ OTTHONSZ\u00dcL\u00c9S T\u00c1RSADALMI VET\u00dcLETEI (A workshop nyelve angol \u00e9s magyar) EL\u0150AD\u00d3K: GIRG\u00c1S P\u00c9TER &#8211; KOCSI ANDREA [\/mk_fancy_title][vc_row_inner][vc_column_inner width=&#8221;1\/6&#8243;][mk_image_box title=&#8221;Sociodrama and power&#8221; src=&#8221;https:\/\/8thsociodramaconference.com\/wp-content\/uploads\/2024\/02\/Collective-Trauma-and-Social-Healing-2.png&#8221; media_width=&#8221;421&#8243; media_height=&#8221;294&#8243; crop=&#8221;false&#8221; image_link=&#8221;url&#8221; url=&#8221;https:\/\/8thsociodramaconference.com\/topic-sociodrama-social-healing\/&#8221; target=&#8221;_blank&#8221; align=&#8221;center&#8221; rounded_corner=&#8221;true&#8221;][\/mk_image_box][\/vc_column_inner][vc_column_inner width=&#8221;2\/3&#8243;][vc_column_text responsive_align=&#8221;left&#8221;] ID\u0150PONT: J\u00fanius 28. p\u00e9ntek, 10:00-12:30 T\u00c9MA: Szociodr\u00e1ma \u00e9s t\u00e1rsadalmi gy\u00f3gy\u00edt\u00e1s \u2013 fel\u00e9p\u00fcl\u00e9s a kollekt\u00edv kr\u00edzisekb\u0151l \u00e9s [&hellip;]<\/p>\n","protected":false},"author":4,"featured_media":0,"parent":0,"menu_order":0,"comment_status":"closed","ping_status":"closed","template":"","meta":{"footnotes":""},"class_list":["post-5992","page","type-page","status-publish","hentry"],"_links":{"self":[{"href":"https:\/\/8thsociodramaconference.com\/hu\/wp-json\/wp\/v2\/pages\/5992","targetHints":{"allow":["GET"]}}],"collection":[{"href":"https:\/\/8thsociodramaconference.com\/hu\/wp-json\/wp\/v2\/pages"}],"about":[{"href":"https:\/\/8thsociodramaconference.com\/hu\/wp-json\/wp\/v2\/types\/page"}],"author":[{"embeddable":true,"href":"https:\/\/8thsociodramaconference.com\/hu\/wp-json\/wp\/v2\/users\/4"}],"replies":[{"embeddable":true,"href":"https:\/\/8thsociodramaconference.com\/hu\/wp-json\/wp\/v2\/comments?post=5992"}],"version-history":[{"count":11,"href":"https:\/\/8thsociodramaconference.com\/hu\/wp-json\/wp\/v2\/pages\/5992\/revisions"}],"predecessor-version":[{"id":8315,"href":"https:\/\/8thsociodramaconference.com\/hu\/wp-json\/wp\/v2\/pages\/5992\/revisions\/8315"}],"wp:attachment":[{"href":"https:\/\/8thsociodramaconference.com\/hu\/wp-json\/wp\/v2\/media?parent=5992"}],"curies":[{"name":"wp","href":"https:\/\/api.w.org\/{rel}","templated":true}]}}