{"id":5987,"date":"2024-02-14T15:22:54","date_gmt":"2024-02-14T14:22:54","guid":{"rendered":"https:\/\/8thsociodramaconference.com\/program-attila-donath-eniko-fazakasdenes-maroti-beata-somogyi-attila-turba-andrea-szendrei\/"},"modified":"2024-05-26T14:41:51","modified_gmt":"2024-05-26T12:41:51","slug":"program-attila-donath-eniko-fazakasdenes-maroti-beata-somogyi-attila-turba-andrea-szendrei","status":"publish","type":"page","link":"https:\/\/8thsociodramaconference.com\/hu\/program-attila-donath-eniko-fazakasdenes-maroti-beata-somogyi-attila-turba-andrea-szendrei\/","title":{"rendered":"Program Attila Don\u00e1th &#8211; Enik\u0151 Fazakas &#8211; D\u00e9nes Mar\u00f3ti &#8211; Be\u00e1ta Somogyi  &#8211; Andrea Szendrei &#8211; Attila Turba"},"content":{"rendered":"<section class=\"wpb-content-wrapper\">[mk_page_section][vc_column][mk_fancy_title tag_name=&#8221;h2&#8243; size=&#8221;40&#8243; line_height=&#8221;50&#8243; font_family=&#8221;Oswald&#8221; font_type=&#8221;google&#8221; margin_bottom=&#8221;0&#8243;]\n<h3 style=\"text-align: center;\"><strong>INTERJ\u00da A F\u00d6LDDEL<\/strong><\/h3>\n<h5 style=\"text-align: center;\"><em>(A workshop nyelve angol \u00e9s magyar)\u00a0<\/em><\/h5>\n<h5 style=\"text-align: center;\"><span style=\"color: #800000;\"><strong>EL\u0150AD\u00d3K:<\/strong><b> DON\u00c1TH ATTILA &#8211; FAZAKAS ENIK\u0150 &#8211;\u00a0 MAR\u00d3TI D\u00c9NES &#8211;<br \/>\nSOMOGYI BE\u00c1TA <\/b><\/span><span style=\"color: #800000;\"><b>&#8211; SZENDREI ANDREA <\/b><\/span><span style=\"color: #800000;\"><b>&#8211; TURBA ATTILA<\/b><\/span><\/h5>\n[\/mk_fancy_title][vc_row_inner][vc_column_inner width=&#8221;1\/6&#8243;][mk_image_box title=&#8221;Sociodrama and power&#8221; src=&#8221;https:\/\/8thsociodramaconference.com\/wp-content\/uploads\/2024\/02\/Ecology-2.png&#8221; media_width=&#8221;421&#8243; media_height=&#8221;294&#8243; crop=&#8221;false&#8221; image_link=&#8221;url&#8221; url=&#8221;https:\/\/8thsociodramaconference.com\/topic-sociodrama-ecology\/&#8221; target=&#8221;_blank&#8221; align=&#8221;center&#8221; rounded_corner=&#8221;true&#8221;][\/mk_image_box][\/vc_column_inner][vc_column_inner width=&#8221;2\/3&#8243;][vc_column_text responsive_align=&#8221;left&#8221;]\n<h5 style=\"text-align: left;\"><strong>ID\u0150PONT: <\/strong>J\u00fanius 27. cs\u00fct\u00f6r\u00f6k, 14:00-16:30<br \/>\n<strong>T\u00c9MA: <\/strong>Szociodr\u00e1ma \u00e9s \u00f6kol\u00f3gia \u2013 k\u00f6rnyezeti k\u00e9rd\u00e9sek, kapcsol\u00f3d\u00e1sok az \u00e9l\u0151vil\u00e1gban, az ember \u00e9s a term\u00e9szeti k\u00f6rnyezet viszonyat<br \/>\n<strong>PROGRAM T\u00cdPUSA: <\/strong>Workshop<br \/>\n<strong>TEREM: k\u00fcls\u0151 helysz\u00edn<\/strong><br \/>\n<strong>R\u00c9SZTVEV\u0150K SZ\u00c1MA: <\/strong>35<br \/>\n<strong>NYELV:<\/strong> Angol \u00e9s magyar<br \/>\n<strong>C\u00cdMKE: <\/strong><a href=\"https:\/\/8thsociodramaconference.com\/hu\/topic-sociodrama-ecology\/\" target=\"_blank\" rel=\"noopener\">Szociodr\u00e1ma \u00e9s \u00f6kol\u00f3gia,<\/a> <a href=\"https:\/\/8thsociodramaconference.com\/hu\/workshops-jun27-afternoon\/\" target=\"_blank\" rel=\"noopener\">Programok j\u00fanius 27-\u00e9n d\u00e9lut\u00e1n<\/a><\/h5>\n[\/vc_column_text][\/vc_column_inner][vc_column_inner width=&#8221;1\/6&#8243;][\/vc_column_inner][\/vc_row_inner][\/vc_column][\/mk_page_section][mk_page_section padding=&#8221;0&#8243;][vc_column][vc_column_text responsive_align=&#8221;left&#8221;]\n<h5 style=\"text-align: center;\"><b>ABSZTRAKT:<\/b><\/h5>\n[\/vc_column_text][vc_column_text responsive_align=&#8221;left&#8221;]A workshopunkon bemutatjuk az &#8222;Interj\u00fa a F\u00f6lddel&#8221; Erasmus+ projekt keret\u00e9ben kifejlesztett innovat\u00edv programot, amely a term\u00e9szet \u00e9s az ember k\u00f6z\u00f6tti kapcsolat m\u00e9ly\u00edt\u00e9s\u00e9t t\u0171zte ki c\u00e9lul. Ebben a programban a szociodr\u00e1ma, \u00f6kopszichol\u00f3gia, m\u0171v\u00e9szetek \u00e9s playback sz\u00ednh\u00e1z m\u00f3dszereit egyes\u00edtett\u00fck, hogy egy gyakorlatorient\u00e1lt \u00e9s inspir\u00e1l\u00f3 \u00e9lm\u00e9nyt ny\u00fajtsunk, amely el\u0151seg\u00edti a r\u00e9sztvev\u0151k term\u00e9szethez val\u00f3 m\u00e9lyebb kapcsol\u00f3d\u00e1s\u00e1t \u00e9s tudatoss\u00e1g\u00e1t. A workshop r\u00e9sztvev\u0151i akt\u00edv r\u00e9szesei lesznek egy olyan folyamatnak, amelyben n\u00e9gy k\u00fcl\u00f6n\u00e1ll\u00f3, de \u00f6sszekapcsol\u00f3d\u00f3 m\u00f3dszertani megk\u00f6zel\u00edt\u00e9s \u00f6tv\u00f6z\u00e9se r\u00e9v\u00e9n fedezhetik fel a term\u00e9szet \u00e9s az ember k\u00f6z\u00f6tti kapcsolat \u00faj aspektusait. A workshopunk c\u00e9lja, hogy bemutassa, mik\u00e9nt ny\u00fajthat az emberi \u00e9rz\u00e9kenys\u00e9g, kreativit\u00e1s \u00e9s a term\u00e9szettel val\u00f3 interakci\u00f3 egyes\u00edt\u00e9se \u00faj lehet\u0151s\u00e9geket a term\u00e9szethez val\u00f3 kapcsol\u00f3d\u00e1s \u00e9s a k\u00f6rnyezettudatoss\u00e1g ter\u00e9n.[\/vc_column_text][mk_padding_divider size=&#8221;30&#8243;][vc_column_text responsive_align=&#8221;left&#8221;]\n<h5 style=\"text-align: center;\"><b>AZ EL\u0150AD\u00d3KR\u00d3L:<\/b><\/h5>\n[\/vc_column_text][vc_row_inner][vc_column_inner width=&#8221;1\/4&#8243;][mk_image src=&#8221;https:\/\/8thsociodramaconference.com\/wp-content\/uploads\/2024\/02\/Donath-Attila2.png&#8221; image_width=&#8221;402&#8243; image_height=&#8221;275&#8243; crop=&#8221;false&#8221; hover=&#8221;false&#8221;][\/vc_column_inner][vc_column_inner width=&#8221;3\/4&#8243;][vc_column_text responsive_align=&#8221;left&#8221;]<span style=\"font-weight: 400;\">Don\u00e1th Attila: a pszichodr\u00e1ma k\u00e9pz\u00e9s\u00e9t a &#8217;90-es \u00e9vek elej\u00e9n v\u00e9gezte. T\u00f6bb mint harminc \u00e9ve dolgozik tan\u00e1csad\u00f3k\u00e9nt, szervezetfejleszt\u0151k\u00e9nt, tr\u00e9nerk\u00e9nt, szuperv\u00edzork\u00e9nt, coachk\u00e9nt \u00e9s k\u00f6z\u00f6ss\u00e9gi szoci\u00e1lis munk\u00e1sk\u00e9nt. Munk\u00e1j\u00e1ban integr\u00e1lja a szociodr\u00e1m\u00e1t mint m\u00f3dszert, amelyet sz\u00e9les k\u00f6rben alkalmaz k\u00fcl\u00f6nb\u00f6z\u0151 ter\u00fcleteken.<\/span>[\/vc_column_text][\/vc_column_inner][\/vc_row_inner][vc_row_inner][vc_column_inner width=&#8221;1\/4&#8243;][mk_image src=&#8221;https:\/\/8thsociodramaconference.com\/wp-content\/uploads\/2024\/02\/Fazakas-Eniko.png&#8221; image_width=&#8221;402&#8243; image_height=&#8221;275&#8243; crop=&#8221;false&#8221; hover=&#8221;false&#8221;][\/vc_column_inner][vc_column_inner width=&#8221;3\/4&#8243;][vc_column_text responsive_align=&#8221;left&#8221;]<span style=\"font-weight: 400;\">Fazakas Enik\u0151: klinikai szakpszichol\u00f3gus \u00e9s pszichoterapeuta, a Rom\u00e1n J.L.Moreno Pszichodr\u00e1ma Egyes\u00fclet tagja. Pszichodr\u00e1ma ter\u00e1pi\u00e1s m\u00f3dszertani k\u00e9pz\u00e9s\u00e9t 2009-2015 k\u00f6z\u00f6tt v\u00e9gezte, majd 2017 ben szerezte meg a pszichodr\u00e1ma terapeuta c\u00edmet. Szakmai gyakorlat\u00e1ban integr\u00e1lja a pszichodr\u00e1m\u00e1t, a szociodr\u00e1m\u00e1t \u00e9s a playback sz\u00ednh\u00e1z m\u00f3dszer\u00e9t. Mag\u00e1npraxisban dolgozik egy\u00e9ni ter\u00e1pi\u00e1s szettingekben, valamint \u00f6nismereti csoportokat vezet monodr\u00e1ma \u00e9s pszichodr\u00e1ma technik\u00e1kat alkalmazva. 2014-ben alap\u00edtotta a Panta Rhei nev\u0171 nonprofit szervezetet, ahol feln\u0151ttoktat\u00e1si Erasmus+ projekteket val\u00f3s\u00edt meg szociodr\u00e1ma \u00e9s playback sz\u00ednh\u00e1z m\u00f3dszereit alkalmazva.<\/span>[\/vc_column_text][\/vc_column_inner][\/vc_row_inner][\/vc_column][\/mk_page_section]\n<\/section>","protected":false},"excerpt":{"rendered":"<p>[mk_page_section][vc_column][mk_fancy_title tag_name=&#8221;h2&#8243; size=&#8221;40&#8243; line_height=&#8221;50&#8243; font_family=&#8221;Oswald&#8221; font_type=&#8221;google&#8221; margin_bottom=&#8221;0&#8243;] INTERJ\u00da A F\u00d6LDDEL (A workshop nyelve angol \u00e9s magyar)\u00a0 EL\u0150AD\u00d3K: DON\u00c1TH ATTILA &#8211; FAZAKAS ENIK\u0150 &#8211;\u00a0 MAR\u00d3TI D\u00c9NES &#8211; SOMOGYI BE\u00c1TA &#8211; SZENDREI ANDREA &#8211; TURBA ATTILA [\/mk_fancy_title][vc_row_inner][vc_column_inner width=&#8221;1\/6&#8243;][mk_image_box title=&#8221;Sociodrama and power&#8221; src=&#8221;https:\/\/8thsociodramaconference.com\/wp-content\/uploads\/2024\/02\/Ecology-2.png&#8221; media_width=&#8221;421&#8243; media_height=&#8221;294&#8243; crop=&#8221;false&#8221; image_link=&#8221;url&#8221; url=&#8221;https:\/\/8thsociodramaconference.com\/topic-sociodrama-ecology\/&#8221; target=&#8221;_blank&#8221; align=&#8221;center&#8221; rounded_corner=&#8221;true&#8221;][\/mk_image_box][\/vc_column_inner][vc_column_inner width=&#8221;2\/3&#8243;][vc_column_text responsive_align=&#8221;left&#8221;] ID\u0150PONT: J\u00fanius 27. cs\u00fct\u00f6r\u00f6k, 14:00-16:30 [&hellip;]<\/p>\n","protected":false},"author":4,"featured_media":0,"parent":0,"menu_order":0,"comment_status":"closed","ping_status":"closed","template":"","meta":{"footnotes":""},"class_list":["post-5987","page","type-page","status-publish","hentry"],"_links":{"self":[{"href":"https:\/\/8thsociodramaconference.com\/hu\/wp-json\/wp\/v2\/pages\/5987","targetHints":{"allow":["GET"]}}],"collection":[{"href":"https:\/\/8thsociodramaconference.com\/hu\/wp-json\/wp\/v2\/pages"}],"about":[{"href":"https:\/\/8thsociodramaconference.com\/hu\/wp-json\/wp\/v2\/types\/page"}],"author":[{"embeddable":true,"href":"https:\/\/8thsociodramaconference.com\/hu\/wp-json\/wp\/v2\/users\/4"}],"replies":[{"embeddable":true,"href":"https:\/\/8thsociodramaconference.com\/hu\/wp-json\/wp\/v2\/comments?post=5987"}],"version-history":[{"count":11,"href":"https:\/\/8thsociodramaconference.com\/hu\/wp-json\/wp\/v2\/pages\/5987\/revisions"}],"predecessor-version":[{"id":7657,"href":"https:\/\/8thsociodramaconference.com\/hu\/wp-json\/wp\/v2\/pages\/5987\/revisions\/7657"}],"wp:attachment":[{"href":"https:\/\/8thsociodramaconference.com\/hu\/wp-json\/wp\/v2\/media?parent=5987"}],"curies":[{"name":"wp","href":"https:\/\/api.w.org\/{rel}","templated":true}]}}