{"id":5981,"date":"2024-02-14T15:03:38","date_gmt":"2024-02-14T14:03:38","guid":{"rendered":"https:\/\/8thsociodramaconference.com\/program-eva-lorincz-judith-teszary\/"},"modified":"2024-05-26T14:27:57","modified_gmt":"2024-05-26T12:27:57","slug":"program-eva-lorincz-judith-teszary","status":"publish","type":"page","link":"https:\/\/8thsociodramaconference.com\/hu\/program-eva-lorincz-judith-teszary\/","title":{"rendered":"Program \u00c9va L\u0151rincz &#8211; Judit Tesz\u00e1ry"},"content":{"rendered":"<section class=\"wpb-content-wrapper\">[mk_page_section][vc_column][mk_fancy_title tag_name=&#8221;h2&#8243; size=&#8221;40&#8243; line_height=&#8221;50&#8243; font_family=&#8221;Oswald&#8221; font_type=&#8221;google&#8221; margin_bottom=&#8221;0&#8243;]\n<h3 style=\"text-align: center;\"><b>CSOPORTMUNKA A HATALOM M\u00c1GNESES MEZ\u0150IBEN.<br \/>\nA SEMLEGESS\u00c9GT\u0150L AZ \u00c9RDEK\u00c9RV\u00c9NYES\u00cdT\u00c9SIG<\/b><\/h3>\n<h5 style=\"text-align: center;\"><em>(A workshop nyelve angol \u00e9s magyar)<\/em><\/h5>\n<h5 style=\"text-align: center;\"><span style=\"color: #800000;\"><strong>EL\u0150AD\u00d3K: L\u0150RINCZ \u00c9VA &#8211; TESZ\u00c1RY JUDITH<\/strong><\/span><\/h5>\n[\/mk_fancy_title][vc_row_inner][vc_column_inner width=&#8221;1\/6&#8243;][mk_image_box title=&#8221;Sociodrama and power&#8221; src=&#8221;https:\/\/8thsociodramaconference.com\/wp-content\/uploads\/2024\/02\/Power-and-Democratic-1.png&#8221; media_width=&#8221;421&#8243; media_height=&#8221;294&#8243; crop=&#8221;false&#8221; image_link=&#8221;url&#8221; url=&#8221;https:\/\/8thsociodramaconference.com\/topic-sociodrama-power\/&#8221; target=&#8221;_blank&#8221; align=&#8221;center&#8221; rounded_corner=&#8221;true&#8221;][\/mk_image_box][\/vc_column_inner][vc_column_inner width=&#8221;2\/3&#8243;][vc_column_text responsive_align=&#8221;left&#8221;]\n<h5 style=\"text-align: left;\"><b>ID\u0150PONT: <\/b>J\u00fanius 27. cs\u00fct\u00f6r\u00f6k, 14:00-16:30<br \/>\n<b><\/b><strong>T\u00c9MA: <\/strong>Szociodr\u00e1ma \u00e9s hatalom \u2013 a demokratikus \u00e9rt\u00e9kek j\u00f6v\u0151je<br \/>\n<strong>PROGRAM T\u00cdPUSA: <\/strong>Workshop<br \/>\n<strong>TEREM:<\/strong><br \/>\n<strong>R\u00c9SZTVEV\u0150K SZ\u00c1MA: <\/strong>50<br \/>\n<strong>NYELV:<\/strong> Angol \u00e9s magyar, tolm\u00e1csol\u00e1ssal<br \/>\n<strong>C\u00cdMKE: <\/strong><a href=\"https:\/\/8thsociodramaconference.com\/hu\/topic-sociodrama-power\/\" target=\"_blank\" rel=\"noopener\">Szociodr\u00e1ma \u00e9s hatalom,<\/a> <a href=\"https:\/\/8thsociodramaconference.com\/hu\/workshops-jun27-afternoon\/\" target=\"_blank\" rel=\"noopener\">Programok j\u00fanius 27-\u00e9n d\u00e9lut\u00e1n<\/a><\/h5>\n[\/vc_column_text][\/vc_column_inner][vc_column_inner width=&#8221;1\/6&#8243;][\/vc_column_inner][\/vc_row_inner][\/vc_column][\/mk_page_section][mk_page_section padding=&#8221;0&#8243;][vc_column][vc_column_text responsive_align=&#8221;left&#8221;]\n<h5 style=\"text-align: center;\"><b>ABSZTRAKT:<\/b><\/h5>\n[\/vc_column_text][vc_column_text responsive_align=&#8221;left&#8221;]Ak\u00e1rmilyen orsz\u00e1gban \u00e9l\u00fcnk is, legyen az gazdag vagy szeg\u00e9ny, modern demokr\u00e1cia vagy 21. sz\u00e1zadi populista oligarchia, a csoportokkal v\u00e9gzett munk\u00e1nk mindig is a hatalom m\u00e1gneses er\u0151tereiben zajlik. A hatalmi rendszerek: a korm\u00e1nyz\u00e1s, a politika, a szab\u00e1lyoz\u00e1s, az int\u00e9zm\u00e9nyrendszer, a kultur\u00e1lis norm\u00e1k \u00e9s gyakorlatok \u00e1titatj\u00e1k csoportjainkat, \u00e9s csoportvezet\u0151k\u00e9nt \u00e1thatj\u00e1k saj\u00e1t bels\u0151 vil\u00e1gunkat is. A hatalom m\u00e1gneses terei fesz\u00fclts\u00e9get gener\u00e1lnak, felt\u00f6ltik a csoporttagokat \u00e9s a vezet\u0151t is, \u00e9s mi ebben a t\u00e9rben v\u00e9gezz\u00fck munk\u00e1nkat.<\/p>\n<p>A workshopon a csoportmunka facilit\u00e1l\u00e1s\u00e1hoz keres\u00fcnk adekv\u00e1t szerepeket a szociodr\u00e1ma eszk\u00f6zeivel azokban a helyzetekben, amikor a hatalom olyan k\u00fcl\u00f6nb\u00f6z\u0151 form\u00e1ival konfront\u00e1l\u00f3dunk a csoportfolyamat sor\u00e1n, mint amilyen a h\u00e1bor\u00fa, a kl\u00edmakatasztr\u00f3fa, a glob\u00e1lis kizs\u00e1km\u00e1nyol\u00e1s, a t\u00e1rsadalmi igazs\u00e1gtalans\u00e1g, elhib\u00e1zott szab\u00e1lyoz\u00e1s, elnyom\u00f3 szervezeti gyakorlatok, autokratikus rezsimek, populizmus, diszkrimin\u00e1ci\u00f3, szegreg\u00e1ci\u00f3, csak hogy n\u00e9h\u00e1nyat eml\u00edts\u00fcnk.<\/p>\n<p>Mik\u00e9nt tudunk t\u00fall\u00e9pni a hagyom\u00e1nyos, semleges, mindentud\u00f3 elbesz\u00e9l\u0151 m\u0171k\u00f6d\u00e9sen \u00e9s mik\u00e9nt tudjuk \u00f6sszeegyeztetni a csoportfacilit\u00e1tor szerep\u00e9t azzal a felel\u0151s, r\u00e9sztvev\u0151 \u00e1llampolg\u00e1ri szereppel, amelyik \u00e9rt\u00e9kek mellett elk\u00f6telezett \u00e9s amelyik k\u00e9sz arra, hogy cselekedjen \u00e9s a konfliktusokban \u00e1ll\u00e1st foglaljon? Hogyan tudunk fenntartani egy nyitott teret a k\u00fcl\u00f6nb\u00f6z\u0151 n\u00e9z\u0151pontoknak, mik\u00f6zben nem vesz\u00edtj\u00fck el \u00f6nazonoss\u00e1gunkat, m\u00e9gis k\u00e9pesek maradunk arra, hogy a csoportfolyamatban alak\u00edtsuk \u00e9s amennyiben az adekv\u00e1t, megv\u00e1ltoztassuk \u00e1ll\u00e1spontunkat?[\/vc_column_text][mk_padding_divider size=&#8221;30&#8243;][vc_column_text responsive_align=&#8221;left&#8221;]\n<h5 style=\"text-align: center;\"><b>AZ EL\u0150AD\u00d3KR\u00d3L:<\/b><\/h5>\n[\/vc_column_text][vc_row_inner][vc_column_inner width=&#8221;1\/4&#8243;][mk_image src=&#8221;https:\/\/8thsociodramaconference.com\/wp-content\/uploads\/2024\/02\/Lorincz-eva.png&#8221; image_width=&#8221;402&#8243; image_height=&#8221;275&#8243; crop=&#8221;false&#8221; hover=&#8221;false&#8221;][\/vc_column_inner][vc_column_inner width=&#8221;3\/4&#8243;][vc_column_text responsive_align=&#8221;left&#8221;]\n<p style=\"text-align: left;\"><span style=\"font-weight: 400;\">L\u0151rincz \u00c9va<br \/>\n<\/span><span style=\"font-weight: 400;\">K\u00f6zel h\u00fasz \u00e9ve foglalkozom pszichodr\u00e1m\u00e1val. R\u00f6vid ideig sz\u00fcnetet tartottam a csoportvezet\u00e9sben, ezalatt r\u00e9szt vettem az els\u0151 magyar szociodr\u00e1ma kik\u00e9pz\u0151 csoportban, \u00e9s szociodr\u00e1ma asszisztens lettem. A dr\u00e1mam\u00f3dszereket a t\u00e1rsadalom legk\u00fcl\u00f6nb\u00f6z\u0151bb ter\u00fcletein alkalmaztam: civil szervezetekn\u00e9l, a politika ter\u00fclet\u00e9n, kiszolg\u00e1ltatott k\u00f6z\u00f6ss\u00e9gekben, k\u00f6rnyezetv\u00e9d\u0151 aktivist\u00e1k k\u00f6r\u00e9ben stb.<\/span><\/p>\n[\/vc_column_text][\/vc_column_inner][\/vc_row_inner][vc_row_inner][vc_column_inner width=&#8221;1\/4&#8243;][mk_image src=&#8221;https:\/\/8thsociodramaconference.com\/wp-content\/uploads\/2024\/02\/Judith-Teszary.png&#8221; image_width=&#8221;402&#8243; image_height=&#8221;275&#8243; crop=&#8221;false&#8221; hover=&#8221;false&#8221;][\/vc_column_inner][vc_column_inner width=&#8221;3\/4&#8243;][vc_column_text responsive_align=&#8221;left&#8221;]<span style=\"font-weight: 400;\">Tesz\u00e1ry Judith pszichol\u00f3gus, pszichodr\u00e1ma \u00e9s szociodr\u00e1ma kik\u00e9pz\u0151 szuperv\u00edzor, nemzetk\u00f6zi el\u0151ad\u00f3. Zerka Moreno k\u00e9pezte ki a Moreno Int\u00e9zetben (Beacon, New York). A FEPTO alap\u00edt\u00f3 tagja, hat \u00e9vig (2002-2008) eln\u00f6ke is volt. Tev\u00e9kenys\u00e9g\u00e9\u00e9rt \u00e9letm\u0171d\u00edjat kapott. Tagja a Task Force for Peace and Conflict Transformation csoportnak, amely a szociodr\u00e1ma m\u00f3dszer\u00e9t haszn\u00e1lja konfliktusos ter\u00fcleteken, seg\u00edtve a seg\u00edt\u0151ket a traumatikus \u00e9lm\u00e9nyek feldolgoz\u00e1s\u00e1ban, p\u00e9ld\u00e1ul a kijevi Majdan forradalom ut\u00e1n. K\u00e9t ukrajnai t\u00e1mogat\u00f3\/ter\u00e1pi\u00e1s csoportot vezet. Dolgozott pszichoszomatikus betegekkel, pszichoszociodr\u00e1ma alkalmaz\u00e1s\u00e1val egy kutat\u00e1si \u00e9s gy\u00f3g\u00edt\u00f3 projektben a stockholmi Karolinska Int\u00e9zet Stresszkutat\u00e1si Oszt\u00e1ly\u00e1n. Stockholm v\u00e1ros szoci\u00e1lis oszt\u00e1ly\u00e1n nevel\u0151sz\u00fcl\u0151kn\u00e9l dolgozott pszichol\u00f3gusk\u00e9nt. Szoci\u00e1lis munk\u00e1sokat k\u00e9pzett szociodramatikus m\u00f3dszerekkel. A Sv\u00e9d Pszichodr\u00e1ma Egyes\u00fclet eln\u00f6ke.<\/span><\/p>\n<p><span style=\"font-weight: 400;\">Szociopszichodr\u00e1ma vezet\u0151k\u00e9nt r\u00e9szt vesz egy projektben, amely a roma n\u0151k magyarorsz\u00e1gi eg\u00e9szs\u00e9g\u00fcgyi ell\u00e1t\u00e1sban szerzett tapasztalataival foglalkozik. T\u00edz \u00e9vig alkalmazta a szociodr\u00e1m\u00e1t a sv\u00e9d ipari szakszervezeti vezet\u0151k, \u00e9s az eg\u00e9szs\u00e9g\u00fcgyi dolgoz\u00f3k konfliktuskezel\u00e9si tanfolyami k\u00e9pz\u00e9s\u00e9ben. A P.E.R.F.F.O.R.M.E.R.S, egy Erasmus+ szociodr\u00e1ma projekt szakmai vezet\u0151je \u00e9s nemzetk\u00f6zi koordin\u00e1tora volt. A Magyar Pszichodr\u00e1ma Egyes\u00fclet (MPE) keret\u00e9ben az els\u0151 magyarorsz\u00e1gi szociodr\u00e1ma pilot k\u00e9pz\u00e9sben kik\u00e9pz\u0151 szuperv\u00edzor volt. \u0150 vezette az els\u0151 szociodr\u00e1ma pilot k\u00e9pz\u00e9st Kair\u00f3ban, Egyiptomban. 2023. szeptember\u00e9ben teljes szociodr\u00e1ma k\u00e9pz\u00e9si programot ind\u00edtott a rakhawyi k\u00e9pz\u00e9si \u00e9s kutat\u00e1si int\u00e9zetben Kairoban.<\/span>[\/vc_column_text][\/vc_column_inner][\/vc_row_inner][\/vc_column][\/mk_page_section]\n<\/section>","protected":false},"excerpt":{"rendered":"<p>[mk_page_section][vc_column][mk_fancy_title tag_name=&#8221;h2&#8243; size=&#8221;40&#8243; line_height=&#8221;50&#8243; font_family=&#8221;Oswald&#8221; font_type=&#8221;google&#8221; margin_bottom=&#8221;0&#8243;] CSOPORTMUNKA A HATALOM M\u00c1GNESES MEZ\u0150IBEN. A SEMLEGESS\u00c9GT\u0150L AZ \u00c9RDEK\u00c9RV\u00c9NYES\u00cdT\u00c9SIG (A workshop nyelve angol \u00e9s magyar) EL\u0150AD\u00d3K: L\u0150RINCZ \u00c9VA &#8211; TESZ\u00c1RY JUDITH [\/mk_fancy_title][vc_row_inner][vc_column_inner width=&#8221;1\/6&#8243;][mk_image_box title=&#8221;Sociodrama and power&#8221; src=&#8221;https:\/\/8thsociodramaconference.com\/wp-content\/uploads\/2024\/02\/Power-and-Democratic-1.png&#8221; media_width=&#8221;421&#8243; media_height=&#8221;294&#8243; crop=&#8221;false&#8221; image_link=&#8221;url&#8221; url=&#8221;https:\/\/8thsociodramaconference.com\/topic-sociodrama-power\/&#8221; target=&#8221;_blank&#8221; align=&#8221;center&#8221; rounded_corner=&#8221;true&#8221;][\/mk_image_box][\/vc_column_inner][vc_column_inner width=&#8221;2\/3&#8243;][vc_column_text responsive_align=&#8221;left&#8221;] ID\u0150PONT: J\u00fanius 27. cs\u00fct\u00f6r\u00f6k, 14:00-16:30 T\u00c9MA: Szociodr\u00e1ma \u00e9s hatalom \u2013 a [&hellip;]<\/p>\n","protected":false},"author":4,"featured_media":0,"parent":0,"menu_order":0,"comment_status":"closed","ping_status":"closed","template":"","meta":{"footnotes":""},"class_list":["post-5981","page","type-page","status-publish","hentry"],"_links":{"self":[{"href":"https:\/\/8thsociodramaconference.com\/hu\/wp-json\/wp\/v2\/pages\/5981","targetHints":{"allow":["GET"]}}],"collection":[{"href":"https:\/\/8thsociodramaconference.com\/hu\/wp-json\/wp\/v2\/pages"}],"about":[{"href":"https:\/\/8thsociodramaconference.com\/hu\/wp-json\/wp\/v2\/types\/page"}],"author":[{"embeddable":true,"href":"https:\/\/8thsociodramaconference.com\/hu\/wp-json\/wp\/v2\/users\/4"}],"replies":[{"embeddable":true,"href":"https:\/\/8thsociodramaconference.com\/hu\/wp-json\/wp\/v2\/comments?post=5981"}],"version-history":[{"count":8,"href":"https:\/\/8thsociodramaconference.com\/hu\/wp-json\/wp\/v2\/pages\/5981\/revisions"}],"predecessor-version":[{"id":7652,"href":"https:\/\/8thsociodramaconference.com\/hu\/wp-json\/wp\/v2\/pages\/5981\/revisions\/7652"}],"wp:attachment":[{"href":"https:\/\/8thsociodramaconference.com\/hu\/wp-json\/wp\/v2\/media?parent=5981"}],"curies":[{"name":"wp","href":"https:\/\/api.w.org\/{rel}","templated":true}]}}