{"id":5978,"date":"2024-02-16T11:52:39","date_gmt":"2024-02-16T10:52:39","guid":{"rendered":"https:\/\/8thsociodramaconference.com\/program-gabor-csuvik-krisztina-galgoczi\/"},"modified":"2024-05-27T09:31:30","modified_gmt":"2024-05-27T07:31:30","slug":"program-gabor-csuvik-krisztina-galgoczi","status":"publish","type":"page","link":"https:\/\/8thsociodramaconference.com\/hu\/program-gabor-csuvik-krisztina-galgoczi\/","title":{"rendered":"Program G\u00e1bor Csuvik &#8211; Krisztina Galg\u00f3czi"},"content":{"rendered":"<section class=\"wpb-content-wrapper\">[mk_page_section][vc_column][mk_fancy_title tag_name=&#8221;h2&#8243; size=&#8221;40&#8243; line_height=&#8221;50&#8243; font_family=&#8221;Oswald&#8221; font_type=&#8221;google&#8221; margin_bottom=&#8221;0&#8243;]\n<h3 style=\"text-align: center;\"><b>EMP\u00c1TIA A GYAKORLATBAN:<br \/>\nSZOCIODRAMATIKUS TECHNIK\u00c1K FELFEDEZ\u00c9SE SEG\u00cdT\u0150K SZ\u00c1M\u00c1RA<\/b><\/h3>\n<h5 style=\"text-align: center;\"><em>(A workshop nyelve angol \u00e9s magyar)<\/em><\/h5>\n<h5 style=\"text-align: center;\"><span style=\"color: #800000;\"><strong>EL\u0150AD\u00d3K:<\/strong><b> CSUVIK G\u00c1BOR &#8211; GALG\u00d3CZI KRISZTINA<\/b><\/span><\/h5>\n[\/mk_fancy_title][vc_row_inner][vc_column_inner width=&#8221;1\/6&#8243;][mk_image_box title=&#8221;Sociodrama and power&#8221; src=&#8221;https:\/\/8thsociodramaconference.com\/wp-content\/uploads\/2024\/02\/Next-Generation-2.png&#8221; media_width=&#8221;421&#8243; media_height=&#8221;294&#8243; crop=&#8221;false&#8221; image_link=&#8221;url&#8221; url=&#8221;https:\/\/8thsociodramaconference.com\/topic-sociodrama-youth\/&#8221; target=&#8221;_blank&#8221; align=&#8221;center&#8221; rounded_corner=&#8221;true&#8221;][\/mk_image_box][\/vc_column_inner][vc_column_inner width=&#8221;2\/3&#8243;][vc_column_text responsive_align=&#8221;left&#8221;]\n<h5 style=\"text-align: left;\"><b>ID\u0150PONT<\/b><strong>: <\/strong>J\u00fanius 29. szombat, 10:00-12:30<br \/>\n<strong>T\u00c9MA: <\/strong>Szociodr\u00e1ma \u00e9s a j\u00f6v\u0151 gener\u00e1ci\u00f3ja: gyerekek, fiatalok \u00e9s a vel\u00fck foglalkoz\u00f3 szakemberek, int\u00e9zm\u00e9nyek szociodr\u00e1m\u00e1ja<br \/>\n<strong>PROGRAM T\u00cdPUSA: <\/strong>Workshop<br \/>\nTEREM:<br \/>\n<strong>R\u00c9SZTVEV\u0150K SZ\u00c1MA: <\/strong>20<br \/>\n<strong>NYELV:<\/strong> Angol \u00e9s magyar<br \/>\n<strong>C\u00cdMKE: <\/strong><a href=\"https:\/\/8thsociodramaconference.com\/hu\/topic-sociodrama-youth\/\" target=\"_blank\" rel=\"noopener\">Szociodr\u00e1ma \u00e9s fiatalok,<\/a> <a href=\"https:\/\/8thsociodramaconference.com\/hu\/workshops-jun29-morning\/\" target=\"_blank\" rel=\"noopener\">Programok j\u00fanius 29-\u00e9n d\u00e9lel\u0151tt<\/a><\/h5>\n[\/vc_column_text][\/vc_column_inner][vc_column_inner width=&#8221;1\/6&#8243;][\/vc_column_inner][\/vc_row_inner][\/vc_column][\/mk_page_section][mk_page_section padding=&#8221;0&#8243;][vc_column][vc_column_text responsive_align=&#8221;left&#8221;]\n<h5 style=\"text-align: center;\"><b>ABSZTRAKT:<\/b><\/h5>\n[\/vc_column_text][vc_column_text responsive_align=&#8221;left&#8221;]<span style=\"font-weight: 400;\">Ezen a workshopon a seg\u00edt\u0151 szakemberek \u00e9s pedag\u00f3gusok betekint\u00e9st \u00e9s els\u0151 k\u00e9zb\u0151l sz\u00e1rmaz\u00f3 tapasztalatokat szerezhetnek arr\u00f3l, hogy a szociodramatikus technik\u00e1k hogyan fejleszthetik k\u00e9szs\u00e9geiket, k\u00fcl\u00f6n\u00f6sen interkultur\u00e1lis k\u00f6rnyezetben. A r\u00e9sztvev\u0151k felfedezik seg\u00edt\u0151i szerep\u00fcket \u00e9s funkci\u00f3jukat, mik\u00f6zben betekint\u00e9st nyer\u00fcnk a k\u00fcl\u00f6nb\u00f6z\u0151 h\u00e1tter\u0171 \u00fcgyfelekkel val\u00f3 munk\u00e1ba. A workshop lehet\u0151s\u00e9get ny\u00fajt arra is, hogy felt\u00e1rjuk a h\u00e1tr\u00e1nyos helyzet\u0171 csoportokhoz val\u00f3 tartoz\u00e1ssal \u00e9s stigm\u00e1kkal kapcsolatos \u00e9rz\u00e9kenys\u00e9geket, valamint ezek hat\u00e1s\u00e1t a seg\u00edt\u0151-kliens kapcsolatra.<\/span><\/p>\n<p><span style=\"font-weight: 400;\"> A workshop m\u00f3dszertan\u00e1t egy \u00f6ngyilkoss\u00e1g-megel\u0151z\u00e9si vonal \u00f6nk\u00e9nteseinek k\u00e9pz\u00e9se sor\u00e1n fogalmaztuk meg \u00e9s finom\u00edtottuk ki, egy egyed\u00fcl\u00e1ll\u00f3 k\u00f6rnyezetben. A megk\u00f6zel\u00edt\u00e9s el\u0151k\u00e9sz\u00edt\u00e9se, tervez\u00e9se \u00e9s szuperv\u00edzi\u00f3ja a magyarorsz\u00e1gi els\u0151 szociodr\u00e1ma k\u00e9pz\u00e9s keret\u00e9ben zajlott.<\/span>[\/vc_column_text][mk_padding_divider size=&#8221;30&#8243;][vc_column_text responsive_align=&#8221;left&#8221;]\n<h5 style=\"text-align: center;\"><b>AZ EL\u0150AD\u00d3KR\u00d3L:<\/b><\/h5>\n[\/vc_column_text][vc_row_inner][vc_column_inner width=&#8221;1\/4&#8243;][mk_image src=&#8221;https:\/\/8thsociodramaconference.com\/wp-content\/uploads\/2024\/02\/Gabor-Csuvik.png&#8221; image_width=&#8221;402&#8243; image_height=&#8221;275&#8243; crop=&#8221;false&#8221; hover=&#8221;false&#8221;][\/vc_column_inner][vc_column_inner width=&#8221;3\/4&#8243;][vc_column_text responsive_align=&#8221;left&#8221;]<span style=\"font-weight: 400;\">A Magyar Pszichodr\u00e1ma Egyes\u00fclet Szociodr\u00e1ma Szekci\u00f3j\u00e1nak tagja. Pszichodr\u00e1ma asszisztens, szociodr\u00e1ma asszisztens, szoci\u00e1lis munk\u00e1s.<\/span><\/p>\n<p><span style=\"font-weight: 400;\">G\u00e1bor t\u00e1rsadalomtudom\u00e1nyi alapokkal rendelkezik, \u00e9s sz\u00e9lesk\u00f6r\u0171en vizsg\u00e1lta a tr\u00e9ningcsoportok dinamik\u00e1j\u00e1t, ahol a k\u00fcl\u00f6nb\u00f6z\u0151 h\u00e1tterek \u00e9s tapasztalatok keresztezik egym\u00e1st, ami gyakran kih\u00edv\u00e1sokhoz vezet a biztons\u00e1g megteremt\u00e9s\u00e9ben \u00e9s az \u00f6nkifejez\u00e9s el\u0151seg\u00edt\u00e9s\u00e9ben. Magyarorsz\u00e1g els\u0151 szociodr\u00e1ma k\u00e9pz\u00e9si programj\u00e1nak r\u00e9sztvev\u0151jek\u00e9nt szociodr\u00e1ma technik\u00e1kat \u00e9p\u00edtett be a gyakorlat\u00e1ba, hogy el\u0151seg\u00edtse a kultur\u00e1lis \u00e9rz\u00e9kenys\u00e9get \u00e9s befogad\u00f3 k\u00f6rnyezetet teremtsen a k\u00fcl\u00f6nb\u00f6z\u0151 h\u00e1tter\u0171 egy\u00e9nek sz\u00e1m\u00e1ra. Emellett akt\u00edvan r\u00e9szt vesz a Magyar Pszichodr\u00e1ma Egyes\u00fclet Szociodr\u00e1ma Szekci\u00f3j\u00e1nak \u00e9s a Kritikai Pszichodr\u00e1ma Munkacsoportnak a munk\u00e1j\u00e1ban.<\/span>[\/vc_column_text][\/vc_column_inner][\/vc_row_inner][vc_row_inner][vc_column_inner width=&#8221;1\/4&#8243;][mk_image src=&#8221;https:\/\/8thsociodramaconference.com\/wp-content\/uploads\/2024\/02\/Krisztina_Galgoczi.png&#8221; image_width=&#8221;402&#8243; image_height=&#8221;275&#8243; crop=&#8221;false&#8221; hover=&#8221;false&#8221;][\/vc_column_inner][vc_column_inner width=&#8221;3\/4&#8243;][vc_column_text responsive_align=&#8221;left&#8221;]<span style=\"font-weight: 400;\">A Magyar Pszichodr\u00e1ma Egyes\u00fclet Szociodr\u00e1ma Szekci\u00f3j\u00e1nak tagja, az egyes\u00fclet\u00a0<\/span><span style=\"font-weight: 400;\">pszichodr\u00e1ma vezet\u0151je \u00e9s szociodr\u00e1ma kik\u00e9pz\u0151je.<\/span><br \/>\n<span style=\"font-weight: 400;\">7 \u00e9ve akt\u00edvan dolgozik a szociodr\u00e1ma ter\u00fclet\u00e9n, a PERFORMERS nemzetk\u00f6zi projektben, egyetemi oktat\u00e1sban, iskol\u00e1kban, szoci\u00e1lis int\u00e9zm\u00e9nyekben \u00e9s nyilv\u00e1nos szociodr\u00e1ma rendezv\u00e9nyeken t\u00e1rsadalmi probl\u00e9m\u00e1k kezel\u00e9s\u00e9ben.<\/span><\/p>\n<p><span style=\"font-weight: 400;\">Hisz abban, hogy a szociodr\u00e1ma k\u00e9pes a t\u00e1rsadalmi v\u00e1ltoz\u00e1sokhoz hozz\u00e1j\u00e1rulni.<\/span><\/p>\n<p><span style=\"font-weight: 400;\">R\u00e9szt vett a PERFORMERS nemzetk\u00f6zi szociodr\u00e1ma projektben, szerkeszt\u0151k\u00e9nt \u00e9s szerz\u0151k\u00e9nt k\u00f6zrem\u0171k\u00f6d\u00f6tt az ennek eredm\u00e9nyek\u00e9nt sz\u00fcletett k\u00f6tetekben. 2019 \u00f3ta vezeti a Magyar Pszichodr\u00e1ma Egyes\u00fclet Szociodr\u00e1ma Szekci\u00f3j\u00e1t.<\/span>[\/vc_column_text][\/vc_column_inner][\/vc_row_inner][\/vc_column][\/mk_page_section]\n<\/section>","protected":false},"excerpt":{"rendered":"<p>[mk_page_section][vc_column][mk_fancy_title tag_name=&#8221;h2&#8243; size=&#8221;40&#8243; line_height=&#8221;50&#8243; font_family=&#8221;Oswald&#8221; font_type=&#8221;google&#8221; margin_bottom=&#8221;0&#8243;] EMP\u00c1TIA A GYAKORLATBAN: SZOCIODRAMATIKUS TECHNIK\u00c1K FELFEDEZ\u00c9SE SEG\u00cdT\u0150K SZ\u00c1M\u00c1RA (A workshop nyelve angol \u00e9s magyar) EL\u0150AD\u00d3K: CSUVIK G\u00c1BOR &#8211; GALG\u00d3CZI KRISZTINA [\/mk_fancy_title][vc_row_inner][vc_column_inner width=&#8221;1\/6&#8243;][mk_image_box title=&#8221;Sociodrama and power&#8221; src=&#8221;https:\/\/8thsociodramaconference.com\/wp-content\/uploads\/2024\/02\/Next-Generation-2.png&#8221; media_width=&#8221;421&#8243; media_height=&#8221;294&#8243; crop=&#8221;false&#8221; image_link=&#8221;url&#8221; url=&#8221;https:\/\/8thsociodramaconference.com\/topic-sociodrama-youth\/&#8221; target=&#8221;_blank&#8221; align=&#8221;center&#8221; rounded_corner=&#8221;true&#8221;][\/mk_image_box][\/vc_column_inner][vc_column_inner width=&#8221;2\/3&#8243;][vc_column_text responsive_align=&#8221;left&#8221;] ID\u0150PONT: J\u00fanius 29. szombat, 10:00-12:30 T\u00c9MA: Szociodr\u00e1ma \u00e9s a j\u00f6v\u0151 gener\u00e1ci\u00f3ja: gyerekek, [&hellip;]<\/p>\n","protected":false},"author":4,"featured_media":0,"parent":0,"menu_order":0,"comment_status":"closed","ping_status":"closed","template":"","meta":{"footnotes":""},"class_list":["post-5978","page","type-page","status-publish","hentry"],"_links":{"self":[{"href":"https:\/\/8thsociodramaconference.com\/hu\/wp-json\/wp\/v2\/pages\/5978","targetHints":{"allow":["GET"]}}],"collection":[{"href":"https:\/\/8thsociodramaconference.com\/hu\/wp-json\/wp\/v2\/pages"}],"about":[{"href":"https:\/\/8thsociodramaconference.com\/hu\/wp-json\/wp\/v2\/types\/page"}],"author":[{"embeddable":true,"href":"https:\/\/8thsociodramaconference.com\/hu\/wp-json\/wp\/v2\/users\/4"}],"replies":[{"embeddable":true,"href":"https:\/\/8thsociodramaconference.com\/hu\/wp-json\/wp\/v2\/comments?post=5978"}],"version-history":[{"count":9,"href":"https:\/\/8thsociodramaconference.com\/hu\/wp-json\/wp\/v2\/pages\/5978\/revisions"}],"predecessor-version":[{"id":7836,"href":"https:\/\/8thsociodramaconference.com\/hu\/wp-json\/wp\/v2\/pages\/5978\/revisions\/7836"}],"wp:attachment":[{"href":"https:\/\/8thsociodramaconference.com\/hu\/wp-json\/wp\/v2\/media?parent=5978"}],"curies":[{"name":"wp","href":"https:\/\/api.w.org\/{rel}","templated":true}]}}