{"id":5972,"date":"2024-02-23T07:33:32","date_gmt":"2024-02-23T06:33:32","guid":{"rendered":"https:\/\/8thsociodramaconference.com\/program-hossein-oroumiehchiha\/"},"modified":"2024-06-01T06:14:33","modified_gmt":"2024-06-01T04:14:33","slug":"program-hossein-oroumiehchiha","status":"publish","type":"page","link":"https:\/\/8thsociodramaconference.com\/hu\/program-hossein-oroumiehchiha\/","title":{"rendered":"Program Hossein Oroumiehchiha"},"content":{"rendered":"<section class=\"wpb-content-wrapper\">[mk_page_section][vc_column][mk_fancy_title tag_name=&#8221;h2&#8243; size=&#8221;40&#8243; line_height=&#8221;50&#8243; font_family=&#8221;Oswald&#8221; font_type=&#8221;google&#8221; margin_bottom=&#8221;0&#8243;]\n<h3 style=\"text-align: center;\"><b>CSEHOV SIR\u00c1LY\u00c1NAK METASZ\u00cdNH\u00c1ZI R\u00c9TEGEI &#8211;<br \/>\nTREPLJOV SZEREP\u00c9NEK SZOCIODRAMATIKUS ELEMZ\u00c9SE<\/b><\/h3>\n<h5 style=\"text-align: center;\"><em>(Az el\u0151ad\u00e1s nyelve angol)<\/em><\/h5>\n<h5 style=\"text-align: center;\"><span style=\"color: #800000;\"><strong>EL\u0150AD\u00d3: <b>HOSSEIN OROUMIEHCHIHA<\/b><\/strong><\/span><\/h5>\n[\/mk_fancy_title][vc_row_inner][vc_column_inner width=&#8221;1\/6&#8243;][mk_image_box title=&#8221;Sociodrama and power&#8221; src=&#8221;https:\/\/8thsociodramaconference.com\/wp-content\/uploads\/2024\/02\/Sociodrama-and-More-1.png&#8221; media_width=&#8221;421&#8243; media_height=&#8221;294&#8243; crop=&#8221;false&#8221; image_link=&#8221;url&#8221; url=&#8221;https:\/\/8thsociodramaconference.com\/topic-sociodrama-more\/&#8221; target=&#8221;_blank&#8221; align=&#8221;center&#8221; rounded_corner=&#8221;true&#8221;][\/mk_image_box][\/vc_column_inner][vc_column_inner width=&#8221;2\/3&#8243;][vc_column_text responsive_align=&#8221;left&#8221;]\n<h5 style=\"text-align: left;\"><b>ID\u0150PONT: <\/b>J\u00fanius 29. szombat, 9:00-9:50<br \/>\n<b><\/b><strong>T\u00c9MA: <\/strong>Szociodr\u00e1ma \u00e9s kapcsol\u00f3d\u00e1sai<br \/>\n<b>PROGRAM T\u00cdPUSA:<\/b> Prezent\u00e1ci\u00f3<br \/>\n<strong>TEREM:<\/strong><br \/>\n<strong>R\u00c9SZTVEV\u0150K SZ\u00c1MA: <\/strong>15<br \/>\n<strong>NYELV:<\/strong> Angol<br \/>\n<strong>C\u00cdMKE: <\/strong><a href=\"https:\/\/8thsociodramaconference.com\/hu\/topic-sociodrama-more\/\" target=\"_blank\" rel=\"noopener\">Kitekint\u00e9s<\/a>, <a href=\"https:\/\/8thsociodramaconference.com\/hu\/presentations-jun29-morning\/\" target=\"_blank\" rel=\"noopener\">Prezent\u00e1ci\u00f3k j\u00fanius 29-\u00e9n d\u00e9lel\u0151tt<\/a><\/h5>\n[\/vc_column_text][\/vc_column_inner][vc_column_inner width=&#8221;1\/6&#8243;][\/vc_column_inner][\/vc_row_inner][\/vc_column][\/mk_page_section][mk_page_section padding=&#8221;0&#8243;][vc_column][vc_column_text responsive_align=&#8221;left&#8221;]\n<h5 style=\"text-align: center;\"><b>ABSZTRAKT:<\/b><\/h5>\n[\/vc_column_text][vc_column_text responsive_align=&#8221;left&#8221;]<span style=\"font-weight: 400;\">Ez a prezent\u00e1ci\u00f3 Anton Pavlovics Csehov \u201eA Sir\u00e1ly\u201d c\u00edm\u0171 m\u0171v\u00e9nek metasz\u00ednh\u00e1zi vonatkoz\u00e1sait vizsg\u00e1lja, k\u00fcl\u00f6n\u00f6s tekintettel az egyik szerepl\u0151, Trepljev figur\u00e1j\u00e1ra. Jacob L. Moreno szociodr\u00e1ma elm\u00e9let\u00e9t haszn\u00e1ljuk, hogy meg\u00e9rts\u00fck, hogyan kapcsol\u00f3dnak \u00f6ssze a szem\u00e9lyes probl\u00e9m\u00e1k \u00e9s a t\u00e1rsadalmi norm\u00e1k a darabban. Ennek fontos r\u00e9sze a Trepljov \u00e1ltal alkotott \u00fajfajta el\u0151ad\u00e1s, amely nagyon k\u00fcl\u00f6nb\u00f6zik az anyja, Arkadina \u00e1ltal k\u00e9pviselt hagyom\u00e1nyos sz\u00ednh\u00e1zt\u00f3l. Elemezz\u00fck, hogy Trepljov hogyan pr\u00f3b\u00e1lja megtal\u00e1lni saj\u00e1t m\u0171v\u00e9szi hangj\u00e1t \u00e9s identit\u00e1s\u00e1t, mik\u00f6zben kirajzol\u00f3dnak az adott korszak nagy, gener\u00e1ci\u00f3k \u00e9s eszm\u00e9k k\u00f6z\u00f6tti konfliktusai.\u00a0<\/span><\/p>\n<p><span style=\"font-weight: 400;\">A prezent\u00e1ci\u00f3 sor\u00e1n a szociodr\u00e1m\u00e1t haszn\u00e1ljuk arra, hogy olyan t\u00e9m\u00e1kat vizsg\u00e1ljunk, mint a m\u0171v\u00e9szeti h\u0171s\u00e9g, a csal\u00e1don bel\u00fcli probl\u00e9m\u00e1k \u00e9s a t\u00e1rsadalmi norm\u00e1k k\u00f6vet\u00e9s\u00e9re ir\u00e1nyul\u00f3 nyom\u00e1s. Emellett azon is gondolkodunk, hogyan von\u00f3dik be a k\u00f6z\u00f6ns\u00e9g a metasz\u00ednh\u00e1zi vil\u00e1gba.\u00a0 Ez megmutatja, Csehov mik\u00e9nt keveri \u00f6ssze az alak\u00edt\u00e1st \u00e9s a val\u00f3di \u00e9letet, arra k\u00e9sztetve az embereket, hogy gondolkodjanak saj\u00e1t t\u00e1rsadalmi szerepeiken \u00e9s identit\u00e1saikon.<\/span><\/p>\n<p><span style=\"font-weight: 400;\">V\u00e9g\u00fcl \u201eA Sir\u00e1ly\u201d-t mint\u00a0 a szociodr\u00e1ma sz\u00e1m\u00e1ra er\u0151s eszk\u00f6zt fogjuk l\u00e1tni. Hiszen a darab bonyolult kapcsolatokat mutat be az emberek \u00e9s a t\u00e1rsadalmi elv\u00e1r\u00e1sok k\u00f6z\u00f6tt, \u00e9s m\u00e9ly elgondolkod\u00e1sra k\u00e9sztet m\u0171v\u00e9szetr\u0151l, arr\u00f3l hogy kik vagyunk, \u00e9s hogyan ker\u00fcl\u00fcnk interakci\u00f3ba egym\u00e1ssal. Ez a m\u00e9ly r\u00e1n\u00e9z\u00e9s Csehov darabj\u00e1ra ism\u00e9t seg\u00edt nek\u00fcnk felismerni a m\u0171 jelent\u0151ss\u00e9g\u00e9t \u00e9s m\u0171v\u00e9szeti kvalit\u00e1sait.<\/span><\/p>\n<p><span style=\"font-weight: 400;\">Tanul\u00e1si c\u00e9lok:<\/span><\/p>\n<ul>\n<li style=\"font-weight: 400;\" aria-level=\"1\"><span style=\"font-weight: 400;\">A r\u00e9sztvev\u0151k megtanulj\u00e1k azonos\u00edtani \u00e9s meg\u00e9rteni \u201eA Sir\u00e1ly\u201d metasz\u00ednh\u00e1zi r\u00e9szeit, \u00e9s l\u00e1tni, mi\u00e9rt fontosak a t\u00e1rsadalmi \u00e9s szem\u00e9lyes probl\u00e9m\u00e1k megjelen\u00edt\u00e9s\u00e9hez.<\/span><\/li>\n<li style=\"font-weight: 400;\" aria-level=\"1\"><span style=\"font-weight: 400;\">A r\u00e9sztvev\u0151k t\u00f6bbet tudhatnak meg arr\u00f3l, hogy a dr\u00e1ma hogyan haszn\u00e1lhat\u00f3 a t\u00e1rsadalom \u00e9s a pszichol\u00f3gia tanulm\u00e1nyoz\u00e1s\u00e1ra, \u00e9s hogy a dr\u00e1mairodalom hogyan befoly\u00e1solja, mik\u00e9pp l\u00e1tja \u00e9s hogyan viszonyul a k\u00f6z\u00f6ns\u00e9g a darabhoz.\u00a0<\/span><\/li>\n<\/ul>\n[\/vc_column_text][mk_padding_divider size=&#8221;30&#8243;][vc_column_text responsive_align=&#8221;left&#8221;]\n<h5 style=\"text-align: center;\"><b>AZ EL\u0150AD\u00d3R\u00d3L:<\/b><\/h5>\n[\/vc_column_text][vc_row_inner][vc_column_inner width=&#8221;1\/4&#8243;][mk_image src=&#8221;https:\/\/8thsociodramaconference.com\/wp-content\/uploads\/2024\/02\/HosseinOroumiehchiha-.png&#8221; image_width=&#8221;402&#8243; image_height=&#8221;275&#8243; crop=&#8221;false&#8221; hover=&#8221;false&#8221;][\/vc_column_inner][vc_column_inner width=&#8221;3\/4&#8243;][vc_column_text responsive_align=&#8221;left&#8221;]\n<p style=\"text-align: left;\">Ir\u00e1nban orosz nyelvb\u0151l \u00e9s dr\u00e1mairodalomb\u00f3l MA diplom\u00e1t szereztem, a diplomamunk\u00e1m Csehov perzsa nyelv\u0171 dr\u00e1m\u00e1inak ford\u00edt\u00e1s\u00e1t vizsg\u00e1lta k\u00fcl\u00f6nb\u00f6z\u0151 id\u0151szakokban.<br \/>\n2022-ben a Charles University-n kutat\u00e1som Dr. Alena Sarkissian vezet\u00e9s\u00e9vel Csehov dr\u00e1m\u00e1inak prominens szerepl\u0151inek traumatikus \u00e9lm\u00e9nyeit vizsg\u00e1lja.<br \/>\nTudom\u00e1nyos \u00e9rdekl\u0151d\u00e9semet a traumatanulm\u00e1nyok k\u00e9pezik, kiemelve elk\u00f6telezetts\u00e9gemet az irodalmi m\u0171vek l\u00e9lektani m\u00e9lys\u00e9gei \u00e9s kultur\u00e1lis hat\u00e1sainak felt\u00e1r\u00e1sa ir\u00e1nt, k\u00fcl\u00f6n\u00f6sen az orosz irodalom ter\u00fclet\u00e9n.<\/p>\n[\/vc_column_text][\/vc_column_inner][\/vc_row_inner][\/vc_column][\/mk_page_section]\n<\/section>","protected":false},"excerpt":{"rendered":"<p>[mk_page_section][vc_column][mk_fancy_title tag_name=&#8221;h2&#8243; size=&#8221;40&#8243; line_height=&#8221;50&#8243; font_family=&#8221;Oswald&#8221; font_type=&#8221;google&#8221; margin_bottom=&#8221;0&#8243;] CSEHOV SIR\u00c1LY\u00c1NAK METASZ\u00cdNH\u00c1ZI R\u00c9TEGEI &#8211; TREPLJOV SZEREP\u00c9NEK SZOCIODRAMATIKUS ELEMZ\u00c9SE (Az el\u0151ad\u00e1s nyelve angol) EL\u0150AD\u00d3: HOSSEIN OROUMIEHCHIHA [\/mk_fancy_title][vc_row_inner][vc_column_inner width=&#8221;1\/6&#8243;][mk_image_box title=&#8221;Sociodrama and power&#8221; src=&#8221;https:\/\/8thsociodramaconference.com\/wp-content\/uploads\/2024\/02\/Sociodrama-and-More-1.png&#8221; media_width=&#8221;421&#8243; media_height=&#8221;294&#8243; crop=&#8221;false&#8221; image_link=&#8221;url&#8221; url=&#8221;https:\/\/8thsociodramaconference.com\/topic-sociodrama-more\/&#8221; target=&#8221;_blank&#8221; align=&#8221;center&#8221; rounded_corner=&#8221;true&#8221;][\/mk_image_box][\/vc_column_inner][vc_column_inner width=&#8221;2\/3&#8243;][vc_column_text responsive_align=&#8221;left&#8221;] ID\u0150PONT: J\u00fanius 29. szombat, 9:00-9:50 T\u00c9MA: Szociodr\u00e1ma \u00e9s kapcsol\u00f3d\u00e1sai PROGRAM T\u00cdPUSA: Prezent\u00e1ci\u00f3 TEREM: R\u00c9SZTVEV\u0150K SZ\u00c1MA: 15 [&hellip;]<\/p>\n","protected":false},"author":4,"featured_media":0,"parent":0,"menu_order":0,"comment_status":"closed","ping_status":"closed","template":"","meta":{"footnotes":""},"class_list":["post-5972","page","type-page","status-publish","hentry"],"_links":{"self":[{"href":"https:\/\/8thsociodramaconference.com\/hu\/wp-json\/wp\/v2\/pages\/5972","targetHints":{"allow":["GET"]}}],"collection":[{"href":"https:\/\/8thsociodramaconference.com\/hu\/wp-json\/wp\/v2\/pages"}],"about":[{"href":"https:\/\/8thsociodramaconference.com\/hu\/wp-json\/wp\/v2\/types\/page"}],"author":[{"embeddable":true,"href":"https:\/\/8thsociodramaconference.com\/hu\/wp-json\/wp\/v2\/users\/4"}],"replies":[{"embeddable":true,"href":"https:\/\/8thsociodramaconference.com\/hu\/wp-json\/wp\/v2\/comments?post=5972"}],"version-history":[{"count":10,"href":"https:\/\/8thsociodramaconference.com\/hu\/wp-json\/wp\/v2\/pages\/5972\/revisions"}],"predecessor-version":[{"id":8139,"href":"https:\/\/8thsociodramaconference.com\/hu\/wp-json\/wp\/v2\/pages\/5972\/revisions\/8139"}],"wp:attachment":[{"href":"https:\/\/8thsociodramaconference.com\/hu\/wp-json\/wp\/v2\/media?parent=5972"}],"curies":[{"name":"wp","href":"https:\/\/api.w.org\/{rel}","templated":true}]}}