{"id":5967,"date":"2024-02-16T07:07:05","date_gmt":"2024-02-16T06:07:05","guid":{"rendered":"https:\/\/8thsociodramaconference.com\/program-robert-zammit-lara-vincent\/"},"modified":"2024-05-27T09:10:47","modified_gmt":"2024-05-27T07:10:47","slug":"program-robert-zammit-lara-vincent","status":"publish","type":"page","link":"https:\/\/8thsociodramaconference.com\/hu\/program-robert-zammit-lara-vincent\/","title":{"rendered":"Program Robert Zammit &#8211; Lara Vincent"},"content":{"rendered":"<section class=\"wpb-content-wrapper\">[mk_page_section][vc_column][mk_fancy_title tag_name=&#8221;h2&#8243; size=&#8221;40&#8243; line_height=&#8221;50&#8243; font_family=&#8221;Oswald&#8221; font_type=&#8221;google&#8221; margin_bottom=&#8221;0&#8243;]\n<h3 style=\"text-align: center;\"><b>SZOCIODR\u00c1MA AZ IDEGEN NYELV OKTAT\u00c1SBAN<\/b><\/h3>\n<h5 style=\"text-align: center;\"><em>(A workshop nyelve angol)<\/em><\/h5>\n<h5 style=\"text-align: center;\"><span style=\"color: #800000;\"><strong>EL\u0150AD\u00d3K:<\/strong><b> ROBERT ZAMMIT &#8211; LARA VINCENT<\/b><\/span><\/h5>\n[\/mk_fancy_title][vc_row_inner][vc_column_inner width=&#8221;1\/6&#8243;][mk_image_box title=&#8221;Sociodrama and power&#8221; src=&#8221;https:\/\/8thsociodramaconference.com\/wp-content\/uploads\/2024\/02\/Sociodrama-and-More-1.png&#8221; media_width=&#8221;421&#8243; media_height=&#8221;294&#8243; crop=&#8221;false&#8221; image_link=&#8221;url&#8221; url=&#8221;https:\/\/8thsociodramaconference.com\/topic-sociodrama-more\/&#8221; target=&#8221;_blank&#8221; align=&#8221;center&#8221; rounded_corner=&#8221;true&#8221;][\/mk_image_box][\/vc_column_inner][vc_column_inner width=&#8221;2\/3&#8243;][vc_column_text responsive_align=&#8221;left&#8221;]\n<h5 style=\"text-align: left;\"><b>ID\u0150PONT<\/b><strong>: <\/strong>J\u00fanius 29. Szombat\u00a0 10:00-12:30<br \/>\n<strong>T\u00c9MA: <\/strong>Szociodr\u00e1ma \u00e9s kapcsol\u00f3d\u00e1sai<br \/>\n<strong>PROGRAM T\u00cdPUSA: <\/strong>Workshop<br \/>\n<strong>TEREM:<\/strong><br \/>\n<strong>R\u00c9SZTVEV\u0150K SZ\u00c1MA: 20<br \/>\nNYELV:<\/strong> Angol<br \/>\n<strong>C\u00cdMKE: <\/strong><a href=\"https:\/\/8thsociodramaconference.com\/hu\/topic-sociodrama-more\/\" target=\"_blank\" rel=\"noopener\">Kitekint\u00e9s,<\/a> <a href=\"https:\/\/8thsociodramaconference.com\/hu\/workshops-jun29-morning\/\" target=\"_blank\" rel=\"noopener\">Programok j\u00fanius 29-\u00e9n d\u00e9lel\u0151tt<\/a><\/h5>\n[\/vc_column_text][\/vc_column_inner][vc_column_inner width=&#8221;1\/6&#8243;][\/vc_column_inner][\/vc_row_inner][\/vc_column][\/mk_page_section][mk_page_section padding=&#8221;0&#8243;][vc_column][vc_column_text responsive_align=&#8221;left&#8221;]\n<h5 style=\"text-align: center;\"><b>ABSZTRAKT:<\/b><\/h5>\n[\/vc_column_text][vc_column_text responsive_align=&#8221;left&#8221;]<span style=\"font-weight: 400;\">Ez a workshop azt mutatja be, hogyan haszn\u00e1lhatjuk a szociodr\u00e1m\u00e1t az idegennyelv oktat\u00e1s keret\u00e9ben. Az oszt\u00e1ly r\u00e9sztvev\u0151i term\u00e9szetesen emberi l\u00e9nyek \u00e9s ekk\u00e9nt is dolgozunk vel\u00fck. M\u00f3dszer\u00fcnk a nyelvtanul\u00e1st seg\u00edt\u0151 pszichodramaturgia (PDL), amely Moreno fejl\u0151d\u00e9s- \u00e9s ide\u00e1lis m\u0171k\u00f6d\u00e9s koncepci\u00f3ira \u00e9p\u00edt. Kulcsa a kreativit\u00e1s. <\/span><\/p>\n<p><span style=\"font-weight: 400;\">Moreno szerint a spontaneit\u00e1s tanulhat\u00f3 \u00e9s gyakorolhat\u00f3. Ezt tessz\u00fck programunk sor\u00e1n.<\/span><\/p>\n<p><span style=\"font-weight: 400;\">\u00a0A PDL a tal\u00e1lkoz\u00e1son (encounter) \u00e9s az itt \u00e9s moston alapul\u00f3 pedag\u00f3giai m\u00f3dszer. A r\u00e9sztvev\u0151k nem tanulj\u00e1k a nyelvet, hanem a tal\u00e1lkoz\u00e1s eszk\u00f6zek\u00e9nt haszn\u00e1lj\u00e1k. Arr\u00f3l sz\u00f3l, hogy haszn\u00e1lj\u00e1k, legyenek benne, \u00e9ljenek az idegen nyelvben. <\/span><span style=\"font-weight: 400;\">Az oktat\u00f3 a kereteket \u00e9s a biztons\u00e1gos teret biztos\u00edtja, \u00e9s v\u00e9gig abban t\u00e1mogatja a r\u00e9sztvev\u0151ket, hogy ki tudj\u00e1k fejezni magukat. <\/span><\/p>\n<p><span style=\"font-weight: 400;\">Workshopunk lehet\u0151s\u00e9get teremt annak megtapasztal\u00e1sra, hogyan zajlik a nyelvtanul\u00e1s a PDL m\u00f3dszerrel, amely pedag\u00f3giai alapokra \u00e9p\u00edt, \u00e9s a r\u00e9sztvev\u0151k illetve a csoport sz\u00e1m\u00e1ra relev\u00e1ns tartalmakkal dolgozik. <\/span><\/p>\n<p><span style=\"font-weight: 400;\">A workshop r\u00e9sztvev\u0151i k\u00e9pesek lesznek a szociodramatikus szerep\u00e9p\u00edt\u00e9s \u00e9s szerepj\u00e1t\u00e9k alkalmaz\u00e1s\u00e1ra a idegennyelv tan\u00edt\u00e1sban, jobban fogj\u00e1k \u00e9rteni, hogy a nyelvtanul\u00e1s mik\u00e9pp is t\u00f6rt\u00e9nik,\u00a0 praktikus eszk\u00f6z\u00f6ket kapnak a tal\u00e1lkoz\u00e1sok (interakci\u00f3k) facilit\u00e1l\u00e1s\u00e1ra az idegennyelv \u00f3r\u00e1kon.<\/span>[\/vc_column_text][mk_padding_divider size=&#8221;30&#8243;][vc_column_text responsive_align=&#8221;left&#8221;]\n<h5 style=\"text-align: center;\"><b>AZ EL\u0150AD\u00d3KR\u00d3L:<\/b><\/h5>\n[\/vc_column_text][vc_row_inner][vc_column_inner width=&#8221;1\/4&#8243;][mk_image src=&#8221;https:\/\/8thsociodramaconference.com\/wp-content\/uploads\/2024\/02\/Robert-Zammit.png&#8221; image_width=&#8221;402&#8243; image_height=&#8221;275&#8243; crop=&#8221;false&#8221; hover=&#8221;false&#8221;][mk_image src=&#8221;https:\/\/8thsociodramaconference.com\/wp-content\/uploads\/2024\/02\/Lara-Vincent.png&#8221; crop=&#8221;false&#8221; hover=&#8221;false&#8221;][\/vc_column_inner][vc_column_inner width=&#8221;3\/4&#8243;][vc_column_text responsive_align=&#8221;left&#8221;]<span style=\"font-weight: 400;\">Robert Zammit (M\u00e1lta) \u00e9s Lara Vincent (Franciaorsz\u00e1g) az elm\u00falt 20 \u00e9vben feln\u0151tteknek, az ut\u00f3bbi \u00e9vekben pedig gyerekeknek tan\u00edtottak nyelvet. Mindketten min\u0151s\u00edtett nyelvtan\u00e1rok \u00e9s pszichodr\u00e1ma vezet\u0151k (DFP N\u00e9metorsz\u00e1g). Egy saj\u00e1t nyelviskol\u00e1t \u00fczemeltetnek, amely PDL (szakmailag ir\u00e1ny\u00edtott tanul\u00e1s) m\u00f3dszer\u0171 nyelvtanfolyamokat \u00e9s tan\u00e1rk\u00e9pz\u00e9seket szervez Eur\u00f3pa-szerte.<\/span><\/p>\n<p><span style=\"font-weight: 400;\">Miut\u00e1n t\u00f6bb nemzetk\u00f6zi szociodr\u00e1ma workshopokon r\u00e9szt vettek, r\u00e1j\u00f6ttek, hogy an\u00e9lk\u00fcl, hogy ezt tudatosan m\u0171velt\u00e9k volna, nemcsak a pszichodr\u00e1m\u00e1t, hanem a szociodr\u00e1m\u00e1t is haszn\u00e1lhatj\u00e1k az nyelvtan\u00edt\u00e1sban.<\/span><\/p>\n<p><span style=\"font-weight: 400;\">A pszichodr\u00e1ma, a szociodr\u00e1ma \u00e9s a PDL kapcsolat\u00e1r\u00f3l k\u00e9t tanulm\u00e1nyuk jelenik meg a n\u00e9met Zeitschrift f\u00fcr Psychodrama und Soziometrie c\u00edm\u0171 foly\u00f3iratban 2024-ben.<\/span>[\/vc_column_text][\/vc_column_inner][\/vc_row_inner][\/vc_column][\/mk_page_section]\n<\/section>","protected":false},"excerpt":{"rendered":"<p>[mk_page_section][vc_column][mk_fancy_title tag_name=&#8221;h2&#8243; size=&#8221;40&#8243; line_height=&#8221;50&#8243; font_family=&#8221;Oswald&#8221; font_type=&#8221;google&#8221; margin_bottom=&#8221;0&#8243;] SZOCIODR\u00c1MA AZ IDEGEN NYELV OKTAT\u00c1SBAN (A workshop nyelve angol) EL\u0150AD\u00d3K: ROBERT ZAMMIT &#8211; LARA VINCENT [\/mk_fancy_title][vc_row_inner][vc_column_inner width=&#8221;1\/6&#8243;][mk_image_box title=&#8221;Sociodrama and power&#8221; src=&#8221;https:\/\/8thsociodramaconference.com\/wp-content\/uploads\/2024\/02\/Sociodrama-and-More-1.png&#8221; media_width=&#8221;421&#8243; media_height=&#8221;294&#8243; crop=&#8221;false&#8221; image_link=&#8221;url&#8221; url=&#8221;https:\/\/8thsociodramaconference.com\/topic-sociodrama-more\/&#8221; target=&#8221;_blank&#8221; align=&#8221;center&#8221; rounded_corner=&#8221;true&#8221;][\/mk_image_box][\/vc_column_inner][vc_column_inner width=&#8221;2\/3&#8243;][vc_column_text responsive_align=&#8221;left&#8221;] ID\u0150PONT: J\u00fanius 29. Szombat\u00a0 10:00-12:30 T\u00c9MA: Szociodr\u00e1ma \u00e9s kapcsol\u00f3d\u00e1sai PROGRAM T\u00cdPUSA: Workshop TEREM: R\u00c9SZTVEV\u0150K SZ\u00c1MA: 20 NYELV: [&hellip;]<\/p>\n","protected":false},"author":4,"featured_media":0,"parent":0,"menu_order":0,"comment_status":"closed","ping_status":"closed","template":"","meta":{"footnotes":""},"class_list":["post-5967","page","type-page","status-publish","hentry"],"_links":{"self":[{"href":"https:\/\/8thsociodramaconference.com\/hu\/wp-json\/wp\/v2\/pages\/5967","targetHints":{"allow":["GET"]}}],"collection":[{"href":"https:\/\/8thsociodramaconference.com\/hu\/wp-json\/wp\/v2\/pages"}],"about":[{"href":"https:\/\/8thsociodramaconference.com\/hu\/wp-json\/wp\/v2\/types\/page"}],"author":[{"embeddable":true,"href":"https:\/\/8thsociodramaconference.com\/hu\/wp-json\/wp\/v2\/users\/4"}],"replies":[{"embeddable":true,"href":"https:\/\/8thsociodramaconference.com\/hu\/wp-json\/wp\/v2\/comments?post=5967"}],"version-history":[{"count":9,"href":"https:\/\/8thsociodramaconference.com\/hu\/wp-json\/wp\/v2\/pages\/5967\/revisions"}],"predecessor-version":[{"id":7818,"href":"https:\/\/8thsociodramaconference.com\/hu\/wp-json\/wp\/v2\/pages\/5967\/revisions\/7818"}],"wp:attachment":[{"href":"https:\/\/8thsociodramaconference.com\/hu\/wp-json\/wp\/v2\/media?parent=5967"}],"curies":[{"name":"wp","href":"https:\/\/api.w.org\/{rel}","templated":true}]}}