{"id":5962,"date":"2024-03-10T11:31:28","date_gmt":"2024-03-10T10:31:28","guid":{"rendered":"https:\/\/8thsociodramaconference.com\/program-gordana-maric-lalovic\/"},"modified":"2024-05-26T19:56:18","modified_gmt":"2024-05-26T17:56:18","slug":"program-gordana-maric-lalovic","status":"publish","type":"page","link":"https:\/\/8thsociodramaconference.com\/hu\/program-gordana-maric-lalovic\/","title":{"rendered":"Program Gordana Maric Lalovic"},"content":{"rendered":"<section class=\"wpb-content-wrapper\">[mk_page_section][vc_column][mk_fancy_title tag_name=&#8221;h2&#8243; size=&#8221;40&#8243; line_height=&#8221;50&#8243; font_family=&#8221;Oswald&#8221; font_type=&#8221;google&#8221; margin_bottom=&#8221;0&#8243;]\n<h3 style=\"text-align: center;\"><b>A KL\u00cdMAV\u00c1LTOZ\u00c1S K\u00d6Z\u00d6SS\u00c9GI REFLEXI\u00d3JA<\/b><\/h3>\n<h5 style=\"text-align: center;\"><em>(A workshop nyelve angol)<\/em><\/h5>\n<h5 style=\"text-align: center;\"><span style=\"color: #800000;\"><strong>EL\u0150AD\u00d3:<\/strong><b> GORDANA MARI\u0106 LALOVI\u0106<\/b><\/span><\/h5>\n[\/mk_fancy_title][vc_row_inner][vc_column_inner width=&#8221;1\/6&#8243;][mk_image_box title=&#8221;Sociodrama and power&#8221; src=&#8221;https:\/\/8thsociodramaconference.com\/wp-content\/uploads\/2024\/02\/Sociodrama-and-More-1.png&#8221; media_width=&#8221;421&#8243; media_height=&#8221;294&#8243; crop=&#8221;false&#8221; image_link=&#8221;url&#8221; url=&#8221;https:\/\/8thsociodramaconference.com\/topic-sociodrama-social-healing\/&#8221; target=&#8221;_blank&#8221; align=&#8221;center&#8221; rounded_corner=&#8221;true&#8221;][\/mk_image_box][\/vc_column_inner][vc_column_inner width=&#8221;2\/3&#8243;][vc_column_text responsive_align=&#8221;left&#8221;]\n<h5 style=\"text-align: left;\"><b>ID\u0150PONT<\/b><strong>: <\/strong>J\u00fanius 28. p\u00e9ntek, 10:00-12:30<br \/>\n<strong>T\u00c9MA: <\/strong>Szociodr\u00e1ma \u00e9s kapcsol\u00f3d\u00e1sai<br \/>\n<strong>PROGRAM T\u00cdPUSA: <\/strong>Prezent\u00e1ci\u00f3 akci\u00f3 gyakorlatokkal<br \/>\n<strong>TEREM:<\/strong><br \/>\n<strong>R\u00c9SZTVEV\u0150K SZ\u00c1MA: <\/strong>Korl\u00e1toz\u00e1s n\u00e9lk\u00fcl<br \/>\n<strong>NYELV:<\/strong> Angol<br \/>\n<strong>C\u00cdMKE: <\/strong><a href=\"https:\/\/8thsociodramaconference.com\/hu\/topic-sociodrama-more\/\" target=\"_blank\" rel=\"noopener\">Kitekint\u00e9s<\/a>, <a href=\"https:\/\/8thsociodramaconference.com\/hu\/workshops-jun28-morning\/\" target=\"_blank\" rel=\"noopener\">Programok j\u00fanius 28-\u00e1n d\u00e9lel\u0151tt<\/a><\/h5>\n[\/vc_column_text][\/vc_column_inner][vc_column_inner width=&#8221;1\/6&#8243;][\/vc_column_inner][\/vc_row_inner][\/vc_column][\/mk_page_section][mk_page_section padding=&#8221;0&#8243;][vc_column][vc_column_text responsive_align=&#8221;left&#8221;]\n<h5 style=\"text-align: center;\"><b>ABSZTRAKT:<\/b><\/h5>\n[\/vc_column_text][vc_column_text responsive_align=&#8221;left&#8221;]<span style=\"font-weight: 400;\">A szociodr\u00e1ma e workshop sor\u00e1n mint a pszichodr\u00e1ma \u00e9s a csoportanal\u00edzis kombin\u00e1ci\u00f3ja jelenik meg. Az \u00e1ltalam vezetett alkalmak a k\u00f6vetkez\u0151 m\u00f3don szoktak \u00e9p\u00edtkezni: szabad besz\u00e9lget\u00e9s, egy\u00e9ni pszochodr\u00e1ma vignett\u00e1k a sz\u00ednpadon, an\u00e9lk\u00fcl, hogy ezek egy\u00e9ni jelent\u00e9seit nagyon elm\u00e9ly\u00edten\u00e9nk, ink\u00e1bb a csoportm\u00e1trixhoz val\u00f3 hozz\u00e1j\u00e1rul\u00e1sukra f\u00f3kusz\u00e1lunk, v\u00e9g\u00fcl pedig egy sharing k\u00f6r. A workshop sor\u00e1n e m\u00f3dszer alkalmaz\u00e1s\u00e1nak egy konkr\u00e9t tapasztalat\u00e1t fogom bemutatni, egy Krk szigeten 2023-ban rendezett kl\u00edma t\u00e1borban tartott, \u201cSzociodr\u00e1ma vignetta a j\u00f6v\u0151r\u0151l\u201d c\u00edm\u0171 workshopot. A workshop c\u00e9lja az volt, hogy megosszuk egym\u00e1ssal szem\u00e9lyes rem\u00e9nyeinket \u00e9s f\u00e9lelmeinket a j\u00f6v\u0151vel kapcsolatban a kl\u00edmav\u00e1ltoz\u00e1sok kontextus\u00e1ban. A t\u00e1bor utols\u00f3 napj\u00e1n tartottuk a programot, \u00e9s mivel ez m\u00e1r a b\u00facs\u00faz\u00e1s ideje volt, a workshop lehet\u0151s\u00e9get teremtett, hogy kapcsolatba l\u00e9pj\u00fcnk a szomor\u00fas\u00e1gunkkal \u00e9s a gy\u00e1szunkkal a dolgok azon form\u00e1j\u00e1nak elveszt\u00e9se f\u00f6l\u00f6tt, ahogy eddig ismert\u00fck.<\/span>[\/vc_column_text][mk_padding_divider size=&#8221;30&#8243;][vc_column_text responsive_align=&#8221;left&#8221;]\n<h5 style=\"text-align: center;\"><b>AZ EL\u0150AD\u00d3R\u00d3L:<\/b><\/h5>\n[\/vc_column_text][vc_row_inner][vc_column_inner width=&#8221;1\/4&#8243;][mk_image src=&#8221;https:\/\/8thsociodramaconference.com\/wp-content\/uploads\/2024\/03\/Gordana-Maric-Lalovic.png&#8221; image_width=&#8221;402&#8243; image_height=&#8221;275&#8243; crop=&#8221;false&#8221; hover=&#8221;false&#8221;][\/vc_column_inner][vc_column_inner width=&#8221;3\/4&#8243;][vc_column_text responsive_align=&#8221;left&#8221;]Pszichoterapeutak\u00e9nt dolgozom mag\u00e1npraxisban. Playback sz\u00ednh\u00e1zban szereztem tapasztalatot.<br \/>\nAz elm\u00falt 15 \u00e9vben olyan m\u00f3dszert dolgoztam ki, amely a pszichodr\u00e1m\u00e1t \u00e9s a csoportelemz\u00e9st \u00f6tv\u00f6zi a t\u00e1rsadalom, az irodalom \u00e9s a m\u0171v\u00e9szet meg\u00e9rt\u00e9s\u00e9ben.<br \/>\nT\u00f6bb \u00e9ven \u00e1t rendszeresen tartottam pszichodr\u00e1ma alap\u00fa workshopokat gyermekeknek kultur\u00e1lis int\u00e9zm\u00e9nyekben.\u00a0Pszichodr\u00e1ma alap\u00fa t\u00e1rlatvezet\u00e9st tartottam k\u00fcl\u00f6nb\u00f6z\u0151 gal\u00e9ri\u00e1kban, a Goethe Int\u00e9zetben rendszeres program volt.<br \/>\nNyilv\u00e1nos \u00e9l\u0151 \u00fajs\u00e1g workshopokon vettem r\u00e9szt (k\u00e1v\u00e9z\u00f3 gal\u00e9ri\u00e1kban). 2022-ben r\u00e9szt vettem a Kil\u00e9p\u00e9si strat\u00e9gia ki\u00e1ll\u00edt\u00e1son (ULUS), ahol vignett\u00e1kkal dramatikus m\u00f3don dolgoztam.[\/vc_column_text][\/vc_column_inner][\/vc_row_inner][\/vc_column][\/mk_page_section]\n<\/section>","protected":false},"excerpt":{"rendered":"<p>[mk_page_section][vc_column][mk_fancy_title tag_name=&#8221;h2&#8243; size=&#8221;40&#8243; line_height=&#8221;50&#8243; font_family=&#8221;Oswald&#8221; font_type=&#8221;google&#8221; margin_bottom=&#8221;0&#8243;] A KL\u00cdMAV\u00c1LTOZ\u00c1S K\u00d6Z\u00d6SS\u00c9GI REFLEXI\u00d3JA (A workshop nyelve angol) EL\u0150AD\u00d3: GORDANA MARI\u0106 LALOVI\u0106 [\/mk_fancy_title][vc_row_inner][vc_column_inner width=&#8221;1\/6&#8243;][mk_image_box title=&#8221;Sociodrama and power&#8221; src=&#8221;https:\/\/8thsociodramaconference.com\/wp-content\/uploads\/2024\/02\/Sociodrama-and-More-1.png&#8221; media_width=&#8221;421&#8243; media_height=&#8221;294&#8243; crop=&#8221;false&#8221; image_link=&#8221;url&#8221; url=&#8221;https:\/\/8thsociodramaconference.com\/topic-sociodrama-social-healing\/&#8221; target=&#8221;_blank&#8221; align=&#8221;center&#8221; rounded_corner=&#8221;true&#8221;][\/mk_image_box][\/vc_column_inner][vc_column_inner width=&#8221;2\/3&#8243;][vc_column_text responsive_align=&#8221;left&#8221;] ID\u0150PONT: J\u00fanius 28. p\u00e9ntek, 10:00-12:30 T\u00c9MA: Szociodr\u00e1ma \u00e9s kapcsol\u00f3d\u00e1sai PROGRAM T\u00cdPUSA: Prezent\u00e1ci\u00f3 akci\u00f3 gyakorlatokkal TEREM: R\u00c9SZTVEV\u0150K SZ\u00c1MA: Korl\u00e1toz\u00e1s n\u00e9lk\u00fcl NYELV: [&hellip;]<\/p>\n","protected":false},"author":1,"featured_media":0,"parent":0,"menu_order":0,"comment_status":"closed","ping_status":"closed","template":"","meta":{"footnotes":""},"class_list":["post-5962","page","type-page","status-publish","hentry"],"_links":{"self":[{"href":"https:\/\/8thsociodramaconference.com\/hu\/wp-json\/wp\/v2\/pages\/5962","targetHints":{"allow":["GET"]}}],"collection":[{"href":"https:\/\/8thsociodramaconference.com\/hu\/wp-json\/wp\/v2\/pages"}],"about":[{"href":"https:\/\/8thsociodramaconference.com\/hu\/wp-json\/wp\/v2\/types\/page"}],"author":[{"embeddable":true,"href":"https:\/\/8thsociodramaconference.com\/hu\/wp-json\/wp\/v2\/users\/1"}],"replies":[{"embeddable":true,"href":"https:\/\/8thsociodramaconference.com\/hu\/wp-json\/wp\/v2\/comments?post=5962"}],"version-history":[{"count":7,"href":"https:\/\/8thsociodramaconference.com\/hu\/wp-json\/wp\/v2\/pages\/5962\/revisions"}],"predecessor-version":[{"id":7762,"href":"https:\/\/8thsociodramaconference.com\/hu\/wp-json\/wp\/v2\/pages\/5962\/revisions\/7762"}],"wp:attachment":[{"href":"https:\/\/8thsociodramaconference.com\/hu\/wp-json\/wp\/v2\/media?parent=5962"}],"curies":[{"name":"wp","href":"https:\/\/api.w.org\/{rel}","templated":true}]}}