{"id":5955,"date":"2024-02-14T14:31:49","date_gmt":"2024-02-14T13:31:49","guid":{"rendered":"https:\/\/8thsociodramaconference.com\/program-jana-damjanov\/"},"modified":"2024-05-26T11:12:09","modified_gmt":"2024-05-26T09:12:09","slug":"program-jana-damjanov","status":"publish","type":"page","link":"https:\/\/8thsociodramaconference.com\/hu\/program-jana-damjanov\/","title":{"rendered":"Program Jana Damjanov"},"content":{"rendered":"<section class=\"wpb-content-wrapper\">[mk_page_section][vc_column][mk_fancy_title tag_name=&#8221;h2&#8243; size=&#8221;40&#8243; line_height=&#8221;50&#8243; font_family=&#8221;Oswald&#8221; font_type=&#8221;google&#8221; margin_bottom=&#8221;0&#8243;]\n<h3 style=\"text-align: center;\"><b>AZ AKAD\u00c1LYOK ELH\u00c1R\u00cdT\u00c1SA &#8211; A SZOCI\u00c1LIS M\u00c1TRIX SZEREPE A KREATIVIT\u00c1SHOZ VEZET\u0150 \u00c1TALAKUL\u00c1SBAN<\/b><\/h3>\n<h5 style=\"text-align: center;\"><em>(A workshop nyelve angol)<\/em><\/h5>\n<h5 style=\"text-align: center;\"><span style=\"color: #800000;\"><strong>EL\u0150AD\u00d3:<\/strong><b> JANA DAMJANOV<\/b><\/span><\/h5>\n[\/mk_fancy_title][vc_row_inner][vc_column_inner width=&#8221;1\/6&#8243;][mk_image_box title=&#8221;Sociodrama and power&#8221; src=&#8221;https:\/\/8thsociodramaconference.com\/wp-content\/uploads\/2024\/02\/Collective-Trauma-and-Social-Healing-2.png&#8221; media_width=&#8221;421&#8243; media_height=&#8221;294&#8243; crop=&#8221;false&#8221; image_link=&#8221;url&#8221; url=&#8221;https:\/\/8thsociodramaconference.com\/topic-sociodrama-social-healing\/&#8221; target=&#8221;_blank&#8221; align=&#8221;center&#8221; rounded_corner=&#8221;true&#8221;][\/mk_image_box][\/vc_column_inner][vc_column_inner width=&#8221;2\/3&#8243;][vc_column_text responsive_align=&#8221;left&#8221;]\n<h5 style=\"text-align: left;\"><b>ID\u0150PONT:\u00a0<\/b>J\u00fanius 27. cs\u00fct\u00f6rt\u00f6k, 10:00-12:30<br \/>\n<b><\/b><strong>T\u00c9MA:\u00a0<\/strong>Szociodr\u00e1ma \u00e9s t\u00e1rsadalmi gy\u00f3gy\u00edt\u00e1s \u2013 fel\u00e9p\u00fcl\u00e9s a kollekt\u00edv kr\u00edzisekb\u0151l \u00e9s traum\u00e1kb\u00f3l<br \/>\n<b>PROGRAM T\u00cdPUSA:<\/b>\u00a0Workshop<br \/>\n<strong>TEREM:<\/strong><br \/>\n<strong>R\u00c9SZTVEV\u0150K SZ\u00c1MA:<br \/>\n<\/strong><strong>NYELV:<\/strong> Angol<br \/>\n<strong>C\u00cdMKE: <\/strong><a href=\"https:\/\/8thsociodramaconference.com\/hu\/topic-sociodrama-social-healing\/\" target=\"_blank\" rel=\"noopener\">T\u00e1rsadalmi gy\u00f3gy\u00edt\u00e1s,<\/a> <a href=\"https:\/\/8thsociodramaconference.com\/hu\/workshops-jun27-morning\/\" target=\"_blank\" rel=\"noopener\">Programok j\u00fanius 27-\u00e9n d\u00e9lel\u0151tt<\/a><\/h5>\n[\/vc_column_text][\/vc_column_inner][vc_column_inner width=&#8221;1\/6&#8243;][\/vc_column_inner][\/vc_row_inner][\/vc_column][\/mk_page_section][mk_page_section padding=&#8221;0&#8243;][vc_column][vc_column_text responsive_align=&#8221;left&#8221;]\n<h5 style=\"text-align: center;\"><b>ABSZTRAKT:<\/b><\/h5>\n[\/vc_column_text][vc_column_text responsive_align=&#8221;left&#8221;]<span style=\"font-weight: 400;\">Workshopunk r\u00e9sztvev\u0151i megismerhetik, hogy mik\u00e9pp haszn\u00e1lhat\u00f3 a szociopszichodr\u00e1ma elm\u00e9lete, m\u00f3dszerei \u00e9s filoz\u00f3fi\u00e1ja a csoportmunk\u00e1ban. Megtapasztalj\u00e1k \u00e9s felfedezik a szoci\u00e1lis m\u00e1trixban rejl\u0151 azon akad\u00e1lyokat, amelyek a kreativit\u00e1st, az alkot\u00f3k\u00e9pess\u00e9get blokkolj\u00e1k. A szociopszichodramatikus munka ezeket a blokkol\u00f3 t\u00e9nyez\u0151ket is \u00e1t tudjuk alak\u00edtani. A szoci\u00e1lis m\u00e1trixon bel\u00fcli \u00e1raml\u00e1snak \u00faj utakat fogunk nyitni.<\/span>[\/vc_column_text][mk_padding_divider size=&#8221;30&#8243;][vc_column_text responsive_align=&#8221;left&#8221;]\n<h5 style=\"text-align: center;\"><b>AZ EL\u0150AD\u00d3R\u00d3L:<\/b><\/h5>\n[\/vc_column_text][vc_row_inner][vc_column_inner width=&#8221;1\/4&#8243;][mk_image src=&#8221;https:\/\/8thsociodramaconference.com\/wp-content\/uploads\/2024\/02\/jana-damjanov-1.png&#8221; image_width=&#8221;402&#8243; image_height=&#8221;275&#8243; crop=&#8221;false&#8221; hover=&#8221;false&#8221;][\/vc_column_inner][vc_column_inner width=&#8221;3\/4&#8243;][vc_column_text responsive_align=&#8221;left&#8221;]\n<p style=\"text-align: left;\"><span style=\"font-weight: 400;\">Jana Damjanov klinikai szakpszichol\u00f3gus, pszichodr\u00e1ma \u00e9s szociodr\u00e1ma kik\u00e9pz\u0151\u00a0 \u00e9s szuperv\u00cdzor, pszichodr\u00e1ma pszichoterapeuta. A szociopszichodr\u00e1m\u00e1t sz\u00e1mos k\u00fcl\u00f6nb\u00f6z\u0151 k\u00f6rnyezetben alkalmazza: oktat\u00e1s \u00e9s k\u00e9pz\u00e9s, \u00e9rt\u00e9kel\u00e9s, aktivizmus \u00e9s pszichoter\u00e1pi\u00e1s csoportok ter\u00fclet\u00e9n. A szociopszichodr\u00e1m\u00e1t a kultur\u00e1lis \u00e9s kollekt\u00edv traum\u00e1k ter\u00fclet\u00e9n alkalmazza, a Nyugat-Balk\u00e1n orsz\u00e1gaiban dolgozik. T\u00f6bb fejezetet \u00edrt a szociopszichodr\u00e1m\u00e1r\u00f3l k\u00fcl\u00f6nb\u00f6z\u0151 k\u00f6nyvekben. Az elm\u00falt 15 \u00e9vben f\u0151k\u00e9nt szociopszichodr\u00e1ma oktat\u00e1s\u00e1val foglalkozott, alkalmaz\u00e1si ter\u00fcleteinek kib\u0151v\u00edt\u00e9se \u00e9rdek\u00e9ben a\u00a0 k\u00fcl\u00f6nb\u00f6z\u0151 kontextusokban a csoportokkal \u00e9s egy\u00e9nekkel val\u00f3 munka sor\u00e1n.<\/span><\/p>\n[\/vc_column_text][\/vc_column_inner][\/vc_row_inner][\/vc_column][\/mk_page_section]\n<\/section>","protected":false},"excerpt":{"rendered":"<p>[mk_page_section][vc_column][mk_fancy_title tag_name=&#8221;h2&#8243; size=&#8221;40&#8243; line_height=&#8221;50&#8243; font_family=&#8221;Oswald&#8221; font_type=&#8221;google&#8221; margin_bottom=&#8221;0&#8243;] AZ AKAD\u00c1LYOK ELH\u00c1R\u00cdT\u00c1SA &#8211; A SZOCI\u00c1LIS M\u00c1TRIX SZEREPE A KREATIVIT\u00c1SHOZ VEZET\u0150 \u00c1TALAKUL\u00c1SBAN (A workshop nyelve angol) EL\u0150AD\u00d3: JANA DAMJANOV [\/mk_fancy_title][vc_row_inner][vc_column_inner width=&#8221;1\/6&#8243;][mk_image_box title=&#8221;Sociodrama and power&#8221; src=&#8221;https:\/\/8thsociodramaconference.com\/wp-content\/uploads\/2024\/02\/Collective-Trauma-and-Social-Healing-2.png&#8221; media_width=&#8221;421&#8243; media_height=&#8221;294&#8243; crop=&#8221;false&#8221; image_link=&#8221;url&#8221; url=&#8221;https:\/\/8thsociodramaconference.com\/topic-sociodrama-social-healing\/&#8221; target=&#8221;_blank&#8221; align=&#8221;center&#8221; rounded_corner=&#8221;true&#8221;][\/mk_image_box][\/vc_column_inner][vc_column_inner width=&#8221;2\/3&#8243;][vc_column_text responsive_align=&#8221;left&#8221;] ID\u0150PONT:\u00a0J\u00fanius 27. cs\u00fct\u00f6rt\u00f6k, 10:00-12:30 T\u00c9MA:\u00a0Szociodr\u00e1ma \u00e9s t\u00e1rsadalmi gy\u00f3gy\u00edt\u00e1s \u2013 fel\u00e9p\u00fcl\u00e9s a kollekt\u00edv kr\u00edzisekb\u0151l [&hellip;]<\/p>\n","protected":false},"author":4,"featured_media":0,"parent":0,"menu_order":0,"comment_status":"closed","ping_status":"closed","template":"","meta":{"footnotes":""},"class_list":["post-5955","page","type-page","status-publish","hentry"],"_links":{"self":[{"href":"https:\/\/8thsociodramaconference.com\/hu\/wp-json\/wp\/v2\/pages\/5955","targetHints":{"allow":["GET"]}}],"collection":[{"href":"https:\/\/8thsociodramaconference.com\/hu\/wp-json\/wp\/v2\/pages"}],"about":[{"href":"https:\/\/8thsociodramaconference.com\/hu\/wp-json\/wp\/v2\/types\/page"}],"author":[{"embeddable":true,"href":"https:\/\/8thsociodramaconference.com\/hu\/wp-json\/wp\/v2\/users\/4"}],"replies":[{"embeddable":true,"href":"https:\/\/8thsociodramaconference.com\/hu\/wp-json\/wp\/v2\/comments?post=5955"}],"version-history":[{"count":7,"href":"https:\/\/8thsociodramaconference.com\/hu\/wp-json\/wp\/v2\/pages\/5955\/revisions"}],"predecessor-version":[{"id":7624,"href":"https:\/\/8thsociodramaconference.com\/hu\/wp-json\/wp\/v2\/pages\/5955\/revisions\/7624"}],"wp:attachment":[{"href":"https:\/\/8thsociodramaconference.com\/hu\/wp-json\/wp\/v2\/media?parent=5955"}],"curies":[{"name":"wp","href":"https:\/\/api.w.org\/{rel}","templated":true}]}}