{"id":5950,"date":"2024-02-16T20:54:38","date_gmt":"2024-02-16T19:54:38","guid":{"rendered":"https:\/\/8thsociodramaconference.com\/program-margarida-belchior\/"},"modified":"2024-05-27T17:30:52","modified_gmt":"2024-05-27T15:30:52","slug":"program-margarida-belchior","status":"publish","type":"page","link":"https:\/\/8thsociodramaconference.com\/hu\/program-margarida-belchior\/","title":{"rendered":"Program Margarida Belchior"},"content":{"rendered":"<section class=\"wpb-content-wrapper\">[mk_page_section][vc_column][mk_fancy_title tag_name=&#8221;h2&#8243; size=&#8221;40&#8243; line_height=&#8221;50&#8243; font_family=&#8221;Oswald&#8221; font_type=&#8221;google&#8221; margin_bottom=&#8221;0&#8243;]\n<h3 style=\"text-align: center;\"><b>A PORTUG\u00c1L SZEGF\u0170S FORRADALOM 50. \u00c9VFORDUL\u00d3J\u00c1NAK MEG\u00dcNNEPL\u00c9SE<br \/>\nA KONFERENCIA MULTIKULTUR\u00c1LIS KONTEXTUS\u00c1BAN\u200b\u200b<\/b><\/h3>\n<h5 style=\"text-align: center;\"><em>(A workshop nyelve angol, magyar nyelv\u0171 tolm\u00e1csol\u00e1ssal)<\/em><\/h5>\n<h5 style=\"text-align: center;\"><span style=\"color: #800000;\"><strong>EL\u0150AD\u00d3:<\/strong><b> MARGARIDA BELCHIOR\u00a0<\/b><\/span><\/h5>\n[\/mk_fancy_title][vc_row_inner][vc_column_inner width=&#8221;1\/6&#8243;][mk_image_box title=&#8221;Sociodrama and power&#8221; src=&#8221;https:\/\/8thsociodramaconference.com\/wp-content\/uploads\/2024\/02\/Power-and-Democratic-1.png&#8221; media_width=&#8221;421&#8243; media_height=&#8221;294&#8243; crop=&#8221;false&#8221; image_link=&#8221;url&#8221; url=&#8221;https:\/\/8thsociodramaconference.com\/topic-sociodrama-power\/&#8221; target=&#8221;_blank&#8221; align=&#8221;center&#8221; rounded_corner=&#8221;true&#8221;][\/mk_image_box][\/vc_column_inner][vc_column_inner width=&#8221;2\/3&#8243;][vc_column_text responsive_align=&#8221;left&#8221;]\n<h5 style=\"text-align: left;\"><b>ID\u0150PONT<\/b><strong>: <\/strong>J\u00fanius 29. szombat, 14:00-16:30<br \/>\n<strong>T\u00c9MA: <\/strong>Szociodr\u00e1ma \u00e9s hatalom \u2013 a demokratikus \u00e9rt\u00e9kek j\u00f6v\u0151je<br \/>\nPROGRAM T\u00cdPUSA: Workshop<br \/>\n<strong>TEREM:<\/strong><br \/>\n<strong>R\u00c9SZTVEV\u0150K SZ\u00c1MA:<\/strong> 25<br \/>\n<strong>NYELV:<\/strong> Angol, magyar nyelv\u0171 tolm\u00e1csol\u00e1ssal<br \/>\n<strong>C\u00cdMKE: <\/strong><a href=\"https:\/\/8thsociodramaconference.com\/hu\/topic-sociodrama-power\/\" target=\"_blank\" rel=\"noopener\">Szociodr\u00e1ma \u00e9s hatalom<\/a>, <a href=\"https:\/\/8thsociodramaconference.com\/hu\/workshops-jun29-afternoon\/\" target=\"_blank\" rel=\"noopener\">Programok j\u00fanius 29-\u00e9n d\u00e9lut\u00e1n<\/a><\/h5>\n[\/vc_column_text][\/vc_column_inner][vc_column_inner width=&#8221;1\/6&#8243;][\/vc_column_inner][\/vc_row_inner][\/vc_column][\/mk_page_section][mk_page_section padding=&#8221;0&#8243;][vc_column][vc_column_text responsive_align=&#8221;left&#8221;]\n<h5 style=\"text-align: center;\"><b>ABSZTRAKT:<\/b><\/h5>\n[\/vc_column_text][vc_column_text responsive_align=&#8221;left&#8221;]<span style=\"font-weight: 400;\">\u00c9rz\u00e9kelj\u00fck a vil\u00e1gban jelenleg tapasztalhat\u00f3 probl\u00e9m\u00e1kat: h\u00e1bor\u00fak, \u00e9ghajlati probl\u00e9m\u00e1k, a t\u00e1rsadalmak polariz\u00e1l\u00f3d\u00e1sa, a gazdags\u00e1g koncentr\u00e1ci\u00f3ja \u00e9s a szeg\u00e9nys\u00e9g n\u00f6veked\u00e9se. Hogyan reag\u00e1lhat \u00e9rdemben a konferencia multikultur\u00e1lis k\u00f6zege ezekre? \u00c9rdemes lehet megosztani egym\u00e1ssal olyan t\u00e1rsadalmi \u00e9s politikai esem\u00e9nyeket, amelyek mind kollekt\u00edv, mind egy\u00e9ni szinten befoly\u00e1solt\u00e1k az \u00e9let\u00fcnket. 1974-ben Portug\u00e1li\u00e1ban b\u00e9k\u00e9sen zajlott le a Szegf\u0171s forradalom. A portug\u00e1lok 48 \u00e9v ditakt\u00far\u00e1t \u00e9s gyarmati h\u00e1bor\u00fat hagytak maguk m\u00f6g\u00f6tt. \u00cdgy 2024-ben a b\u00e9ke, a szabads\u00e1g \u00e9s a demokr\u00e1cia 50. \u00e9vfordul\u00f3j\u00e1t \u00fcnnepelj\u00fck Portug\u00e1li\u00e1ban. Ez a forradalom m\u00e1ig nagyon inspir\u00e1l\u00f3 momentum a legt\u00f6bb portug\u00e1l ember sz\u00e1m\u00e1ra, a t\u00e1rsadalmi igazs\u00e1goss\u00e1g \u00e9s az emberi jogok tekintet\u00e9ben is.\u00a0<\/span><\/p>\n<p><span style=\"font-weight: 400;\">A workshop r\u00e9sztvev\u0151it azzal &#8222;meleg\u00edtj\u00fck be&#8221;, hogy megosztjuk eml\u00e9keinket err\u0151l a t\u00f6rt\u00e9nelmi id\u0151szakr\u00f3l, besz\u00e1mol\u00f3nkat n\u00e9h\u00e1ny m\u0171v\u00e9szeti alkot\u00e1ssal is illusztr\u00e1ljuk. Szociodramatikus k\u00e9rd\u00e9s\u00fcnk a k\u00f6vetkez\u0151: Mit tudnak mer\u00edteni t\u00e1rsadalmaink a portug\u00e1l Szegf\u0171s forradalom inspir\u00e1l\u00f3 t\u00e1rsadalmi esem\u00e9ny\u00e9b\u0151l a jelenleg meg\u00e9lt probl\u00e9m\u00e1kra vonatkoz\u00f3an? Arra fogjuk k\u00e9rni a r\u00e9sztvev\u0151ket, hogy besz\u00e9lj\u00e9k meg \u00e9s foglalkozzanak csoportokban azzal, mi inspir\u00e1lja \u0151ket legink\u00e1bb, \u00e9s hogy ez mik\u00e9pp seg\u00edthet nekik abban, hogy hozz\u00e1j\u00e1ruljanak egy t\u00e1rsadalmi probl\u00e9ma \u00e1talak\u00edt\u00e1s\u00e1hoz, mellyel a k\u00f6z\u00f6ss\u00e9g\u00fckben vagy csoportjukban tal\u00e1lkoznak. V\u00e9gezet\u00fcl azt javasoljuk a r\u00e9sztvev\u0151knek, hogy akci\u00f3 \u00e9s expressz\u00edv technik\u00e1k seg\u00edts\u00e9g\u00e9vel ossz\u00e1k meg egym\u00e1ssal amire jutottak.\u00a0<\/span><\/p>\n<p><span style=\"font-weight: 400;\">Moreno, a t\u00f6bblet val\u00f3s\u00e1ggal azt tan\u00edtotta nek\u00fcnk, hogy mindannyian t\u00e1rsalkot\u00f3k vagyunk, \u00e9s k\u00f6z\u00f6sen \u00e9p\u00edthet\u00fcnk befogad\u00f3bb \u00e9s igazs\u00e1gosabb t\u00e1rsadalmakat a jelen \u00e9s a j\u00f6v\u0151 sz\u00e1m\u00e1ra. Kutat\u00e1sm\u00f3dszertani szempontb\u00f3l a r\u00e9szv\u00e9teli akci\u00f3kutat\u00e1s m\u00f3dszertan\u00e1t fogjuk alkalmazni: egy nyitott, r\u00e9szv\u00e9teli, kutat\u00f3i m\u0171helyt tartunk\u00a0 a szociodr\u00e1ma eszk\u00f6z\u00e9vel.\u00a0<\/span><\/p>\n<p><span style=\"font-weight: 400;\">A workshop r\u00e9v\u00e9n a r\u00e9sztvev\u0151k\u00a0<\/span><\/p>\n<ul>\n<li style=\"font-weight: 400;\" aria-level=\"1\"><span style=\"font-weight: 400;\">tudni fogj\u00e1k, hogy a k\u00f6z\u00f6sen megosztott \u00e9lm\u00e9nyekb\u0151l mik\u00e9pp lehet kollekt\u00edv m\u0171alkot\u00e1sokat p\u00e9ld\u00e1ul \u00e1ll\u00f3k\u00e9peket vagy rajzokat k\u00e9sz\u00edteni,<\/span><\/li>\n<li style=\"font-weight: 400;\" aria-level=\"1\"><span style=\"font-weight: 400;\">jobban fogj\u00e1k \u00e9rteni &#8222;t\u00f6bblet val\u00f3s\u00e1g&#8221; fogalm\u00e1t<\/span><\/li>\n<\/ul>\n[\/vc_column_text][mk_padding_divider size=&#8221;30&#8243;][vc_column_text responsive_align=&#8221;left&#8221;]\n<h5 style=\"text-align: center;\"><b>AZ EL\u0150AD\u00d3R\u00d3L:<\/b><\/h5>\n[\/vc_column_text][vc_row_inner][vc_column_inner width=&#8221;1\/4&#8243;][mk_image src=&#8221;https:\/\/8thsociodramaconference.com\/wp-content\/uploads\/2024\/02\/Margarida-Belchior.png&#8221; image_width=&#8221;402&#8243; image_height=&#8221;275&#8243; crop=&#8221;false&#8221; hover=&#8221;false&#8221;][\/vc_column_inner][vc_column_inner width=&#8221;3\/4&#8243;][vc_column_text responsive_align=&#8221;left&#8221;]<span style=\"font-weight: 400;\">Margarida Belchior tan\u00e1r, kutat\u00f3 \u00e9s szociodramatista. Szociodr\u00e1ma k\u00e9pz\u00e9s\u00e9t 2011-ben kezdte (SPP, Portug\u00e1l Pszichodr\u00e1ma Egyes\u00fclet)). Szociodr\u00e1ma k\u00e9pz\u00e9s szervezett tan\u00e1roknak.\u00a0 Portug\u00e1li\u00e1ban a PERFORMERS projekt (ERASMUS) vezet\u0151je \u00e9s a projekt eredm\u00e9nyek\u00e9nt sz\u00fcletett k\u00f6nyvek szerz\u0151je volt. L\u00e9trehozta a Public Sociodrama with Art (Nyilv\u00e1nos szociodr\u00e1ma m\u0171v\u00e9szettel) projektet. Nemzetk\u00f6zi szociodr\u00e1ma workshopokat vezetett, p\u00e9ld\u00e1ul a 6. \u00e9s 7. Nemzetk\u00f6zi Szociodr\u00e1ma Konferenci\u00e1n. Tagja a TELE\u2019Dram\u00e1nak. Jelenleg post-doktori munk\u00e1j\u00e1t fejezi be\u00a0 Lus\u00f3fonai Egyetemen, Inkl\u00fazi\u00f3 \u00e9s expressz\u00edv pedag\u00f3gia &#8211; tan\u00edt\u00e1s \u00e9s kutat\u00e1s az oktat\u00e1s ter\u00fclet\u00e9n c\u00edmmel. <\/span>[\/vc_column_text][\/vc_column_inner][\/vc_row_inner][\/vc_column][\/mk_page_section]\n<\/section>","protected":false},"excerpt":{"rendered":"<p>[mk_page_section][vc_column][mk_fancy_title tag_name=&#8221;h2&#8243; size=&#8221;40&#8243; line_height=&#8221;50&#8243; font_family=&#8221;Oswald&#8221; font_type=&#8221;google&#8221; margin_bottom=&#8221;0&#8243;] A PORTUG\u00c1L SZEGF\u0170S FORRADALOM 50. \u00c9VFORDUL\u00d3J\u00c1NAK MEG\u00dcNNEPL\u00c9SE A KONFERENCIA MULTIKULTUR\u00c1LIS KONTEXTUS\u00c1BAN\u200b\u200b (A workshop nyelve angol, magyar nyelv\u0171 tolm\u00e1csol\u00e1ssal) EL\u0150AD\u00d3: MARGARIDA BELCHIOR\u00a0 [\/mk_fancy_title][vc_row_inner][vc_column_inner width=&#8221;1\/6&#8243;][mk_image_box title=&#8221;Sociodrama and power&#8221; src=&#8221;https:\/\/8thsociodramaconference.com\/wp-content\/uploads\/2024\/02\/Power-and-Democratic-1.png&#8221; media_width=&#8221;421&#8243; media_height=&#8221;294&#8243; crop=&#8221;false&#8221; image_link=&#8221;url&#8221; url=&#8221;https:\/\/8thsociodramaconference.com\/topic-sociodrama-power\/&#8221; target=&#8221;_blank&#8221; align=&#8221;center&#8221; rounded_corner=&#8221;true&#8221;][\/mk_image_box][\/vc_column_inner][vc_column_inner width=&#8221;2\/3&#8243;][vc_column_text responsive_align=&#8221;left&#8221;] ID\u0150PONT: J\u00fanius 29. szombat, 14:00-16:30 T\u00c9MA: Szociodr\u00e1ma \u00e9s hatalom \u2013 a [&hellip;]<\/p>\n","protected":false},"author":4,"featured_media":0,"parent":0,"menu_order":0,"comment_status":"closed","ping_status":"closed","template":"","meta":{"footnotes":""},"class_list":["post-5950","page","type-page","status-publish","hentry"],"_links":{"self":[{"href":"https:\/\/8thsociodramaconference.com\/hu\/wp-json\/wp\/v2\/pages\/5950","targetHints":{"allow":["GET"]}}],"collection":[{"href":"https:\/\/8thsociodramaconference.com\/hu\/wp-json\/wp\/v2\/pages"}],"about":[{"href":"https:\/\/8thsociodramaconference.com\/hu\/wp-json\/wp\/v2\/types\/page"}],"author":[{"embeddable":true,"href":"https:\/\/8thsociodramaconference.com\/hu\/wp-json\/wp\/v2\/users\/4"}],"replies":[{"embeddable":true,"href":"https:\/\/8thsociodramaconference.com\/hu\/wp-json\/wp\/v2\/comments?post=5950"}],"version-history":[{"count":6,"href":"https:\/\/8thsociodramaconference.com\/hu\/wp-json\/wp\/v2\/pages\/5950\/revisions"}],"predecessor-version":[{"id":7860,"href":"https:\/\/8thsociodramaconference.com\/hu\/wp-json\/wp\/v2\/pages\/5950\/revisions\/7860"}],"wp:attachment":[{"href":"https:\/\/8thsociodramaconference.com\/hu\/wp-json\/wp\/v2\/media?parent=5950"}],"curies":[{"name":"wp","href":"https:\/\/api.w.org\/{rel}","templated":true}]}}