{"id":5945,"date":"2024-02-14T14:52:05","date_gmt":"2024-02-14T13:52:05","guid":{"rendered":"https:\/\/8thsociodramaconference.com\/program-jacomien-ilbrink-valerie-monti-holland\/"},"modified":"2024-05-27T17:18:50","modified_gmt":"2024-05-27T15:18:50","slug":"program-jacomien-ilbrink-valerie-monti-holland","status":"publish","type":"page","link":"https:\/\/8thsociodramaconference.com\/hu\/program-jacomien-ilbrink-valerie-monti-holland\/","title":{"rendered":"Program Jacomien Ilbrink-Valerie Monti Holland"},"content":{"rendered":"<section class=\"wpb-content-wrapper\">[mk_page_section][vc_column][mk_fancy_title tag_name=&#8221;h2&#8243; size=&#8221;40&#8243; line_height=&#8221;50&#8243; font_family=&#8221;Oswald&#8221; font_type=&#8221;google&#8221; margin_bottom=&#8221;0&#8243;]\n<h3 style=\"text-align: center;\"><strong><b>A SAJ\u00c1T T\u00d6RZS\u00dcNK MEGTAL\u00c1L\u00c1SA &#8211;<br \/>\nA SZOCIOMETRIA, A KREAT\u00cdV M\u0170V\u00c9SZETEK \u00c9S A SZOCIODR\u00c1MA HASZN\u00c1LATA<br \/>\nAZ \u00d6SSZETARTOZ\u00c1S MEG\u00c9L\u00c9S\u00c9HEZ<\/b><\/strong><\/h3>\n<h5 style=\"text-align: center;\"><em>(A workshop nyelve angol)<\/em><\/h5>\n<h5 style=\"text-align: center;\"><span style=\"color: #800000;\"><strong>EL\u0150AD\u00d3K:<\/strong><b> JACOMIEN ILBRINK-DE VISSER\u00a0 &#8211; VALERIE MONTI HOLLAND<\/b><\/span><\/h5>\n[\/mk_fancy_title][vc_row_inner][vc_column_inner width=&#8221;1\/6&#8243;][mk_image_box title=&#8221;Sociodrama and power&#8221; src=&#8221;https:\/\/8thsociodramaconference.com\/wp-content\/uploads\/2024\/02\/Different-Social-Groups-\u2013-the-Strengths-of-Communities-2.png&#8221; media_width=&#8221;421&#8243; media_height=&#8221;294&#8243; crop=&#8221;false&#8221; image_link=&#8221;url&#8221; url=&#8221;https:\/\/8thsociodramaconference.com\/topic-different-social-groups\/&#8221; target=&#8221;_blank&#8221; align=&#8221;center&#8221; rounded_corner=&#8221;true&#8221;][\/mk_image_box][\/vc_column_inner][vc_column_inner width=&#8221;2\/3&#8243;][vc_column_text responsive_align=&#8221;left&#8221;]\n<h5 style=\"text-align: left;\"><b>ID\u0150PONT: <\/b>J\u00fanius 29. szombat, 14:00-16:30<br \/>\n<b><\/b><strong>T\u00c9MA: <\/strong>Szociodr\u00e1ma k\u00fcl\u00f6nf\u00e9le t\u00e1rsadalmi sz\u00edntereken \u00e9s csoportokban \u2013 a k\u00f6z\u00f6ss\u00e9gek ereje<br \/>\n<strong>PROGRAMOK T\u00cdPUSA: <\/strong>Workshop<br \/>\n<strong>TEREM:<\/strong><br \/>\n<strong>R\u00c9SZTVEV\u0150K SZ\u00c1MA: <\/strong>20<br \/>\n<strong>NYELV:<\/strong> Angol<br \/>\n<strong>C\u00cdMKE:<\/strong> <a href=\"https:\/\/8thsociodramaconference.com\/hu\/topic-different-social-groups\/\" target=\"_blank\" rel=\"noopener\">V\u00e1ltozatos csoportok<\/a>, <a href=\"https:\/\/8thsociodramaconference.com\/hu\/workshops-jun29-afternoon\/\" target=\"_blank\" rel=\"noopener\">Programok j\u00fanius 29-\u00e9n d\u00e9lut\u00e1n<\/a><\/h5>\n[\/vc_column_text][\/vc_column_inner][vc_column_inner width=&#8221;1\/6&#8243;][\/vc_column_inner][\/vc_row_inner][\/vc_column][\/mk_page_section][mk_page_section padding=&#8221;0&#8243;][vc_column][vc_column_text responsive_align=&#8221;left&#8221;]\n<h5 style=\"text-align: center;\"><b>ABSZTRAKT:<\/b><\/h5>\n[\/vc_column_text][vc_column_text responsive_align=&#8221;left&#8221;]<span style=\"font-weight: 400;\">Ezen a wokrshopon eredend\u0151 szem\u00e9lyes mint\u00e1ztainkb\u00f3l indulunk ki, majd saj\u00e1t t\u00f6rzs\u00fcnket keress\u00fck, vagyis egy olyan helyet \u00e9s megtart\u00f3 k\u00f6zeget, ahov\u00e1 tartozhatunk, ahol \u00f6nmagunk \u00e9s a k\u00f6z\u00f6ss\u00e9g r\u00e9szei lehet\u00fcnk, hogy v\u00e9g\u00fcl a k\u00f6z\u00f6s alkot\u00e1sban \u00f6sszekapcsol\u00f3djunk. Mit mer\u00edthet\u00fcnk \u0151si gy\u00f6kereinkb\u0151l? Mi az, amit \u00e1temelhet\u00fcnk a jelenlegi \u00e9let\u00fcnkbe? Mi a saj\u00e1t szem\u00e9lyes felel\u0151s\u00e9g\u00fcnk a t\u00e1gabb t\u00e1rsadalomban \u00e9s ehhez k\u00e9pest mi a szem\u00e9lyes cselekv\u0151k\u00e9pess\u00e9g\u00fcnk? Hogyan alak\u00edtsuk \u00fagy az \u00e9let\u00fcnket, hogy valameilyen nagyobb c\u00e9lt el\u0151remozd\u00edtsunk, hogy a k\u00f6z\u00f6ss\u00e9get meger\u0151s\u00edts\u00fck?\u00a0<\/span><\/p>\n<p><span style=\"font-weight: 400;\">A j\u00e1t\u00e9k erej\u00e9t fogjuk haszn\u00e1lni, hogy \u00f6sszekapcsoljuk a csoportokat \u00e9s a t\u00e1rsadalmat form\u00e1l\u00f3 szem\u00e9lyes k\u00f6z\u00f6ss\u00e9gi t\u00f6rt\u00e9neteinket, annak rem\u00e9ny\u00e9ben, hogy k\u00f6z\u00f6sen egy jobb vil\u00e1got teremthet\u00fcnk.\u00a0<\/span><\/p>\n<p><span style=\"font-weight: 400;\">A workshop nyom\u00e1n a r\u00e9sztvev\u0151k:\u00a0<\/span><\/p>\n<ul>\n<li style=\"font-weight: 400;\" aria-level=\"1\"><span style=\"font-weight: 400;\">Tasztalattal rendelkeznek majd \u00e9s meg\u00e9rtik, hogyan kombin\u00e1lhat\u00f3 a kreat\u00edv m\u0171v\u00e9szet a szociometri\u00e1val \u00e9s szociodr\u00e1m\u00e1val.\u00a0<\/span><\/li>\n<li style=\"font-weight: 400;\" aria-level=\"1\"><span style=\"font-weight: 400;\">Felfedezik, hogyan haszn\u00e1lhatjuk a szem\u00e9lyes cselekv\u0151k\u00e9pess\u00e9get a nagyobb kollekt\u00edva \u00e9rdek\u00e9ben.<\/span><\/li>\n<li style=\"font-weight: 400;\" aria-level=\"1\"><span style=\"font-weight: 400;\">Felid\u00e9zik a j\u00e1t\u00e9k fontoss\u00e1g\u00e1t \u00e9let\u00fckben<\/span><\/li>\n<\/ul>\n[\/vc_column_text][mk_padding_divider size=&#8221;30&#8243;][vc_column_text responsive_align=&#8221;left&#8221;]\n<h5 style=\"text-align: center;\"><b>AZ EL\u0150AD\u00d3KR\u00d3L:<\/b><\/h5>\n[\/vc_column_text][vc_row_inner][vc_column_inner width=&#8221;1\/4&#8243;][mk_image src=&#8221;https:\/\/8thsociodramaconference.com\/wp-content\/uploads\/2024\/02\/Jacomien.png&#8221; image_width=&#8221;402&#8243; image_height=&#8221;275&#8243; crop=&#8221;false&#8221; hover=&#8221;false&#8221;][\/vc_column_inner][vc_column_inner width=&#8221;3\/4&#8243;][vc_column_text responsive_align=&#8221;left&#8221;]\n<p style=\"text-align: left;\"><span style=\"font-weight: 400;\">Jacomien Ilbrink:<\/span><\/p>\n<p><span style=\"font-weight: 400;\">M\u0171v\u00e9szetterpeuta, pszichodr\u00e1ma kik\u00e9pz\u0151, a PAfE (Psychodrama Association of Europe) eln\u00f6ke Hollandi\u00e1b\u00f3l.<\/span><\/p>\n<p><span style=\"font-weight: 400;\">Jacomien 1999-ben a New York-i New Schoolban kezdte meg tanulm\u00e1nyait a m\u0171v\u00e9szetter\u00e1pia \u00e9s a mixed media ter\u00fclet\u00e9n, majd 2001-ben New Yorkban pszichodr\u00e1ma \u00e9s szociodr\u00e1ma vezet\u0151k\u00e9nt v\u00e9gzett. 2005-ben visszat\u00e9rt Hollandi\u00e1ba, \u00e9s 2012-ben kezdett szociometri\u00e1t tan\u00edtani. Tr\u00e9nerk\u00e9nt, kik\u00e9pz\u0151k\u00e9nt, coachk\u00e9nt dolgozik.<\/span>[\/vc_column_text][\/vc_column_inner][\/vc_row_inner][vc_row_inner][vc_column_inner width=&#8221;1\/4&#8243;][mk_image src=&#8221;https:\/\/8thsociodramaconference.com\/wp-content\/uploads\/2024\/02\/Valerie-Monti-Holland.png&#8221; image_width=&#8221;402&#8243; image_height=&#8221;275&#8243; crop=&#8221;false&#8221; hover=&#8221;false&#8221;][\/vc_column_inner][vc_column_inner width=&#8221;3\/4&#8243;][vc_column_text responsive_align=&#8221;left&#8221;]<span style=\"font-weight: 400;\">Valerie Monti Holland: <\/span><\/p>\n<p><span style=\"font-weight: 400;\">Szociodr\u00e1ma kik\u00e9pz\u0151, a BPA (Brit Pszichodr\u00e1ma Egyes\u00fclet) tagja.<\/span><\/p>\n<p><span style=\"font-weight: 400;\">Valerie szociodramatista, aki facilit\u00e1tork\u00e9nt \u00e9s coachk\u00e9nt dolgozik vil\u00e1gszerte minden \u00e1gazatban. Emellett az Egyenl\u0151s\u00e9g \u00e9s Soksz\u00edn\u0171s\u00e9g a Cselekv\u00e9sben bizotts\u00e1g eln\u00f6ke \u00e9s a BPA k\u00fcls\u0151 kapcsolatok\u00e9rt felel\u0151s k\u00e9pvisel\u0151je.<\/span>[\/vc_column_text][\/vc_column_inner][\/vc_row_inner][\/vc_column][\/mk_page_section]\n<\/section>","protected":false},"excerpt":{"rendered":"<p>[mk_page_section][vc_column][mk_fancy_title tag_name=&#8221;h2&#8243; size=&#8221;40&#8243; line_height=&#8221;50&#8243; font_family=&#8221;Oswald&#8221; font_type=&#8221;google&#8221; margin_bottom=&#8221;0&#8243;] A SAJ\u00c1T T\u00d6RZS\u00dcNK MEGTAL\u00c1L\u00c1SA &#8211; A SZOCIOMETRIA, A KREAT\u00cdV M\u0170V\u00c9SZETEK \u00c9S A SZOCIODR\u00c1MA HASZN\u00c1LATA AZ \u00d6SSZETARTOZ\u00c1S MEG\u00c9L\u00c9S\u00c9HEZ (A workshop nyelve angol) EL\u0150AD\u00d3K: JACOMIEN ILBRINK-DE VISSER\u00a0 &#8211; VALERIE MONTI HOLLAND [\/mk_fancy_title][vc_row_inner][vc_column_inner width=&#8221;1\/6&#8243;][mk_image_box title=&#8221;Sociodrama and power&#8221; src=&#8221;https:\/\/8thsociodramaconference.com\/wp-content\/uploads\/2024\/02\/Different-Social-Groups-\u2013-the-Strengths-of-Communities-2.png&#8221; media_width=&#8221;421&#8243; media_height=&#8221;294&#8243; crop=&#8221;false&#8221; image_link=&#8221;url&#8221; url=&#8221;https:\/\/8thsociodramaconference.com\/topic-different-social-groups\/&#8221; target=&#8221;_blank&#8221; align=&#8221;center&#8221; rounded_corner=&#8221;true&#8221;][\/mk_image_box][\/vc_column_inner][vc_column_inner width=&#8221;2\/3&#8243;][vc_column_text responsive_align=&#8221;left&#8221;] ID\u0150PONT: J\u00fanius 29. [&hellip;]<\/p>\n","protected":false},"author":4,"featured_media":0,"parent":0,"menu_order":0,"comment_status":"closed","ping_status":"closed","template":"","meta":{"footnotes":""},"class_list":["post-5945","page","type-page","status-publish","hentry"],"_links":{"self":[{"href":"https:\/\/8thsociodramaconference.com\/hu\/wp-json\/wp\/v2\/pages\/5945","targetHints":{"allow":["GET"]}}],"collection":[{"href":"https:\/\/8thsociodramaconference.com\/hu\/wp-json\/wp\/v2\/pages"}],"about":[{"href":"https:\/\/8thsociodramaconference.com\/hu\/wp-json\/wp\/v2\/types\/page"}],"author":[{"embeddable":true,"href":"https:\/\/8thsociodramaconference.com\/hu\/wp-json\/wp\/v2\/users\/4"}],"replies":[{"embeddable":true,"href":"https:\/\/8thsociodramaconference.com\/hu\/wp-json\/wp\/v2\/comments?post=5945"}],"version-history":[{"count":10,"href":"https:\/\/8thsociodramaconference.com\/hu\/wp-json\/wp\/v2\/pages\/5945\/revisions"}],"predecessor-version":[{"id":7850,"href":"https:\/\/8thsociodramaconference.com\/hu\/wp-json\/wp\/v2\/pages\/5945\/revisions\/7850"}],"wp:attachment":[{"href":"https:\/\/8thsociodramaconference.com\/hu\/wp-json\/wp\/v2\/media?parent=5945"}],"curies":[{"name":"wp","href":"https:\/\/api.w.org\/{rel}","templated":true}]}}