{"id":5939,"date":"2024-02-16T21:12:14","date_gmt":"2024-02-16T20:12:14","guid":{"rendered":"https:\/\/8thsociodramaconference.com\/program-joerg-jelden\/"},"modified":"2024-05-27T17:41:26","modified_gmt":"2024-05-27T15:41:26","slug":"program-joerg-jelden","status":"publish","type":"page","link":"https:\/\/8thsociodramaconference.com\/hu\/program-joerg-jelden\/","title":{"rendered":"Program Joerg Jelden"},"content":{"rendered":"<section class=\"wpb-content-wrapper\">[mk_page_section][vc_column][mk_fancy_title tag_name=&#8221;h2&#8243; size=&#8221;40&#8243; line_height=&#8221;50&#8243; font_family=&#8221;Oswald&#8221; font_type=&#8221;google&#8221; margin_bottom=&#8221;0&#8243;]\n<h3 style=\"text-align: center;\"><b>A &#8222;VILLAGE+&#8221;:<\/b><\/h3>\n<h3 style=\"text-align: center;\"><b>A SZOCIODR\u00c1MA \u00c9S A T\u00c1RSADALMI JELENL\u00c9T SZ\u00cdNH\u00c1Z\u00c1NAK TAL\u00c1LKOZ\u00c1SA<\/b><\/h3>\n<h5 style=\"text-align: center;\"><em>(A workshop nyelve angol, magyar nyelv\u0171 tolm\u00e1csol\u00e1ssal)<\/em><\/h5>\n<h5 style=\"text-align: center;\"><span style=\"color: #800000;\"><strong>EL\u0150AD\u00d3: <\/strong><b>JOERG JELDEN<\/b><\/span><\/h5>\n[\/mk_fancy_title][vc_row_inner][vc_column_inner width=&#8221;1\/6&#8243;][mk_image_box title=&#8221;Sociodrama and power&#8221; src=&#8221;https:\/\/8thsociodramaconference.com\/wp-content\/uploads\/2024\/02\/Organisational-Dev-2.png&#8221; media_width=&#8221;421&#8243; media_height=&#8221;294&#8243; crop=&#8221;false&#8221; image_link=&#8221;url&#8221; url=&#8221;https:\/\/8thsociodramaconference.com\/topic-organisational-development\/&#8221; target=&#8221;_blank&#8221; align=&#8221;center&#8221; rounded_corner=&#8221;true&#8221;][\/mk_image_box][\/vc_column_inner][vc_column_inner width=&#8221;2\/3&#8243;][vc_column_text responsive_align=&#8221;left&#8221;]\n<h5 style=\"text-align: left;\"><b>ID\u0150PONT<\/b><strong>: <\/strong>J\u00fanius 29. szombat, 14:00-16:30<br \/>\n<strong>T\u00c9MA: <\/strong>Szociodr\u00e1ma a szervezetfejleszt\u00e9sben, coachingban \u00e9s tr\u00e9ningekben<br \/>\n<strong>PROGRAM T\u00cdPUSA: <\/strong>Workshop<br \/>\n<strong>TEREM:<\/strong><br \/>\n<strong>R\u00c9SZTVEV\u0150K SZ\u00c1MA: <\/strong>20<br \/>\n<strong>NYELV:<\/strong> Angol, magyar nyelv\u0171 tolm\u00e1csol\u00e1ssal<br \/>\n<strong>C\u00cdMKE: <\/strong><a href=\"https:\/\/8thsociodramaconference.com\/hu\/topic-organisational-development\/\" target=\"_blank\" rel=\"noopener\">Szervezetfejleszt\u00e9s<\/a>, <a href=\"https:\/\/8thsociodramaconference.com\/hu\/workshops-jun29-afternoon\/\" target=\"_blank\" rel=\"noopener\">Programok j\u00fanius 29-\u00e9n d\u00e9lut\u00e1n<\/a><\/h5>\n[\/vc_column_text][\/vc_column_inner][vc_column_inner width=&#8221;1\/6&#8243;][\/vc_column_inner][\/vc_row_inner][\/vc_column][\/mk_page_section][mk_page_section padding=&#8221;0&#8243;][vc_column][vc_column_text responsive_align=&#8221;left&#8221;]\n<h5 style=\"text-align: center;\"><b>ABSZTRAKT:<\/b><\/h5>\n[\/vc_column_text][vc_column_text responsive_align=&#8221;left&#8221;]<span style=\"font-weight: 400;\">Pr\u00f3b\u00e1lt\u00e1l m\u00e1r k\u00f6nnyed, csendes, nonverb\u00e1lis, mozg\u00e1salap\u00fa szociodr\u00e1m\u00e1t? Workshopunkon a szociodr\u00e1m\u00e1t a T\u00e1rsadalmi Jelenl\u00e9t Sz\u00ednh\u00e1z\u00e1val (Social Presencing Theater &#8211; SPT) kombin\u00e1ljuk. C\u00e9lunk, hogy felt\u00e1rjuk egy csoport vagy k\u00f6z\u00f6ss\u00e9g bels\u0151 \u00e9s k\u00fcls\u0151 kapcsolatait. Az SPT az U elm\u00e9let fizikai megval\u00f3s\u00edt\u00e1sa, amely a rendszerek tudatos megv\u00e1ltoztat\u00e1s\u00e1nak kiterjesztett m\u00f3dszere. Az SPT \u201cA falu\u201d nev\u0171 form\u00e1j\u00e1t fogjuk haszn\u00e1lni, majd ezt fogjuk szociodrmatikusan tov\u00e1bbfejleszteni,\u00a0<\/span><\/p>\n<p><span style=\"font-weight: 400;\">A r\u00e9sztvev\u0151k r\u00f6vid bevezet\u00e9st kapnak az SPT-be, megtapasztalj\u00e1k az akci\u00f3m\u00f3dszerek kombin\u00e1ci\u00f3j\u00e1t, valamint egy el\u0151ad\u00e1st is hallanak a k\u00e9t akci\u00f3m\u00f3dszer kombin\u00e1l\u00e1s\u00e1nak h\u00e1rom k\u00fcl\u00f6nb\u00f6z\u0151 m\u00f3dj\u00e1r\u00f3l, ahogyan azt a &#8222;Sociodrama meets Social Presencing Theater on a bricoleur \u0301s journey&#8221; c\u00edm\u0171 cikkben le\u00edrtuk (in Zeitschrift f\u00fcr Psychodrama und Soziometrie 2024 els\u0151 sz\u00e1m).<\/span>[\/vc_column_text][mk_padding_divider size=&#8221;30&#8243;][vc_column_text responsive_align=&#8221;left&#8221;]\n<h5 style=\"text-align: center;\"><b>AZ EL\u0150AD\u00d3R\u00d3L:<\/b><\/h5>\n[\/vc_column_text][vc_row_inner][vc_column_inner width=&#8221;1\/4&#8243;][mk_image src=&#8221;https:\/\/8thsociodramaconference.com\/wp-content\/uploads\/2024\/02\/Joerg-Jelden.png&#8221; image_width=&#8221;402&#8243; image_height=&#8221;275&#8243; crop=&#8221;false&#8221; hover=&#8221;false&#8221;][\/vc_column_inner][vc_column_inner width=&#8221;3\/4&#8243;][vc_column_text responsive_align=&#8221;left&#8221;]<span style=\"font-weight: 400;\">Joerg hamburgi transzform\u00e1ci\u00f3s facilit\u00e1tor. A \u201cKomfortzonen.de\u201d nev\u0171 szervezetn\u00e9l dolgozik, ahol koll\u00e9g\u00e1ival k\u00fcl\u00f6nf\u00e9le szervezeteket t\u00e1mogatnak abban, hogy kidolgozz\u00e1k r\u00e9szv\u00e9teli-alap\u00fa m\u0171k\u00f6d\u00e9s\u00fcket, strat\u00e9gi\u00e1ikat \u00e9s szervezeti struktur\u00e1jukat. Munk\u00e1ja sor\u00e1n rendszeres alkalmaz k\u00fcl\u00f6nb\u00f6z\u0151 akci\u00f3m\u00f3dszereket, mint a szociodr\u00e1ma, a T\u00e1rsadalmi Jelenl\u00e9t Sz\u00ednh\u00e1za, a playback sz\u00ednh\u00e1z \u00e9s a boh\u00f3cm\u0171v\u00e9szet, hogy seg\u00edtsen a szervezeteknek felt\u00e1rni \u00e9s el\u0151re l\u00e1tni a v\u00e1ltoz\u00e1sokat. Szabadidej\u00e9ben koncertekekre, ki\u00e1ll\u00edt\u00e1sokra j\u00e1r, kir\u00e1ndul a term\u00e9szetben, capoeir\u00e1zik \u00e9s tudom\u00e1nyos fantasztikus reg\u00e9nyeket olvas.<\/span><\/p>\n<p><span style=\"font-weight: 400;\">A n\u00e9met Zeitschrift f\u00fcr Psychodrama und Soziometrie hamarosan megjelen\u0151 szociodr\u00e1ma kiadv\u00e1ny\u00e1ba Joerg Jelden egy olyan cikket \u00edrt, amelyben \u00f6sszehasonl\u00edtja \u00e9s integr\u00e1lja a szociodr\u00e1m\u00e1t \u00e9s a Social Presencing Theater-t.<\/span>[\/vc_column_text][\/vc_column_inner][\/vc_row_inner][\/vc_column][\/mk_page_section]\n<\/section>","protected":false},"excerpt":{"rendered":"<p>[mk_page_section][vc_column][mk_fancy_title tag_name=&#8221;h2&#8243; size=&#8221;40&#8243; line_height=&#8221;50&#8243; font_family=&#8221;Oswald&#8221; font_type=&#8221;google&#8221; margin_bottom=&#8221;0&#8243;] A &#8222;VILLAGE+&#8221;: A SZOCIODR\u00c1MA \u00c9S A T\u00c1RSADALMI JELENL\u00c9T SZ\u00cdNH\u00c1Z\u00c1NAK TAL\u00c1LKOZ\u00c1SA (A workshop nyelve angol, magyar nyelv\u0171 tolm\u00e1csol\u00e1ssal) EL\u0150AD\u00d3: JOERG JELDEN [\/mk_fancy_title][vc_row_inner][vc_column_inner width=&#8221;1\/6&#8243;][mk_image_box title=&#8221;Sociodrama and power&#8221; src=&#8221;https:\/\/8thsociodramaconference.com\/wp-content\/uploads\/2024\/02\/Organisational-Dev-2.png&#8221; media_width=&#8221;421&#8243; media_height=&#8221;294&#8243; crop=&#8221;false&#8221; image_link=&#8221;url&#8221; url=&#8221;https:\/\/8thsociodramaconference.com\/topic-organisational-development\/&#8221; target=&#8221;_blank&#8221; align=&#8221;center&#8221; rounded_corner=&#8221;true&#8221;][\/mk_image_box][\/vc_column_inner][vc_column_inner width=&#8221;2\/3&#8243;][vc_column_text responsive_align=&#8221;left&#8221;] ID\u0150PONT: J\u00fanius 29. szombat, 14:00-16:30 T\u00c9MA: Szociodr\u00e1ma a szervezetfejleszt\u00e9sben, coachingban \u00e9s tr\u00e9ningekben [&hellip;]<\/p>\n","protected":false},"author":4,"featured_media":0,"parent":0,"menu_order":0,"comment_status":"closed","ping_status":"closed","template":"","meta":{"footnotes":""},"class_list":["post-5939","page","type-page","status-publish","hentry"],"_links":{"self":[{"href":"https:\/\/8thsociodramaconference.com\/hu\/wp-json\/wp\/v2\/pages\/5939","targetHints":{"allow":["GET"]}}],"collection":[{"href":"https:\/\/8thsociodramaconference.com\/hu\/wp-json\/wp\/v2\/pages"}],"about":[{"href":"https:\/\/8thsociodramaconference.com\/hu\/wp-json\/wp\/v2\/types\/page"}],"author":[{"embeddable":true,"href":"https:\/\/8thsociodramaconference.com\/hu\/wp-json\/wp\/v2\/users\/4"}],"replies":[{"embeddable":true,"href":"https:\/\/8thsociodramaconference.com\/hu\/wp-json\/wp\/v2\/comments?post=5939"}],"version-history":[{"count":8,"href":"https:\/\/8thsociodramaconference.com\/hu\/wp-json\/wp\/v2\/pages\/5939\/revisions"}],"predecessor-version":[{"id":7868,"href":"https:\/\/8thsociodramaconference.com\/hu\/wp-json\/wp\/v2\/pages\/5939\/revisions\/7868"}],"wp:attachment":[{"href":"https:\/\/8thsociodramaconference.com\/hu\/wp-json\/wp\/v2\/media?parent=5939"}],"curies":[{"name":"wp","href":"https:\/\/api.w.org\/{rel}","templated":true}]}}